{"id":6090,"date":"2024-04-29T00:52:34","date_gmt":"2024-04-28T22:52:34","guid":{"rendered":"https:\/\/combi-pro.com\/?post_type=product&#038;p=6090"},"modified":"2026-02-01T17:04:50","modified_gmt":"2026-02-01T16:04:50","slug":"539007s-blouse-extensible-pour-femmes","status":"publish","type":"product","link":"https:\/\/combi-pro.com\/fr\/boutique\/539007s-blouse-extensible-pour-femmes\/","title":{"rendered":"Robe extensible pour femme \u00e0 col Mao, semi-ajust\u00e9e, \u00e9lastique et au design moderne 539007S | VELILLA"},"content":{"rendered":"<div class=\"data item\" role=\"tablist\">\n<div id=\"tab-label-description\" class=\"data item title active\" tabindex=\"0\" role=\"tab\" data-role=\"collapsible\" data-collapsible=\"true\" aria-controls=\"description\" aria-selected=\"false\" aria-expanded=\"true\">\n<p data-start=\"1354\" data-end=\"1389\"><strong data-start=\"1360\" data-end=\"1389\">Caract\u00e9ristiques techniques :<\/strong><\/p>\n<ul>\n<li data-start=\"1393\" data-end=\"1427\">Mod\u00e8le : f\u00e9minin, semi-fixe<\/li>\n<li data-start=\"1430\" data-end=\"1447\">Collier : Mao<\/li>\n<li data-start=\"1450\" data-end=\"1495\">Fermeture : boutons-pression \u00e0 rondelle<\/li>\n<li data-start=\"1498\" data-end=\"1535\">Manches : de type tailleur (deux pi\u00e8ces)<\/li>\n<li data-start=\"1538\" data-end=\"1552\">Retour :<\/li>\n<li data-start=\"1557\" data-end=\"1577\">Ouverture arri\u00e8re<\/li>\n<li data-start=\"1582\" data-end=\"1615\">Empi\u00e8cement cousu de s\u00e9curit\u00e9<\/li>\n<li data-start=\"1618\" data-end=\"1646\">Panneaux lat\u00e9raux : Panneaux frontaux<\/li>\n<li data-start=\"1649\" data-end=\"1665\">Poches :<\/li>\n<li data-start=\"1670\" data-end=\"1699\">1 poche passepoil\u00e9e sur le dessus<\/li>\n<li data-start=\"1704\" data-end=\"1738\">2 poches inf\u00e9rieures plaqu\u00e9es<\/li>\n<li data-start=\"1741\" data-end=\"1762\">Tissu : extensible<\/li>\n<li data-start=\"1765\" data-end=\"1825\">Composition : 62% polyester - 34% coton - 4% \u00e9lasthanne<\/li>\n<li data-start=\"1828\" data-end=\"1851\">Poids : 185 g\/m\u00b2.<\/li>\n<\/ul>\n<p><strong>Gamme :<\/strong> \u00c9tirer<\/p>\n<p><strong data-start=\"1885\" data-end=\"1910\">Recommandation d'utilisation :<\/strong><\/p>\n<ul>\n<li data-start=\"1913\" data-end=\"2079\">Id\u00e9al pour les professionnels de la sant\u00e9, de l'esth\u00e9tique, de la pharmacie ou de l'\u00e9ducation qui ont besoin d'un v\u00eatement fonctionnel, \u00e9l\u00e9gant et confortable avec un tissu \u00e9lastique.<\/li>\n<\/ul>\n<\/div>\n<\/div>","protected":false},"excerpt":{"rendered":"<p class=\"\" data-start=\"310\" data-end=\"445\">Manteau semi-ajust\u00e9 pour femme avec col mao, tissu \u00e9lastique, fermeture \u00e0 nouer et design professionnel avec fentes lat\u00e9rales et fente dans le dos.<\/p>\n<p data-start=\"310\" data-end=\"445\"><img decoding=\"async\" class=\"alignnone wp-image-15240\" src=\"https:\/\/combi-pro.com\/wp-content\/uploads\/2025\/04\/icon-stretch.png\" alt=\"\" width=\"99\" height=\"40\" srcset=\"https:\/\/combi-pro.com\/wp-content\/uploads\/2025\/04\/icon-stretch.png 228w, https:\/\/combi-pro.com\/wp-content\/uploads\/2025\/04\/icon-stretch-64x26.png 64w, https:\/\/combi-pro.com\/wp-content\/uploads\/2025\/04\/icon-stretch-18x7.png 18w\" sizes=\"(max-width: 99px) 100vw, 99px\" \/><\/p>\n<p><strong>GUIDE DES TAILLES<\/strong><\/p>\n<p><img decoding=\"async\" class=\"alignnone wp-image-17942\" src=\"https:\/\/combi-pro.com\/wp-content\/uploads\/2024\/04\/88.4-92.4-screenshot-1750599014863-300x114.png\" alt=\"\" width=\"316\" height=\"120\" srcset=\"https:\/\/combi-pro.com\/wp-content\/uploads\/2024\/04\/88.4-92.4-screenshot-1750599014863-300x114.png 300w, https:\/\/combi-pro.com\/wp-content\/uploads\/2024\/04\/88.4-92.4-screenshot-1750599014863-18x7.png 18w, https:\/\/combi-pro.com\/wp-content\/uploads\/2024\/04\/88.4-92.4-screenshot-1750599014863-64x24.png 64w, https:\/\/combi-pro.com\/wp-content\/uploads\/2024\/04\/88.4-92.4-screenshot-1750599014863.png 398w\" sizes=\"(max-width: 316px) 100vw, 316px\" \/> <img decoding=\"async\" class=\"alignnone wp-image-17777\" src=\"https:\/\/combi-pro.com\/wp-content\/uploads\/2024\/05\/screenshot-1750037043744-300x167.png\" alt=\"\" width=\"180\" height=\"100\" srcset=\"https:\/\/combi-pro.com\/wp-content\/uploads\/2024\/05\/screenshot-1750037043744-300x167.png 300w, https:\/\/combi-pro.com\/wp-content\/uploads\/2024\/05\/screenshot-1750037043744-64x36.png 64w, https:\/\/combi-pro.com\/wp-content\/uploads\/2024\/05\/screenshot-1750037043744-18x10.png 18w, https:\/\/combi-pro.com\/wp-content\/uploads\/2024\/05\/screenshot-1750037043744.png 343w\" sizes=\"(max-width: 180px) 100vw, 180px\" \/><\/p>","protected":false},"featured_media":6098,"template":"","meta":{"site-sidebar-layout":"default","site-content-layout":"","ast-site-content-layout":"default","site-content-style":"default","site-sidebar-style":"default","ast-global-header-display":"","ast-banner-title-visibility":"","ast-main-header-display":"","ast-hfb-above-header-display":"","ast-hfb-below-header-display":"","ast-hfb-mobile-header-display":"","site-post-title":"","ast-breadcrumbs-content":"","ast-featured-img":"","footer-sml-layout":"","ast-disable-related-posts":"","theme-transparent-header-meta":"default","adv-header-id-meta":"","stick-header-meta":"","header-above-stick-meta":"","header-main-stick-meta":"","header-below-stick-meta":"","astra-migrate-meta-layouts":"set","ast-page-background-enabled":"default","ast-page-background-meta":{"desktop":{"background-color":"","background-image":"","background-repeat":"repeat","background-position":"center center","background-size":"auto","background-attachment":"scroll","background-type":"","background-media":"","overlay-type":"","overlay-color":"","overlay-opacity":"","overlay-gradient":""},"tablet":{"background-color":"","background-image":"","background-repeat":"repeat","background-position":"center center","background-size":"auto","background-attachment":"scroll","background-type":"","background-media":"","overlay-type":"","overlay-color":"","overlay-opacity":"","overlay-gradient":""},"mobile":{"background-color":"","background-image":"","background-repeat":"repeat","background-position":"center center","background-size":"auto","background-attachment":"scroll","background-type":"","background-media":"","overlay-type":"","overlay-color":"","overlay-opacity":"","overlay-gradient":""}},"ast-content-background-meta":{"desktop":{"background-color":"var(--ast-global-color-5)","background-image":"","background-repeat":"repeat","background-position":"center center","background-size":"auto","background-attachment":"scroll","background-type":"","background-media":"","overlay-type":"","overlay-color":"","overlay-opacity":"","overlay-gradient":""},"tablet":{"background-color":"var(--ast-global-color-5)","background-image":"","background-repeat":"repeat","background-position":"center center","background-size":"auto","background-attachment":"scroll","background-type":"","background-media":"","overlay-type":"","overlay-color":"","overlay-opacity":"","overlay-gradient":""},"mobile":{"background-color":"var(--ast-global-color-5)","background-image":"","background-repeat":"repeat","background-position":"center center","background-size":"auto","background-attachment":"scroll","background-type":"","background-media":"","overlay-type":"","overlay-color":"","overlay-opacity":"","overlay-gradient":""}}},"product_brand":[442],"product_cat":[131,50,71],"product_tag":[],"class_list":{"0":"post-6090","1":"product","2":"type-product","3":"status-publish","4":"has-post-thumbnail","6":"product_brand-velilla","7":"product_cat-batas-sanidad-y-servicios","8":"product_cat-ropa-profesional","9":"product_cat-sanidad-y-servicios","10":"desktop-align-center","11":"tablet-align-left","12":"mobile-align-left","14":"first","15":"instock","16":"taxable","17":"shipping-taxable","18":"purchasable","19":"product-type-variable"},"_links":{"self":[{"href":"https:\/\/combi-pro.com\/fr\/wp-json\/wp\/v2\/product\/6090","targetHints":{"allow":["GET"]}}],"collection":[{"href":"https:\/\/combi-pro.com\/fr\/wp-json\/wp\/v2\/product"}],"about":[{"href":"https:\/\/combi-pro.com\/fr\/wp-json\/wp\/v2\/types\/product"}],"wp:featuredmedia":[{"embeddable":true,"href":"https:\/\/combi-pro.com\/fr\/wp-json\/wp\/v2\/media\/6098"}],"wp:attachment":[{"href":"https:\/\/combi-pro.com\/fr\/wp-json\/wp\/v2\/media?parent=6090"}],"wp:term":[{"taxonomy":"product_brand","embeddable":true,"href":"https:\/\/combi-pro.com\/fr\/wp-json\/wp\/v2\/product_brand?post=6090"},{"taxonomy":"product_cat","embeddable":true,"href":"https:\/\/combi-pro.com\/fr\/wp-json\/wp\/v2\/product_cat?post=6090"},{"taxonomy":"product_tag","embeddable":true,"href":"https:\/\/combi-pro.com\/fr\/wp-json\/wp\/v2\/product_tag?post=6090"}],"curies":[{"name":"wp","href":"https:\/\/api.w.org\/{rel}","templated":true}]}}