{"id":6228,"date":"2024-04-29T18:16:35","date_gmt":"2024-04-29T16:16:35","guid":{"rendered":"https:\/\/combi-pro.com\/?post_type=product&#038;p=6228"},"modified":"2026-04-13T20:04:07","modified_gmt":"2026-04-13T18:04:07","slug":"306004-parka-av","status":"publish","type":"product","link":"https:\/\/combi-pro.com\/fr\/boutique\/306004-parka-av\/","title":{"rendered":"Parka haute visibilit\u00e9 avec bandes r\u00e9fl\u00e9chissantes et capuche 306004 | VELILLA"},"content":{"rendered":"<div class=\"data item\" role=\"tablist\">\n<div id=\"description\" class=\"data item content\" role=\"tabpanel\" aria-labelledby=\"tab-label-description\" data-role=\"content\" aria-hidden=\"false\">\n<div class=\"product attribute description\">\n<div class=\"value\">\n<p class=\"\" data-start=\"637\" data-end=\"946\">.<strong data-start=\"960\" data-end=\"989\">Caract\u00e9ristiques techniques :<\/strong><\/p>\n<ul>\n<li data-start=\"993\" data-end=\"1069\">Ouverture zipp\u00e9e \u00e0 l'arri\u00e8re pour faciliter la s\u00e9rigraphie ou la broderie<\/li>\n<li data-start=\"1072\" data-end=\"1121\">Fermeture \u00e0 glissi\u00e8re centrale avec couvercle de fermeture \u00e0 glissi\u00e8re dissimul\u00e9<\/li>\n<li data-start=\"1124\" data-end=\"1153\">Rabat \u00e0 fermeture velcro<\/li>\n<li data-start=\"1156\" data-end=\"1199\">Bandes r\u00e9fl\u00e9chissantes sur le torse et les manches<\/li>\n<li data-start=\"1202\" data-end=\"1280\">Capuche dissimul\u00e9e dans le col, pr\u00eate \u00e0 affronter des conditions m\u00e9t\u00e9orologiques variables<\/li>\n<li data-start=\"1283\" data-end=\"1331\">Poignets c\u00f4tel\u00e9s confortables<\/li>\n<li data-start=\"1334\" data-end=\"1364\">3 poches fonctionnelles :<\/li>\n<li data-start=\"1369\" data-end=\"1413\">2 poches inf\u00e9rieures avec rabat et velcro<\/li>\n<li data-start=\"1418\" data-end=\"1458\">1 poche int\u00e9rieure avec fermeture velcro<\/li>\n<\/ul>\n<p data-start=\"1465\" data-end=\"1493\"><strong data-start=\"1473\" data-end=\"1493\">Certifications :<\/strong><\/p>\n<ul>\n<li data-start=\"1496\" data-end=\"1558\">EN ISO 20471 (classe 3) : Niveau maximal de haute visibilit\u00e9<\/li>\n<li data-start=\"1561\" data-end=\"1617\">EN 343 (1\/1\/X) : Protection de base contre la pluie<\/li>\n<\/ul>\n<p><strong data-start=\"1631\" data-end=\"1647\">Composition :<\/strong><\/p>\n<ul>\n<li>Tissu ext\u00e9rieur : polyester 100% avec enduction PU - 190 g\/m\u00b2.<\/li>\n<li>Doublure int\u00e9rieure : 100% polyester - 60 g\/m\u00b2.<\/li>\n<li>Garniture thermique (ouate) : polyester 100% - 160 g\/m\u00b2.<\/li>\n<\/ul>\n<p><strong data-start=\"2165\" data-end=\"2174\">Gamme :<\/strong> V\u00eatements d'ext\u00e9rieur<\/p>\n<p><strong style=\"font-size: 16px;\" data-start=\"1841\" data-end=\"1866\">Recommandation d'utilisation : <\/strong><span style=\"font-size: 16px;\">Id\u00e9al pour les travailleurs en ext\u00e9rieur fortement expos\u00e9s aux risques visuels ou climatiques, tels que les travailleurs de la route, de la s\u00e9curit\u00e9 routi\u00e8re, de la logistique, de la maintenance ou de l'industrie. Parfait \u00e9galement pour les entreprises qui ont besoin de<\/span><span style=\"font-size: 16px;\"> uniformes personnalis\u00e9s<\/span><span style=\"font-size: 16px;\"> avec logo gr\u00e2ce \u00e0 son ouverture arri\u00e8re.<\/span><\/p>\n<p><img decoding=\"async\" class=\"alignnone wp-image-14962\" src=\"https:\/\/combi-pro.com\/wp-content\/uploads\/2025\/01\/bordado-mukua.jpg\" alt=\"\" width=\"60\" height=\"60\" srcset=\"https:\/\/combi-pro.com\/wp-content\/uploads\/2025\/01\/bordado-mukua.jpg 427w, https:\/\/combi-pro.com\/wp-content\/uploads\/2025\/01\/bordado-mukua-100x100.jpg 100w, https:\/\/combi-pro.com\/wp-content\/uploads\/2025\/01\/bordado-mukua-64x64.jpg 64w, https:\/\/combi-pro.com\/wp-content\/uploads\/2025\/01\/bordado-mukua-300x300.jpg 300w, https:\/\/combi-pro.com\/wp-content\/uploads\/2025\/01\/bordado-mukua-150x150.jpg 150w, https:\/\/combi-pro.com\/wp-content\/uploads\/2025\/01\/bordado-mukua-12x12.jpg 12w\" sizes=\"(max-width: 60px) 100vw, 60px\" \/> <img decoding=\"async\" class=\"alignnone wp-image-14960\" src=\"https:\/\/combi-pro.com\/wp-content\/uploads\/2025\/01\/impresion-mukua-300x300.jpg\" alt=\"\" width=\"60\" height=\"60\" srcset=\"https:\/\/combi-pro.com\/wp-content\/uploads\/2025\/01\/impresion-mukua-300x300.jpg 300w, https:\/\/combi-pro.com\/wp-content\/uploads\/2025\/01\/impresion-mukua-100x100.jpg 100w, https:\/\/combi-pro.com\/wp-content\/uploads\/2025\/01\/impresion-mukua-64x64.jpg 64w, https:\/\/combi-pro.com\/wp-content\/uploads\/2025\/01\/impresion-mukua-150x150.jpg 150w, https:\/\/combi-pro.com\/wp-content\/uploads\/2025\/01\/impresion-mukua-12x12.jpg 12w, https:\/\/combi-pro.com\/wp-content\/uploads\/2025\/01\/impresion-mukua.jpg 427w\" sizes=\"(max-width: 60px) 100vw, 60px\" \/><\/p>\n<hr class=\"\" data-start=\"2160\" data-end=\"2163\" \/>\n<p>&nbsp;<\/p>\n<\/div>\n<\/div>\n<\/div>\n<\/div>","protected":false},"excerpt":{"rendered":"<p class=\"\" data-start=\"246\" data-end=\"408\">Parka haute visibilit\u00e9, imperm\u00e9able et isolante, id\u00e9ale pour les conditions difficiles. R\u00e9pond aux normes les plus strictes en mati\u00e8re de visibilit\u00e9 et de protection sur le lieu de travail.<\/p>\n<p><img decoding=\"async\" class=\"alignnone wp-image-15360\" src=\"https:\/\/combi-pro.com\/wp-content\/uploads\/2024\/05\/en204713-300x286.png\" alt=\"\" width=\"42\" height=\"40\" srcset=\"https:\/\/combi-pro.com\/wp-content\/uploads\/2024\/05\/en204713-300x286.png 300w, https:\/\/combi-pro.com\/wp-content\/uploads\/2024\/05\/en204713-450x429.png 450w, https:\/\/combi-pro.com\/wp-content\/uploads\/2024\/05\/en204713-64x61.png 64w, https:\/\/combi-pro.com\/wp-content\/uploads\/2024\/05\/en204713-13x12.png 13w, https:\/\/combi-pro.com\/wp-content\/uploads\/2024\/05\/en204713.png 515w\" sizes=\"(max-width: 42px) 100vw, 42px\" \/> <img loading=\"lazy\" decoding=\"async\" class=\"alignnone wp-image-15375\" src=\"https:\/\/combi-pro.com\/wp-content\/uploads\/2024\/07\/RAINPROOF.png\" alt=\"\" width=\"202\" height=\"40\" srcset=\"https:\/\/combi-pro.com\/wp-content\/uploads\/2024\/07\/RAINPROOF.png 228w, https:\/\/combi-pro.com\/wp-content\/uploads\/2024\/07\/RAINPROOF-64x13.png 64w, https:\/\/combi-pro.com\/wp-content\/uploads\/2024\/07\/RAINPROOF-18x4.png 18w\" sizes=\"(max-width: 202px) 100vw, 202px\" \/> <img loading=\"lazy\" decoding=\"async\" class=\"alignnone wp-image-15227\" src=\"https:\/\/combi-pro.com\/wp-content\/uploads\/2025\/04\/icon-3layer.png\" alt=\"\" width=\"40\" height=\"40\" srcset=\"https:\/\/combi-pro.com\/wp-content\/uploads\/2025\/04\/icon-3layer.png 134w, https:\/\/combi-pro.com\/wp-content\/uploads\/2025\/04\/icon-3layer-100x100.png 100w, https:\/\/combi-pro.com\/wp-content\/uploads\/2025\/04\/icon-3layer-64x64.png 64w, https:\/\/combi-pro.com\/wp-content\/uploads\/2025\/04\/icon-3layer-12x12.png 12w\" sizes=\"(max-width: 40px) 100vw, 40px\" \/> <img loading=\"lazy\" decoding=\"async\" class=\"alignnone wp-image-15251\" src=\"https:\/\/combi-pro.com\/wp-content\/uploads\/2024\/05\/REFLATEX-300x88.png\" alt=\"\" width=\"136\" height=\"40\" srcset=\"https:\/\/combi-pro.com\/wp-content\/uploads\/2024\/05\/REFLATEX-300x88.png 300w, https:\/\/combi-pro.com\/wp-content\/uploads\/2024\/05\/REFLATEX-450x133.png 450w, https:\/\/combi-pro.com\/wp-content\/uploads\/2024\/05\/REFLATEX-64x19.png 64w, https:\/\/combi-pro.com\/wp-content\/uploads\/2024\/05\/REFLATEX-18x5.png 18w, https:\/\/combi-pro.com\/wp-content\/uploads\/2024\/05\/REFLATEX.png 475w\" sizes=\"(max-width: 136px) 100vw, 136px\" \/> \u00a0 \u00a0<span style=\"font-size: 16px;\">\u00a0 \u00a0 \u00a0<\/span><span style=\"font-size: 16px;\">\u00a0 \u00a0\u00a0<\/span><span style=\"font-size: 16px;\">\u00a0 \u00a0 \u00a0<\/span><\/p>\n<p><strong>GUIDE DES TAILLES<\/strong><\/p>\n<p><img loading=\"lazy\" decoding=\"async\" class=\"alignnone wp-image-17752\" src=\"https:\/\/combi-pro.com\/wp-content\/uploads\/2024\/07\/81.5-93.4-screenshot-1749924390209-300x131.png\" alt=\"\" width=\"274\" height=\"120\" srcset=\"https:\/\/combi-pro.com\/wp-content\/uploads\/2024\/07\/81.5-93.4-screenshot-1749924390209-300x131.png 300w, https:\/\/combi-pro.com\/wp-content\/uploads\/2024\/07\/81.5-93.4-screenshot-1749924390209-64x28.png 64w, https:\/\/combi-pro.com\/wp-content\/uploads\/2024\/07\/81.5-93.4-screenshot-1749924390209-18x8.png 18w, https:\/\/combi-pro.com\/wp-content\/uploads\/2024\/07\/81.5-93.4-screenshot-1749924390209.png 400w\" sizes=\"(max-width: 274px) 100vw, 274px\" \/> <img loading=\"lazy\" decoding=\"async\" class=\"alignnone wp-image-17696\" src=\"https:\/\/combi-pro.com\/wp-content\/uploads\/2025\/05\/screenshot-1749214923473-300x106.png\" alt=\"\" width=\"226\" height=\"80\" srcset=\"https:\/\/combi-pro.com\/wp-content\/uploads\/2025\/05\/screenshot-1749214923473-300x106.png 300w, https:\/\/combi-pro.com\/wp-content\/uploads\/2025\/05\/screenshot-1749214923473-64x23.png 64w, https:\/\/combi-pro.com\/wp-content\/uploads\/2025\/05\/screenshot-1749214923473-18x6.png 18w, https:\/\/combi-pro.com\/wp-content\/uploads\/2025\/05\/screenshot-1749214923473.png 396w\" sizes=\"(max-width: 226px) 100vw, 226px\" \/><\/p>","protected":false},"featured_media":6245,"template":"","meta":{"site-sidebar-layout":"default","site-content-layout":"","ast-site-content-layout":"default","site-content-style":"default","site-sidebar-style":"default","ast-global-header-display":"","ast-banner-title-visibility":"","ast-main-header-display":"","ast-hfb-above-header-display":"","ast-hfb-below-header-display":"","ast-hfb-mobile-header-display":"","site-post-title":"","ast-breadcrumbs-content":"","ast-featured-img":"","footer-sml-layout":"","ast-disable-related-posts":"","theme-transparent-header-meta":"default","adv-header-id-meta":"","stick-header-meta":"","header-above-stick-meta":"","header-main-stick-meta":"","header-below-stick-meta":"","astra-migrate-meta-layouts":"set","ast-page-background-enabled":"default","ast-page-background-meta":{"desktop":{"background-color":"","background-image":"","background-repeat":"repeat","background-position":"center center","background-size":"auto","background-attachment":"scroll","background-type":"","background-media":"","overlay-type":"","overlay-color":"","overlay-opacity":"","overlay-gradient":""},"tablet":{"background-color":"","background-image":"","background-repeat":"repeat","background-position":"center center","background-size":"auto","background-attachment":"scroll","background-type":"","background-media":"","overlay-type":"","overlay-color":"","overlay-opacity":"","overlay-gradient":""},"mobile":{"background-color":"","background-image":"","background-repeat":"repeat","background-position":"center center","background-size":"auto","background-attachment":"scroll","background-type":"","background-media":"","overlay-type":"","overlay-color":"","overlay-opacity":"","overlay-gradient":""}},"ast-content-background-meta":{"desktop":{"background-color":"var(--ast-global-color-5)","background-image":"","background-repeat":"repeat","background-position":"center center","background-size":"auto","background-attachment":"scroll","background-type":"","background-media":"","overlay-type":"","overlay-color":"","overlay-opacity":"","overlay-gradient":""},"tablet":{"background-color":"var(--ast-global-color-5)","background-image":"","background-repeat":"repeat","background-position":"center center","background-size":"auto","background-attachment":"scroll","background-type":"","background-media":"","overlay-type":"","overlay-color":"","overlay-opacity":"","overlay-gradient":""},"mobile":{"background-color":"var(--ast-global-color-5)","background-image":"","background-repeat":"repeat","background-position":"center center","background-size":"auto","background-attachment":"scroll","background-type":"","background-media":"","overlay-type":"","overlay-color":"","overlay-opacity":"","overlay-gradient":""}}},"product_brand":[442],"product_cat":[67,101,50],"product_tag":[],"class_list":{"0":"post-6228","1":"product","2":"type-product","3":"status-publish","4":"has-post-thumbnail","6":"product_brand-velilla","7":"product_cat-alta-visibilidad","8":"product_cat-parkas-alta-visibilidad","9":"product_cat-ropa-profesional","10":"desktop-align-center","11":"tablet-align-left","12":"mobile-align-left","14":"first","15":"instock","16":"taxable","17":"shipping-taxable","18":"purchasable","19":"product-type-variable","20":"has-default-attributes"},"_links":{"self":[{"href":"https:\/\/combi-pro.com\/fr\/wp-json\/wp\/v2\/product\/6228","targetHints":{"allow":["GET"]}}],"collection":[{"href":"https:\/\/combi-pro.com\/fr\/wp-json\/wp\/v2\/product"}],"about":[{"href":"https:\/\/combi-pro.com\/fr\/wp-json\/wp\/v2\/types\/product"}],"wp:featuredmedia":[{"embeddable":true,"href":"https:\/\/combi-pro.com\/fr\/wp-json\/wp\/v2\/media\/6245"}],"wp:attachment":[{"href":"https:\/\/combi-pro.com\/fr\/wp-json\/wp\/v2\/media?parent=6228"}],"wp:term":[{"taxonomy":"product_brand","embeddable":true,"href":"https:\/\/combi-pro.com\/fr\/wp-json\/wp\/v2\/product_brand?post=6228"},{"taxonomy":"product_cat","embeddable":true,"href":"https:\/\/combi-pro.com\/fr\/wp-json\/wp\/v2\/product_cat?post=6228"},{"taxonomy":"product_tag","embeddable":true,"href":"https:\/\/combi-pro.com\/fr\/wp-json\/wp\/v2\/product_tag?post=6228"}],"curies":[{"name":"wp","href":"https:\/\/api.w.org\/{rel}","templated":true}]}}