{"id":6276,"date":"2024-04-30T00:08:57","date_gmt":"2024-04-29T22:08:57","guid":{"rendered":"https:\/\/combi-pro.com\/?post_type=product&#038;p=6276"},"modified":"2026-03-10T01:05:57","modified_gmt":"2026-03-10T00:05:57","slug":"153-bicolour-jacket-av","status":"publish","type":"product","link":"https:\/\/combi-pro.com\/fr\/boutique\/153-bicolour-jacket-av\/","title":{"rendered":"Veste haute visibilit\u00e9 bicolore avec bandes r\u00e9fl\u00e9chissantes 153 | VELILLA"},"content":{"rendered":"<p class=\"\" data-start=\"352\" data-end=\"384\"><strong data-start=\"352\" data-end=\"384\">Caract\u00e9ristiques principales:<\/strong><\/p>\n<ul>\n<li data-start=\"387\" data-end=\"434\">Fermeture centrale avec zip solide.<\/li>\n<li data-start=\"437\" data-end=\"509\">Bandes r\u00e9fl\u00e9chissantes sur le torse et les manches pour une meilleure visibilit\u00e9.<\/li>\n<li data-start=\"512\" data-end=\"567\">Taille \u00e9lastiqu\u00e9e sur le c\u00f4t\u00e9 pour un meilleur ajustement.<\/li>\n<li data-start=\"570\" data-end=\"613\">Poignets c\u00f4tel\u00e9s, confortables et ajust\u00e9s.<\/li>\n<li data-start=\"616\" data-end=\"682\">Deux poches zipp\u00e9es sur la poitrine, pratiques et s\u00fbres.<\/li>\n<\/ul>\n<p class=\"\" data-start=\"684\" data-end=\"704\"><strong data-start=\"684\" data-end=\"702\">Certification: <\/strong>EN 20471 (Classe 2) : Haute visibilit\u00e9 dans les zones \u00e0 risque moyen ou \u00e9lev\u00e9.<\/p>\n<p class=\"\" data-start=\"782\" data-end=\"802\"><strong data-start=\"782\" data-end=\"791\">Gamme : <\/strong>Standard<\/p>\n<p class=\"\" data-start=\"804\" data-end=\"818\"><strong data-start=\"804\" data-end=\"816\">Tissus :<\/strong><\/p>\n<ul>\n<li data-start=\"821\" data-end=\"884\">Tissu jaune fluo : 80% polyester - 20% coton \/ 210 g\/m\u00b2.<\/li>\n<li data-start=\"887\" data-end=\"949\">Tissu orange fluo : 60% coton - 40% polyester \/ 240 g\/m\u00b2.<\/li>\n<li data-start=\"952\" data-end=\"1008\">Tissu de contraste : 65% polyester - 35% coton \/ 190 g\/m\u00b2.<\/li>\n<\/ul>\n<p class=\"\" data-start=\"1010\" data-end=\"1176\"><strong data-start=\"1010\" data-end=\"1030\">Recommandations: <\/strong>Id\u00e9al pour les travailleurs de la construction, du transport, de la maintenance et d'autres secteurs o\u00f9 la visibilit\u00e9 et la protection sont essentielles.<\/p>\n<p data-start=\"1010\" data-end=\"1176\"><img decoding=\"async\" class=\"alignnone wp-image-14962\" src=\"https:\/\/combi-pro.com\/wp-content\/uploads\/2025\/01\/bordado-mukua.jpg\" alt=\"\" width=\"60\" height=\"60\" srcset=\"https:\/\/combi-pro.com\/wp-content\/uploads\/2025\/01\/bordado-mukua.jpg 427w, https:\/\/combi-pro.com\/wp-content\/uploads\/2025\/01\/bordado-mukua-100x100.jpg 100w, https:\/\/combi-pro.com\/wp-content\/uploads\/2025\/01\/bordado-mukua-64x64.jpg 64w, https:\/\/combi-pro.com\/wp-content\/uploads\/2025\/01\/bordado-mukua-300x300.jpg 300w, https:\/\/combi-pro.com\/wp-content\/uploads\/2025\/01\/bordado-mukua-150x150.jpg 150w, https:\/\/combi-pro.com\/wp-content\/uploads\/2025\/01\/bordado-mukua-12x12.jpg 12w\" sizes=\"(max-width: 60px) 100vw, 60px\" \/> <img decoding=\"async\" class=\"alignnone wp-image-14960\" src=\"https:\/\/combi-pro.com\/wp-content\/uploads\/2025\/01\/impresion-mukua-300x300.jpg\" alt=\"\" width=\"60\" height=\"60\" srcset=\"https:\/\/combi-pro.com\/wp-content\/uploads\/2025\/01\/impresion-mukua-300x300.jpg 300w, https:\/\/combi-pro.com\/wp-content\/uploads\/2025\/01\/impresion-mukua-100x100.jpg 100w, https:\/\/combi-pro.com\/wp-content\/uploads\/2025\/01\/impresion-mukua-64x64.jpg 64w, https:\/\/combi-pro.com\/wp-content\/uploads\/2025\/01\/impresion-mukua-150x150.jpg 150w, https:\/\/combi-pro.com\/wp-content\/uploads\/2025\/01\/impresion-mukua-12x12.jpg 12w, https:\/\/combi-pro.com\/wp-content\/uploads\/2025\/01\/impresion-mukua.jpg 427w\" sizes=\"(max-width: 60px) 100vw, 60px\" \/><\/p>","protected":false},"excerpt":{"rendered":"<p class=\"\" data-start=\"187\" data-end=\"351\">Veste bicolore avec bandes r\u00e9fl\u00e9chissantes certifi\u00e9es haute visibilit\u00e9 classe 2. Tissu r\u00e9sistant, conception fonctionnelle et confort maximal pour un usage professionnel.<\/p>\n<p class=\"\" data-start=\"352\" data-end=\"384\"><img decoding=\"async\" class=\"alignnone wp-image-15250\" src=\"https:\/\/combi-pro.com\/wp-content\/uploads\/2024\/05\/en204712-300x285.png\" alt=\"\" width=\"42\" height=\"40\" srcset=\"https:\/\/combi-pro.com\/wp-content\/uploads\/2024\/05\/en204712-300x285.png 300w, https:\/\/combi-pro.com\/wp-content\/uploads\/2024\/05\/en204712-450x428.png 450w, https:\/\/combi-pro.com\/wp-content\/uploads\/2024\/05\/en204712-64x61.png 64w, https:\/\/combi-pro.com\/wp-content\/uploads\/2024\/05\/en204712-13x12.png 13w, https:\/\/combi-pro.com\/wp-content\/uploads\/2024\/05\/en204712.png 516w\" sizes=\"(max-width: 42px) 100vw, 42px\" \/> <img loading=\"lazy\" decoding=\"async\" class=\"alignnone wp-image-15251\" src=\"https:\/\/combi-pro.com\/wp-content\/uploads\/2024\/05\/REFLATEX-300x88.png\" alt=\"\" width=\"136\" height=\"40\" srcset=\"https:\/\/combi-pro.com\/wp-content\/uploads\/2024\/05\/REFLATEX-300x88.png 300w, https:\/\/combi-pro.com\/wp-content\/uploads\/2024\/05\/REFLATEX-450x133.png 450w, https:\/\/combi-pro.com\/wp-content\/uploads\/2024\/05\/REFLATEX-64x19.png 64w, https:\/\/combi-pro.com\/wp-content\/uploads\/2024\/05\/REFLATEX-18x5.png 18w, https:\/\/combi-pro.com\/wp-content\/uploads\/2024\/05\/REFLATEX.png 475w\" sizes=\"(max-width: 136px) 100vw, 136px\" \/><\/p>\n<p><strong>GUIDE DES TAILLES<\/strong><\/p>\n<p><strong><img loading=\"lazy\" decoding=\"async\" class=\"alignnone wp-image-17763\" src=\"https:\/\/combi-pro.com\/wp-content\/uploads\/2024\/04\/68.8-82.1-screenshot-1749948918588-300x130.png\" alt=\"\" width=\"277\" height=\"120\" srcset=\"https:\/\/combi-pro.com\/wp-content\/uploads\/2024\/04\/68.8-82.1-screenshot-1749948918588-300x130.png 300w, https:\/\/combi-pro.com\/wp-content\/uploads\/2024\/04\/68.8-82.1-screenshot-1749948918588-64x28.png 64w, https:\/\/combi-pro.com\/wp-content\/uploads\/2024\/04\/68.8-82.1-screenshot-1749948918588-18x8.png 18w, https:\/\/combi-pro.com\/wp-content\/uploads\/2024\/04\/68.8-82.1-screenshot-1749948918588.png 400w\" sizes=\"(max-width: 277px) 100vw, 277px\" \/> <img loading=\"lazy\" decoding=\"async\" class=\"alignnone wp-image-17696\" src=\"https:\/\/combi-pro.com\/wp-content\/uploads\/2025\/05\/screenshot-1749214923473-300x106.png\" alt=\"\" width=\"226\" height=\"80\" srcset=\"https:\/\/combi-pro.com\/wp-content\/uploads\/2025\/05\/screenshot-1749214923473-300x106.png 300w, https:\/\/combi-pro.com\/wp-content\/uploads\/2025\/05\/screenshot-1749214923473-64x23.png 64w, https:\/\/combi-pro.com\/wp-content\/uploads\/2025\/05\/screenshot-1749214923473-18x6.png 18w, https:\/\/combi-pro.com\/wp-content\/uploads\/2025\/05\/screenshot-1749214923473.png 396w\" sizes=\"(max-width: 226px) 100vw, 226px\" \/>\u00a0 \u00a0 \u00a0 \u00a0 \u00a0 \u00a0 \u00a0 \u00a0 \u00a0 \u00a0 \u00a0 \u00a0 \u00a0 \u00a0 \u00a0 \u00a0 \u00a0 \u00a0 <\/strong><\/p>","protected":false},"featured_media":6325,"template":"","meta":{"site-sidebar-layout":"default","site-content-layout":"","ast-site-content-layout":"default","site-content-style":"default","site-sidebar-style":"default","ast-global-header-display":"","ast-banner-title-visibility":"","ast-main-header-display":"","ast-hfb-above-header-display":"","ast-hfb-below-header-display":"","ast-hfb-mobile-header-display":"","site-post-title":"","ast-breadcrumbs-content":"","ast-featured-img":"","footer-sml-layout":"","ast-disable-related-posts":"","theme-transparent-header-meta":"default","adv-header-id-meta":"","stick-header-meta":"","header-above-stick-meta":"","header-main-stick-meta":"","header-below-stick-meta":"","astra-migrate-meta-layouts":"set","ast-page-background-enabled":"default","ast-page-background-meta":{"desktop":{"background-color":"","background-image":"","background-repeat":"repeat","background-position":"center center","background-size":"auto","background-attachment":"scroll","background-type":"","background-media":"","overlay-type":"","overlay-color":"","overlay-opacity":"","overlay-gradient":""},"tablet":{"background-color":"","background-image":"","background-repeat":"repeat","background-position":"center center","background-size":"auto","background-attachment":"scroll","background-type":"","background-media":"","overlay-type":"","overlay-color":"","overlay-opacity":"","overlay-gradient":""},"mobile":{"background-color":"","background-image":"","background-repeat":"repeat","background-position":"center center","background-size":"auto","background-attachment":"scroll","background-type":"","background-media":"","overlay-type":"","overlay-color":"","overlay-opacity":"","overlay-gradient":""}},"ast-content-background-meta":{"desktop":{"background-color":"var(--ast-global-color-5)","background-image":"","background-repeat":"repeat","background-position":"center center","background-size":"auto","background-attachment":"scroll","background-type":"","background-media":"","overlay-type":"","overlay-color":"","overlay-opacity":"","overlay-gradient":""},"tablet":{"background-color":"var(--ast-global-color-5)","background-image":"","background-repeat":"repeat","background-position":"center center","background-size":"auto","background-attachment":"scroll","background-type":"","background-media":"","overlay-type":"","overlay-color":"","overlay-opacity":"","overlay-gradient":""},"mobile":{"background-color":"var(--ast-global-color-5)","background-image":"","background-repeat":"repeat","background-position":"center center","background-size":"auto","background-attachment":"scroll","background-type":"","background-media":"","overlay-type":"","overlay-color":"","overlay-opacity":"","overlay-gradient":""}}},"product_brand":[442],"product_cat":[67,96,50],"product_tag":[],"class_list":{"0":"post-6276","1":"product","2":"type-product","3":"status-publish","4":"has-post-thumbnail","6":"product_brand-velilla","7":"product_cat-alta-visibilidad","8":"product_cat-cazadoras-alta-visibilidad","9":"product_cat-ropa-profesional","10":"desktop-align-center","11":"tablet-align-left","12":"mobile-align-left","14":"first","15":"instock","16":"taxable","17":"shipping-taxable","18":"purchasable","19":"product-type-variable","20":"has-default-attributes"},"_links":{"self":[{"href":"https:\/\/combi-pro.com\/fr\/wp-json\/wp\/v2\/product\/6276","targetHints":{"allow":["GET"]}}],"collection":[{"href":"https:\/\/combi-pro.com\/fr\/wp-json\/wp\/v2\/product"}],"about":[{"href":"https:\/\/combi-pro.com\/fr\/wp-json\/wp\/v2\/types\/product"}],"wp:featuredmedia":[{"embeddable":true,"href":"https:\/\/combi-pro.com\/fr\/wp-json\/wp\/v2\/media\/6325"}],"wp:attachment":[{"href":"https:\/\/combi-pro.com\/fr\/wp-json\/wp\/v2\/media?parent=6276"}],"wp:term":[{"taxonomy":"product_brand","embeddable":true,"href":"https:\/\/combi-pro.com\/fr\/wp-json\/wp\/v2\/product_brand?post=6276"},{"taxonomy":"product_cat","embeddable":true,"href":"https:\/\/combi-pro.com\/fr\/wp-json\/wp\/v2\/product_cat?post=6276"},{"taxonomy":"product_tag","embeddable":true,"href":"https:\/\/combi-pro.com\/fr\/wp-json\/wp\/v2\/product_tag?post=6276"}],"curies":[{"name":"wp","href":"https:\/\/api.w.org\/{rel}","templated":true}]}}