{"id":6333,"date":"2024-04-30T00:23:15","date_gmt":"2024-04-29T22:23:15","guid":{"rendered":"https:\/\/combi-pro.com\/?post_type=product&#038;p=6333"},"modified":"2026-05-13T16:36:07","modified_gmt":"2026-05-13T14:36:07","slug":"161-bicolour-jacket-av","status":"publish","type":"product","link":"https:\/\/combi-pro.com\/fr\/boutique\/161-bicolour-jacket-av\/","title":{"rendered":"Veste haute visibilit\u00e9 bicolore avec capuche et poches 161 | VELILLA"},"content":{"rendered":"<p class=\"\" data-start=\"321\" data-end=\"353\"><strong data-start=\"321\" data-end=\"353\">Caract\u00e9ristiques principales:<\/strong><\/p>\n<ul>\n<li data-start=\"356\" data-end=\"422\">Fermeture centrale \u00e0 glissi\u00e8re avec zip dissimul\u00e9 sous le rabat en velcro.<\/li>\n<li data-start=\"425\" data-end=\"491\">Bandes r\u00e9fl\u00e9chissantes sur le torse et les manches pour une meilleure visibilit\u00e9.<\/li>\n<li data-start=\"494\" data-end=\"574\">Capuche cach\u00e9e dans le col et doublure int\u00e9rieure en polaire pour plus de confort.<\/li>\n<li data-start=\"577\" data-end=\"648\">Manches d\u00e9tachables, id\u00e9ales pour transformer le v\u00eatement en gilet.<\/li>\n<li data-start=\"651\" data-end=\"725\">Poignets \u00e9lastiques avec r\u00e9glage par velcro et ceinture lat\u00e9rale \u00e9lastiqu\u00e9e.<\/li>\n<li data-start=\"728\" data-end=\"800\">Cinq poches fonctionnelles, dont une poche int\u00e9rieure zipp\u00e9e.<\/li>\n<\/ul>\n<p class=\"\" data-start=\"802\" data-end=\"824\"><strong data-start=\"802\" data-end=\"822\">Certifications : <\/strong>EN 20471 (CLASSE 2) - Haute visibilit\u00e9 dans des conditions de risque moyen.<\/p>\n<p class=\"\" data-start=\"902\" data-end=\"923\"><strong data-start=\"902\" data-end=\"911\">Gamme : <\/strong>V\u00eatements d'ext\u00e9rieur<\/p>\n<p class=\"\" data-start=\"925\" data-end=\"939\"><strong data-start=\"925\" data-end=\"937\">Tissus :<\/strong><\/p>\n<ul>\n<li data-start=\"942\" data-end=\"1000\">Mati\u00e8re ext\u00e9rieure : 100% PU-coated polyester \/ 180 g\/m\u00b2.<\/li>\n<li data-start=\"1003\" data-end=\"1040\">Doublure : 100% polyester \/ 60 g\/m\u00b2.<\/li>\n<li data-start=\"1043\" data-end=\"1095\">Ouate (isolation) : 100% polyester \/ 160 g\/m\u00b2.<\/li>\n<li data-start=\"1098\" data-end=\"1156\">Col int\u00e9rieur : Doublure polaire 100% polyester \/ 280 g\/m\u00b2.<\/li>\n<\/ul>\n<p class=\"\" data-start=\"1158\" data-end=\"1328\"><strong data-start=\"1158\" data-end=\"1178\">Recommandations:<\/strong><br data-start=\"1178\" data-end=\"1181\" \/>Id\u00e9al pour les travailleurs expos\u00e9s au froid et \u00e0 des conditions m\u00e9t\u00e9orologiques variables, tels que le personnel charg\u00e9 de la logistique, du transport ou de l'entretien ext\u00e9rieur.<\/p>","protected":false},"excerpt":{"rendered":"<p class=\"\" data-start=\"203\" data-end=\"372\">Veste matelass\u00e9e bicolore \u00e0 haute visibilit\u00e9 de classe 2. Conception fonctionnelle avec manches amovibles, poches multiples et capuche dissimul\u00e9e. Protection thermique et visibilit\u00e9.<\/p>\n<p class=\"\" data-start=\"321\" data-end=\"353\"><img decoding=\"async\" class=\"alignnone wp-image-15250\" src=\"https:\/\/combi-pro.com\/wp-content\/uploads\/2024\/05\/en204712-300x285.png\" alt=\"\" width=\"42\" height=\"40\" srcset=\"https:\/\/combi-pro.com\/wp-content\/uploads\/2024\/05\/en204712-300x285.png 300w, https:\/\/combi-pro.com\/wp-content\/uploads\/2024\/05\/en204712-450x428.png 450w, https:\/\/combi-pro.com\/wp-content\/uploads\/2024\/05\/en204712-64x61.png 64w, https:\/\/combi-pro.com\/wp-content\/uploads\/2024\/05\/en204712-13x12.png 13w, https:\/\/combi-pro.com\/wp-content\/uploads\/2024\/05\/en204712.png 516w\" sizes=\"(max-width: 42px) 100vw, 42px\" \/> <img decoding=\"async\" class=\"alignnone wp-image-15355\" src=\"https:\/\/combi-pro.com\/wp-content\/uploads\/2024\/04\/DESMONTABLE.png\" alt=\"\" width=\"40\" height=\"40\" srcset=\"https:\/\/combi-pro.com\/wp-content\/uploads\/2024\/04\/DESMONTABLE.png 228w, https:\/\/combi-pro.com\/wp-content\/uploads\/2024\/04\/DESMONTABLE-100x100.png 100w, https:\/\/combi-pro.com\/wp-content\/uploads\/2024\/04\/DESMONTABLE-64x64.png 64w, https:\/\/combi-pro.com\/wp-content\/uploads\/2024\/04\/DESMONTABLE-150x150.png 150w, https:\/\/combi-pro.com\/wp-content\/uploads\/2024\/04\/DESMONTABLE-12x12.png 12w\" sizes=\"(max-width: 40px) 100vw, 40px\" \/> <img decoding=\"async\" class=\"alignnone wp-image-15224\" src=\"https:\/\/combi-pro.com\/wp-content\/uploads\/2025\/04\/icon-water.png\" alt=\"\" width=\"40\" height=\"40\" srcset=\"https:\/\/combi-pro.com\/wp-content\/uploads\/2025\/04\/icon-water.png 134w, https:\/\/combi-pro.com\/wp-content\/uploads\/2025\/04\/icon-water-100x100.png 100w, https:\/\/combi-pro.com\/wp-content\/uploads\/2025\/04\/icon-water-64x64.png 64w, https:\/\/combi-pro.com\/wp-content\/uploads\/2025\/04\/icon-water-12x12.png 12w\" sizes=\"(max-width: 40px) 100vw, 40px\" \/> <img loading=\"lazy\" decoding=\"async\" class=\"alignnone wp-image-15227\" src=\"https:\/\/combi-pro.com\/wp-content\/uploads\/2025\/04\/icon-3layer.png\" alt=\"\" width=\"40\" height=\"40\" srcset=\"https:\/\/combi-pro.com\/wp-content\/uploads\/2025\/04\/icon-3layer.png 134w, https:\/\/combi-pro.com\/wp-content\/uploads\/2025\/04\/icon-3layer-100x100.png 100w, https:\/\/combi-pro.com\/wp-content\/uploads\/2025\/04\/icon-3layer-64x64.png 64w, https:\/\/combi-pro.com\/wp-content\/uploads\/2025\/04\/icon-3layer-12x12.png 12w\" sizes=\"(max-width: 40px) 100vw, 40px\" \/> <img loading=\"lazy\" decoding=\"async\" class=\"alignnone wp-image-15251\" src=\"https:\/\/combi-pro.com\/wp-content\/uploads\/2024\/05\/REFLATEX-300x88.png\" alt=\"\" width=\"136\" height=\"40\" srcset=\"https:\/\/combi-pro.com\/wp-content\/uploads\/2024\/05\/REFLATEX-300x88.png 300w, https:\/\/combi-pro.com\/wp-content\/uploads\/2024\/05\/REFLATEX-450x133.png 450w, https:\/\/combi-pro.com\/wp-content\/uploads\/2024\/05\/REFLATEX-64x19.png 64w, https:\/\/combi-pro.com\/wp-content\/uploads\/2024\/05\/REFLATEX-18x5.png 18w, https:\/\/combi-pro.com\/wp-content\/uploads\/2024\/05\/REFLATEX.png 475w\" sizes=\"(max-width: 136px) 100vw, 136px\" \/><\/p>\n<p><strong>GUIDE DES TAILLES<\/strong><\/p>\n<p><strong><img loading=\"lazy\" decoding=\"async\" class=\"alignnone wp-image-17765\" src=\"https:\/\/combi-pro.com\/wp-content\/uploads\/2024\/04\/70.6-80.4-screenshot-1749949514405-300x131.png\" alt=\"\" width=\"276\" height=\"120\" srcset=\"https:\/\/combi-pro.com\/wp-content\/uploads\/2024\/04\/70.6-80.4-screenshot-1749949514405-300x131.png 300w, https:\/\/combi-pro.com\/wp-content\/uploads\/2024\/04\/70.6-80.4-screenshot-1749949514405-64x28.png 64w, https:\/\/combi-pro.com\/wp-content\/uploads\/2024\/04\/70.6-80.4-screenshot-1749949514405-18x8.png 18w, https:\/\/combi-pro.com\/wp-content\/uploads\/2024\/04\/70.6-80.4-screenshot-1749949514405.png 400w\" sizes=\"(max-width: 276px) 100vw, 276px\" \/> <img loading=\"lazy\" decoding=\"async\" class=\"alignnone wp-image-17696\" src=\"https:\/\/combi-pro.com\/wp-content\/uploads\/2025\/05\/screenshot-1749214923473-300x106.png\" alt=\"\" width=\"226\" height=\"80\" srcset=\"https:\/\/combi-pro.com\/wp-content\/uploads\/2025\/05\/screenshot-1749214923473-300x106.png 300w, https:\/\/combi-pro.com\/wp-content\/uploads\/2025\/05\/screenshot-1749214923473-64x23.png 64w, https:\/\/combi-pro.com\/wp-content\/uploads\/2025\/05\/screenshot-1749214923473-18x6.png 18w, https:\/\/combi-pro.com\/wp-content\/uploads\/2025\/05\/screenshot-1749214923473.png 396w\" sizes=\"(max-width: 226px) 100vw, 226px\" \/>\u00a0 \u00a0 \u00a0 \u00a0 \u00a0 \u00a0 \u00a0 \u00a0 \u00a0 \u00a0 \u00a0 \u00a0 \u00a0 \u00a0 \u00a0 \u00a0 \u00a0 \u00a0 \u00a0<\/strong><\/p>","protected":false},"featured_media":6366,"template":"","meta":{"site-sidebar-layout":"default","site-content-layout":"","ast-site-content-layout":"default","site-content-style":"default","site-sidebar-style":"default","ast-global-header-display":"","ast-banner-title-visibility":"","ast-main-header-display":"","ast-hfb-above-header-display":"","ast-hfb-below-header-display":"","ast-hfb-mobile-header-display":"","site-post-title":"","ast-breadcrumbs-content":"","ast-featured-img":"","footer-sml-layout":"","ast-disable-related-posts":"","theme-transparent-header-meta":"default","adv-header-id-meta":"","stick-header-meta":"","header-above-stick-meta":"","header-main-stick-meta":"","header-below-stick-meta":"","astra-migrate-meta-layouts":"set","ast-page-background-enabled":"default","ast-page-background-meta":{"desktop":{"background-color":"","background-image":"","background-repeat":"repeat","background-position":"center center","background-size":"auto","background-attachment":"scroll","background-type":"","background-media":"","overlay-type":"","overlay-color":"","overlay-opacity":"","overlay-gradient":""},"tablet":{"background-color":"","background-image":"","background-repeat":"repeat","background-position":"center center","background-size":"auto","background-attachment":"scroll","background-type":"","background-media":"","overlay-type":"","overlay-color":"","overlay-opacity":"","overlay-gradient":""},"mobile":{"background-color":"","background-image":"","background-repeat":"repeat","background-position":"center center","background-size":"auto","background-attachment":"scroll","background-type":"","background-media":"","overlay-type":"","overlay-color":"","overlay-opacity":"","overlay-gradient":""}},"ast-content-background-meta":{"desktop":{"background-color":"var(--ast-global-color-5)","background-image":"","background-repeat":"repeat","background-position":"center center","background-size":"auto","background-attachment":"scroll","background-type":"","background-media":"","overlay-type":"","overlay-color":"","overlay-opacity":"","overlay-gradient":""},"tablet":{"background-color":"var(--ast-global-color-5)","background-image":"","background-repeat":"repeat","background-position":"center center","background-size":"auto","background-attachment":"scroll","background-type":"","background-media":"","overlay-type":"","overlay-color":"","overlay-opacity":"","overlay-gradient":""},"mobile":{"background-color":"var(--ast-global-color-5)","background-image":"","background-repeat":"repeat","background-position":"center center","background-size":"auto","background-attachment":"scroll","background-type":"","background-media":"","overlay-type":"","overlay-color":"","overlay-opacity":"","overlay-gradient":""}}},"product_brand":[442],"product_cat":[67,96,50],"product_tag":[],"class_list":{"0":"post-6333","1":"product","2":"type-product","3":"status-publish","4":"has-post-thumbnail","6":"product_brand-velilla","7":"product_cat-alta-visibilidad","8":"product_cat-cazadoras-alta-visibilidad","9":"product_cat-ropa-profesional","10":"desktop-align-center","11":"tablet-align-left","12":"mobile-align-left","14":"first","15":"instock","16":"taxable","17":"shipping-taxable","18":"purchasable","19":"product-type-variable","20":"has-default-attributes"},"_links":{"self":[{"href":"https:\/\/combi-pro.com\/fr\/wp-json\/wp\/v2\/product\/6333","targetHints":{"allow":["GET"]}}],"collection":[{"href":"https:\/\/combi-pro.com\/fr\/wp-json\/wp\/v2\/product"}],"about":[{"href":"https:\/\/combi-pro.com\/fr\/wp-json\/wp\/v2\/types\/product"}],"wp:featuredmedia":[{"embeddable":true,"href":"https:\/\/combi-pro.com\/fr\/wp-json\/wp\/v2\/media\/6366"}],"wp:attachment":[{"href":"https:\/\/combi-pro.com\/fr\/wp-json\/wp\/v2\/media?parent=6333"}],"wp:term":[{"taxonomy":"product_brand","embeddable":true,"href":"https:\/\/combi-pro.com\/fr\/wp-json\/wp\/v2\/product_brand?post=6333"},{"taxonomy":"product_cat","embeddable":true,"href":"https:\/\/combi-pro.com\/fr\/wp-json\/wp\/v2\/product_cat?post=6333"},{"taxonomy":"product_tag","embeddable":true,"href":"https:\/\/combi-pro.com\/fr\/wp-json\/wp\/v2\/product_tag?post=6333"}],"curies":[{"name":"wp","href":"https:\/\/api.w.org\/{rel}","templated":true}]}}