{"id":6401,"date":"2024-04-30T00:40:33","date_gmt":"2024-04-29T22:40:33","guid":{"rendered":"https:\/\/combi-pro.com\/?post_type=product&#038;p=6401"},"modified":"2026-05-08T21:56:04","modified_gmt":"2026-05-08T19:56:04","slug":"151-bicolore-global-av","status":"publish","type":"product","link":"https:\/\/combi-pro.com\/fr\/boutique\/151-bicolore-global-av\/","title":{"rendered":"Combinaison bicolore \u00e0 haute visibilit\u00e9 avec bandes r\u00e9fl\u00e9chissantes et poches 151 | VELILLA"},"content":{"rendered":"<div class=\"data item\" role=\"tablist\">\n<div id=\"description\" class=\"data item content\" role=\"tabpanel\" aria-labelledby=\"tab-label-description\" data-role=\"content\" aria-hidden=\"false\">\n<div class=\"product attribute description\">\n<div class=\"value\">\n<p data-start=\"431\" data-end=\"468\"><strong data-start=\"437\" data-end=\"468\">Caract\u00e9ristiques principales :<\/strong><\/p>\n<ul>\n<li data-start=\"472\" data-end=\"565\">Fermeture \u00e0 glissi\u00e8re centrale avec double curseur pour faciliter l'utilisation et am\u00e9liorer la ventilation.<\/li>\n<li data-start=\"568\" data-end=\"684\">Bandes r\u00e9fl\u00e9chissantes sur le torse, les manches et le bas du pantalon pour une visibilit\u00e9 efficace sous plusieurs angles.<\/li>\n<li data-start=\"687\" data-end=\"791\">Conception bicolore avec des zones contrast\u00e9es pour am\u00e9liorer l'aspect visuel sans compromettre la s\u00e9curit\u00e9.<\/li>\n<li data-start=\"794\" data-end=\"863\">Taille \u00e9lastiqu\u00e9e pour un meilleur ajustement et une plus grande libert\u00e9 de mouvement.<\/li>\n<li data-start=\"866\" data-end=\"934\">Les poignets c\u00f4tel\u00e9s prot\u00e8gent du vent et s'ajustent confortablement.<\/li>\n<li data-start=\"937\" data-end=\"1007\">Coutures de s\u00e9curit\u00e9 \u00e0 l'arri\u00e8re pour une meilleure r\u00e9sistance \u00e0 l'usure.<\/li>\n<li data-start=\"1010\" data-end=\"1038\">5 poches fonctionnelles :<\/li>\n<li data-start=\"1043\" data-end=\"1082\">1 poche poitrine zipp\u00e9e<\/li>\n<li data-start=\"1087\" data-end=\"1121\">2 poches inf\u00e9rieures plaqu\u00e9es<\/li>\n<li data-start=\"1126\" data-end=\"1156\">1 poche arri\u00e8re plaqu\u00e9e<\/li>\n<li data-start=\"1161\" data-end=\"1207\">1 poche \u00e0 outils sur la jambe droite<\/li>\n<\/ul>\n<p><strong data-start=\"1222\" data-end=\"1240\">Certification: <\/strong>EN 20471 (CLASSE 2) - Visibilit\u00e9 interm\u00e9diaire convenant aux travailleurs dans les zones urbaines ou \u00e0 risque mod\u00e9r\u00e9.<\/p>\n<p><strong data-start=\"1371\" data-end=\"1380\">Gamme : <\/strong>Standard<\/p>\n<p><strong data-start=\"1405\" data-end=\"1417\">Tissus :<\/strong><\/p>\n<ul>\n<li>Jaune fluo : 80% polyester - 20% coton \/ 210 g\/m\u00b2.<\/li>\n<li>Orange fluo : 60% coton - 40% polyester \/ 240 g\/m\u00b2.<\/li>\n<li>Contraste : 65% polyester - 35% coton \/ 200 g\/m\u00b2.<\/li>\n<li>Tissu serg\u00e9, tr\u00e8s r\u00e9sistant et confortable.<\/li>\n<\/ul>\n<p><strong data-start=\"1671\" data-end=\"1689\">Recommandation : <\/strong>Parfait pour les t\u00e2ches de maintenance, de construction, de nettoyage industriel ou de logistique o\u00f9 une bonne visibilit\u00e9, une bonne mobilit\u00e9 et une bonne r\u00e9sistance sont requises, sans qu'il soit n\u00e9cessaire d'atteindre le niveau maximum de haute visibilit\u00e9.<\/p>\n<p><img decoding=\"async\" class=\"alignnone wp-image-14962\" src=\"https:\/\/combi-pro.com\/wp-content\/uploads\/2025\/01\/bordado-mukua.jpg\" alt=\"\" width=\"60\" height=\"60\" srcset=\"https:\/\/combi-pro.com\/wp-content\/uploads\/2025\/01\/bordado-mukua.jpg 427w, https:\/\/combi-pro.com\/wp-content\/uploads\/2025\/01\/bordado-mukua-100x100.jpg 100w, https:\/\/combi-pro.com\/wp-content\/uploads\/2025\/01\/bordado-mukua-64x64.jpg 64w, https:\/\/combi-pro.com\/wp-content\/uploads\/2025\/01\/bordado-mukua-300x300.jpg 300w, https:\/\/combi-pro.com\/wp-content\/uploads\/2025\/01\/bordado-mukua-150x150.jpg 150w, https:\/\/combi-pro.com\/wp-content\/uploads\/2025\/01\/bordado-mukua-12x12.jpg 12w\" sizes=\"(max-width: 60px) 100vw, 60px\" \/> <img decoding=\"async\" class=\"alignnone wp-image-14960\" src=\"https:\/\/combi-pro.com\/wp-content\/uploads\/2025\/01\/impresion-mukua-300x300.jpg\" alt=\"\" width=\"60\" height=\"60\" srcset=\"https:\/\/combi-pro.com\/wp-content\/uploads\/2025\/01\/impresion-mukua-300x300.jpg 300w, https:\/\/combi-pro.com\/wp-content\/uploads\/2025\/01\/impresion-mukua-100x100.jpg 100w, https:\/\/combi-pro.com\/wp-content\/uploads\/2025\/01\/impresion-mukua-64x64.jpg 64w, https:\/\/combi-pro.com\/wp-content\/uploads\/2025\/01\/impresion-mukua-150x150.jpg 150w, https:\/\/combi-pro.com\/wp-content\/uploads\/2025\/01\/impresion-mukua-12x12.jpg 12w, https:\/\/combi-pro.com\/wp-content\/uploads\/2025\/01\/impresion-mukua.jpg 427w\" sizes=\"(max-width: 60px) 100vw, 60px\" \/><\/p>\n<\/div>\n<\/div>\n<\/div>\n<\/div>","protected":false},"excerpt":{"rendered":"<p class=\"\" data-start=\"184\" data-end=\"349\">Combinaison haute visibilit\u00e9 avec bandes r\u00e9fl\u00e9chissantes et poches multiples. Id\u00e9ale pour travailler dans des conditions de faible visibilit\u00e9, elle offre confort et s\u00e9curit\u00e9.<\/p>\n<p data-start=\"0\" data-end=\"424\"><img decoding=\"async\" class=\"alignnone wp-image-15250\" src=\"https:\/\/combi-pro.com\/wp-content\/uploads\/2024\/05\/en204712-300x285.png\" alt=\"\" width=\"42\" height=\"40\" srcset=\"https:\/\/combi-pro.com\/wp-content\/uploads\/2024\/05\/en204712-300x285.png 300w, https:\/\/combi-pro.com\/wp-content\/uploads\/2024\/05\/en204712-450x428.png 450w, https:\/\/combi-pro.com\/wp-content\/uploads\/2024\/05\/en204712-64x61.png 64w, https:\/\/combi-pro.com\/wp-content\/uploads\/2024\/05\/en204712-13x12.png 13w, https:\/\/combi-pro.com\/wp-content\/uploads\/2024\/05\/en204712.png 516w\" sizes=\"(max-width: 42px) 100vw, 42px\" \/> <img loading=\"lazy\" decoding=\"async\" class=\"alignnone wp-image-15251\" src=\"https:\/\/combi-pro.com\/wp-content\/uploads\/2024\/05\/REFLATEX-300x88.png\" alt=\"\" width=\"136\" height=\"40\" srcset=\"https:\/\/combi-pro.com\/wp-content\/uploads\/2024\/05\/REFLATEX-300x88.png 300w, https:\/\/combi-pro.com\/wp-content\/uploads\/2024\/05\/REFLATEX-450x133.png 450w, https:\/\/combi-pro.com\/wp-content\/uploads\/2024\/05\/REFLATEX-64x19.png 64w, https:\/\/combi-pro.com\/wp-content\/uploads\/2024\/05\/REFLATEX-18x5.png 18w, https:\/\/combi-pro.com\/wp-content\/uploads\/2024\/05\/REFLATEX.png 475w\" sizes=\"(max-width: 136px) 100vw, 136px\" \/><\/p>\n<p><strong>GUIDE DES TAILLES<\/strong><\/p>\n<p><strong><img loading=\"lazy\" decoding=\"async\" class=\"alignnone wp-image-17755\" src=\"https:\/\/combi-pro.com\/wp-content\/uploads\/2024\/04\/158-170.5-screenshot-1749926882446-300x92.png\" alt=\"\" width=\"393\" height=\"120\" srcset=\"https:\/\/combi-pro.com\/wp-content\/uploads\/2024\/04\/158-170.5-screenshot-1749926882446-300x92.png 300w, https:\/\/combi-pro.com\/wp-content\/uploads\/2024\/04\/158-170.5-screenshot-1749926882446-64x20.png 64w, https:\/\/combi-pro.com\/wp-content\/uploads\/2024\/04\/158-170.5-screenshot-1749926882446-18x6.png 18w, https:\/\/combi-pro.com\/wp-content\/uploads\/2024\/04\/158-170.5-screenshot-1749926882446.png 445w\" sizes=\"(max-width: 393px) 100vw, 393px\" \/> <img loading=\"lazy\" decoding=\"async\" class=\"alignnone wp-image-17756\" src=\"https:\/\/combi-pro.com\/wp-content\/uploads\/2024\/04\/screenshot-1749926977331-300x242.png\" alt=\"\" width=\"149\" height=\"120\" srcset=\"https:\/\/combi-pro.com\/wp-content\/uploads\/2024\/04\/screenshot-1749926977331-300x242.png 300w, https:\/\/combi-pro.com\/wp-content\/uploads\/2024\/04\/screenshot-1749926977331-64x52.png 64w, https:\/\/combi-pro.com\/wp-content\/uploads\/2024\/04\/screenshot-1749926977331-15x12.png 15w, https:\/\/combi-pro.com\/wp-content\/uploads\/2024\/04\/screenshot-1749926977331.png 345w\" sizes=\"(max-width: 149px) 100vw, 149px\" \/>\u00a0 \u00a0 \u00a0 \u00a0 \u00a0 \u00a0 \u00a0 \u00a0 \u00a0 \u00a0 \u00a0 \u00a0 \u00a0 \u00a0 \u00a0 \u00a0 \u00a0 \u00a0 \u00a0 \u00a0 \u00a0\u00a0<\/strong><\/p>","protected":false},"featured_media":6740,"template":"","meta":{"site-sidebar-layout":"default","site-content-layout":"","ast-site-content-layout":"default","site-content-style":"default","site-sidebar-style":"default","ast-global-header-display":"","ast-banner-title-visibility":"","ast-main-header-display":"","ast-hfb-above-header-display":"","ast-hfb-below-header-display":"","ast-hfb-mobile-header-display":"","site-post-title":"","ast-breadcrumbs-content":"","ast-featured-img":"","footer-sml-layout":"","ast-disable-related-posts":"","theme-transparent-header-meta":"default","adv-header-id-meta":"","stick-header-meta":"","header-above-stick-meta":"","header-main-stick-meta":"","header-below-stick-meta":"","astra-migrate-meta-layouts":"set","ast-page-background-enabled":"default","ast-page-background-meta":{"desktop":{"background-color":"","background-image":"","background-repeat":"repeat","background-position":"center center","background-size":"auto","background-attachment":"scroll","background-type":"","background-media":"","overlay-type":"","overlay-color":"","overlay-opacity":"","overlay-gradient":""},"tablet":{"background-color":"","background-image":"","background-repeat":"repeat","background-position":"center center","background-size":"auto","background-attachment":"scroll","background-type":"","background-media":"","overlay-type":"","overlay-color":"","overlay-opacity":"","overlay-gradient":""},"mobile":{"background-color":"","background-image":"","background-repeat":"repeat","background-position":"center center","background-size":"auto","background-attachment":"scroll","background-type":"","background-media":"","overlay-type":"","overlay-color":"","overlay-opacity":"","overlay-gradient":""}},"ast-content-background-meta":{"desktop":{"background-color":"var(--ast-global-color-5)","background-image":"","background-repeat":"repeat","background-position":"center center","background-size":"auto","background-attachment":"scroll","background-type":"","background-media":"","overlay-type":"","overlay-color":"","overlay-opacity":"","overlay-gradient":""},"tablet":{"background-color":"var(--ast-global-color-5)","background-image":"","background-repeat":"repeat","background-position":"center center","background-size":"auto","background-attachment":"scroll","background-type":"","background-media":"","overlay-type":"","overlay-color":"","overlay-opacity":"","overlay-gradient":""},"mobile":{"background-color":"var(--ast-global-color-5)","background-image":"","background-repeat":"repeat","background-position":"center center","background-size":"auto","background-attachment":"scroll","background-type":"","background-media":"","overlay-type":"","overlay-color":"","overlay-opacity":"","overlay-gradient":""}}},"product_brand":[442],"product_cat":[67,99,50],"product_tag":[],"class_list":{"0":"post-6401","1":"product","2":"type-product","3":"status-publish","4":"has-post-thumbnail","6":"product_brand-velilla","7":"product_cat-alta-visibilidad","8":"product_cat-monos-alta-visibilidad","9":"product_cat-ropa-profesional","10":"desktop-align-center","11":"tablet-align-left","12":"mobile-align-left","14":"first","15":"instock","16":"taxable","17":"shipping-taxable","18":"purchasable","19":"product-type-variable","20":"has-default-attributes"},"_links":{"self":[{"href":"https:\/\/combi-pro.com\/fr\/wp-json\/wp\/v2\/product\/6401","targetHints":{"allow":["GET"]}}],"collection":[{"href":"https:\/\/combi-pro.com\/fr\/wp-json\/wp\/v2\/product"}],"about":[{"href":"https:\/\/combi-pro.com\/fr\/wp-json\/wp\/v2\/types\/product"}],"wp:featuredmedia":[{"embeddable":true,"href":"https:\/\/combi-pro.com\/fr\/wp-json\/wp\/v2\/media\/6740"}],"wp:attachment":[{"href":"https:\/\/combi-pro.com\/fr\/wp-json\/wp\/v2\/media?parent=6401"}],"wp:term":[{"taxonomy":"product_brand","embeddable":true,"href":"https:\/\/combi-pro.com\/fr\/wp-json\/wp\/v2\/product_brand?post=6401"},{"taxonomy":"product_cat","embeddable":true,"href":"https:\/\/combi-pro.com\/fr\/wp-json\/wp\/v2\/product_cat?post=6401"},{"taxonomy":"product_tag","embeddable":true,"href":"https:\/\/combi-pro.com\/fr\/wp-json\/wp\/v2\/product_tag?post=6401"}],"curies":[{"name":"wp","href":"https:\/\/api.w.org\/{rel}","templated":true}]}}