{"id":6418,"date":"2024-04-30T00:50:16","date_gmt":"2024-04-29T22:50:16","guid":{"rendered":"https:\/\/combi-pro.com\/?post_type=product&#038;p=6418"},"modified":"2026-03-10T01:04:06","modified_gmt":"2026-03-10T00:04:06","slug":"189-combinaison-de-pluie-av","status":"publish","type":"product","link":"https:\/\/combi-pro.com\/fr\/boutique\/189-combinaison-de-pluie-av\/","title":{"rendered":"Combinaison de pluie haute visibilit\u00e9 avec capuche dissimul\u00e9e 189 | VELILLA"},"content":{"rendered":"<div class=\"data item\" role=\"tablist\">\n<div id=\"description\" class=\"data item content\" role=\"tabpanel\" aria-labelledby=\"tab-label-description\" data-role=\"content\" aria-hidden=\"false\">\n<div class=\"product attribute description\">\n<div class=\"value\">\n<p data-start=\"1032\" data-end=\"1068\"><strong>Caract\u00e9ristiques techniques :<\/strong><\/p>\n<ul>\n<li>Veste :<\/li>\n<li data-start=\"1089\" data-end=\"1155\">Fermeture centrale \u00e0 glissi\u00e8re et \u00e0 rabat pour une protection accrue<\/li>\n<li data-start=\"1158\" data-end=\"1225\">Bandes r\u00e9fl\u00e9chissantes sur le torse et les manches pour une meilleure visibilit\u00e9<\/li>\n<li data-start=\"1228\" data-end=\"1304\">Capuche dissimul\u00e9e dans le col, id\u00e9ale par temps variable<\/li>\n<li data-start=\"1307\" data-end=\"1363\">Poignets int\u00e9rieurs \u00e9lastiques pour un ajustement parfait<\/li>\n<li data-start=\"1366\" data-end=\"1468\">Maille int\u00e9rieure dans le dos et \u0153illet m\u00e9tallique sous les bras pour une meilleure respirabilit\u00e9<\/li>\n<li data-start=\"1471\" data-end=\"1524\">Fond r\u00e9glable avec bouchon pour plus de confort<\/li>\n<li data-start=\"1527\" data-end=\"1573\">2 poches inf\u00e9rieures cach\u00e9es avec rabats<\/li>\n<li>\u00a0Pantalon :<\/li>\n<li data-start=\"1594\" data-end=\"1675\">Verrouillage central avec boutons-pression en plastique pour un r\u00e9glage facile<\/li>\n<li data-start=\"1678\" data-end=\"1744\">Bandes r\u00e9fl\u00e9chissantes sur le bas du pantalon pour une meilleure visibilit\u00e9<\/li>\n<li data-start=\"1747\" data-end=\"1794\">Taille \u00e9lastiqu\u00e9e pour un ajustement confortable<\/li>\n<li data-start=\"1797\" data-end=\"1853\">Ourlet r\u00e9glable par boutons-pression en plastique<\/li>\n<li data-start=\"1856\" data-end=\"1941\">Fentes lat\u00e9rales avec rabat pour acc\u00e9der aux poches du sous-v\u00eatement<\/li>\n<\/ul>\n<p><strong data-start=\"1956\" data-end=\"1976\">Certifications :<\/strong><\/p>\n<ul>\n<li data-start=\"1979\" data-end=\"2058\">EN ISO 20471 (classe 3) : Haute visibilit\u00e9 dans des conditions de risque \u00e9lev\u00e9<\/li>\n<li data-start=\"2061\" data-end=\"2144\">EN 343 (3\/1) : protection contre la pluie et les intemp\u00e9ries<\/li>\n<\/ul>\n<p><strong data-start=\"2158\" data-end=\"2174\">Composition :<\/strong><\/p>\n<ul>\n<li data-start=\"2177\" data-end=\"2242\">Ext\u00e9rieur : polyester 100% avec enduction PU - 130 g\/m\u00b2.<\/li>\n<li data-start=\"2245\" data-end=\"2290\">Maille int\u00e9rieure : polyester 100% - 50 g\/m\u00b2.<\/li>\n<\/ul>\n<p><strong data-start=\"2718\" data-end=\"2727\">Gamme :<\/strong> V\u00eatements d'ext\u00e9rieur<\/p>\n<p><strong style=\"font-size: 16px;\" data-start=\"2303\" data-end=\"2328\">Recommandation d'utilisation : <\/strong><span style=\"font-size: 16px;\">Cette combinaison de pluie est parfaite pour les travailleurs en ext\u00e9rieur.<\/span><span style=\"font-size: 16px;\"> qui sont confront\u00e9s \u00e0 des conditions pluvieuses constantes, comme le personnel d'entretien, la s\u00e9curit\u00e9 routi\u00e8re, la construction, la logistique ou toute autre profession qui a besoin d'\u00eatre visible et prot\u00e9g\u00e9e sous la pluie. Sa conception avec <\/span><span style=\"font-size: 16px;\">bandes r\u00e9fl\u00e9chissantes<\/span><span style=\"font-size: 16px;\"> vous permet de rester visible m\u00eame dans des conditions de faible luminosit\u00e9.<\/span><\/p>\n<p><img decoding=\"async\" class=\"alignnone wp-image-14962\" src=\"https:\/\/combi-pro.com\/wp-content\/uploads\/2025\/01\/bordado-mukua.jpg\" alt=\"\" width=\"60\" height=\"60\" srcset=\"https:\/\/combi-pro.com\/wp-content\/uploads\/2025\/01\/bordado-mukua.jpg 427w, https:\/\/combi-pro.com\/wp-content\/uploads\/2025\/01\/bordado-mukua-100x100.jpg 100w, https:\/\/combi-pro.com\/wp-content\/uploads\/2025\/01\/bordado-mukua-64x64.jpg 64w, https:\/\/combi-pro.com\/wp-content\/uploads\/2025\/01\/bordado-mukua-300x300.jpg 300w, https:\/\/combi-pro.com\/wp-content\/uploads\/2025\/01\/bordado-mukua-150x150.jpg 150w, https:\/\/combi-pro.com\/wp-content\/uploads\/2025\/01\/bordado-mukua-12x12.jpg 12w\" sizes=\"(max-width: 60px) 100vw, 60px\" \/> <img decoding=\"async\" class=\"alignnone wp-image-14960\" src=\"https:\/\/combi-pro.com\/wp-content\/uploads\/2025\/01\/impresion-mukua-300x300.jpg\" alt=\"\" width=\"60\" height=\"60\" srcset=\"https:\/\/combi-pro.com\/wp-content\/uploads\/2025\/01\/impresion-mukua-300x300.jpg 300w, https:\/\/combi-pro.com\/wp-content\/uploads\/2025\/01\/impresion-mukua-100x100.jpg 100w, https:\/\/combi-pro.com\/wp-content\/uploads\/2025\/01\/impresion-mukua-64x64.jpg 64w, https:\/\/combi-pro.com\/wp-content\/uploads\/2025\/01\/impresion-mukua-150x150.jpg 150w, https:\/\/combi-pro.com\/wp-content\/uploads\/2025\/01\/impresion-mukua-12x12.jpg 12w, https:\/\/combi-pro.com\/wp-content\/uploads\/2025\/01\/impresion-mukua.jpg 427w\" sizes=\"(max-width: 60px) 100vw, 60px\" \/><\/p>\n<hr class=\"\" data-start=\"2713\" data-end=\"2716\" \/>\n<p>&nbsp;<\/p>\n<\/div>\n<\/div>\n<\/div>\n<\/div>","protected":false},"excerpt":{"rendered":"<p class=\"\" data-start=\"356\" data-end=\"517\">Ensemble veste et pantalon imperm\u00e9ables avec bandes r\u00e9fl\u00e9chissantes et capuche cach\u00e9e. Protection totale contre la pluie et haute visibilit\u00e9 pour une s\u00e9curit\u00e9 maximale.<\/p>\n<p data-start=\"530\" data-end=\"617\"><img decoding=\"async\" class=\"alignnone wp-image-15360\" src=\"https:\/\/combi-pro.com\/wp-content\/uploads\/2024\/05\/en204713-300x286.png\" alt=\"\" width=\"42\" height=\"40\" srcset=\"https:\/\/combi-pro.com\/wp-content\/uploads\/2024\/05\/en204713-300x286.png 300w, https:\/\/combi-pro.com\/wp-content\/uploads\/2024\/05\/en204713-450x429.png 450w, https:\/\/combi-pro.com\/wp-content\/uploads\/2024\/05\/en204713-64x61.png 64w, https:\/\/combi-pro.com\/wp-content\/uploads\/2024\/05\/en204713-13x12.png 13w, https:\/\/combi-pro.com\/wp-content\/uploads\/2024\/05\/en204713.png 515w\" sizes=\"(max-width: 42px) 100vw, 42px\" \/> <img loading=\"lazy\" decoding=\"async\" class=\"alignnone wp-image-15375\" src=\"https:\/\/combi-pro.com\/wp-content\/uploads\/2024\/07\/RAINPROOF.png\" alt=\"\" width=\"203\" height=\"40\" srcset=\"https:\/\/combi-pro.com\/wp-content\/uploads\/2024\/07\/RAINPROOF.png 228w, https:\/\/combi-pro.com\/wp-content\/uploads\/2024\/07\/RAINPROOF-64x13.png 64w, https:\/\/combi-pro.com\/wp-content\/uploads\/2024\/07\/RAINPROOF-18x4.png 18w\" sizes=\"(max-width: 203px) 100vw, 203px\" \/> <img loading=\"lazy\" decoding=\"async\" class=\"alignnone wp-image-15251\" src=\"https:\/\/combi-pro.com\/wp-content\/uploads\/2024\/05\/REFLATEX-300x88.png\" alt=\"\" width=\"136\" height=\"40\" srcset=\"https:\/\/combi-pro.com\/wp-content\/uploads\/2024\/05\/REFLATEX-300x88.png 300w, https:\/\/combi-pro.com\/wp-content\/uploads\/2024\/05\/REFLATEX-450x133.png 450w, https:\/\/combi-pro.com\/wp-content\/uploads\/2024\/05\/REFLATEX-64x19.png 64w, https:\/\/combi-pro.com\/wp-content\/uploads\/2024\/05\/REFLATEX-18x5.png 18w, https:\/\/combi-pro.com\/wp-content\/uploads\/2024\/05\/REFLATEX.png 475w\" sizes=\"(max-width: 136px) 100vw, 136px\" \/><\/p>\n<p><strong>GUIDE DES TAILLES\u00a0 \u00a0 \u00a0<\/strong><\/p>\n<p><img loading=\"lazy\" decoding=\"async\" class=\"alignnone wp-image-17743\" src=\"https:\/\/combi-pro.com\/wp-content\/uploads\/2024\/04\/screenshot-1749898285224-300x84.png\" alt=\"\" width=\"428\" height=\"120\" srcset=\"https:\/\/combi-pro.com\/wp-content\/uploads\/2024\/04\/screenshot-1749898285224-300x84.png 300w, https:\/\/combi-pro.com\/wp-content\/uploads\/2024\/04\/screenshot-1749898285224-450x126.png 450w, https:\/\/combi-pro.com\/wp-content\/uploads\/2024\/04\/screenshot-1749898285224-64x18.png 64w, https:\/\/combi-pro.com\/wp-content\/uploads\/2024\/04\/screenshot-1749898285224-18x5.png 18w, https:\/\/combi-pro.com\/wp-content\/uploads\/2024\/04\/screenshot-1749898285224.png 467w\" sizes=\"(max-width: 428px) 100vw, 428px\" \/><\/p>\n<p><img loading=\"lazy\" decoding=\"async\" class=\"alignnone wp-image-17696\" src=\"https:\/\/combi-pro.com\/wp-content\/uploads\/2025\/05\/screenshot-1749214923473-300x106.png\" alt=\"\" width=\"226\" height=\"80\" srcset=\"https:\/\/combi-pro.com\/wp-content\/uploads\/2025\/05\/screenshot-1749214923473-300x106.png 300w, https:\/\/combi-pro.com\/wp-content\/uploads\/2025\/05\/screenshot-1749214923473-64x23.png 64w, https:\/\/combi-pro.com\/wp-content\/uploads\/2025\/05\/screenshot-1749214923473-18x6.png 18w, https:\/\/combi-pro.com\/wp-content\/uploads\/2025\/05\/screenshot-1749214923473.png 396w\" sizes=\"(max-width: 226px) 100vw, 226px\" \/><img loading=\"lazy\" decoding=\"async\" class=\"alignnone wp-image-17729\" src=\"https:\/\/combi-pro.com\/wp-content\/uploads\/2024\/05\/screenshot-1749765502228.png\" alt=\"\" width=\"133\" height=\"100\" srcset=\"https:\/\/combi-pro.com\/wp-content\/uploads\/2024\/05\/screenshot-1749765502228.png 292w, https:\/\/combi-pro.com\/wp-content\/uploads\/2024\/05\/screenshot-1749765502228-64x48.png 64w, https:\/\/combi-pro.com\/wp-content\/uploads\/2024\/05\/screenshot-1749765502228-16x12.png 16w\" sizes=\"(max-width: 133px) 100vw, 133px\" \/><\/p>\n<p><strong> \u00a0 \u00a0 \u00a0 \u00a0 \u00a0 \u00a0 \u00a0 \u00a0 \u00a0 \u00a0 \u00a0 \u00a0 \u00a0 \u00a0 \u00a0 \u00a0 \u00a0 \u00a0 <\/strong><\/p>","protected":false},"featured_media":17678,"template":"","meta":{"site-sidebar-layout":"default","site-content-layout":"","ast-site-content-layout":"default","site-content-style":"default","site-sidebar-style":"default","ast-global-header-display":"","ast-banner-title-visibility":"","ast-main-header-display":"","ast-hfb-above-header-display":"","ast-hfb-below-header-display":"","ast-hfb-mobile-header-display":"","site-post-title":"","ast-breadcrumbs-content":"","ast-featured-img":"","footer-sml-layout":"","ast-disable-related-posts":"","theme-transparent-header-meta":"default","adv-header-id-meta":"","stick-header-meta":"","header-above-stick-meta":"","header-main-stick-meta":"","header-below-stick-meta":"","astra-migrate-meta-layouts":"set","ast-page-background-enabled":"default","ast-page-background-meta":{"desktop":{"background-color":"","background-image":"","background-repeat":"repeat","background-position":"center center","background-size":"auto","background-attachment":"scroll","background-type":"","background-media":"","overlay-type":"","overlay-color":"","overlay-opacity":"","overlay-gradient":""},"tablet":{"background-color":"","background-image":"","background-repeat":"repeat","background-position":"center center","background-size":"auto","background-attachment":"scroll","background-type":"","background-media":"","overlay-type":"","overlay-color":"","overlay-opacity":"","overlay-gradient":""},"mobile":{"background-color":"","background-image":"","background-repeat":"repeat","background-position":"center center","background-size":"auto","background-attachment":"scroll","background-type":"","background-media":"","overlay-type":"","overlay-color":"","overlay-opacity":"","overlay-gradient":""}},"ast-content-background-meta":{"desktop":{"background-color":"var(--ast-global-color-5)","background-image":"","background-repeat":"repeat","background-position":"center center","background-size":"auto","background-attachment":"scroll","background-type":"","background-media":"","overlay-type":"","overlay-color":"","overlay-opacity":"","overlay-gradient":""},"tablet":{"background-color":"var(--ast-global-color-5)","background-image":"","background-repeat":"repeat","background-position":"center center","background-size":"auto","background-attachment":"scroll","background-type":"","background-media":"","overlay-type":"","overlay-color":"","overlay-opacity":"","overlay-gradient":""},"mobile":{"background-color":"var(--ast-global-color-5)","background-image":"","background-repeat":"repeat","background-position":"center center","background-size":"auto","background-attachment":"scroll","background-type":"","background-media":"","overlay-type":"","overlay-color":"","overlay-opacity":"","overlay-gradient":""}}},"product_brand":[442],"product_cat":[67,50,106],"product_tag":[],"class_list":{"0":"post-6418","1":"product","2":"type-product","3":"status-publish","4":"has-post-thumbnail","6":"product_brand-velilla","7":"product_cat-alta-visibilidad","8":"product_cat-ropa-profesional","9":"product_cat-trajes-de-lluvia-alta-visibilidad","10":"desktop-align-center","11":"tablet-align-left","12":"mobile-align-left","14":"first","15":"instock","16":"taxable","17":"shipping-taxable","18":"purchasable","19":"product-type-variable","20":"has-default-attributes"},"_links":{"self":[{"href":"https:\/\/combi-pro.com\/fr\/wp-json\/wp\/v2\/product\/6418","targetHints":{"allow":["GET"]}}],"collection":[{"href":"https:\/\/combi-pro.com\/fr\/wp-json\/wp\/v2\/product"}],"about":[{"href":"https:\/\/combi-pro.com\/fr\/wp-json\/wp\/v2\/types\/product"}],"wp:featuredmedia":[{"embeddable":true,"href":"https:\/\/combi-pro.com\/fr\/wp-json\/wp\/v2\/media\/17678"}],"wp:attachment":[{"href":"https:\/\/combi-pro.com\/fr\/wp-json\/wp\/v2\/media?parent=6418"}],"wp:term":[{"taxonomy":"product_brand","embeddable":true,"href":"https:\/\/combi-pro.com\/fr\/wp-json\/wp\/v2\/product_brand?post=6418"},{"taxonomy":"product_cat","embeddable":true,"href":"https:\/\/combi-pro.com\/fr\/wp-json\/wp\/v2\/product_cat?post=6418"},{"taxonomy":"product_tag","embeddable":true,"href":"https:\/\/combi-pro.com\/fr\/wp-json\/wp\/v2\/product_tag?post=6418"}],"curies":[{"name":"wp","href":"https:\/\/api.w.org\/{rel}","templated":true}]}}