{"id":6564,"date":"2024-04-30T19:41:14","date_gmt":"2024-04-30T17:41:14","guid":{"rendered":"https:\/\/combi-pro.com\/?post_type=product&#038;p=6564"},"modified":"2026-04-13T20:04:55","modified_gmt":"2026-04-13T18:04:55","slug":"179-jersey-bicolore-av","status":"publish","type":"product","link":"https:\/\/combi-pro.com\/fr\/boutique\/179-jersey-bicolore-av\/","title":{"rendered":"Maillot bicolore haute visibilit\u00e9 avec bandes r\u00e9fl\u00e9chissantes 179 | VELILLA"},"content":{"rendered":"<p data-start=\"1063\" data-end=\"1099\"><strong data-start=\"1070\" data-end=\"1099\">Caract\u00e9ristiques techniques :<\/strong><\/p>\n<ul>\n<li data-start=\"1102\" data-end=\"1145\">Bandes r\u00e9fl\u00e9chissantes sur le torse et les manches<\/li>\n<li data-start=\"1148\" data-end=\"1203\">Renfort en tissu sur les \u00e9paules, de couleur contrast\u00e9e<\/li>\n<li data-start=\"1206\" data-end=\"1271\">Traitement anti-boulochage pour \u00e9viter la formation de boulettes<\/li>\n<li data-start=\"1274\" data-end=\"1312\">Design bicolore moderne et fonctionnel<\/li>\n<\/ul>\n<p data-start=\"1319\" data-end=\"1345\"><strong data-start=\"1327\" data-end=\"1345\">Certification: <\/strong>EN ISO 20471 (Classe 1) : Visibilit\u00e9 pour les environnements \u00e0 faible risque<\/p>\n<p data-start=\"1423\" data-end=\"1446\"><strong data-start=\"1430\" data-end=\"1446\">Composition :<\/strong><\/p>\n<ul>\n<li data-start=\"1449\" data-end=\"1510\">Tissu principal : tricot c\u00f4tel\u00e9. Acrylique 100% \/ jauge 7<\/li>\n<li data-start=\"1513\" data-end=\"1572\">Renfort : Twill. 65% polyester - 35% coton \/ 190 g\/m\u00b2.<\/li>\n<\/ul>\n<p><strong data-start=\"1773\" data-end=\"1782\">Gamme :<\/strong> Standard<\/p>\n<p data-start=\"1579\" data-end=\"1610\"><strong data-start=\"1585\" data-end=\"1610\">Recommandation d'utilisation : <\/strong>Id\u00e9al pour les travailleurs des zones urbaines, des entrep\u00f4ts ou de la maintenance, qui ont besoin d'un v\u00eatement chaud, avec une bonne visibilit\u00e9 et r\u00e9sistant \u00e0 l'usage quotidien.<\/p>","protected":false},"excerpt":{"rendered":"<p class=\"\" data-start=\"190\" data-end=\"316\">Maillot haute visibilit\u00e9 avec bandes r\u00e9fl\u00e9chissantes, renforts aux \u00e9paules et traitement anti-boulochage pour une meilleure durabilit\u00e9.<\/p>\n<p data-start=\"524\" data-end=\"606\"><img decoding=\"async\" class=\"alignnone wp-image-15252\" src=\"https:\/\/combi-pro.com\/wp-content\/uploads\/2024\/05\/en204711-300x291.png\" alt=\"\" width=\"41\" height=\"40\" srcset=\"https:\/\/combi-pro.com\/wp-content\/uploads\/2024\/05\/en204711-300x291.png 300w, https:\/\/combi-pro.com\/wp-content\/uploads\/2024\/05\/en204711-450x436.png 450w, https:\/\/combi-pro.com\/wp-content\/uploads\/2024\/05\/en204711-100x100.png 100w, https:\/\/combi-pro.com\/wp-content\/uploads\/2024\/05\/en204711-64x62.png 64w, https:\/\/combi-pro.com\/wp-content\/uploads\/2024\/05\/en204711-150x150.png 150w, https:\/\/combi-pro.com\/wp-content\/uploads\/2024\/05\/en204711-12x12.png 12w, https:\/\/combi-pro.com\/wp-content\/uploads\/2024\/05\/en204711.png 507w\" sizes=\"(max-width: 41px) 100vw, 41px\" \/> <img decoding=\"async\" class=\"alignnone wp-image-15251\" src=\"https:\/\/combi-pro.com\/wp-content\/uploads\/2024\/05\/REFLATEX-300x88.png\" alt=\"\" width=\"136\" height=\"40\" srcset=\"https:\/\/combi-pro.com\/wp-content\/uploads\/2024\/05\/REFLATEX-300x88.png 300w, https:\/\/combi-pro.com\/wp-content\/uploads\/2024\/05\/REFLATEX-450x133.png 450w, https:\/\/combi-pro.com\/wp-content\/uploads\/2024\/05\/REFLATEX-64x19.png 64w, https:\/\/combi-pro.com\/wp-content\/uploads\/2024\/05\/REFLATEX-18x5.png 18w, https:\/\/combi-pro.com\/wp-content\/uploads\/2024\/05\/REFLATEX.png 475w\" sizes=\"(max-width: 136px) 100vw, 136px\" \/><\/p>\n<p><strong>GUIDE DES TAILLES\u00a0 <\/strong><\/p>\n<p><strong><img decoding=\"async\" class=\"alignnone wp-image-17750\" src=\"https:\/\/combi-pro.com\/wp-content\/uploads\/2024\/04\/64-74-screenshot-1749923906966-300x101.png\" alt=\"\" width=\"357\" height=\"120\" srcset=\"https:\/\/combi-pro.com\/wp-content\/uploads\/2024\/04\/64-74-screenshot-1749923906966-300x101.png 300w, https:\/\/combi-pro.com\/wp-content\/uploads\/2024\/04\/64-74-screenshot-1749923906966-64x21.png 64w, https:\/\/combi-pro.com\/wp-content\/uploads\/2024\/04\/64-74-screenshot-1749923906966-18x6.png 18w, https:\/\/combi-pro.com\/wp-content\/uploads\/2024\/04\/64-74-screenshot-1749923906966.png 399w\" sizes=\"(max-width: 357px) 100vw, 357px\" \/> <img loading=\"lazy\" decoding=\"async\" class=\"alignnone wp-image-17696\" src=\"https:\/\/combi-pro.com\/wp-content\/uploads\/2025\/05\/screenshot-1749214923473-300x106.png\" alt=\"\" width=\"226\" height=\"80\" srcset=\"https:\/\/combi-pro.com\/wp-content\/uploads\/2025\/05\/screenshot-1749214923473-300x106.png 300w, https:\/\/combi-pro.com\/wp-content\/uploads\/2025\/05\/screenshot-1749214923473-64x23.png 64w, https:\/\/combi-pro.com\/wp-content\/uploads\/2025\/05\/screenshot-1749214923473-18x6.png 18w, https:\/\/combi-pro.com\/wp-content\/uploads\/2025\/05\/screenshot-1749214923473.png 396w\" sizes=\"(max-width: 226px) 100vw, 226px\" \/>\u00a0 \u00a0 \u00a0 \u00a0 \u00a0 \u00a0 \u00a0 \u00a0 \u00a0 \u00a0 \u00a0 \u00a0 \u00a0 \u00a0 \u00a0 \u00a0 \u00a0 <\/strong><\/p>","protected":false},"featured_media":15437,"template":"","meta":{"site-sidebar-layout":"default","site-content-layout":"","ast-site-content-layout":"default","site-content-style":"default","site-sidebar-style":"default","ast-global-header-display":"","ast-banner-title-visibility":"","ast-main-header-display":"","ast-hfb-above-header-display":"","ast-hfb-below-header-display":"","ast-hfb-mobile-header-display":"","site-post-title":"","ast-breadcrumbs-content":"","ast-featured-img":"","footer-sml-layout":"","ast-disable-related-posts":"","theme-transparent-header-meta":"default","adv-header-id-meta":"","stick-header-meta":"","header-above-stick-meta":"","header-main-stick-meta":"","header-below-stick-meta":"","astra-migrate-meta-layouts":"set","ast-page-background-enabled":"default","ast-page-background-meta":{"desktop":{"background-color":"","background-image":"","background-repeat":"repeat","background-position":"center center","background-size":"auto","background-attachment":"scroll","background-type":"","background-media":"","overlay-type":"","overlay-color":"","overlay-opacity":"","overlay-gradient":""},"tablet":{"background-color":"","background-image":"","background-repeat":"repeat","background-position":"center center","background-size":"auto","background-attachment":"scroll","background-type":"","background-media":"","overlay-type":"","overlay-color":"","overlay-opacity":"","overlay-gradient":""},"mobile":{"background-color":"","background-image":"","background-repeat":"repeat","background-position":"center center","background-size":"auto","background-attachment":"scroll","background-type":"","background-media":"","overlay-type":"","overlay-color":"","overlay-opacity":"","overlay-gradient":""}},"ast-content-background-meta":{"desktop":{"background-color":"var(--ast-global-color-5)","background-image":"","background-repeat":"repeat","background-position":"center center","background-size":"auto","background-attachment":"scroll","background-type":"","background-media":"","overlay-type":"","overlay-color":"","overlay-opacity":"","overlay-gradient":""},"tablet":{"background-color":"var(--ast-global-color-5)","background-image":"","background-repeat":"repeat","background-position":"center center","background-size":"auto","background-attachment":"scroll","background-type":"","background-media":"","overlay-type":"","overlay-color":"","overlay-opacity":"","overlay-gradient":""},"mobile":{"background-color":"var(--ast-global-color-5)","background-image":"","background-repeat":"repeat","background-position":"center center","background-size":"auto","background-attachment":"scroll","background-type":"","background-media":"","overlay-type":"","overlay-color":"","overlay-opacity":"","overlay-gradient":""}}},"product_brand":[442],"product_cat":[67,103,50],"product_tag":[],"class_list":{"0":"post-6564","1":"product","2":"type-product","3":"status-publish","4":"has-post-thumbnail","6":"product_brand-velilla","7":"product_cat-alta-visibilidad","8":"product_cat-punto-grueso-alta-visibilidad","9":"product_cat-ropa-profesional","10":"desktop-align-center","11":"tablet-align-left","12":"mobile-align-left","14":"first","15":"outofstock","16":"taxable","17":"shipping-taxable","18":"purchasable","19":"product-type-variable"},"_links":{"self":[{"href":"https:\/\/combi-pro.com\/fr\/wp-json\/wp\/v2\/product\/6564","targetHints":{"allow":["GET"]}}],"collection":[{"href":"https:\/\/combi-pro.com\/fr\/wp-json\/wp\/v2\/product"}],"about":[{"href":"https:\/\/combi-pro.com\/fr\/wp-json\/wp\/v2\/types\/product"}],"wp:featuredmedia":[{"embeddable":true,"href":"https:\/\/combi-pro.com\/fr\/wp-json\/wp\/v2\/media\/15437"}],"wp:attachment":[{"href":"https:\/\/combi-pro.com\/fr\/wp-json\/wp\/v2\/media?parent=6564"}],"wp:term":[{"taxonomy":"product_brand","embeddable":true,"href":"https:\/\/combi-pro.com\/fr\/wp-json\/wp\/v2\/product_brand?post=6564"},{"taxonomy":"product_cat","embeddable":true,"href":"https:\/\/combi-pro.com\/fr\/wp-json\/wp\/v2\/product_cat?post=6564"},{"taxonomy":"product_tag","embeddable":true,"href":"https:\/\/combi-pro.com\/fr\/wp-json\/wp\/v2\/product_tag?post=6564"}],"curies":[{"name":"wp","href":"https:\/\/api.w.org\/{rel}","templated":true}]}}