{"id":6655,"date":"2024-05-01T00:46:14","date_gmt":"2024-04-30T22:46:14","guid":{"rendered":"https:\/\/combi-pro.com\/?post_type=product&#038;p=6655"},"modified":"2026-04-13T20:05:14","modified_gmt":"2026-04-13T18:05:14","slug":"306005-soft-shell-av","status":"publish","type":"product","link":"https:\/\/combi-pro.com\/fr\/boutique\/306005-soft-shell-av\/","title":{"rendered":"Veste softshell haute visibilit\u00e9 avec poignets r\u00e9glables 306005 | VELILLA"},"content":{"rendered":"<p class=\"\" data-start=\"309\" data-end=\"340\"><strong data-start=\"309\" data-end=\"340\">Caract\u00e9ristiques principales :<\/strong><\/p>\n<ul>\n<li data-start=\"343\" data-end=\"413\">Tissu soft shell triple couche avec doublure polaire et membrane TPU.<\/li>\n<li data-start=\"416\" data-end=\"473\">Fermeture \u00e0 glissi\u00e8re invers\u00e9e avec rabat de protection interne.<\/li>\n<li data-start=\"476\" data-end=\"552\">Bandes r\u00e9fl\u00e9chissantes sur le torse, les \u00e9paules et les manches pour une visibilit\u00e9 totale.<\/li>\n<li data-start=\"555\" data-end=\"610\">Poignets r\u00e9glables en velcro pour plus de confort.<\/li>\n<li data-start=\"613\" data-end=\"704\">Cinq poches fonctionnelles, trois poches ext\u00e9rieures avec fermetures \u00e9clair invers\u00e9es et deux poches int\u00e9rieures.<\/li>\n<\/ul>\n<p class=\"\" data-start=\"706\" data-end=\"728\"><strong data-start=\"706\" data-end=\"726\">Certifications : <\/strong>EN 20471 (CLASSE 3) - Niveau de visibilit\u00e9 le plus \u00e9lev\u00e9 pour les environnements \u00e0 haut risque.<\/p>\n<p class=\"\" data-start=\"820\" data-end=\"841\"><strong data-start=\"820\" data-end=\"829\">Gamme : <\/strong>V\u00eatements d'ext\u00e9rieur<\/p>\n<p class=\"\" data-start=\"843\" data-end=\"857\"><strong data-start=\"843\" data-end=\"855\">Tissus :<\/strong><\/p>\n<ul>\n<li data-start=\"860\" data-end=\"914\">Mati\u00e8re ext\u00e9rieure : 96% polyester - 4% \u00e9lasthanne \/ 280 g\/m\u00b2.<\/li>\n<li data-start=\"917\" data-end=\"955\">Doublure : 100% polyester \/ 115 g\/m\u00b2.<\/li>\n<li data-start=\"958\" data-end=\"1013\">Membrane interm\u00e9diaire : TPU imperm\u00e9able et respirante<\/li>\n<\/ul>\n<p class=\"\" data-start=\"1015\" data-end=\"1188\"><strong data-start=\"1015\" data-end=\"1035\">Recommandations:<\/strong><br data-start=\"1035\" data-end=\"1038\" \/>Id\u00e9al pour les professionnels des secteurs tels que les infrastructures, les routes et les travaux de nuit en ext\u00e9rieur, o\u00f9 une visibilit\u00e9 maximale est essentielle.<\/p>\n<p data-start=\"1015\" data-end=\"1188\"><img decoding=\"async\" class=\"alignnone wp-image-14962\" src=\"https:\/\/combi-pro.com\/wp-content\/uploads\/2025\/01\/bordado-mukua.jpg\" alt=\"\" width=\"60\" height=\"60\" srcset=\"https:\/\/combi-pro.com\/wp-content\/uploads\/2025\/01\/bordado-mukua.jpg 427w, https:\/\/combi-pro.com\/wp-content\/uploads\/2025\/01\/bordado-mukua-100x100.jpg 100w, https:\/\/combi-pro.com\/wp-content\/uploads\/2025\/01\/bordado-mukua-64x64.jpg 64w, https:\/\/combi-pro.com\/wp-content\/uploads\/2025\/01\/bordado-mukua-300x300.jpg 300w, https:\/\/combi-pro.com\/wp-content\/uploads\/2025\/01\/bordado-mukua-150x150.jpg 150w, https:\/\/combi-pro.com\/wp-content\/uploads\/2025\/01\/bordado-mukua-12x12.jpg 12w\" sizes=\"(max-width: 60px) 100vw, 60px\" \/> <img decoding=\"async\" class=\"alignnone wp-image-14960\" src=\"https:\/\/combi-pro.com\/wp-content\/uploads\/2025\/01\/impresion-mukua-300x300.jpg\" alt=\"\" width=\"60\" height=\"60\" srcset=\"https:\/\/combi-pro.com\/wp-content\/uploads\/2025\/01\/impresion-mukua-300x300.jpg 300w, https:\/\/combi-pro.com\/wp-content\/uploads\/2025\/01\/impresion-mukua-100x100.jpg 100w, https:\/\/combi-pro.com\/wp-content\/uploads\/2025\/01\/impresion-mukua-64x64.jpg 64w, https:\/\/combi-pro.com\/wp-content\/uploads\/2025\/01\/impresion-mukua-150x150.jpg 150w, https:\/\/combi-pro.com\/wp-content\/uploads\/2025\/01\/impresion-mukua-12x12.jpg 12w, https:\/\/combi-pro.com\/wp-content\/uploads\/2025\/01\/impresion-mukua.jpg 427w\" sizes=\"(max-width: 60px) 100vw, 60px\" \/><\/p>","protected":false},"excerpt":{"rendered":"<p class=\"\" data-start=\"194\" data-end=\"364\">Veste Soft Shell avec bandes r\u00e9fl\u00e9chissantes certifi\u00e9es haute visibilit\u00e9 classe 3. V\u00eatement durable, confortable et fonctionnel, id\u00e9al pour les conditions de travail exigeantes.<\/p>\n<p><img decoding=\"async\" class=\"alignnone wp-image-15360\" src=\"https:\/\/combi-pro.com\/wp-content\/uploads\/2024\/05\/en204713-300x286.png\" alt=\"\" width=\"42\" height=\"40\" srcset=\"https:\/\/combi-pro.com\/wp-content\/uploads\/2024\/05\/en204713-300x286.png 300w, https:\/\/combi-pro.com\/wp-content\/uploads\/2024\/05\/en204713-450x429.png 450w, https:\/\/combi-pro.com\/wp-content\/uploads\/2024\/05\/en204713-64x61.png 64w, https:\/\/combi-pro.com\/wp-content\/uploads\/2024\/05\/en204713-13x12.png 13w, https:\/\/combi-pro.com\/wp-content\/uploads\/2024\/05\/en204713.png 515w\" sizes=\"(max-width: 42px) 100vw, 42px\" \/> <img loading=\"lazy\" decoding=\"async\" class=\"alignnone wp-image-15356\" src=\"https:\/\/combi-pro.com\/wp-content\/uploads\/2024\/03\/SOFT-SHELL-TRIPLE-LAYER.png\" alt=\"\" width=\"36\" height=\"40\" srcset=\"https:\/\/combi-pro.com\/wp-content\/uploads\/2024\/03\/SOFT-SHELL-TRIPLE-LAYER.png 228w, https:\/\/combi-pro.com\/wp-content\/uploads\/2024\/03\/SOFT-SHELL-TRIPLE-LAYER-64x71.png 64w, https:\/\/combi-pro.com\/wp-content\/uploads\/2024\/03\/SOFT-SHELL-TRIPLE-LAYER-11x12.png 11w\" sizes=\"(max-width: 36px) 100vw, 36px\" \/> <img loading=\"lazy\" decoding=\"async\" class=\"alignnone wp-image-15224\" src=\"https:\/\/combi-pro.com\/wp-content\/uploads\/2025\/04\/icon-water.png\" alt=\"\" width=\"40\" height=\"40\" srcset=\"https:\/\/combi-pro.com\/wp-content\/uploads\/2025\/04\/icon-water.png 134w, https:\/\/combi-pro.com\/wp-content\/uploads\/2025\/04\/icon-water-100x100.png 100w, https:\/\/combi-pro.com\/wp-content\/uploads\/2025\/04\/icon-water-64x64.png 64w, https:\/\/combi-pro.com\/wp-content\/uploads\/2025\/04\/icon-water-12x12.png 12w\" sizes=\"(max-width: 40px) 100vw, 40px\" \/>\u00a0<img loading=\"lazy\" decoding=\"async\" class=\"alignnone wp-image-15357\" src=\"https:\/\/combi-pro.com\/wp-content\/uploads\/2024\/03\/RESISTENTE-AL-VIENTO.png\" alt=\"\" width=\"40\" height=\"40\" srcset=\"https:\/\/combi-pro.com\/wp-content\/uploads\/2024\/03\/RESISTENTE-AL-VIENTO.png 228w, https:\/\/combi-pro.com\/wp-content\/uploads\/2024\/03\/RESISTENTE-AL-VIENTO-100x100.png 100w, https:\/\/combi-pro.com\/wp-content\/uploads\/2024\/03\/RESISTENTE-AL-VIENTO-64x64.png 64w, https:\/\/combi-pro.com\/wp-content\/uploads\/2024\/03\/RESISTENTE-AL-VIENTO-150x150.png 150w, https:\/\/combi-pro.com\/wp-content\/uploads\/2024\/03\/RESISTENTE-AL-VIENTO-12x12.png 12w\" sizes=\"(max-width: 40px) 100vw, 40px\" \/>\u00a0<img loading=\"lazy\" decoding=\"async\" class=\"alignnone wp-image-15358\" src=\"https:\/\/combi-pro.com\/wp-content\/uploads\/2024\/03\/TRANSPIRABLE.png\" alt=\"\" width=\"40\" height=\"40\" srcset=\"https:\/\/combi-pro.com\/wp-content\/uploads\/2024\/03\/TRANSPIRABLE.png 228w, https:\/\/combi-pro.com\/wp-content\/uploads\/2024\/03\/TRANSPIRABLE-100x100.png 100w, https:\/\/combi-pro.com\/wp-content\/uploads\/2024\/03\/TRANSPIRABLE-64x64.png 64w, https:\/\/combi-pro.com\/wp-content\/uploads\/2024\/03\/TRANSPIRABLE-150x150.png 150w, https:\/\/combi-pro.com\/wp-content\/uploads\/2024\/03\/TRANSPIRABLE-12x12.png 12w\" sizes=\"(max-width: 40px) 100vw, 40px\" \/> <img loading=\"lazy\" decoding=\"async\" class=\"alignnone wp-image-15251\" src=\"https:\/\/combi-pro.com\/wp-content\/uploads\/2024\/05\/REFLATEX-300x88.png\" alt=\"\" width=\"136\" height=\"40\" srcset=\"https:\/\/combi-pro.com\/wp-content\/uploads\/2024\/05\/REFLATEX-300x88.png 300w, https:\/\/combi-pro.com\/wp-content\/uploads\/2024\/05\/REFLATEX-450x133.png 450w, https:\/\/combi-pro.com\/wp-content\/uploads\/2024\/05\/REFLATEX-64x19.png 64w, https:\/\/combi-pro.com\/wp-content\/uploads\/2024\/05\/REFLATEX-18x5.png 18w, https:\/\/combi-pro.com\/wp-content\/uploads\/2024\/05\/REFLATEX.png 475w\" sizes=\"(max-width: 136px) 100vw, 136px\" \/><\/p>\n<p><strong>GUIDE DES TAILLES<\/strong><\/p>\n<p><strong><img loading=\"lazy\" decoding=\"async\" class=\"alignnone wp-image-17749\" src=\"https:\/\/combi-pro.com\/wp-content\/uploads\/2024\/05\/72.9-83.7-screenshot-1749901037533-300x129.png\" alt=\"\" width=\"279\" height=\"120\" srcset=\"https:\/\/combi-pro.com\/wp-content\/uploads\/2024\/05\/72.9-83.7-screenshot-1749901037533-300x129.png 300w, https:\/\/combi-pro.com\/wp-content\/uploads\/2024\/05\/72.9-83.7-screenshot-1749901037533-64x28.png 64w, https:\/\/combi-pro.com\/wp-content\/uploads\/2024\/05\/72.9-83.7-screenshot-1749901037533-18x8.png 18w, https:\/\/combi-pro.com\/wp-content\/uploads\/2024\/05\/72.9-83.7-screenshot-1749901037533.png 400w\" sizes=\"(max-width: 279px) 100vw, 279px\" \/> <img loading=\"lazy\" decoding=\"async\" class=\"alignnone wp-image-17696\" src=\"https:\/\/combi-pro.com\/wp-content\/uploads\/2025\/05\/screenshot-1749214923473-300x106.png\" alt=\"\" width=\"226\" height=\"80\" srcset=\"https:\/\/combi-pro.com\/wp-content\/uploads\/2025\/05\/screenshot-1749214923473-300x106.png 300w, https:\/\/combi-pro.com\/wp-content\/uploads\/2025\/05\/screenshot-1749214923473-64x23.png 64w, https:\/\/combi-pro.com\/wp-content\/uploads\/2025\/05\/screenshot-1749214923473-18x6.png 18w, https:\/\/combi-pro.com\/wp-content\/uploads\/2025\/05\/screenshot-1749214923473.png 396w\" sizes=\"(max-width: 226px) 100vw, 226px\" \/>\u00a0 \u00a0 \u00a0<\/strong><\/p>","protected":false},"featured_media":6672,"template":"","meta":{"site-sidebar-layout":"default","site-content-layout":"","ast-site-content-layout":"default","site-content-style":"default","site-sidebar-style":"default","ast-global-header-display":"","ast-banner-title-visibility":"","ast-main-header-display":"","ast-hfb-above-header-display":"","ast-hfb-below-header-display":"","ast-hfb-mobile-header-display":"","site-post-title":"","ast-breadcrumbs-content":"","ast-featured-img":"","footer-sml-layout":"","ast-disable-related-posts":"","theme-transparent-header-meta":"default","adv-header-id-meta":"","stick-header-meta":"","header-above-stick-meta":"","header-main-stick-meta":"","header-below-stick-meta":"","astra-migrate-meta-layouts":"set","ast-page-background-enabled":"default","ast-page-background-meta":{"desktop":{"background-color":"","background-image":"","background-repeat":"repeat","background-position":"center center","background-size":"auto","background-attachment":"scroll","background-type":"","background-media":"","overlay-type":"","overlay-color":"","overlay-opacity":"","overlay-gradient":""},"tablet":{"background-color":"","background-image":"","background-repeat":"repeat","background-position":"center center","background-size":"auto","background-attachment":"scroll","background-type":"","background-media":"","overlay-type":"","overlay-color":"","overlay-opacity":"","overlay-gradient":""},"mobile":{"background-color":"","background-image":"","background-repeat":"repeat","background-position":"center center","background-size":"auto","background-attachment":"scroll","background-type":"","background-media":"","overlay-type":"","overlay-color":"","overlay-opacity":"","overlay-gradient":""}},"ast-content-background-meta":{"desktop":{"background-color":"var(--ast-global-color-5)","background-image":"","background-repeat":"repeat","background-position":"center center","background-size":"auto","background-attachment":"scroll","background-type":"","background-media":"","overlay-type":"","overlay-color":"","overlay-opacity":"","overlay-gradient":""},"tablet":{"background-color":"var(--ast-global-color-5)","background-image":"","background-repeat":"repeat","background-position":"center center","background-size":"auto","background-attachment":"scroll","background-type":"","background-media":"","overlay-type":"","overlay-color":"","overlay-opacity":"","overlay-gradient":""},"mobile":{"background-color":"var(--ast-global-color-5)","background-image":"","background-repeat":"repeat","background-position":"center center","background-size":"auto","background-attachment":"scroll","background-type":"","background-media":"","overlay-type":"","overlay-color":"","overlay-opacity":"","overlay-gradient":""}}},"product_brand":[442],"product_cat":[67,96,50,104],"product_tag":[],"class_list":{"0":"post-6655","1":"product","2":"type-product","3":"status-publish","4":"has-post-thumbnail","6":"product_brand-velilla","7":"product_cat-alta-visibilidad","8":"product_cat-cazadoras-alta-visibilidad","9":"product_cat-ropa-profesional","10":"product_cat-soft-shell-alta-visibilidad","11":"desktop-align-center","12":"tablet-align-left","13":"mobile-align-left","15":"first","16":"outofstock","17":"featured","18":"taxable","19":"shipping-taxable","20":"purchasable","21":"product-type-variable","22":"has-default-attributes"},"_links":{"self":[{"href":"https:\/\/combi-pro.com\/fr\/wp-json\/wp\/v2\/product\/6655","targetHints":{"allow":["GET"]}}],"collection":[{"href":"https:\/\/combi-pro.com\/fr\/wp-json\/wp\/v2\/product"}],"about":[{"href":"https:\/\/combi-pro.com\/fr\/wp-json\/wp\/v2\/types\/product"}],"wp:featuredmedia":[{"embeddable":true,"href":"https:\/\/combi-pro.com\/fr\/wp-json\/wp\/v2\/media\/6672"}],"wp:attachment":[{"href":"https:\/\/combi-pro.com\/fr\/wp-json\/wp\/v2\/media?parent=6655"}],"wp:term":[{"taxonomy":"product_brand","embeddable":true,"href":"https:\/\/combi-pro.com\/fr\/wp-json\/wp\/v2\/product_brand?post=6655"},{"taxonomy":"product_cat","embeddable":true,"href":"https:\/\/combi-pro.com\/fr\/wp-json\/wp\/v2\/product_cat?post=6655"},{"taxonomy":"product_tag","embeddable":true,"href":"https:\/\/combi-pro.com\/fr\/wp-json\/wp\/v2\/product_tag?post=6655"}],"curies":[{"name":"wp","href":"https:\/\/api.w.org\/{rel}","templated":true}]}}