{"id":6763,"date":"2024-05-01T18:44:54","date_gmt":"2024-05-01T16:44:54","guid":{"rendered":"https:\/\/combi-pro.com\/?post_type=product&#038;p=6763"},"modified":"2026-05-13T16:37:49","modified_gmt":"2026-05-13T14:37:49","slug":"166-parka-bicolore-av","status":"publish","type":"product","link":"https:\/\/combi-pro.com\/fr\/boutique\/166-parka-bicolore-av\/","title":{"rendered":"Parka bicolore haute visibilit\u00e9 avec capuche r\u00e9glable 166 | VELILLA"},"content":{"rendered":"<div class=\"data item\" role=\"tablist\">\n<div id=\"tab-label-description\" class=\"data item title active\" tabindex=\"0\" role=\"tab\" data-role=\"collapsible\" data-collapsible=\"true\" aria-controls=\"description\" aria-selected=\"false\" aria-expanded=\"true\">\n<p data-start=\"476\" data-end=\"513\"><strong data-start=\"482\" data-end=\"513\">Caract\u00e9ristiques principales :<\/strong><\/p>\n<ul>\n<li data-start=\"517\" data-end=\"648\">Fermeture centrale \u00e0 glissi\u00e8re, dissimul\u00e9e par une patte \u00e0 boutons-pression pour une protection accrue contre le froid et la pluie.<\/li>\n<li data-start=\"651\" data-end=\"749\">Bandes r\u00e9fl\u00e9chissantes sur le torse et les manches pour une haute visibilit\u00e9 sous plusieurs angles.<\/li>\n<li data-start=\"752\" data-end=\"854\">Capuche dissimul\u00e9e dans le col, r\u00e9glable avec stoppeur, id\u00e9ale pour les conditions m\u00e9t\u00e9orologiques variables.<\/li>\n<li data-start=\"857\" data-end=\"947\">Oeillet m\u00e9tallique au niveau des aisselles, qui favorise la respirabilit\u00e9 et \u00e9vite l'accumulation de sueur.<\/li>\n<li data-start=\"950\" data-end=\"1012\">Les poignets c\u00f4tel\u00e9s gardent la chaleur et am\u00e9liorent l'ajustement.<\/li>\n<li data-start=\"1015\" data-end=\"1076\">Le bas r\u00e9glable avec bouchon permet de bloquer le vent.<\/li>\n<li data-start=\"1079\" data-end=\"1109\">4 poches fonctionnelles :<\/li>\n<li data-start=\"1114\" data-end=\"1179\">2 poches basses passepoil\u00e9es avec rabat et boutons-pression<\/li>\n<li data-start=\"1184\" data-end=\"1228\">1 poche poitrine avec rabat et fermeture velcro<\/li>\n<li data-start=\"1233\" data-end=\"1283\">1 poche int\u00e9rieure plaqu\u00e9e avec fermeture velcro<\/li>\n<\/ul>\n<p data-start=\"1290\" data-end=\"1318\"><strong data-start=\"1298\" data-end=\"1316\">Certification: <\/strong>EN 20471 (CLASSE 2) - Convient aux travailleurs dans des conditions de visibilit\u00e9 moyenne, telles que les zones urbaines ou p\u00e9riurbaines.<\/p>\n<p data-start=\"1448\" data-end=\"1467\"><strong data-start=\"1456\" data-end=\"1465\">Gamme : <\/strong>V\u00eatements d'ext\u00e9rieur<\/p>\n<p data-start=\"1484\" data-end=\"1505\"><strong data-start=\"1491\" data-end=\"1503\">Tissus :<\/strong><\/p>\n<ul>\n<li data-start=\"1508\" data-end=\"1573\">Mati\u00e8re ext\u00e9rieure : polyester 100% avec enduction PU \/ 180 g\/m\u00b2.<\/li>\n<li data-start=\"1576\" data-end=\"1613\">Doublure : 100% polyester \/ 60 g\/m\u00b2.<\/li>\n<li data-start=\"1616\" data-end=\"1664\">Ouate : 100% polyester \/ 160 g\/m\u00b2.<\/li>\n<\/ul>\n<p data-start=\"1671\" data-end=\"1697\"><strong data-start=\"1677\" data-end=\"1695\">Recommandation : <\/strong>Id\u00e9al pour les professionnels des travaux publics, de l'entretien, du transport ou de la logistique, qui ont besoin d'une meilleure visibilit\u00e9 et d'un abri pendant l'hiver ou dans des conditions m\u00e9t\u00e9orologiques ext\u00e9rieures d\u00e9favorables.<\/p>\n<p data-start=\"1671\" data-end=\"1697\"><img decoding=\"async\" class=\"alignnone wp-image-14962\" src=\"https:\/\/combi-pro.com\/wp-content\/uploads\/2025\/01\/bordado-mukua.jpg\" alt=\"\" width=\"60\" height=\"60\" srcset=\"https:\/\/combi-pro.com\/wp-content\/uploads\/2025\/01\/bordado-mukua.jpg 427w, https:\/\/combi-pro.com\/wp-content\/uploads\/2025\/01\/bordado-mukua-100x100.jpg 100w, https:\/\/combi-pro.com\/wp-content\/uploads\/2025\/01\/bordado-mukua-64x64.jpg 64w, https:\/\/combi-pro.com\/wp-content\/uploads\/2025\/01\/bordado-mukua-300x300.jpg 300w, https:\/\/combi-pro.com\/wp-content\/uploads\/2025\/01\/bordado-mukua-150x150.jpg 150w, https:\/\/combi-pro.com\/wp-content\/uploads\/2025\/01\/bordado-mukua-12x12.jpg 12w\" sizes=\"(max-width: 60px) 100vw, 60px\" \/> <img decoding=\"async\" class=\"alignnone wp-image-14960\" src=\"https:\/\/combi-pro.com\/wp-content\/uploads\/2025\/01\/impresion-mukua-300x300.jpg\" alt=\"\" width=\"60\" height=\"60\" srcset=\"https:\/\/combi-pro.com\/wp-content\/uploads\/2025\/01\/impresion-mukua-300x300.jpg 300w, https:\/\/combi-pro.com\/wp-content\/uploads\/2025\/01\/impresion-mukua-100x100.jpg 100w, https:\/\/combi-pro.com\/wp-content\/uploads\/2025\/01\/impresion-mukua-64x64.jpg 64w, https:\/\/combi-pro.com\/wp-content\/uploads\/2025\/01\/impresion-mukua-150x150.jpg 150w, https:\/\/combi-pro.com\/wp-content\/uploads\/2025\/01\/impresion-mukua-12x12.jpg 12w, https:\/\/combi-pro.com\/wp-content\/uploads\/2025\/01\/impresion-mukua.jpg 427w\" sizes=\"(max-width: 60px) 100vw, 60px\" \/><\/p>\n<\/div>\n<\/div>","protected":false},"excerpt":{"rendered":"<p class=\"\" data-start=\"209\" data-end=\"382\">Parka bicolore \u00e0 haute visibilit\u00e9, imperm\u00e9able et isolante, id\u00e9ale pour les conditions de travail en ext\u00e9rieur. Avec bandes r\u00e9fl\u00e9chissantes, capuche r\u00e9glable et multiples poches.<\/p>\n<p data-start=\"0\" data-end=\"469\"><img decoding=\"async\" class=\"alignnone wp-image-15250\" src=\"https:\/\/combi-pro.com\/wp-content\/uploads\/2024\/05\/en204712-300x285.png\" alt=\"\" width=\"42\" height=\"40\" srcset=\"https:\/\/combi-pro.com\/wp-content\/uploads\/2024\/05\/en204712-300x285.png 300w, https:\/\/combi-pro.com\/wp-content\/uploads\/2024\/05\/en204712-450x428.png 450w, https:\/\/combi-pro.com\/wp-content\/uploads\/2024\/05\/en204712-64x61.png 64w, https:\/\/combi-pro.com\/wp-content\/uploads\/2024\/05\/en204712-13x12.png 13w, https:\/\/combi-pro.com\/wp-content\/uploads\/2024\/05\/en204712.png 516w\" sizes=\"(max-width: 42px) 100vw, 42px\" \/> <img loading=\"lazy\" decoding=\"async\" class=\"alignnone wp-image-15224\" src=\"https:\/\/combi-pro.com\/wp-content\/uploads\/2025\/04\/icon-water.png\" alt=\"\" width=\"40\" height=\"40\" srcset=\"https:\/\/combi-pro.com\/wp-content\/uploads\/2025\/04\/icon-water.png 134w, https:\/\/combi-pro.com\/wp-content\/uploads\/2025\/04\/icon-water-100x100.png 100w, https:\/\/combi-pro.com\/wp-content\/uploads\/2025\/04\/icon-water-64x64.png 64w, https:\/\/combi-pro.com\/wp-content\/uploads\/2025\/04\/icon-water-12x12.png 12w\" sizes=\"(max-width: 40px) 100vw, 40px\" \/> <img loading=\"lazy\" decoding=\"async\" class=\"alignnone wp-image-15227\" src=\"https:\/\/combi-pro.com\/wp-content\/uploads\/2025\/04\/icon-3layer.png\" alt=\"\" width=\"40\" height=\"40\" srcset=\"https:\/\/combi-pro.com\/wp-content\/uploads\/2025\/04\/icon-3layer.png 134w, https:\/\/combi-pro.com\/wp-content\/uploads\/2025\/04\/icon-3layer-100x100.png 100w, https:\/\/combi-pro.com\/wp-content\/uploads\/2025\/04\/icon-3layer-64x64.png 64w, https:\/\/combi-pro.com\/wp-content\/uploads\/2025\/04\/icon-3layer-12x12.png 12w\" sizes=\"(max-width: 40px) 100vw, 40px\" \/> <img loading=\"lazy\" decoding=\"async\" class=\"alignnone wp-image-15251\" src=\"https:\/\/combi-pro.com\/wp-content\/uploads\/2024\/05\/REFLATEX-300x88.png\" alt=\"\" width=\"136\" height=\"40\" srcset=\"https:\/\/combi-pro.com\/wp-content\/uploads\/2024\/05\/REFLATEX-300x88.png 300w, https:\/\/combi-pro.com\/wp-content\/uploads\/2024\/05\/REFLATEX-450x133.png 450w, https:\/\/combi-pro.com\/wp-content\/uploads\/2024\/05\/REFLATEX-64x19.png 64w, https:\/\/combi-pro.com\/wp-content\/uploads\/2024\/05\/REFLATEX-18x5.png 18w, https:\/\/combi-pro.com\/wp-content\/uploads\/2024\/05\/REFLATEX.png 475w\" sizes=\"(max-width: 136px) 100vw, 136px\" \/><\/p>\n<p><strong>GUIDE DES TAILLES<\/strong><\/p>\n<p><img loading=\"lazy\" decoding=\"async\" class=\"alignnone wp-image-17751\" src=\"https:\/\/combi-pro.com\/wp-content\/uploads\/2024\/05\/84.6-89.6-screenshot-1749924214458-300x103.png\" alt=\"\" width=\"350\" height=\"120\" srcset=\"https:\/\/combi-pro.com\/wp-content\/uploads\/2024\/05\/84.6-89.6-screenshot-1749924214458-300x103.png 300w, https:\/\/combi-pro.com\/wp-content\/uploads\/2024\/05\/84.6-89.6-screenshot-1749924214458-64x22.png 64w, https:\/\/combi-pro.com\/wp-content\/uploads\/2024\/05\/84.6-89.6-screenshot-1749924214458-18x6.png 18w, https:\/\/combi-pro.com\/wp-content\/uploads\/2024\/05\/84.6-89.6-screenshot-1749924214458.png 400w\" sizes=\"(max-width: 350px) 100vw, 350px\" \/> <img loading=\"lazy\" decoding=\"async\" class=\"alignnone wp-image-17696\" src=\"https:\/\/combi-pro.com\/wp-content\/uploads\/2025\/05\/screenshot-1749214923473-300x106.png\" alt=\"\" width=\"226\" height=\"80\" srcset=\"https:\/\/combi-pro.com\/wp-content\/uploads\/2025\/05\/screenshot-1749214923473-300x106.png 300w, https:\/\/combi-pro.com\/wp-content\/uploads\/2025\/05\/screenshot-1749214923473-64x23.png 64w, https:\/\/combi-pro.com\/wp-content\/uploads\/2025\/05\/screenshot-1749214923473-18x6.png 18w, https:\/\/combi-pro.com\/wp-content\/uploads\/2025\/05\/screenshot-1749214923473.png 396w\" sizes=\"(max-width: 226px) 100vw, 226px\" \/><\/p>","protected":false},"featured_media":6776,"template":"","meta":{"site-sidebar-layout":"default","site-content-layout":"","ast-site-content-layout":"default","site-content-style":"default","site-sidebar-style":"default","ast-global-header-display":"","ast-banner-title-visibility":"","ast-main-header-display":"","ast-hfb-above-header-display":"","ast-hfb-below-header-display":"","ast-hfb-mobile-header-display":"","site-post-title":"","ast-breadcrumbs-content":"","ast-featured-img":"","footer-sml-layout":"","ast-disable-related-posts":"","theme-transparent-header-meta":"default","adv-header-id-meta":"","stick-header-meta":"","header-above-stick-meta":"","header-main-stick-meta":"","header-below-stick-meta":"","astra-migrate-meta-layouts":"set","ast-page-background-enabled":"default","ast-page-background-meta":{"desktop":{"background-color":"","background-image":"","background-repeat":"repeat","background-position":"center center","background-size":"auto","background-attachment":"scroll","background-type":"","background-media":"","overlay-type":"","overlay-color":"","overlay-opacity":"","overlay-gradient":""},"tablet":{"background-color":"","background-image":"","background-repeat":"repeat","background-position":"center center","background-size":"auto","background-attachment":"scroll","background-type":"","background-media":"","overlay-type":"","overlay-color":"","overlay-opacity":"","overlay-gradient":""},"mobile":{"background-color":"","background-image":"","background-repeat":"repeat","background-position":"center center","background-size":"auto","background-attachment":"scroll","background-type":"","background-media":"","overlay-type":"","overlay-color":"","overlay-opacity":"","overlay-gradient":""}},"ast-content-background-meta":{"desktop":{"background-color":"var(--ast-global-color-5)","background-image":"","background-repeat":"repeat","background-position":"center center","background-size":"auto","background-attachment":"scroll","background-type":"","background-media":"","overlay-type":"","overlay-color":"","overlay-opacity":"","overlay-gradient":""},"tablet":{"background-color":"var(--ast-global-color-5)","background-image":"","background-repeat":"repeat","background-position":"center center","background-size":"auto","background-attachment":"scroll","background-type":"","background-media":"","overlay-type":"","overlay-color":"","overlay-opacity":"","overlay-gradient":""},"mobile":{"background-color":"var(--ast-global-color-5)","background-image":"","background-repeat":"repeat","background-position":"center center","background-size":"auto","background-attachment":"scroll","background-type":"","background-media":"","overlay-type":"","overlay-color":"","overlay-opacity":"","overlay-gradient":""}}},"product_brand":[442],"product_cat":[67,101,50],"product_tag":[],"class_list":{"0":"post-6763","1":"product","2":"type-product","3":"status-publish","4":"has-post-thumbnail","6":"product_brand-velilla","7":"product_cat-alta-visibilidad","8":"product_cat-parkas-alta-visibilidad","9":"product_cat-ropa-profesional","10":"desktop-align-center","11":"tablet-align-left","12":"mobile-align-left","14":"first","15":"instock","16":"taxable","17":"shipping-taxable","18":"purchasable","19":"product-type-variable","20":"has-default-attributes"},"_links":{"self":[{"href":"https:\/\/combi-pro.com\/fr\/wp-json\/wp\/v2\/product\/6763","targetHints":{"allow":["GET"]}}],"collection":[{"href":"https:\/\/combi-pro.com\/fr\/wp-json\/wp\/v2\/product"}],"about":[{"href":"https:\/\/combi-pro.com\/fr\/wp-json\/wp\/v2\/types\/product"}],"wp:featuredmedia":[{"embeddable":true,"href":"https:\/\/combi-pro.com\/fr\/wp-json\/wp\/v2\/media\/6776"}],"wp:attachment":[{"href":"https:\/\/combi-pro.com\/fr\/wp-json\/wp\/v2\/media?parent=6763"}],"wp:term":[{"taxonomy":"product_brand","embeddable":true,"href":"https:\/\/combi-pro.com\/fr\/wp-json\/wp\/v2\/product_brand?post=6763"},{"taxonomy":"product_cat","embeddable":true,"href":"https:\/\/combi-pro.com\/fr\/wp-json\/wp\/v2\/product_cat?post=6763"},{"taxonomy":"product_tag","embeddable":true,"href":"https:\/\/combi-pro.com\/fr\/wp-json\/wp\/v2\/product_tag?post=6763"}],"curies":[{"name":"wp","href":"https:\/\/api.w.org\/{rel}","templated":true}]}}