{"id":6787,"date":"2024-05-01T18:56:48","date_gmt":"2024-05-01T16:56:48","guid":{"rendered":"https:\/\/combi-pro.com\/?post_type=product&#038;p=6787"},"modified":"2026-04-13T20:05:31","modified_gmt":"2026-04-13T18:05:31","slug":"306007-parka-4in1-av","status":"publish","type":"product","link":"https:\/\/combi-pro.com\/fr\/boutique\/306007-parka-4in1-av\/","title":{"rendered":"Parka haute visibilit\u00e9 4en1 quatre v\u00eatements en un 306007 | VELILLA"},"content":{"rendered":"<div class=\"data item\" role=\"tablist\">\n<div id=\"description\" class=\"data item content\" role=\"tabpanel\" aria-labelledby=\"tab-label-description\" data-role=\"content\" aria-hidden=\"false\">\n<div class=\"product attribute description\">\n<div class=\"value\">\n<p data-start=\"987\" data-end=\"1023\"><strong data-start=\"994\" data-end=\"1023\">Caract\u00e9ristiques techniques :<\/strong><\/p>\n<ul>\n<li><strong data-start=\"1025\" data-end=\"1052\">Parka \/ Imperm\u00e9able :<\/strong><\/li>\n<li data-start=\"1055\" data-end=\"1113\">Fermeture centrale \u00e0 glissi\u00e8re dissimul\u00e9e avec rabat en velcro<\/li>\n<li data-start=\"1116\" data-end=\"1168\">Bandes r\u00e9fl\u00e9chissantes sur le torse, les \u00e9paules et les manches<\/li>\n<li data-start=\"1171\" data-end=\"1242\">Capuche dissimul\u00e9e dans le col pour une meilleure protection contre les intemp\u00e9ries<\/li>\n<li data-start=\"1245\" data-end=\"1296\">Les poignets c\u00f4tel\u00e9s assurent un bon ajustement<\/li>\n<li data-start=\"1299\" data-end=\"1355\">2 poches basses avec rabat et fermeture velcro<\/li>\n<li><strong data-start=\"1357\" data-end=\"1383\">Veste \/ Gilet :<\/strong><\/li>\n<li data-start=\"1386\" data-end=\"1417\">Fermeture centrale \u00e0 glissi\u00e8re<\/li>\n<li data-start=\"1420\" data-end=\"1464\">Bandes r\u00e9fl\u00e9chissantes sur le torse et les \u00e9paules<\/li>\n<li data-start=\"1467\" data-end=\"1509\">Poignets c\u00f4tel\u00e9s pour plus de confort<\/li>\n<li data-start=\"1512\" data-end=\"1575\">Manches d\u00e9tachables pour transformation en gilet<\/li>\n<li data-start=\"1578\" data-end=\"1684\">3 poches : 2 poches basses plaqu\u00e9es avec rabat et velcro + 1 poche int\u00e9rieure zipp\u00e9e<\/li>\n<\/ul>\n<p><strong data-start=\"1699\" data-end=\"1719\">Certifications :<\/strong><\/p>\n<ul>\n<li data-start=\"1722\" data-end=\"1798\">EN ISO 20471 (Classe 3) : Haute visibilit\u00e9 dans des conditions de risque \u00e9lev\u00e9<\/li>\n<li data-start=\"1801\" data-end=\"1850\">EN 343 (3\/1\/X) : Protection contre la pluie<\/li>\n<li data-start=\"1853\" data-end=\"1921\">EN 14058 (3\/2\/X\/X\/X\/X) : Protection thermique contre le froid mod\u00e9r\u00e9<\/li>\n<\/ul>\n<p><strong data-start=\"1935\" data-end=\"1951\">Composition :<\/strong><\/p>\n<ul>\n<li>Tissu ext\u00e9rieur : polyester 100% avec enduction PU - 180 g\/m\u00b2.<\/li>\n<li>Doublure int\u00e9rieure : 100% polyester - 60 g\/m\u00b2.<\/li>\n<li>Garniture thermique (ouate) : polyester 100% - 160 g\/m\u00b2.<\/li>\n<\/ul>\n<p><strong data-start=\"2510\" data-end=\"2519\">Gamme :<\/strong> V\u00eatements d'ext\u00e9rieur<\/p>\n<p><strong data-start=\"2145\" data-end=\"2170\">Recommandation d'utilisation : <\/strong>Cette parka est id\u00e9ale pour les professionnels qui travaillent dans des conditions climatiques extr\u00eames et qui ont besoin d'un v\u00eatement polyvalent, s\u00fbr et confortable. Elle est id\u00e9ale pour les travaux routiers, les travaux publics, l'entretien, la logistique ou la s\u00e9curit\u00e9. La conception amovible en fait un choix id\u00e9al pour les environnements \u00e0 risque variable.<\/p>\n<p><img decoding=\"async\" class=\"alignnone wp-image-14962\" src=\"https:\/\/combi-pro.com\/wp-content\/uploads\/2025\/01\/bordado-mukua.jpg\" alt=\"\" width=\"60\" height=\"60\" srcset=\"https:\/\/combi-pro.com\/wp-content\/uploads\/2025\/01\/bordado-mukua.jpg 427w, https:\/\/combi-pro.com\/wp-content\/uploads\/2025\/01\/bordado-mukua-100x100.jpg 100w, https:\/\/combi-pro.com\/wp-content\/uploads\/2025\/01\/bordado-mukua-64x64.jpg 64w, https:\/\/combi-pro.com\/wp-content\/uploads\/2025\/01\/bordado-mukua-300x300.jpg 300w, https:\/\/combi-pro.com\/wp-content\/uploads\/2025\/01\/bordado-mukua-150x150.jpg 150w, https:\/\/combi-pro.com\/wp-content\/uploads\/2025\/01\/bordado-mukua-12x12.jpg 12w\" sizes=\"(max-width: 60px) 100vw, 60px\" \/> <img decoding=\"async\" class=\"alignnone wp-image-14960\" src=\"https:\/\/combi-pro.com\/wp-content\/uploads\/2025\/01\/impresion-mukua-300x300.jpg\" alt=\"\" width=\"60\" height=\"60\" srcset=\"https:\/\/combi-pro.com\/wp-content\/uploads\/2025\/01\/impresion-mukua-300x300.jpg 300w, https:\/\/combi-pro.com\/wp-content\/uploads\/2025\/01\/impresion-mukua-100x100.jpg 100w, https:\/\/combi-pro.com\/wp-content\/uploads\/2025\/01\/impresion-mukua-64x64.jpg 64w, https:\/\/combi-pro.com\/wp-content\/uploads\/2025\/01\/impresion-mukua-150x150.jpg 150w, https:\/\/combi-pro.com\/wp-content\/uploads\/2025\/01\/impresion-mukua-12x12.jpg 12w, https:\/\/combi-pro.com\/wp-content\/uploads\/2025\/01\/impresion-mukua.jpg 427w\" sizes=\"(max-width: 60px) 100vw, 60px\" \/><\/p>\n<p>&nbsp;<\/p>\n<\/div>\n<\/div>\n<\/div>\n<\/div>\n<div class=\"data item\" role=\"tablist\">\n<div id=\"composition_with_grammage\" class=\"data item content\" role=\"tabpanel\" aria-labelledby=\"tab-label-composition_with_grammage\" data-role=\"content\" aria-hidden=\"false\">\n<div class=\"product attribute composition_with_grammage\">\n<div class=\"value\"><\/div>\n<\/div>\n<\/div>\n<\/div>","protected":false},"excerpt":{"rendered":"<p class=\"\" data-start=\"239\" data-end=\"405\">Solution tous temps : une parka 4 en 1 multifonctionnelle qui se transforme en veste de pluie, en coupe-vent ou en gilet. Haute visibilit\u00e9 certifi\u00e9e classe 3.<\/p>\n<p><img decoding=\"async\" class=\"alignnone wp-image-15360\" src=\"https:\/\/combi-pro.com\/wp-content\/uploads\/2024\/05\/en204713-300x286.png\" alt=\"\" width=\"42\" height=\"40\" srcset=\"https:\/\/combi-pro.com\/wp-content\/uploads\/2024\/05\/en204713-300x286.png 300w, https:\/\/combi-pro.com\/wp-content\/uploads\/2024\/05\/en204713-450x429.png 450w, https:\/\/combi-pro.com\/wp-content\/uploads\/2024\/05\/en204713-64x61.png 64w, https:\/\/combi-pro.com\/wp-content\/uploads\/2024\/05\/en204713-13x12.png 13w, https:\/\/combi-pro.com\/wp-content\/uploads\/2024\/05\/en204713.png 515w\" sizes=\"(max-width: 42px) 100vw, 42px\" \/> <img loading=\"lazy\" decoding=\"async\" class=\"alignnone wp-image-15375\" src=\"https:\/\/combi-pro.com\/wp-content\/uploads\/2024\/07\/RAINPROOF.png\" alt=\"\" width=\"203\" height=\"40\" srcset=\"https:\/\/combi-pro.com\/wp-content\/uploads\/2024\/07\/RAINPROOF.png 228w, https:\/\/combi-pro.com\/wp-content\/uploads\/2024\/07\/RAINPROOF-64x13.png 64w, https:\/\/combi-pro.com\/wp-content\/uploads\/2024\/07\/RAINPROOF-18x4.png 18w\" sizes=\"(max-width: 203px) 100vw, 203px\" \/> <img loading=\"lazy\" decoding=\"async\" class=\"alignnone wp-image-15355\" src=\"https:\/\/combi-pro.com\/wp-content\/uploads\/2024\/04\/DESMONTABLE.png\" alt=\"\" width=\"40\" height=\"40\" srcset=\"https:\/\/combi-pro.com\/wp-content\/uploads\/2024\/04\/DESMONTABLE.png 228w, https:\/\/combi-pro.com\/wp-content\/uploads\/2024\/04\/DESMONTABLE-100x100.png 100w, https:\/\/combi-pro.com\/wp-content\/uploads\/2024\/04\/DESMONTABLE-64x64.png 64w, https:\/\/combi-pro.com\/wp-content\/uploads\/2024\/04\/DESMONTABLE-150x150.png 150w, https:\/\/combi-pro.com\/wp-content\/uploads\/2024\/04\/DESMONTABLE-12x12.png 12w\" sizes=\"(max-width: 40px) 100vw, 40px\" \/> <img loading=\"lazy\" decoding=\"async\" class=\"alignnone wp-image-15251\" src=\"https:\/\/combi-pro.com\/wp-content\/uploads\/2024\/05\/REFLATEX-300x88.png\" alt=\"\" width=\"136\" height=\"40\" srcset=\"https:\/\/combi-pro.com\/wp-content\/uploads\/2024\/05\/REFLATEX-300x88.png 300w, https:\/\/combi-pro.com\/wp-content\/uploads\/2024\/05\/REFLATEX-450x133.png 450w, https:\/\/combi-pro.com\/wp-content\/uploads\/2024\/05\/REFLATEX-64x19.png 64w, https:\/\/combi-pro.com\/wp-content\/uploads\/2024\/05\/REFLATEX-18x5.png 18w, https:\/\/combi-pro.com\/wp-content\/uploads\/2024\/05\/REFLATEX.png 475w\" sizes=\"(max-width: 136px) 100vw, 136px\" \/>\u00a0 \u00a0<span style=\"font-size: 16px;\">\u00a0 \u00a0 \u00a0<\/span><span style=\"font-size: 16px;\">\u00a0 \u00a0\u00a0<\/span><span style=\"font-size: 16px;\">\u00a0 \u00a0\u00a0<\/span><\/p>\n<p><strong>GUIDE DES TAILLES<\/strong><\/p>\n<p><img loading=\"lazy\" decoding=\"async\" class=\"alignnone wp-image-17754\" src=\"https:\/\/combi-pro.com\/wp-content\/uploads\/2024\/05\/67.1-80.4-screenshot-1749926423775-300x129.png\" alt=\"\" width=\"279\" height=\"120\" srcset=\"https:\/\/combi-pro.com\/wp-content\/uploads\/2024\/05\/67.1-80.4-screenshot-1749926423775-300x129.png 300w, https:\/\/combi-pro.com\/wp-content\/uploads\/2024\/05\/67.1-80.4-screenshot-1749926423775-64x28.png 64w, https:\/\/combi-pro.com\/wp-content\/uploads\/2024\/05\/67.1-80.4-screenshot-1749926423775-18x8.png 18w, https:\/\/combi-pro.com\/wp-content\/uploads\/2024\/05\/67.1-80.4-screenshot-1749926423775.png 400w\" sizes=\"(max-width: 279px) 100vw, 279px\" \/> <img loading=\"lazy\" decoding=\"async\" class=\"alignnone wp-image-17696\" src=\"https:\/\/combi-pro.com\/wp-content\/uploads\/2025\/05\/screenshot-1749214923473-300x106.png\" alt=\"\" width=\"226\" height=\"80\" srcset=\"https:\/\/combi-pro.com\/wp-content\/uploads\/2025\/05\/screenshot-1749214923473-300x106.png 300w, https:\/\/combi-pro.com\/wp-content\/uploads\/2025\/05\/screenshot-1749214923473-64x23.png 64w, https:\/\/combi-pro.com\/wp-content\/uploads\/2025\/05\/screenshot-1749214923473-18x6.png 18w, https:\/\/combi-pro.com\/wp-content\/uploads\/2025\/05\/screenshot-1749214923473.png 396w\" sizes=\"(max-width: 226px) 100vw, 226px\" \/><\/p>\n<p>&nbsp;<\/p>","protected":false},"featured_media":6804,"template":"","meta":{"site-sidebar-layout":"default","site-content-layout":"","ast-site-content-layout":"default","site-content-style":"default","site-sidebar-style":"default","ast-global-header-display":"","ast-banner-title-visibility":"","ast-main-header-display":"","ast-hfb-above-header-display":"","ast-hfb-below-header-display":"","ast-hfb-mobile-header-display":"","site-post-title":"","ast-breadcrumbs-content":"","ast-featured-img":"","footer-sml-layout":"","ast-disable-related-posts":"","theme-transparent-header-meta":"default","adv-header-id-meta":"","stick-header-meta":"","header-above-stick-meta":"","header-main-stick-meta":"","header-below-stick-meta":"","astra-migrate-meta-layouts":"set","ast-page-background-enabled":"default","ast-page-background-meta":{"desktop":{"background-color":"","background-image":"","background-repeat":"repeat","background-position":"center center","background-size":"auto","background-attachment":"scroll","background-type":"","background-media":"","overlay-type":"","overlay-color":"","overlay-opacity":"","overlay-gradient":""},"tablet":{"background-color":"","background-image":"","background-repeat":"repeat","background-position":"center center","background-size":"auto","background-attachment":"scroll","background-type":"","background-media":"","overlay-type":"","overlay-color":"","overlay-opacity":"","overlay-gradient":""},"mobile":{"background-color":"","background-image":"","background-repeat":"repeat","background-position":"center center","background-size":"auto","background-attachment":"scroll","background-type":"","background-media":"","overlay-type":"","overlay-color":"","overlay-opacity":"","overlay-gradient":""}},"ast-content-background-meta":{"desktop":{"background-color":"var(--ast-global-color-5)","background-image":"","background-repeat":"repeat","background-position":"center center","background-size":"auto","background-attachment":"scroll","background-type":"","background-media":"","overlay-type":"","overlay-color":"","overlay-opacity":"","overlay-gradient":""},"tablet":{"background-color":"var(--ast-global-color-5)","background-image":"","background-repeat":"repeat","background-position":"center center","background-size":"auto","background-attachment":"scroll","background-type":"","background-media":"","overlay-type":"","overlay-color":"","overlay-opacity":"","overlay-gradient":""},"mobile":{"background-color":"var(--ast-global-color-5)","background-image":"","background-repeat":"repeat","background-position":"center center","background-size":"auto","background-attachment":"scroll","background-type":"","background-media":"","overlay-type":"","overlay-color":"","overlay-opacity":"","overlay-gradient":""}}},"product_brand":[442],"product_cat":[67,101,50],"product_tag":[],"class_list":{"0":"post-6787","1":"product","2":"type-product","3":"status-publish","4":"has-post-thumbnail","6":"product_brand-velilla","7":"product_cat-alta-visibilidad","8":"product_cat-parkas-alta-visibilidad","9":"product_cat-ropa-profesional","10":"desktop-align-center","11":"tablet-align-left","12":"mobile-align-left","14":"first","15":"instock","16":"taxable","17":"shipping-taxable","18":"purchasable","19":"product-type-variable","20":"has-default-attributes"},"_links":{"self":[{"href":"https:\/\/combi-pro.com\/fr\/wp-json\/wp\/v2\/product\/6787","targetHints":{"allow":["GET"]}}],"collection":[{"href":"https:\/\/combi-pro.com\/fr\/wp-json\/wp\/v2\/product"}],"about":[{"href":"https:\/\/combi-pro.com\/fr\/wp-json\/wp\/v2\/types\/product"}],"wp:featuredmedia":[{"embeddable":true,"href":"https:\/\/combi-pro.com\/fr\/wp-json\/wp\/v2\/media\/6804"}],"wp:attachment":[{"href":"https:\/\/combi-pro.com\/fr\/wp-json\/wp\/v2\/media?parent=6787"}],"wp:term":[{"taxonomy":"product_brand","embeddable":true,"href":"https:\/\/combi-pro.com\/fr\/wp-json\/wp\/v2\/product_brand?post=6787"},{"taxonomy":"product_cat","embeddable":true,"href":"https:\/\/combi-pro.com\/fr\/wp-json\/wp\/v2\/product_cat?post=6787"},{"taxonomy":"product_tag","embeddable":true,"href":"https:\/\/combi-pro.com\/fr\/wp-json\/wp\/v2\/product_tag?post=6787"}],"curies":[{"name":"wp","href":"https:\/\/api.w.org\/{rel}","templated":true}]}}