{"id":6852,"date":"2024-05-02T00:59:35","date_gmt":"2024-05-01T22:59:35","guid":{"rendered":"https:\/\/combi-pro.com\/?post_type=product&#038;p=6852"},"modified":"2026-05-13T16:38:16","modified_gmt":"2026-05-13T14:38:16","slug":"522-mc-shirt","status":"publish","type":"product","link":"https:\/\/combi-pro.com\/fr\/boutique\/522-mc-shirt\/","title":{"rendered":"Chemise de travail classique \u00e0 manches courtes 522 | VELILLA"},"content":{"rendered":"<div class=\"data item\" role=\"tablist\">\n<div id=\"tab-label-description\" class=\"data item title active\" tabindex=\"0\" role=\"tab\" data-role=\"collapsible\" data-collapsible=\"true\" aria-controls=\"description\" aria-selected=\"false\" aria-expanded=\"true\">\n<p data-start=\"1001\" data-end=\"1037\"><strong data-start=\"1008\" data-end=\"1037\">Caract\u00e9ristiques techniques :<\/strong><\/p>\n<ul>\n<li data-start=\"1040\" data-end=\"1057\">Manches courtes<\/li>\n<li data-start=\"1060\" data-end=\"1092\">Fermeture centrale par bouton<\/li>\n<li data-start=\"1095\" data-end=\"1131\">2 poches avec rabat et bouton<\/li>\n<li data-start=\"1134\" data-end=\"1156\">Coupe classique et confortable<\/li>\n<\/ul>\n<p><strong data-start=\"1170\" data-end=\"1186\">Composition :<\/strong><\/p>\n<ul>\n<li>Tissu popeline : 65% polyester - 35% coton<\/li>\n<li>Poids : 105 g\/m\u00b2.<\/li>\n<li>Tissu l\u00e9ger, respirant et facile \u00e0 repasser<\/li>\n<\/ul>\n<p data-start=\"930\" data-end=\"942\"><strong data-start=\"930\" data-end=\"942\">Gamme : <\/strong><span style=\"font-size: 16px;\">Les classiques<\/span><\/p>\n<p><strong data-start=\"1327\" data-end=\"1352\">Recommandation d'utilisation :<\/strong><\/p>\n<ul>\n<li>Parfait pour les bureaux, les services, le commerce, la logistique ou le service \u00e0 la client\u00e8le, o\u00f9 une chemise fonctionnelle et facile \u00e0 entretenir est n\u00e9cessaire.<\/li>\n<\/ul>\n<\/div>\n<\/div>","protected":false},"excerpt":{"rendered":"<p data-start=\"281\" data-end=\"463\">Chemise de travail \u00e0 manches courtes avec fermeture \u00e0 boutons et deux poches plaqu\u00e9es avec patte de boutonnage. L\u00e9g\u00e8ret\u00e9, fonctionnalit\u00e9 et style classique. Gamme classique.<\/p>\n<p><strong>GUIDE DES TAILLES\u00a0 \u00a0 \u00a0<\/strong><\/p>\n<p><img decoding=\"async\" class=\"alignnone wp-image-17757\" src=\"https:\/\/combi-pro.com\/wp-content\/uploads\/2024\/04\/75-80-screenshot-1749944255160-300x103.png\" alt=\"\" width=\"321\" height=\"110\" srcset=\"https:\/\/combi-pro.com\/wp-content\/uploads\/2024\/04\/75-80-screenshot-1749944255160-300x103.png 300w, https:\/\/combi-pro.com\/wp-content\/uploads\/2024\/04\/75-80-screenshot-1749944255160-64x22.png 64w, https:\/\/combi-pro.com\/wp-content\/uploads\/2024\/04\/75-80-screenshot-1749944255160-18x6.png 18w, https:\/\/combi-pro.com\/wp-content\/uploads\/2024\/04\/75-80-screenshot-1749944255160.png 400w\" sizes=\"(max-width: 321px) 100vw, 321px\" \/> <img decoding=\"async\" class=\"alignnone wp-image-17696\" src=\"https:\/\/combi-pro.com\/wp-content\/uploads\/2025\/05\/screenshot-1749214923473-300x106.png\" alt=\"\" width=\"269\" height=\"95\" srcset=\"https:\/\/combi-pro.com\/wp-content\/uploads\/2025\/05\/screenshot-1749214923473-300x106.png 300w, https:\/\/combi-pro.com\/wp-content\/uploads\/2025\/05\/screenshot-1749214923473-64x23.png 64w, https:\/\/combi-pro.com\/wp-content\/uploads\/2025\/05\/screenshot-1749214923473-18x6.png 18w, https:\/\/combi-pro.com\/wp-content\/uploads\/2025\/05\/screenshot-1749214923473.png 396w\" sizes=\"(max-width: 269px) 100vw, 269px\" \/><\/p>","protected":false},"featured_media":6877,"template":"","meta":{"site-sidebar-layout":"default","site-content-layout":"","ast-site-content-layout":"default","site-content-style":"default","site-sidebar-style":"default","ast-global-header-display":"","ast-banner-title-visibility":"","ast-main-header-display":"","ast-hfb-above-header-display":"","ast-hfb-below-header-display":"","ast-hfb-mobile-header-display":"","site-post-title":"","ast-breadcrumbs-content":"","ast-featured-img":"","footer-sml-layout":"","ast-disable-related-posts":"","theme-transparent-header-meta":"default","adv-header-id-meta":"","stick-header-meta":"","header-above-stick-meta":"","header-main-stick-meta":"","header-below-stick-meta":"","astra-migrate-meta-layouts":"set","ast-page-background-enabled":"default","ast-page-background-meta":{"desktop":{"background-color":"","background-image":"","background-repeat":"repeat","background-position":"center center","background-size":"auto","background-attachment":"scroll","background-type":"","background-media":"","overlay-type":"","overlay-color":"","overlay-opacity":"","overlay-gradient":""},"tablet":{"background-color":"","background-image":"","background-repeat":"repeat","background-position":"center center","background-size":"auto","background-attachment":"scroll","background-type":"","background-media":"","overlay-type":"","overlay-color":"","overlay-opacity":"","overlay-gradient":""},"mobile":{"background-color":"","background-image":"","background-repeat":"repeat","background-position":"center center","background-size":"auto","background-attachment":"scroll","background-type":"","background-media":"","overlay-type":"","overlay-color":"","overlay-opacity":"","overlay-gradient":""}},"ast-content-background-meta":{"desktop":{"background-color":"var(--ast-global-color-5)","background-image":"","background-repeat":"repeat","background-position":"center center","background-size":"auto","background-attachment":"scroll","background-type":"","background-media":"","overlay-type":"","overlay-color":"","overlay-opacity":"","overlay-gradient":""},"tablet":{"background-color":"var(--ast-global-color-5)","background-image":"","background-repeat":"repeat","background-position":"center center","background-size":"auto","background-attachment":"scroll","background-type":"","background-media":"","overlay-type":"","overlay-color":"","overlay-opacity":"","overlay-gradient":""},"mobile":{"background-color":"var(--ast-global-color-5)","background-image":"","background-repeat":"repeat","background-position":"center center","background-size":"auto","background-attachment":"scroll","background-type":"","background-media":"","overlay-type":"","overlay-color":"","overlay-opacity":"","overlay-gradient":""}}},"product_brand":[442],"product_cat":[78,30,50],"product_tag":[],"class_list":{"0":"post-6852","1":"product","2":"type-product","3":"status-publish","4":"has-post-thumbnail","6":"product_brand-velilla","7":"product_cat-camisas","8":"product_cat-industria-base","9":"product_cat-ropa-profesional","10":"desktop-align-center","11":"tablet-align-left","12":"mobile-align-left","14":"first","15":"instock","16":"taxable","17":"shipping-taxable","18":"purchasable","19":"product-type-variable","20":"has-default-attributes"},"_links":{"self":[{"href":"https:\/\/combi-pro.com\/fr\/wp-json\/wp\/v2\/product\/6852","targetHints":{"allow":["GET"]}}],"collection":[{"href":"https:\/\/combi-pro.com\/fr\/wp-json\/wp\/v2\/product"}],"about":[{"href":"https:\/\/combi-pro.com\/fr\/wp-json\/wp\/v2\/types\/product"}],"wp:featuredmedia":[{"embeddable":true,"href":"https:\/\/combi-pro.com\/fr\/wp-json\/wp\/v2\/media\/6877"}],"wp:attachment":[{"href":"https:\/\/combi-pro.com\/fr\/wp-json\/wp\/v2\/media?parent=6852"}],"wp:term":[{"taxonomy":"product_brand","embeddable":true,"href":"https:\/\/combi-pro.com\/fr\/wp-json\/wp\/v2\/product_brand?post=6852"},{"taxonomy":"product_cat","embeddable":true,"href":"https:\/\/combi-pro.com\/fr\/wp-json\/wp\/v2\/product_cat?post=6852"},{"taxonomy":"product_tag","embeddable":true,"href":"https:\/\/combi-pro.com\/fr\/wp-json\/wp\/v2\/product_tag?post=6852"}],"curies":[{"name":"wp","href":"https:\/\/api.w.org\/{rel}","templated":true}]}}