{"id":7015,"date":"2024-05-02T23:12:51","date_gmt":"2024-05-02T21:12:51","guid":{"rendered":"https:\/\/combi-pro.com\/?post_type=product&#038;p=7015"},"modified":"2026-04-13T20:06:13","modified_gmt":"2026-04-13T18:06:13","slug":"206002-parka","status":"publish","type":"product","link":"https:\/\/combi-pro.com\/fr\/boutique\/206002-parka\/","title":{"rendered":"Parka imperm\u00e9able rembourr\u00e9e multi-poches avec capuche cach\u00e9e 206002 | VELILLA"},"content":{"rendered":"<div class=\"data item\" role=\"tablist\">\n<div id=\"description\" class=\"data item content\" role=\"tabpanel\" aria-labelledby=\"tab-label-description\" data-role=\"content\" aria-hidden=\"false\">\n<div class=\"product attribute description\">\n<div class=\"value\">\n<p data-start=\"740\" data-end=\"772\"><strong data-start=\"740\" data-end=\"772\">Caract\u00e9ristiques techniques :<\/strong><\/p>\n<ul>\n<li data-start=\"776\" data-end=\"849\">Fermeture centrale \u00e0 glissi\u00e8re avec couvercle \u00e0 glissi\u00e8re dissimul\u00e9 et boutons-pression<\/li>\n<li data-start=\"852\" data-end=\"896\">Rabat int\u00e9rieur retrouss\u00e9 en haut<\/li>\n<li data-start=\"899\" data-end=\"941\">Capuche dissimul\u00e9e dans le col<\/li>\n<li data-start=\"944\" data-end=\"1002\">Ourlet r\u00e9glable avec stoppeur et ceinture lat\u00e9rale \u00e9lastiqu\u00e9e<\/li>\n<li data-start=\"1005\" data-end=\"1033\">Poignets int\u00e9rieurs c\u00f4tel\u00e9s<\/li>\n<li data-start=\"1036\" data-end=\"1058\">Pinces sur les bras<\/li>\n<li data-start=\"1061\" data-end=\"1085\">Coutures thermosoud\u00e9es<\/li>\n<li data-start=\"1088\" data-end=\"1104\">9 poches :<\/li>\n<li data-start=\"1109\" data-end=\"1155\">2 poches poitrine avec bouton pression<\/li>\n<li data-start=\"1160\" data-end=\"1244\">2 poches inf\u00e9rieures \u00e0 soufflet avec double soufflet et rabat avec boutons pression<\/li>\n<li data-start=\"1249\" data-end=\"1307\">2 poches lat\u00e9rales sous les poches inf\u00e9rieures<\/li>\n<li data-start=\"1312\" data-end=\"1366\">1 poche sur le bras avec rabat et bouton pression<\/li>\n<li data-start=\"1371\" data-end=\"1441\">2 poches int\u00e9rieures : une avec fermeture \u00e9clair et une avec bouton pression<\/li>\n<\/ul>\n<p data-start=\"1443\" data-end=\"1457\"><strong data-start=\"1443\" data-end=\"1457\">Tissu:<\/strong><\/p>\n<ul>\n<li data-start=\"1461\" data-end=\"1527\">Ext\u00e9rieur : 100 polyester % avec enduction PU - 175 g\/m\u00b2.<\/li>\n<li data-start=\"1530\" data-end=\"1568\">Doublure : 100 % polyester - 60 g\/m\u00b2.<\/li>\n<li data-start=\"1571\" data-end=\"1608\">Ouate : 100 % polyester - 100 g\/m\u00b2.<\/li>\n<\/ul>\n<p data-start=\"1610\" data-end=\"1621\"><strong data-start=\"1610\" data-end=\"1621\">Gamme : <\/strong>V\u00eatements d'ext\u00e9rieur<\/p>\n<p data-start=\"1636\" data-end=\"1663\"><strong data-start=\"1636\" data-end=\"1663\">Recommandation d'utilisation :<\/strong><\/p>\n<ul>\n<li data-start=\"1665\" data-end=\"1833\">Con\u00e7ue pour le froid et les conditions difficiles. Cette parka technique offre une imperm\u00e9abilit\u00e9, une isolation thermique et une fonctionnalit\u00e9 maximale pour le travail ou la vie de tous les jours.<\/li>\n<\/ul>\n<\/div>\n<\/div>\n<\/div>\n<\/div>","protected":false},"excerpt":{"rendered":"<p data-start=\"333\" data-end=\"537\">Parka matelass\u00e9e imperm\u00e9able avec capuche dissimul\u00e9e, fermeture \u00e0 capuche, poignets c\u00f4tel\u00e9s et multiples poches fonctionnelles. Coutures thermosoud\u00e9es. Gamme de v\u00eatements d'ext\u00e9rieur.<\/p>\n<p data-start=\"333\" data-end=\"537\"><img decoding=\"async\" class=\"alignnone wp-image-15218\" src=\"https:\/\/combi-pro.com\/wp-content\/uploads\/2025\/04\/icon-9pockets.png\" alt=\"\" width=\"40\" height=\"40\" srcset=\"https:\/\/combi-pro.com\/wp-content\/uploads\/2025\/04\/icon-9pockets.png 134w, https:\/\/combi-pro.com\/wp-content\/uploads\/2025\/04\/icon-9pockets-100x100.png 100w, https:\/\/combi-pro.com\/wp-content\/uploads\/2025\/04\/icon-9pockets-64x64.png 64w, https:\/\/combi-pro.com\/wp-content\/uploads\/2025\/04\/icon-9pockets-12x12.png 12w\" sizes=\"(max-width: 40px) 100vw, 40px\" \/> <img decoding=\"async\" class=\"alignnone wp-image-15224\" src=\"https:\/\/combi-pro.com\/wp-content\/uploads\/2025\/04\/icon-water.png\" alt=\"\" width=\"40\" height=\"40\" srcset=\"https:\/\/combi-pro.com\/wp-content\/uploads\/2025\/04\/icon-water.png 134w, https:\/\/combi-pro.com\/wp-content\/uploads\/2025\/04\/icon-water-100x100.png 100w, https:\/\/combi-pro.com\/wp-content\/uploads\/2025\/04\/icon-water-64x64.png 64w, https:\/\/combi-pro.com\/wp-content\/uploads\/2025\/04\/icon-water-12x12.png 12w\" sizes=\"(max-width: 40px) 100vw, 40px\" \/> <img decoding=\"async\" class=\"alignnone wp-image-15227\" src=\"https:\/\/combi-pro.com\/wp-content\/uploads\/2025\/04\/icon-3layer.png\" alt=\"\" width=\"40\" height=\"40\" srcset=\"https:\/\/combi-pro.com\/wp-content\/uploads\/2025\/04\/icon-3layer.png 134w, https:\/\/combi-pro.com\/wp-content\/uploads\/2025\/04\/icon-3layer-100x100.png 100w, https:\/\/combi-pro.com\/wp-content\/uploads\/2025\/04\/icon-3layer-64x64.png 64w, https:\/\/combi-pro.com\/wp-content\/uploads\/2025\/04\/icon-3layer-12x12.png 12w\" sizes=\"(max-width: 40px) 100vw, 40px\" \/><\/p>\n<p><strong>GUIDE DES TAILLES<\/strong><\/p>\n<p><img loading=\"lazy\" decoding=\"async\" class=\"alignnone wp-image-17887\" src=\"https:\/\/combi-pro.com\/wp-content\/uploads\/2024\/05\/79.7-86.7-screenshot-1750336357717-300x116.png\" alt=\"\" width=\"310\" height=\"120\" srcset=\"https:\/\/combi-pro.com\/wp-content\/uploads\/2024\/05\/79.7-86.7-screenshot-1750336357717-300x116.png 300w, https:\/\/combi-pro.com\/wp-content\/uploads\/2024\/05\/79.7-86.7-screenshot-1750336357717-18x7.png 18w, https:\/\/combi-pro.com\/wp-content\/uploads\/2024\/05\/79.7-86.7-screenshot-1750336357717-64x25.png 64w, https:\/\/combi-pro.com\/wp-content\/uploads\/2024\/05\/79.7-86.7-screenshot-1750336357717.png 400w\" sizes=\"(max-width: 310px) 100vw, 310px\" \/> <img loading=\"lazy\" decoding=\"async\" class=\"alignnone wp-image-17729\" src=\"https:\/\/combi-pro.com\/wp-content\/uploads\/2024\/05\/screenshot-1749765502228.png\" alt=\"\" width=\"133\" height=\"100\" srcset=\"https:\/\/combi-pro.com\/wp-content\/uploads\/2024\/05\/screenshot-1749765502228.png 292w, https:\/\/combi-pro.com\/wp-content\/uploads\/2024\/05\/screenshot-1749765502228-64x48.png 64w, https:\/\/combi-pro.com\/wp-content\/uploads\/2024\/05\/screenshot-1749765502228-16x12.png 16w\" sizes=\"(max-width: 133px) 100vw, 133px\" \/><\/p>","protected":false},"featured_media":7018,"template":"","meta":{"site-sidebar-layout":"default","site-content-layout":"","ast-site-content-layout":"default","site-content-style":"default","site-sidebar-style":"default","ast-global-header-display":"","ast-banner-title-visibility":"","ast-main-header-display":"","ast-hfb-above-header-display":"","ast-hfb-below-header-display":"","ast-hfb-mobile-header-display":"","site-post-title":"","ast-breadcrumbs-content":"","ast-featured-img":"","footer-sml-layout":"","ast-disable-related-posts":"","theme-transparent-header-meta":"default","adv-header-id-meta":"","stick-header-meta":"","header-above-stick-meta":"","header-main-stick-meta":"","header-below-stick-meta":"","astra-migrate-meta-layouts":"set","ast-page-background-enabled":"default","ast-page-background-meta":{"desktop":{"background-color":"","background-image":"","background-repeat":"repeat","background-position":"center center","background-size":"auto","background-attachment":"scroll","background-type":"","background-media":"","overlay-type":"","overlay-color":"","overlay-opacity":"","overlay-gradient":""},"tablet":{"background-color":"","background-image":"","background-repeat":"repeat","background-position":"center center","background-size":"auto","background-attachment":"scroll","background-type":"","background-media":"","overlay-type":"","overlay-color":"","overlay-opacity":"","overlay-gradient":""},"mobile":{"background-color":"","background-image":"","background-repeat":"repeat","background-position":"center center","background-size":"auto","background-attachment":"scroll","background-type":"","background-media":"","overlay-type":"","overlay-color":"","overlay-opacity":"","overlay-gradient":""}},"ast-content-background-meta":{"desktop":{"background-color":"var(--ast-global-color-5)","background-image":"","background-repeat":"repeat","background-position":"center center","background-size":"auto","background-attachment":"scroll","background-type":"","background-media":"","overlay-type":"","overlay-color":"","overlay-opacity":"","overlay-gradient":""},"tablet":{"background-color":"var(--ast-global-color-5)","background-image":"","background-repeat":"repeat","background-position":"center center","background-size":"auto","background-attachment":"scroll","background-type":"","background-media":"","overlay-type":"","overlay-color":"","overlay-opacity":"","overlay-gradient":""},"mobile":{"background-color":"var(--ast-global-color-5)","background-image":"","background-repeat":"repeat","background-position":"center center","background-size":"auto","background-attachment":"scroll","background-type":"","background-media":"","overlay-type":"","overlay-color":"","overlay-opacity":"","overlay-gradient":""}}},"product_brand":[442],"product_cat":[30,87,50],"product_tag":[],"class_list":{"0":"post-7015","1":"product","2":"type-product","3":"status-publish","4":"has-post-thumbnail","6":"product_brand-velilla","7":"product_cat-industria-base","8":"product_cat-parkas","9":"product_cat-ropa-profesional","10":"desktop-align-center","11":"tablet-align-left","12":"mobile-align-left","14":"first","15":"outofstock","16":"taxable","17":"shipping-taxable","18":"purchasable","19":"product-type-variable","20":"has-default-attributes"},"_links":{"self":[{"href":"https:\/\/combi-pro.com\/fr\/wp-json\/wp\/v2\/product\/7015","targetHints":{"allow":["GET"]}}],"collection":[{"href":"https:\/\/combi-pro.com\/fr\/wp-json\/wp\/v2\/product"}],"about":[{"href":"https:\/\/combi-pro.com\/fr\/wp-json\/wp\/v2\/types\/product"}],"wp:featuredmedia":[{"embeddable":true,"href":"https:\/\/combi-pro.com\/fr\/wp-json\/wp\/v2\/media\/7018"}],"wp:attachment":[{"href":"https:\/\/combi-pro.com\/fr\/wp-json\/wp\/v2\/media?parent=7015"}],"wp:term":[{"taxonomy":"product_brand","embeddable":true,"href":"https:\/\/combi-pro.com\/fr\/wp-json\/wp\/v2\/product_brand?post=7015"},{"taxonomy":"product_cat","embeddable":true,"href":"https:\/\/combi-pro.com\/fr\/wp-json\/wp\/v2\/product_cat?post=7015"},{"taxonomy":"product_tag","embeddable":true,"href":"https:\/\/combi-pro.com\/fr\/wp-json\/wp\/v2\/product_tag?post=7015"}],"curies":[{"name":"wp","href":"https:\/\/api.w.org\/{rel}","templated":true}]}}