{"id":7038,"date":"2024-05-02T23:32:55","date_gmt":"2024-05-02T21:32:55","guid":{"rendered":"https:\/\/combi-pro.com\/?post_type=product&#038;p=7038"},"modified":"2026-05-13T16:39:29","modified_gmt":"2026-05-13T14:39:29","slug":"206005-coque-souple","status":"publish","type":"product","link":"https:\/\/combi-pro.com\/fr\/boutique\/206005-coque-souple\/","title":{"rendered":"Veste soft shell avec manches raglan et doublure polaire 206005 | VELILLA"},"content":{"rendered":"<div class=\"data item\" role=\"tablist\">\n<div id=\"description\" class=\"data item content\" role=\"tabpanel\" aria-labelledby=\"tab-label-description\" data-role=\"content\" aria-hidden=\"false\">\n<div class=\"product attribute description\">\n<div class=\"value\">\n<p data-start=\"656\" data-end=\"688\"><strong data-start=\"656\" data-end=\"688\">Caract\u00e9ristiques techniques :<\/strong><\/p>\n<ul>\n<li data-start=\"692\" data-end=\"712\">Tissu triple couche<\/li>\n<li data-start=\"715\" data-end=\"775\">Fermeture centrale avec zip invers\u00e9 de couleur contrast\u00e9e<\/li>\n<li data-start=\"778\" data-end=\"829\">Manches raglan avec coutures d\u00e9coratives au milieu des manches<\/li>\n<li data-start=\"832\" data-end=\"899\">Rabat int\u00e9rieur en haut, couvrant la fermeture \u00e0 glissi\u00e8re<\/li>\n<li data-start=\"902\" data-end=\"952\">Couleur contrast\u00e9e noire sur les fermetures \u00e9clair et les tirettes<\/li>\n<li data-start=\"955\" data-end=\"984\">Poignets r\u00e9glables par velcro<\/li>\n<li data-start=\"987\" data-end=\"1026\">Clips de coude pour un meilleur ajustement<\/li>\n<li data-start=\"1029\" data-end=\"1115\">Cinq poches : 3 poches passepoil\u00e9es zipp\u00e9es et 2 poches plaqu\u00e9es int\u00e9rieures<\/li>\n<\/ul>\n<p data-start=\"1117\" data-end=\"1131\"><strong data-start=\"1117\" data-end=\"1131\">Tissu:<\/strong><\/p>\n<ul>\n<li data-start=\"1135\" data-end=\"1201\">Ext\u00e9rieur : Soft shell 94 % polyester - 6 % \u00e9lasthanne, 280 g\/m\u00b2.<\/li>\n<li data-start=\"1204\" data-end=\"1242\">Doublure : 100 % polyester, 130 g\/m\u00b2.<\/li>\n<li data-start=\"1245\" data-end=\"1302\">Membrane TPU : imperm\u00e9able et r\u00e9sistante au vent<\/li>\n<\/ul>\n<p data-start=\"1304\" data-end=\"1315\"><strong data-start=\"1304\" data-end=\"1315\">Gamme : <\/strong>V\u00eatements d'ext\u00e9rieur<\/p>\n<p data-start=\"1330\" data-end=\"1357\"><strong data-start=\"1330\" data-end=\"1357\">Recommandation d'utilisation :<\/strong><\/p>\n<ul>\n<li data-start=\"1359\" data-end=\"1493\">Parfaite pour les environnements ext\u00e9rieurs, les climats frais et l'utilisation quotidienne. Veste confortable et polyvalente avec un design fonctionnel et une protection thermique.<\/li>\n<\/ul>\n<\/div>\n<\/div>\n<\/div>\n<\/div>","protected":false},"excerpt":{"rendered":"<p data-start=\"282\" data-end=\"465\">Veste soft shell triple couche avec manches raglan, fermeture \u00e9clair invers\u00e9e contrast\u00e9e, cinq poches et poignets r\u00e9glables. Gamme de v\u00eatements d'ext\u00e9rieur.<\/p>\n<p data-start=\"282\" data-end=\"465\"><img decoding=\"async\" class=\"alignnone wp-image-15356\" src=\"https:\/\/combi-pro.com\/wp-content\/uploads\/2024\/03\/SOFT-SHELL-TRIPLE-LAYER.png\" alt=\"\" width=\"36\" height=\"40\" srcset=\"https:\/\/combi-pro.com\/wp-content\/uploads\/2024\/03\/SOFT-SHELL-TRIPLE-LAYER.png 228w, https:\/\/combi-pro.com\/wp-content\/uploads\/2024\/03\/SOFT-SHELL-TRIPLE-LAYER-64x71.png 64w, https:\/\/combi-pro.com\/wp-content\/uploads\/2024\/03\/SOFT-SHELL-TRIPLE-LAYER-11x12.png 11w\" sizes=\"(max-width: 36px) 100vw, 36px\" \/> <img decoding=\"async\" class=\"alignnone wp-image-15224\" src=\"https:\/\/combi-pro.com\/wp-content\/uploads\/2025\/04\/icon-water.png\" alt=\"\" width=\"40\" height=\"40\" srcset=\"https:\/\/combi-pro.com\/wp-content\/uploads\/2025\/04\/icon-water.png 134w, https:\/\/combi-pro.com\/wp-content\/uploads\/2025\/04\/icon-water-100x100.png 100w, https:\/\/combi-pro.com\/wp-content\/uploads\/2025\/04\/icon-water-64x64.png 64w, https:\/\/combi-pro.com\/wp-content\/uploads\/2025\/04\/icon-water-12x12.png 12w\" sizes=\"(max-width: 40px) 100vw, 40px\" \/> <img decoding=\"async\" class=\"alignnone wp-image-15357\" src=\"https:\/\/combi-pro.com\/wp-content\/uploads\/2024\/03\/RESISTENTE-AL-VIENTO.png\" alt=\"\" width=\"40\" height=\"40\" srcset=\"https:\/\/combi-pro.com\/wp-content\/uploads\/2024\/03\/RESISTENTE-AL-VIENTO.png 228w, https:\/\/combi-pro.com\/wp-content\/uploads\/2024\/03\/RESISTENTE-AL-VIENTO-100x100.png 100w, https:\/\/combi-pro.com\/wp-content\/uploads\/2024\/03\/RESISTENTE-AL-VIENTO-64x64.png 64w, https:\/\/combi-pro.com\/wp-content\/uploads\/2024\/03\/RESISTENTE-AL-VIENTO-150x150.png 150w, https:\/\/combi-pro.com\/wp-content\/uploads\/2024\/03\/RESISTENTE-AL-VIENTO-12x12.png 12w\" sizes=\"(max-width: 40px) 100vw, 40px\" \/> <img loading=\"lazy\" decoding=\"async\" class=\"alignnone wp-image-15358\" src=\"https:\/\/combi-pro.com\/wp-content\/uploads\/2024\/03\/TRANSPIRABLE.png\" alt=\"\" width=\"40\" height=\"40\" srcset=\"https:\/\/combi-pro.com\/wp-content\/uploads\/2024\/03\/TRANSPIRABLE.png 228w, https:\/\/combi-pro.com\/wp-content\/uploads\/2024\/03\/TRANSPIRABLE-100x100.png 100w, https:\/\/combi-pro.com\/wp-content\/uploads\/2024\/03\/TRANSPIRABLE-64x64.png 64w, https:\/\/combi-pro.com\/wp-content\/uploads\/2024\/03\/TRANSPIRABLE-150x150.png 150w, https:\/\/combi-pro.com\/wp-content\/uploads\/2024\/03\/TRANSPIRABLE-12x12.png 12w\" sizes=\"(max-width: 40px) 100vw, 40px\" \/><\/p>\n<p><strong>GUIDE DES TAILLES<\/strong><\/p>\n<p><strong><img loading=\"lazy\" decoding=\"async\" class=\"alignnone wp-image-17840\" src=\"https:\/\/combi-pro.com\/wp-content\/uploads\/2024\/05\/69.5-78-screenshot-1750207905645-300x126.png\" alt=\"\" width=\"286\" height=\"120\" srcset=\"https:\/\/combi-pro.com\/wp-content\/uploads\/2024\/05\/69.5-78-screenshot-1750207905645-300x126.png 300w, https:\/\/combi-pro.com\/wp-content\/uploads\/2024\/05\/69.5-78-screenshot-1750207905645-64x27.png 64w, https:\/\/combi-pro.com\/wp-content\/uploads\/2024\/05\/69.5-78-screenshot-1750207905645-18x8.png 18w, https:\/\/combi-pro.com\/wp-content\/uploads\/2024\/05\/69.5-78-screenshot-1750207905645.png 403w\" sizes=\"(max-width: 286px) 100vw, 286px\" \/> <img loading=\"lazy\" decoding=\"async\" class=\"alignnone wp-image-17696\" src=\"https:\/\/combi-pro.com\/wp-content\/uploads\/2025\/05\/screenshot-1749214923473-300x106.png\" alt=\"\" width=\"283\" height=\"100\" srcset=\"https:\/\/combi-pro.com\/wp-content\/uploads\/2025\/05\/screenshot-1749214923473-300x106.png 300w, https:\/\/combi-pro.com\/wp-content\/uploads\/2025\/05\/screenshot-1749214923473-64x23.png 64w, https:\/\/combi-pro.com\/wp-content\/uploads\/2025\/05\/screenshot-1749214923473-18x6.png 18w, https:\/\/combi-pro.com\/wp-content\/uploads\/2025\/05\/screenshot-1749214923473.png 396w\" sizes=\"(max-width: 283px) 100vw, 283px\" \/>\u00a0 \u00a0 \u00a0 \u00a0 \u00a0 \u00a0 \u00a0 \u00a0 \u00a0 \u00a0 \u00a0 \u00a0 \u00a0 \u00a0 \u00a0 \u00a0 \u00a0 \u00a0 <\/strong><span style=\"font-size: 16px;\">\u00a0 \u00a0<\/span><\/p>","protected":false},"featured_media":7044,"template":"","meta":{"site-sidebar-layout":"default","site-content-layout":"","ast-site-content-layout":"default","site-content-style":"default","site-sidebar-style":"default","ast-global-header-display":"","ast-banner-title-visibility":"","ast-main-header-display":"","ast-hfb-above-header-display":"","ast-hfb-below-header-display":"","ast-hfb-mobile-header-display":"","site-post-title":"","ast-breadcrumbs-content":"","ast-featured-img":"","footer-sml-layout":"","ast-disable-related-posts":"","theme-transparent-header-meta":"default","adv-header-id-meta":"","stick-header-meta":"","header-above-stick-meta":"","header-main-stick-meta":"","header-below-stick-meta":"","astra-migrate-meta-layouts":"set","ast-page-background-enabled":"default","ast-page-background-meta":{"desktop":{"background-color":"","background-image":"","background-repeat":"repeat","background-position":"center center","background-size":"auto","background-attachment":"scroll","background-type":"","background-media":"","overlay-type":"","overlay-color":"","overlay-opacity":"","overlay-gradient":""},"tablet":{"background-color":"","background-image":"","background-repeat":"repeat","background-position":"center center","background-size":"auto","background-attachment":"scroll","background-type":"","background-media":"","overlay-type":"","overlay-color":"","overlay-opacity":"","overlay-gradient":""},"mobile":{"background-color":"","background-image":"","background-repeat":"repeat","background-position":"center center","background-size":"auto","background-attachment":"scroll","background-type":"","background-media":"","overlay-type":"","overlay-color":"","overlay-opacity":"","overlay-gradient":""}},"ast-content-background-meta":{"desktop":{"background-color":"var(--ast-global-color-5)","background-image":"","background-repeat":"repeat","background-position":"center center","background-size":"auto","background-attachment":"scroll","background-type":"","background-media":"","overlay-type":"","overlay-color":"","overlay-opacity":"","overlay-gradient":""},"tablet":{"background-color":"var(--ast-global-color-5)","background-image":"","background-repeat":"repeat","background-position":"center center","background-size":"auto","background-attachment":"scroll","background-type":"","background-media":"","overlay-type":"","overlay-color":"","overlay-opacity":"","overlay-gradient":""},"mobile":{"background-color":"var(--ast-global-color-5)","background-image":"","background-repeat":"repeat","background-position":"center center","background-size":"auto","background-attachment":"scroll","background-type":"","background-media":"","overlay-type":"","overlay-color":"","overlay-opacity":"","overlay-gradient":""}}},"product_brand":[442],"product_cat":[80,30,50,91],"product_tag":[],"class_list":{"0":"post-7038","1":"product","2":"type-product","3":"status-publish","4":"has-post-thumbnail","6":"product_brand-velilla","7":"product_cat-cazadoras","8":"product_cat-industria-base","9":"product_cat-ropa-profesional","10":"product_cat-soft-shell","11":"desktop-align-center","12":"tablet-align-left","13":"mobile-align-left","15":"first","16":"instock","17":"taxable","18":"shipping-taxable","19":"purchasable","20":"product-type-variable","21":"has-default-attributes"},"_links":{"self":[{"href":"https:\/\/combi-pro.com\/fr\/wp-json\/wp\/v2\/product\/7038","targetHints":{"allow":["GET"]}}],"collection":[{"href":"https:\/\/combi-pro.com\/fr\/wp-json\/wp\/v2\/product"}],"about":[{"href":"https:\/\/combi-pro.com\/fr\/wp-json\/wp\/v2\/types\/product"}],"wp:featuredmedia":[{"embeddable":true,"href":"https:\/\/combi-pro.com\/fr\/wp-json\/wp\/v2\/media\/7044"}],"wp:attachment":[{"href":"https:\/\/combi-pro.com\/fr\/wp-json\/wp\/v2\/media?parent=7038"}],"wp:term":[{"taxonomy":"product_brand","embeddable":true,"href":"https:\/\/combi-pro.com\/fr\/wp-json\/wp\/v2\/product_brand?post=7038"},{"taxonomy":"product_cat","embeddable":true,"href":"https:\/\/combi-pro.com\/fr\/wp-json\/wp\/v2\/product_cat?post=7038"},{"taxonomy":"product_tag","embeddable":true,"href":"https:\/\/combi-pro.com\/fr\/wp-json\/wp\/v2\/product_tag?post=7038"}],"curies":[{"name":"wp","href":"https:\/\/api.w.org\/{rel}","templated":true}]}}