{"id":7056,"date":"2024-05-02T23:45:46","date_gmt":"2024-05-02T21:45:46","guid":{"rendered":"https:\/\/combi-pro.com\/?post_type=product&#038;p=7056"},"modified":"2026-05-13T16:39:35","modified_gmt":"2026-05-13T14:39:35","slug":"206007-capuche-bicolore-en-soft-shell","status":"publish","type":"product","link":"https:\/\/combi-pro.com\/fr\/boutique\/206007-capuche-bicolore-en-soft-shell\/","title":{"rendered":"Veste softshell bicolore avec capuche r\u00e9glable et fermeture \u00e9clair \u00e9tanche 206007 | VELILLA"},"content":{"rendered":"<div class=\"data item\" role=\"tablist\">\n<div id=\"description\" class=\"data item content\" role=\"tabpanel\" aria-labelledby=\"tab-label-description\" data-role=\"content\" aria-hidden=\"false\">\n<div class=\"product attribute description\">\n<div class=\"value\">\n<p data-start=\"722\" data-end=\"754\"><strong data-start=\"722\" data-end=\"754\">Caract\u00e9ristiques techniques :<\/strong><\/p>\n<ul>\n<li data-start=\"758\" data-end=\"778\">Tissu triple couche<\/li>\n<li data-start=\"781\" data-end=\"839\">Fermeture centrale avec zip \u00e9tanche de couleur contrast\u00e9e<\/li>\n<li data-start=\"842\" data-end=\"873\">Capuchon r\u00e9glable avec bouchon<\/li>\n<li data-start=\"876\" data-end=\"943\">Rabat int\u00e9rieur en haut, couvrant la fermeture \u00e0 glissi\u00e8re<\/li>\n<li data-start=\"946\" data-end=\"1059\">Contrastes sur les fermetures \u00e9clair, les garnitures, les poignets, le profil de la capuche, la ceinture, les manches et la vue lat\u00e9rale avant.<\/li>\n<li data-start=\"1062\" data-end=\"1091\">Poignets r\u00e9glables par velcro<\/li>\n<li data-start=\"1094\" data-end=\"1178\">Cinq poches : 3 poches \u00e9tanches zipp\u00e9es et 2 poches int\u00e9rieures<\/li>\n<\/ul>\n<p data-start=\"1180\" data-end=\"1194\"><strong data-start=\"1180\" data-end=\"1194\">Tissu:<\/strong><\/p>\n<ul>\n<li data-start=\"1198\" data-end=\"1243\">Tissu de base : 100 % polyester - 320 g\/m\u00b2.<\/li>\n<li data-start=\"1246\" data-end=\"1310\">Tissu de contraste : 94 % polyester - 6 % \u00e9lasthanne - 320 g\/m\u00b2.<\/li>\n<li data-start=\"1313\" data-end=\"1361\">Doublure int\u00e9rieure : 100 % polyester - 150 g\/m\u00b2.<\/li>\n<li data-start=\"1364\" data-end=\"1436\">Membrane TPU : Imperm\u00e9abilit\u00e9, protection thermique et coupe-vent<\/li>\n<\/ul>\n<p data-start=\"1438\" data-end=\"1449\"><strong data-start=\"1438\" data-end=\"1449\">Gamme : <\/strong>V\u00eatements d'ext\u00e9rieur<\/p>\n<p data-start=\"1464\" data-end=\"1491\"><strong data-start=\"1464\" data-end=\"1491\">Recommandation d'utilisation :<\/strong><\/p>\n<ul>\n<li data-start=\"1493\" data-end=\"1648\">Id\u00e9ale par temps froid ou humide, cette veste allie style, fonctionnalit\u00e9 et protection. Parfaite pour les activit\u00e9s de plein air, le travail ou l'usage urbain.<\/li>\n<\/ul>\n<\/div>\n<\/div>\n<\/div>\n<\/div>","protected":false},"excerpt":{"rendered":"<p data-start=\"325\" data-end=\"520\">Veste soft shell bicolore avec capuche r\u00e9glable, fermeture \u00e9tanche, cinq poches fonctionnelles et d\u00e9tails contrast\u00e9s. Triple \u00e9paisseur. Gamme de v\u00eatements d'ext\u00e9rieur.<\/p>\n<p data-start=\"325\" data-end=\"520\"><img decoding=\"async\" class=\"alignnone wp-image-15356\" src=\"https:\/\/combi-pro.com\/wp-content\/uploads\/2024\/03\/SOFT-SHELL-TRIPLE-LAYER.png\" alt=\"\" width=\"36\" height=\"40\" srcset=\"https:\/\/combi-pro.com\/wp-content\/uploads\/2024\/03\/SOFT-SHELL-TRIPLE-LAYER.png 228w, https:\/\/combi-pro.com\/wp-content\/uploads\/2024\/03\/SOFT-SHELL-TRIPLE-LAYER-64x71.png 64w, https:\/\/combi-pro.com\/wp-content\/uploads\/2024\/03\/SOFT-SHELL-TRIPLE-LAYER-11x12.png 11w\" sizes=\"(max-width: 36px) 100vw, 36px\" \/> <img decoding=\"async\" class=\"alignnone wp-image-15224\" src=\"https:\/\/combi-pro.com\/wp-content\/uploads\/2025\/04\/icon-water.png\" alt=\"\" width=\"40\" height=\"40\" srcset=\"https:\/\/combi-pro.com\/wp-content\/uploads\/2025\/04\/icon-water.png 134w, https:\/\/combi-pro.com\/wp-content\/uploads\/2025\/04\/icon-water-100x100.png 100w, https:\/\/combi-pro.com\/wp-content\/uploads\/2025\/04\/icon-water-64x64.png 64w, https:\/\/combi-pro.com\/wp-content\/uploads\/2025\/04\/icon-water-12x12.png 12w\" sizes=\"(max-width: 40px) 100vw, 40px\" \/> <img decoding=\"async\" class=\"alignnone wp-image-15357\" src=\"https:\/\/combi-pro.com\/wp-content\/uploads\/2024\/03\/RESISTENTE-AL-VIENTO.png\" alt=\"\" width=\"40\" height=\"40\" srcset=\"https:\/\/combi-pro.com\/wp-content\/uploads\/2024\/03\/RESISTENTE-AL-VIENTO.png 228w, https:\/\/combi-pro.com\/wp-content\/uploads\/2024\/03\/RESISTENTE-AL-VIENTO-100x100.png 100w, https:\/\/combi-pro.com\/wp-content\/uploads\/2024\/03\/RESISTENTE-AL-VIENTO-64x64.png 64w, https:\/\/combi-pro.com\/wp-content\/uploads\/2024\/03\/RESISTENTE-AL-VIENTO-150x150.png 150w, https:\/\/combi-pro.com\/wp-content\/uploads\/2024\/03\/RESISTENTE-AL-VIENTO-12x12.png 12w\" sizes=\"(max-width: 40px) 100vw, 40px\" \/> <img loading=\"lazy\" decoding=\"async\" class=\"alignnone wp-image-15358\" src=\"https:\/\/combi-pro.com\/wp-content\/uploads\/2024\/03\/TRANSPIRABLE.png\" alt=\"\" width=\"40\" height=\"40\" srcset=\"https:\/\/combi-pro.com\/wp-content\/uploads\/2024\/03\/TRANSPIRABLE.png 228w, https:\/\/combi-pro.com\/wp-content\/uploads\/2024\/03\/TRANSPIRABLE-100x100.png 100w, https:\/\/combi-pro.com\/wp-content\/uploads\/2024\/03\/TRANSPIRABLE-64x64.png 64w, https:\/\/combi-pro.com\/wp-content\/uploads\/2024\/03\/TRANSPIRABLE-150x150.png 150w, https:\/\/combi-pro.com\/wp-content\/uploads\/2024\/03\/TRANSPIRABLE-12x12.png 12w\" sizes=\"(max-width: 40px) 100vw, 40px\" \/><\/p>\n<p><strong>GUIDE DES TAILLES<\/strong><\/p>\n<p><strong><img loading=\"lazy\" decoding=\"async\" class=\"alignnone wp-image-17842\" src=\"https:\/\/combi-pro.com\/wp-content\/uploads\/2024\/05\/6185-71.15-screenshot-1750208476797-300x128.png\" alt=\"\" width=\"305\" height=\"130\" srcset=\"https:\/\/combi-pro.com\/wp-content\/uploads\/2024\/05\/6185-71.15-screenshot-1750208476797-300x128.png 300w, https:\/\/combi-pro.com\/wp-content\/uploads\/2024\/05\/6185-71.15-screenshot-1750208476797-64x27.png 64w, https:\/\/combi-pro.com\/wp-content\/uploads\/2024\/05\/6185-71.15-screenshot-1750208476797-18x8.png 18w, https:\/\/combi-pro.com\/wp-content\/uploads\/2024\/05\/6185-71.15-screenshot-1750208476797.png 399w\" sizes=\"(max-width: 305px) 100vw, 305px\" \/> <img loading=\"lazy\" decoding=\"async\" class=\"alignnone wp-image-17696\" src=\"https:\/\/combi-pro.com\/wp-content\/uploads\/2025\/05\/screenshot-1749214923473-300x106.png\" alt=\"\" width=\"283\" height=\"100\" srcset=\"https:\/\/combi-pro.com\/wp-content\/uploads\/2025\/05\/screenshot-1749214923473-300x106.png 300w, https:\/\/combi-pro.com\/wp-content\/uploads\/2025\/05\/screenshot-1749214923473-64x23.png 64w, https:\/\/combi-pro.com\/wp-content\/uploads\/2025\/05\/screenshot-1749214923473-18x6.png 18w, https:\/\/combi-pro.com\/wp-content\/uploads\/2025\/05\/screenshot-1749214923473.png 396w\" sizes=\"(max-width: 283px) 100vw, 283px\" \/>\u00a0 \u00a0 \u00a0 \u00a0 \u00a0 \u00a0 \u00a0 \u00a0 \u00a0 \u00a0 \u00a0 \u00a0 \u00a0 \u00a0 \u00a0 \u00a0 \u00a0 \u00a0 <\/strong><span style=\"font-size: 16px;\">\u00a0 \u00a0<\/span><\/p>","protected":false},"featured_media":7064,"template":"","meta":{"site-sidebar-layout":"default","site-content-layout":"","ast-site-content-layout":"default","site-content-style":"default","site-sidebar-style":"default","ast-global-header-display":"","ast-banner-title-visibility":"","ast-main-header-display":"","ast-hfb-above-header-display":"","ast-hfb-below-header-display":"","ast-hfb-mobile-header-display":"","site-post-title":"","ast-breadcrumbs-content":"","ast-featured-img":"","footer-sml-layout":"","ast-disable-related-posts":"","theme-transparent-header-meta":"default","adv-header-id-meta":"","stick-header-meta":"","header-above-stick-meta":"","header-main-stick-meta":"","header-below-stick-meta":"","astra-migrate-meta-layouts":"set","ast-page-background-enabled":"default","ast-page-background-meta":{"desktop":{"background-color":"","background-image":"","background-repeat":"repeat","background-position":"center center","background-size":"auto","background-attachment":"scroll","background-type":"","background-media":"","overlay-type":"","overlay-color":"","overlay-opacity":"","overlay-gradient":""},"tablet":{"background-color":"","background-image":"","background-repeat":"repeat","background-position":"center center","background-size":"auto","background-attachment":"scroll","background-type":"","background-media":"","overlay-type":"","overlay-color":"","overlay-opacity":"","overlay-gradient":""},"mobile":{"background-color":"","background-image":"","background-repeat":"repeat","background-position":"center center","background-size":"auto","background-attachment":"scroll","background-type":"","background-media":"","overlay-type":"","overlay-color":"","overlay-opacity":"","overlay-gradient":""}},"ast-content-background-meta":{"desktop":{"background-color":"var(--ast-global-color-5)","background-image":"","background-repeat":"repeat","background-position":"center center","background-size":"auto","background-attachment":"scroll","background-type":"","background-media":"","overlay-type":"","overlay-color":"","overlay-opacity":"","overlay-gradient":""},"tablet":{"background-color":"var(--ast-global-color-5)","background-image":"","background-repeat":"repeat","background-position":"center center","background-size":"auto","background-attachment":"scroll","background-type":"","background-media":"","overlay-type":"","overlay-color":"","overlay-opacity":"","overlay-gradient":""},"mobile":{"background-color":"var(--ast-global-color-5)","background-image":"","background-repeat":"repeat","background-position":"center center","background-size":"auto","background-attachment":"scroll","background-type":"","background-media":"","overlay-type":"","overlay-color":"","overlay-opacity":"","overlay-gradient":""}}},"product_brand":[442],"product_cat":[80,30,50,91],"product_tag":[],"class_list":{"0":"post-7056","1":"product","2":"type-product","3":"status-publish","4":"has-post-thumbnail","6":"product_brand-velilla","7":"product_cat-cazadoras","8":"product_cat-industria-base","9":"product_cat-ropa-profesional","10":"product_cat-soft-shell","11":"desktop-align-center","12":"tablet-align-left","13":"mobile-align-left","15":"first","16":"instock","17":"featured","18":"taxable","19":"shipping-taxable","20":"purchasable","21":"product-type-variable","22":"has-default-attributes"},"_links":{"self":[{"href":"https:\/\/combi-pro.com\/fr\/wp-json\/wp\/v2\/product\/7056","targetHints":{"allow":["GET"]}}],"collection":[{"href":"https:\/\/combi-pro.com\/fr\/wp-json\/wp\/v2\/product"}],"about":[{"href":"https:\/\/combi-pro.com\/fr\/wp-json\/wp\/v2\/types\/product"}],"wp:featuredmedia":[{"embeddable":true,"href":"https:\/\/combi-pro.com\/fr\/wp-json\/wp\/v2\/media\/7064"}],"wp:attachment":[{"href":"https:\/\/combi-pro.com\/fr\/wp-json\/wp\/v2\/media?parent=7056"}],"wp:term":[{"taxonomy":"product_brand","embeddable":true,"href":"https:\/\/combi-pro.com\/fr\/wp-json\/wp\/v2\/product_brand?post=7056"},{"taxonomy":"product_cat","embeddable":true,"href":"https:\/\/combi-pro.com\/fr\/wp-json\/wp\/v2\/product_cat?post=7056"},{"taxonomy":"product_tag","embeddable":true,"href":"https:\/\/combi-pro.com\/fr\/wp-json\/wp\/v2\/product_tag?post=7056"}],"curies":[{"name":"wp","href":"https:\/\/api.w.org\/{rel}","templated":true}]}}