{"id":7074,"date":"2024-05-02T23:55:33","date_gmt":"2024-05-02T21:55:33","guid":{"rendered":"https:\/\/combi-pro.com\/?post_type=product&#038;p=7074"},"modified":"2026-05-13T16:39:44","modified_gmt":"2026-05-13T14:39:44","slug":"206001-coque-souple-bicolore","status":"publish","type":"product","link":"https:\/\/combi-pro.com\/fr\/boutique\/206001-coque-souple-bicolore\/","title":{"rendered":"Veste softshell bicolore avec doublure polaire et poches \u00e9tanches 206001 | VELILLA"},"content":{"rendered":"<p data-start=\"675\" data-end=\"707\"><strong data-start=\"675\" data-end=\"707\">Caract\u00e9ristiques techniques :<\/strong><\/p>\n<ul>\n<li data-start=\"711\" data-end=\"731\">Tissu triple couche<\/li>\n<li data-start=\"734\" data-end=\"792\">Fermeture centrale avec zip \u00e9tanche de couleur contrast\u00e9e<\/li>\n<li data-start=\"795\" data-end=\"864\">Rabat interne en haut, couvrant la fermeture \u00e9clair<\/li>\n<li data-start=\"867\" data-end=\"949\">Couleur contrast\u00e9e sur les fermetures \u00e9clair, les boucles et les passepoils des emmanchures avant et arri\u00e8re.<\/li>\n<li data-start=\"952\" data-end=\"993\">Fond de v\u00eatement r\u00e9glable avec bouchon<\/li>\n<li data-start=\"996\" data-end=\"1025\">Poignets r\u00e9glables par velcro<\/li>\n<li data-start=\"1028\" data-end=\"1093\">Poign\u00e9es de coude pour le confort et la libert\u00e9 de mouvement<\/li>\n<li data-start=\"1096\" data-end=\"1180\">Cinq poches : 3 poches \u00e9tanches zipp\u00e9es et 2 poches int\u00e9rieures<\/li>\n<\/ul>\n<p data-start=\"1182\" data-end=\"1196\"><strong data-start=\"1182\" data-end=\"1196\">Tissu:<\/strong><\/p>\n<ul>\n<li data-start=\"1200\" data-end=\"1266\"><strong data-start=\"1200\" data-end=\"1213\">Ext\u00e9rieur :<\/strong> Soft shell 94 % polyester - 6 % \u00e9lasthanne, 320 g\/m\u00b2.<\/li>\n<li data-start=\"1269\" data-end=\"1307\"><strong data-start=\"1269\" data-end=\"1279\">Doublure :<\/strong> 100 % polyester, 130 g\/m\u00b2, 130 g\/m\u00b2, 100 % polyester, 130 g\/m\u00b2, 130 g\/m\u00b2.<\/li>\n<li data-start=\"1310\" data-end=\"1379\"><strong data-start=\"1310\" data-end=\"1327\">Membrane TPU :<\/strong> Pour une protection accrue contre le vent et l'humidit\u00e9<\/li>\n<\/ul>\n<p data-start=\"1381\" data-end=\"1392\"><strong data-start=\"1381\" data-end=\"1392\">Gamme : <\/strong>Fluor Match<\/p>\n<p data-start=\"1409\" data-end=\"1436\"><strong data-start=\"1409\" data-end=\"1436\">Recommandation d'utilisation :<\/strong><\/p>\n<ul>\n<li data-start=\"1438\" data-end=\"1614\">Id\u00e9ale pour le travail en ext\u00e9rieur, les activit\u00e9s de plein air et les environnements \u00e0 haute visibilit\u00e9. Veste r\u00e9sistante, fonctionnelle et confortable, parfaite pour les conditions froides et humides.<\/li>\n<\/ul>","protected":false},"excerpt":{"rendered":"<p data-start=\"263\" data-end=\"464\">Veste soft shell bicolore avec zip \u00e9tanche, cinq poches (dont des poches int\u00e9rieures \u00e9tanches), ourlet r\u00e9glable et poignets en velcro. Gamme Fluor Match.<\/p>\n<p data-start=\"263\" data-end=\"464\"><img decoding=\"async\" class=\"alignnone wp-image-15356\" src=\"https:\/\/combi-pro.com\/wp-content\/uploads\/2024\/03\/SOFT-SHELL-TRIPLE-LAYER.png\" alt=\"\" width=\"36\" height=\"40\" srcset=\"https:\/\/combi-pro.com\/wp-content\/uploads\/2024\/03\/SOFT-SHELL-TRIPLE-LAYER.png 228w, https:\/\/combi-pro.com\/wp-content\/uploads\/2024\/03\/SOFT-SHELL-TRIPLE-LAYER-64x71.png 64w, https:\/\/combi-pro.com\/wp-content\/uploads\/2024\/03\/SOFT-SHELL-TRIPLE-LAYER-11x12.png 11w\" sizes=\"(max-width: 36px) 100vw, 36px\" \/> <img decoding=\"async\" class=\"alignnone wp-image-15224\" src=\"https:\/\/combi-pro.com\/wp-content\/uploads\/2025\/04\/icon-water.png\" alt=\"\" width=\"40\" height=\"40\" srcset=\"https:\/\/combi-pro.com\/wp-content\/uploads\/2025\/04\/icon-water.png 134w, https:\/\/combi-pro.com\/wp-content\/uploads\/2025\/04\/icon-water-100x100.png 100w, https:\/\/combi-pro.com\/wp-content\/uploads\/2025\/04\/icon-water-64x64.png 64w, https:\/\/combi-pro.com\/wp-content\/uploads\/2025\/04\/icon-water-12x12.png 12w\" sizes=\"(max-width: 40px) 100vw, 40px\" \/> <img decoding=\"async\" class=\"alignnone wp-image-15216\" src=\"https:\/\/combi-pro.com\/wp-content\/uploads\/2025\/04\/icon-wind.png\" alt=\"\" width=\"40\" height=\"40\" srcset=\"https:\/\/combi-pro.com\/wp-content\/uploads\/2025\/04\/icon-wind.png 134w, https:\/\/combi-pro.com\/wp-content\/uploads\/2025\/04\/icon-wind-100x100.png 100w, https:\/\/combi-pro.com\/wp-content\/uploads\/2025\/04\/icon-wind-64x64.png 64w, https:\/\/combi-pro.com\/wp-content\/uploads\/2025\/04\/icon-wind-12x12.png 12w\" sizes=\"(max-width: 40px) 100vw, 40px\" \/> <img loading=\"lazy\" decoding=\"async\" class=\"alignnone wp-image-15215\" src=\"https:\/\/combi-pro.com\/wp-content\/uploads\/2025\/04\/icon-breathable.png\" alt=\"\" width=\"40\" height=\"40\" srcset=\"https:\/\/combi-pro.com\/wp-content\/uploads\/2025\/04\/icon-breathable.png 134w, https:\/\/combi-pro.com\/wp-content\/uploads\/2025\/04\/icon-breathable-100x100.png 100w, https:\/\/combi-pro.com\/wp-content\/uploads\/2025\/04\/icon-breathable-64x64.png 64w, https:\/\/combi-pro.com\/wp-content\/uploads\/2025\/04\/icon-breathable-12x12.png 12w\" sizes=\"(max-width: 40px) 100vw, 40px\" \/> <img loading=\"lazy\" decoding=\"async\" class=\"alignnone wp-image-15235\" src=\"https:\/\/combi-pro.com\/wp-content\/uploads\/2025\/04\/icon-fluormatch.png\" alt=\"\" width=\"218\" height=\"40\" srcset=\"https:\/\/combi-pro.com\/wp-content\/uploads\/2025\/04\/icon-fluormatch.png 251w, https:\/\/combi-pro.com\/wp-content\/uploads\/2025\/04\/icon-fluormatch-64x12.png 64w, https:\/\/combi-pro.com\/wp-content\/uploads\/2025\/04\/icon-fluormatch-18x3.png 18w\" sizes=\"(max-width: 218px) 100vw, 218px\" \/><\/p>\n<p><strong>GUIDE DES TAILLES\u00a0<\/strong><\/p>\n<p><strong><img loading=\"lazy\" decoding=\"async\" class=\"alignnone wp-image-17839\" src=\"https:\/\/combi-pro.com\/wp-content\/uploads\/2024\/05\/71-78-screenshot-1750207688709-300x114.png\" alt=\"\" width=\"315\" height=\"120\" srcset=\"https:\/\/combi-pro.com\/wp-content\/uploads\/2024\/05\/71-78-screenshot-1750207688709-300x114.png 300w, https:\/\/combi-pro.com\/wp-content\/uploads\/2024\/05\/71-78-screenshot-1750207688709-64x24.png 64w, https:\/\/combi-pro.com\/wp-content\/uploads\/2024\/05\/71-78-screenshot-1750207688709-18x7.png 18w, https:\/\/combi-pro.com\/wp-content\/uploads\/2024\/05\/71-78-screenshot-1750207688709.png 401w\" sizes=\"(max-width: 315px) 100vw, 315px\" \/> <img loading=\"lazy\" decoding=\"async\" class=\"alignnone wp-image-17696\" src=\"https:\/\/combi-pro.com\/wp-content\/uploads\/2025\/05\/screenshot-1749214923473-300x106.png\" alt=\"\" width=\"283\" height=\"100\" srcset=\"https:\/\/combi-pro.com\/wp-content\/uploads\/2025\/05\/screenshot-1749214923473-300x106.png 300w, https:\/\/combi-pro.com\/wp-content\/uploads\/2025\/05\/screenshot-1749214923473-64x23.png 64w, https:\/\/combi-pro.com\/wp-content\/uploads\/2025\/05\/screenshot-1749214923473-18x6.png 18w, https:\/\/combi-pro.com\/wp-content\/uploads\/2025\/05\/screenshot-1749214923473.png 396w\" sizes=\"(max-width: 283px) 100vw, 283px\" \/> \u00a0 \u00a0 \u00a0<\/strong><span style=\"font-size: 16px;\"> \u00a0<\/span><\/p>","protected":false},"featured_media":7080,"template":"","meta":{"site-sidebar-layout":"default","site-content-layout":"","ast-site-content-layout":"default","site-content-style":"default","site-sidebar-style":"default","ast-global-header-display":"","ast-banner-title-visibility":"","ast-main-header-display":"","ast-hfb-above-header-display":"","ast-hfb-below-header-display":"","ast-hfb-mobile-header-display":"","site-post-title":"","ast-breadcrumbs-content":"","ast-featured-img":"","footer-sml-layout":"","ast-disable-related-posts":"","theme-transparent-header-meta":"default","adv-header-id-meta":"","stick-header-meta":"","header-above-stick-meta":"","header-main-stick-meta":"","header-below-stick-meta":"","astra-migrate-meta-layouts":"set","ast-page-background-enabled":"default","ast-page-background-meta":{"desktop":{"background-color":"","background-image":"","background-repeat":"repeat","background-position":"center center","background-size":"auto","background-attachment":"scroll","background-type":"","background-media":"","overlay-type":"","overlay-color":"","overlay-opacity":"","overlay-gradient":""},"tablet":{"background-color":"","background-image":"","background-repeat":"repeat","background-position":"center center","background-size":"auto","background-attachment":"scroll","background-type":"","background-media":"","overlay-type":"","overlay-color":"","overlay-opacity":"","overlay-gradient":""},"mobile":{"background-color":"","background-image":"","background-repeat":"repeat","background-position":"center center","background-size":"auto","background-attachment":"scroll","background-type":"","background-media":"","overlay-type":"","overlay-color":"","overlay-opacity":"","overlay-gradient":""}},"ast-content-background-meta":{"desktop":{"background-color":"var(--ast-global-color-5)","background-image":"","background-repeat":"repeat","background-position":"center center","background-size":"auto","background-attachment":"scroll","background-type":"","background-media":"","overlay-type":"","overlay-color":"","overlay-opacity":"","overlay-gradient":""},"tablet":{"background-color":"var(--ast-global-color-5)","background-image":"","background-repeat":"repeat","background-position":"center center","background-size":"auto","background-attachment":"scroll","background-type":"","background-media":"","overlay-type":"","overlay-color":"","overlay-opacity":"","overlay-gradient":""},"mobile":{"background-color":"var(--ast-global-color-5)","background-image":"","background-repeat":"repeat","background-position":"center center","background-size":"auto","background-attachment":"scroll","background-type":"","background-media":"","overlay-type":"","overlay-color":"","overlay-opacity":"","overlay-gradient":""}}},"product_brand":[442],"product_cat":[80,30,50,91],"product_tag":[],"class_list":{"0":"post-7074","1":"product","2":"type-product","3":"status-publish","4":"has-post-thumbnail","6":"product_brand-velilla","7":"product_cat-cazadoras","8":"product_cat-industria-base","9":"product_cat-ropa-profesional","10":"product_cat-soft-shell","11":"desktop-align-center","12":"tablet-align-left","13":"mobile-align-left","15":"first","16":"instock","17":"featured","18":"taxable","19":"shipping-taxable","20":"purchasable","21":"product-type-variable","22":"has-default-attributes"},"_links":{"self":[{"href":"https:\/\/combi-pro.com\/fr\/wp-json\/wp\/v2\/product\/7074","targetHints":{"allow":["GET"]}}],"collection":[{"href":"https:\/\/combi-pro.com\/fr\/wp-json\/wp\/v2\/product"}],"about":[{"href":"https:\/\/combi-pro.com\/fr\/wp-json\/wp\/v2\/types\/product"}],"wp:featuredmedia":[{"embeddable":true,"href":"https:\/\/combi-pro.com\/fr\/wp-json\/wp\/v2\/media\/7080"}],"wp:attachment":[{"href":"https:\/\/combi-pro.com\/fr\/wp-json\/wp\/v2\/media?parent=7074"}],"wp:term":[{"taxonomy":"product_brand","embeddable":true,"href":"https:\/\/combi-pro.com\/fr\/wp-json\/wp\/v2\/product_brand?post=7074"},{"taxonomy":"product_cat","embeddable":true,"href":"https:\/\/combi-pro.com\/fr\/wp-json\/wp\/v2\/product_cat?post=7074"},{"taxonomy":"product_tag","embeddable":true,"href":"https:\/\/combi-pro.com\/fr\/wp-json\/wp\/v2\/product_tag?post=7074"}],"curies":[{"name":"wp","href":"https:\/\/api.w.org\/{rel}","templated":true}]}}