{"id":7088,"date":"2024-05-03T00:42:45","date_gmt":"2024-05-02T22:42:45","guid":{"rendered":"https:\/\/combi-pro.com\/?post_type=product&#038;p=7088"},"modified":"2026-04-13T20:06:52","modified_gmt":"2026-04-13T18:06:52","slug":"106004-coque-souple-bicolore","status":"publish","type":"product","link":"https:\/\/combi-pro.com\/fr\/boutique\/106004-coque-souple-bicolore\/","title":{"rendered":"Veste soft shell bicolore avec doublure polaire et poches 106004 | VELILLA"},"content":{"rendered":"<p data-start=\"562\" data-end=\"594\"><strong data-start=\"562\" data-end=\"594\">Caract\u00e9ristiques techniques :<\/strong><\/p>\n<ul>\n<li data-start=\"598\" data-end=\"618\">Tissu triple couche<\/li>\n<li data-start=\"621\" data-end=\"662\">Fermeture centrale avec zip invers\u00e9<\/li>\n<li data-start=\"665\" data-end=\"734\">Rabat interne en haut, couvrant la fermeture \u00e9clair<\/li>\n<li data-start=\"737\" data-end=\"791\">Couleur contrast\u00e9e sur les c\u00f4t\u00e9s et \u00e0 l'int\u00e9rieur du col<\/li>\n<li data-start=\"794\" data-end=\"844\">Empi\u00e8cement poitrine et dos avec coutures d\u00e9coratives<\/li>\n<li data-start=\"847\" data-end=\"876\">Poignets r\u00e9glables par velcro<\/li>\n<li data-start=\"879\" data-end=\"965\">Cinq poches : 3 poches passepoil\u00e9es avec fermeture \u00e0 glissi\u00e8re invers\u00e9e et 2 poches int\u00e9rieures<\/li>\n<\/ul>\n<p data-start=\"967\" data-end=\"981\"><strong data-start=\"967\" data-end=\"981\">Tissu:<\/strong><\/p>\n<ul>\n<li data-start=\"985\" data-end=\"1051\"><strong data-start=\"985\" data-end=\"998\">Ext\u00e9rieur :<\/strong> Soft shell 94 % polyester - 6 % \u00e9lasthanne, 280 g\/m\u00b2.<\/li>\n<li data-start=\"1054\" data-end=\"1092\"><strong data-start=\"1054\" data-end=\"1064\">Doublure :<\/strong> 100 % polyester, 130 g\/m\u00b2, 130 g\/m\u00b2, 100 % polyester, 130 g\/m\u00b2, 130 g\/m\u00b2.<\/li>\n<li data-start=\"1095\" data-end=\"1152\"><strong data-start=\"1095\" data-end=\"1112\">Membrane TPU :<\/strong> Pour une meilleure r\u00e9sistance au vent et \u00e0 l'eau<\/li>\n<\/ul>\n<p data-start=\"1154\" data-end=\"1165\"><strong data-start=\"1154\" data-end=\"1165\">Gamme :<\/strong><\/p>\n<ul>\n<li data-start=\"1169\" data-end=\"1182\">Total de la contrepartie<\/li>\n<li data-start=\"1185\" data-end=\"1194\">V\u00eatements d'ext\u00e9rieur<\/li>\n<\/ul>\n<p data-start=\"1196\" data-end=\"1223\"><strong data-start=\"1196\" data-end=\"1223\">Recommandation d'utilisation :<\/strong><\/p>\n<ul>\n<li data-start=\"1225\" data-end=\"1430\">Id\u00e9ale pour les activit\u00e9s de plein air, le travail dans des environnements froids ou comme v\u00eatement de protection dans des conditions m\u00e9t\u00e9orologiques variables. Veste fonctionnelle, confortable et durable, parfaite pour l'automne et l'hiver.<\/li>\n<\/ul>","protected":false},"excerpt":{"rendered":"<p data-start=\"147\" data-end=\"348\">Veste soft shell bicolore avec doublure polaire, fermeture centrale \u00e0 glissi\u00e8re, poignets r\u00e9glables et cinq poches. Total Match et gamme de v\u00eatements d'ext\u00e9rieur.<\/p>\n<p data-start=\"147\" data-end=\"348\"><img decoding=\"async\" class=\"alignnone wp-image-15356\" src=\"https:\/\/combi-pro.com\/wp-content\/uploads\/2024\/03\/SOFT-SHELL-TRIPLE-LAYER.png\" alt=\"\" width=\"36\" height=\"40\" srcset=\"https:\/\/combi-pro.com\/wp-content\/uploads\/2024\/03\/SOFT-SHELL-TRIPLE-LAYER.png 228w, https:\/\/combi-pro.com\/wp-content\/uploads\/2024\/03\/SOFT-SHELL-TRIPLE-LAYER-64x71.png 64w, https:\/\/combi-pro.com\/wp-content\/uploads\/2024\/03\/SOFT-SHELL-TRIPLE-LAYER-11x12.png 11w\" sizes=\"(max-width: 36px) 100vw, 36px\" \/> <img decoding=\"async\" class=\"alignnone wp-image-15224\" src=\"https:\/\/combi-pro.com\/wp-content\/uploads\/2025\/04\/icon-water.png\" alt=\"\" width=\"40\" height=\"40\" srcset=\"https:\/\/combi-pro.com\/wp-content\/uploads\/2025\/04\/icon-water.png 134w, https:\/\/combi-pro.com\/wp-content\/uploads\/2025\/04\/icon-water-100x100.png 100w, https:\/\/combi-pro.com\/wp-content\/uploads\/2025\/04\/icon-water-64x64.png 64w, https:\/\/combi-pro.com\/wp-content\/uploads\/2025\/04\/icon-water-12x12.png 12w\" sizes=\"(max-width: 40px) 100vw, 40px\" \/> <img decoding=\"async\" class=\"alignnone wp-image-15216\" src=\"https:\/\/combi-pro.com\/wp-content\/uploads\/2025\/04\/icon-wind.png\" alt=\"\" width=\"40\" height=\"40\" srcset=\"https:\/\/combi-pro.com\/wp-content\/uploads\/2025\/04\/icon-wind.png 134w, https:\/\/combi-pro.com\/wp-content\/uploads\/2025\/04\/icon-wind-100x100.png 100w, https:\/\/combi-pro.com\/wp-content\/uploads\/2025\/04\/icon-wind-64x64.png 64w, https:\/\/combi-pro.com\/wp-content\/uploads\/2025\/04\/icon-wind-12x12.png 12w\" sizes=\"(max-width: 40px) 100vw, 40px\" \/> <img loading=\"lazy\" decoding=\"async\" class=\"alignnone wp-image-15215\" src=\"https:\/\/combi-pro.com\/wp-content\/uploads\/2025\/04\/icon-breathable.png\" alt=\"\" width=\"40\" height=\"40\" srcset=\"https:\/\/combi-pro.com\/wp-content\/uploads\/2025\/04\/icon-breathable.png 134w, https:\/\/combi-pro.com\/wp-content\/uploads\/2025\/04\/icon-breathable-100x100.png 100w, https:\/\/combi-pro.com\/wp-content\/uploads\/2025\/04\/icon-breathable-64x64.png 64w, https:\/\/combi-pro.com\/wp-content\/uploads\/2025\/04\/icon-breathable-12x12.png 12w\" sizes=\"(max-width: 40px) 100vw, 40px\" \/> <img loading=\"lazy\" decoding=\"async\" class=\"alignnone wp-image-15236\" src=\"https:\/\/combi-pro.com\/wp-content\/uploads\/2025\/04\/icon-totalmatch.png\" alt=\"\" width=\"209\" height=\"40\" srcset=\"https:\/\/combi-pro.com\/wp-content\/uploads\/2025\/04\/icon-totalmatch.png 251w, https:\/\/combi-pro.com\/wp-content\/uploads\/2025\/04\/icon-totalmatch-64x12.png 64w, https:\/\/combi-pro.com\/wp-content\/uploads\/2025\/04\/icon-totalmatch-18x3.png 18w\" sizes=\"(max-width: 209px) 100vw, 209px\" \/><\/p>\n<p><strong>GUIDE DES TAILLES<\/strong><\/p>\n<p><strong><img loading=\"lazy\" decoding=\"async\" class=\"alignnone wp-image-17837\" src=\"https:\/\/combi-pro.com\/wp-content\/uploads\/2024\/05\/68.8-78.1-screenshot-1750207241930-300x128.png\" alt=\"\" width=\"281\" height=\"120\" srcset=\"https:\/\/combi-pro.com\/wp-content\/uploads\/2024\/05\/68.8-78.1-screenshot-1750207241930-300x128.png 300w, https:\/\/combi-pro.com\/wp-content\/uploads\/2024\/05\/68.8-78.1-screenshot-1750207241930-64x27.png 64w, https:\/\/combi-pro.com\/wp-content\/uploads\/2024\/05\/68.8-78.1-screenshot-1750207241930-18x8.png 18w, https:\/\/combi-pro.com\/wp-content\/uploads\/2024\/05\/68.8-78.1-screenshot-1750207241930.png 400w\" sizes=\"(max-width: 281px) 100vw, 281px\" \/> <img loading=\"lazy\" decoding=\"async\" class=\"alignnone wp-image-17696\" src=\"https:\/\/combi-pro.com\/wp-content\/uploads\/2025\/05\/screenshot-1749214923473-300x106.png\" alt=\"\" width=\"283\" height=\"100\" srcset=\"https:\/\/combi-pro.com\/wp-content\/uploads\/2025\/05\/screenshot-1749214923473-300x106.png 300w, https:\/\/combi-pro.com\/wp-content\/uploads\/2025\/05\/screenshot-1749214923473-64x23.png 64w, https:\/\/combi-pro.com\/wp-content\/uploads\/2025\/05\/screenshot-1749214923473-18x6.png 18w, https:\/\/combi-pro.com\/wp-content\/uploads\/2025\/05\/screenshot-1749214923473.png 396w\" sizes=\"(max-width: 283px) 100vw, 283px\" \/>\u00a0 \u00a0 \u00a0 \u00a0<\/strong><span style=\"font-size: 16px;\"> \u00a0<\/span><\/p>","protected":false},"featured_media":7112,"template":"","meta":{"site-sidebar-layout":"default","site-content-layout":"","ast-site-content-layout":"default","site-content-style":"default","site-sidebar-style":"default","ast-global-header-display":"","ast-banner-title-visibility":"","ast-main-header-display":"","ast-hfb-above-header-display":"","ast-hfb-below-header-display":"","ast-hfb-mobile-header-display":"","site-post-title":"","ast-breadcrumbs-content":"","ast-featured-img":"","footer-sml-layout":"","ast-disable-related-posts":"","theme-transparent-header-meta":"default","adv-header-id-meta":"","stick-header-meta":"","header-above-stick-meta":"","header-main-stick-meta":"","header-below-stick-meta":"","astra-migrate-meta-layouts":"set","ast-page-background-enabled":"default","ast-page-background-meta":{"desktop":{"background-color":"","background-image":"","background-repeat":"repeat","background-position":"center center","background-size":"auto","background-attachment":"scroll","background-type":"","background-media":"","overlay-type":"","overlay-color":"","overlay-opacity":"","overlay-gradient":""},"tablet":{"background-color":"","background-image":"","background-repeat":"repeat","background-position":"center center","background-size":"auto","background-attachment":"scroll","background-type":"","background-media":"","overlay-type":"","overlay-color":"","overlay-opacity":"","overlay-gradient":""},"mobile":{"background-color":"","background-image":"","background-repeat":"repeat","background-position":"center center","background-size":"auto","background-attachment":"scroll","background-type":"","background-media":"","overlay-type":"","overlay-color":"","overlay-opacity":"","overlay-gradient":""}},"ast-content-background-meta":{"desktop":{"background-color":"var(--ast-global-color-5)","background-image":"","background-repeat":"repeat","background-position":"center center","background-size":"auto","background-attachment":"scroll","background-type":"","background-media":"","overlay-type":"","overlay-color":"","overlay-opacity":"","overlay-gradient":""},"tablet":{"background-color":"var(--ast-global-color-5)","background-image":"","background-repeat":"repeat","background-position":"center center","background-size":"auto","background-attachment":"scroll","background-type":"","background-media":"","overlay-type":"","overlay-color":"","overlay-opacity":"","overlay-gradient":""},"mobile":{"background-color":"var(--ast-global-color-5)","background-image":"","background-repeat":"repeat","background-position":"center center","background-size":"auto","background-attachment":"scroll","background-type":"","background-media":"","overlay-type":"","overlay-color":"","overlay-opacity":"","overlay-gradient":""}}},"product_brand":[442],"product_cat":[80,30,50,91],"product_tag":[],"class_list":{"0":"post-7088","1":"product","2":"type-product","3":"status-publish","4":"has-post-thumbnail","6":"product_brand-velilla","7":"product_cat-cazadoras","8":"product_cat-industria-base","9":"product_cat-ropa-profesional","10":"product_cat-soft-shell","11":"desktop-align-center","12":"tablet-align-left","13":"mobile-align-left","15":"first","16":"instock","17":"taxable","18":"shipping-taxable","19":"purchasable","20":"product-type-variable","21":"has-default-attributes"},"_links":{"self":[{"href":"https:\/\/combi-pro.com\/fr\/wp-json\/wp\/v2\/product\/7088","targetHints":{"allow":["GET"]}}],"collection":[{"href":"https:\/\/combi-pro.com\/fr\/wp-json\/wp\/v2\/product"}],"about":[{"href":"https:\/\/combi-pro.com\/fr\/wp-json\/wp\/v2\/types\/product"}],"wp:featuredmedia":[{"embeddable":true,"href":"https:\/\/combi-pro.com\/fr\/wp-json\/wp\/v2\/media\/7112"}],"wp:attachment":[{"href":"https:\/\/combi-pro.com\/fr\/wp-json\/wp\/v2\/media?parent=7088"}],"wp:term":[{"taxonomy":"product_brand","embeddable":true,"href":"https:\/\/combi-pro.com\/fr\/wp-json\/wp\/v2\/product_brand?post=7088"},{"taxonomy":"product_cat","embeddable":true,"href":"https:\/\/combi-pro.com\/fr\/wp-json\/wp\/v2\/product_cat?post=7088"},{"taxonomy":"product_tag","embeddable":true,"href":"https:\/\/combi-pro.com\/fr\/wp-json\/wp\/v2\/product_tag?post=7088"}],"curies":[{"name":"wp","href":"https:\/\/api.w.org\/{rel}","templated":true}]}}