{"id":7189,"date":"2024-05-04T12:21:25","date_gmt":"2024-05-04T10:21:25","guid":{"rendered":"https:\/\/combi-pro.com\/?post_type=product&#038;p=7189"},"modified":"2026-05-13T16:41:33","modified_gmt":"2026-05-13T14:41:33","slug":"z450a-shoe-s2-src-metalic-alimen","status":"publish","type":"product","link":"https:\/\/combi-pro.com\/fr\/boutique\/z450a-shoe-s2-src-metalic-alimen\/","title":{"rendered":"Chaussures de s\u00e9curit\u00e9 S2 microfibre embout acier imperm\u00e9able Z450A | VPRO"},"content":{"rendered":"<div class=\"data item\" role=\"tablist\">\n<div id=\"tab-label-description\" class=\"data item title allow active\" tabindex=\"0\" role=\"tab\" data-role=\"collapsible\" data-collapsible=\"true\" aria-controls=\"description\" aria-selected=\"true\" aria-expanded=\"true\">\n<p data-start=\"1571\" data-end=\"1606\"><strong data-start=\"1577\" data-end=\"1606\">Caract\u00e9ristiques techniques :<\/strong><\/p>\n<ul>\n<li data-start=\"1610\" data-end=\"1647\">Norme : EN ISO 20345:2011 S2<\/li>\n<li data-start=\"1650\" data-end=\"1701\">Embout : m\u00e9tal (acier), r\u00e9sistant \u00e0 200 J<\/li>\n<li data-start=\"1704\" data-end=\"1785\">Dessus \/ Cou-de-pied : Microfibre r\u00e9sistante \u00e0 la p\u00e9n\u00e9tration et absorbant l'eau<\/li>\n<li data-start=\"1788\" data-end=\"1812\">Col rembourr\u00e9<\/li>\n<li data-start=\"1815\" data-end=\"1855\">Doublure int\u00e9rieure : Maille respirante<\/li>\n<li data-start=\"1858\" data-end=\"1900\">Semelle ext\u00e9rieure : polyur\u00e9thane double densit\u00e9<\/li>\n<li data-start=\"1903\" data-end=\"1941\">Absorption de l'\u00e9nergie au niveau du talon<\/li>\n<li data-start=\"1944\" data-end=\"1988\">Propri\u00e9t\u00e9s antistatiques (jusqu'\u00e0 100 k\u03a9)<\/li>\n<\/ul>\n<p data-start=\"1995\" data-end=\"2027\"><strong data-start=\"2000\" data-end=\"2025\">Recommandation d'utilisation :<\/strong><\/p>\n<ul>\n<li data-start=\"2028\" data-end=\"2201\">Id\u00e9al pour les secteurs tels que l'industrie alimentaire, la logistique int\u00e9rieure, le nettoyage ou les laboratoires, o\u00f9 la r\u00e9sistance \u00e0 l'eau, l'hygi\u00e8ne et la protection du m\u00e9tal sont requises.<\/li>\n<\/ul>\n<\/div>\n<\/div>","protected":false},"excerpt":{"rendered":"<p class=\"\" data-start=\"377\" data-end=\"531\">Chaussure de s\u00e9curit\u00e9 S2 avec embout m\u00e9tallique, tige en microfibre imperm\u00e9able et semelle \u00e0 double densit\u00e9. Antistatique et confortable pour un usage professionnel.<\/p>\n<p data-start=\"377\" data-end=\"531\"><img decoding=\"async\" class=\"alignnone wp-image-15224\" src=\"https:\/\/combi-pro.com\/wp-content\/uploads\/2025\/04\/icon-water.png\" alt=\"\" width=\"40\" height=\"40\" srcset=\"https:\/\/combi-pro.com\/wp-content\/uploads\/2025\/04\/icon-water.png 134w, https:\/\/combi-pro.com\/wp-content\/uploads\/2025\/04\/icon-water-100x100.png 100w, https:\/\/combi-pro.com\/wp-content\/uploads\/2025\/04\/icon-water-64x64.png 64w, https:\/\/combi-pro.com\/wp-content\/uploads\/2025\/04\/icon-water-12x12.png 12w\" sizes=\"(max-width: 40px) 100vw, 40px\" \/> <img decoding=\"async\" class=\"alignnone wp-image-15520\" src=\"https:\/\/combi-pro.com\/wp-content\/uploads\/2024\/04\/S2.png\" alt=\"\" width=\"44\" height=\"40\" srcset=\"https:\/\/combi-pro.com\/wp-content\/uploads\/2024\/04\/S2.png 236w, https:\/\/combi-pro.com\/wp-content\/uploads\/2024\/04\/S2-64x59.png 64w, https:\/\/combi-pro.com\/wp-content\/uploads\/2024\/04\/S2-13x12.png 13w\" sizes=\"(max-width: 44px) 100vw, 44px\" \/><\/p>\n<p>&nbsp;<\/p>","protected":false},"featured_media":7191,"template":"","meta":{"site-sidebar-layout":"default","site-content-layout":"","ast-site-content-layout":"default","site-content-style":"default","site-sidebar-style":"default","ast-global-header-display":"","ast-banner-title-visibility":"","ast-main-header-display":"","ast-hfb-above-header-display":"","ast-hfb-below-header-display":"","ast-hfb-mobile-header-display":"","site-post-title":"","ast-breadcrumbs-content":"","ast-featured-img":"","footer-sml-layout":"","ast-disable-related-posts":"","theme-transparent-header-meta":"default","adv-header-id-meta":"","stick-header-meta":"","header-above-stick-meta":"","header-main-stick-meta":"","header-below-stick-meta":"","astra-migrate-meta-layouts":"set","ast-page-background-enabled":"default","ast-page-background-meta":{"desktop":{"background-color":"","background-image":"","background-repeat":"repeat","background-position":"center center","background-size":"auto","background-attachment":"scroll","background-type":"","background-media":"","overlay-type":"","overlay-color":"","overlay-opacity":"","overlay-gradient":""},"tablet":{"background-color":"","background-image":"","background-repeat":"repeat","background-position":"center center","background-size":"auto","background-attachment":"scroll","background-type":"","background-media":"","overlay-type":"","overlay-color":"","overlay-opacity":"","overlay-gradient":""},"mobile":{"background-color":"","background-image":"","background-repeat":"repeat","background-position":"center center","background-size":"auto","background-attachment":"scroll","background-type":"","background-media":"","overlay-type":"","overlay-color":"","overlay-opacity":"","overlay-gradient":""}},"ast-content-background-meta":{"desktop":{"background-color":"var(--ast-global-color-5)","background-image":"","background-repeat":"repeat","background-position":"center center","background-size":"auto","background-attachment":"scroll","background-type":"","background-media":"","overlay-type":"","overlay-color":"","overlay-opacity":"","overlay-gradient":""},"tablet":{"background-color":"var(--ast-global-color-5)","background-image":"","background-repeat":"repeat","background-position":"center center","background-size":"auto","background-attachment":"scroll","background-type":"","background-media":"","overlay-type":"","overlay-color":"","overlay-opacity":"","overlay-gradient":""},"mobile":{"background-color":"var(--ast-global-color-5)","background-image":"","background-repeat":"repeat","background-position":"center center","background-size":"auto","background-attachment":"scroll","background-type":"","background-media":"","overlay-type":"","overlay-color":"","overlay-opacity":"","overlay-gradient":""}}},"product_brand":[443],"product_cat":[41,75],"product_tag":[],"class_list":{"0":"post-7189","1":"product","2":"type-product","3":"status-publish","4":"has-post-thumbnail","6":"product_brand-vpro","7":"product_cat-calzado-de-seguridad","8":"product_cat-calzado-industria-alimentaria","9":"desktop-align-center","10":"tablet-align-left","11":"mobile-align-left","13":"first","14":"instock","15":"taxable","16":"shipping-taxable","17":"purchasable","18":"product-type-variable","19":"has-default-attributes"},"_links":{"self":[{"href":"https:\/\/combi-pro.com\/fr\/wp-json\/wp\/v2\/product\/7189","targetHints":{"allow":["GET"]}}],"collection":[{"href":"https:\/\/combi-pro.com\/fr\/wp-json\/wp\/v2\/product"}],"about":[{"href":"https:\/\/combi-pro.com\/fr\/wp-json\/wp\/v2\/types\/product"}],"wp:featuredmedia":[{"embeddable":true,"href":"https:\/\/combi-pro.com\/fr\/wp-json\/wp\/v2\/media\/7191"}],"wp:attachment":[{"href":"https:\/\/combi-pro.com\/fr\/wp-json\/wp\/v2\/media?parent=7189"}],"wp:term":[{"taxonomy":"product_brand","embeddable":true,"href":"https:\/\/combi-pro.com\/fr\/wp-json\/wp\/v2\/product_brand?post=7189"},{"taxonomy":"product_cat","embeddable":true,"href":"https:\/\/combi-pro.com\/fr\/wp-json\/wp\/v2\/product_cat?post=7189"},{"taxonomy":"product_tag","embeddable":true,"href":"https:\/\/combi-pro.com\/fr\/wp-json\/wp\/v2\/product_tag?post=7189"}],"curies":[{"name":"wp","href":"https:\/\/api.w.org\/{rel}","templated":true}]}}