{"id":7216,"date":"2024-05-04T12:48:42","date_gmt":"2024-05-04T10:48:42","guid":{"rendered":"https:\/\/combi-pro.com\/?post_type=product&#038;p=7216"},"modified":"2026-05-13T16:41:56","modified_gmt":"2026-05-13T14:41:56","slug":"707002-metal-free-s1p-src-shoe","status":"publish","type":"product","link":"https:\/\/combi-pro.com\/fr\/boutique\/707002-metal-free-s1p-src-shoe\/","title":{"rendered":"Chaussures de s\u00e9curit\u00e9 S1P en cro\u00fbte de cuir et toile 707002 | VPRO"},"content":{"rendered":"<div class=\"data item\" role=\"tablist\">\n<div id=\"tab-label-description\" class=\"data item title active\" tabindex=\"0\" role=\"tab\" data-role=\"collapsible\" data-collapsible=\"true\" aria-controls=\"description\" aria-selected=\"false\" aria-expanded=\"true\">\n<p data-start=\"1314\" data-end=\"1350\"><strong data-start=\"1321\" data-end=\"1350\">Caract\u00e9ristiques techniques :<\/strong><\/p>\n<ul>\n<li data-start=\"1353\" data-end=\"1391\">Norme : EN ISO 20345:2011 S1P<\/li>\n<li data-start=\"1394\" data-end=\"1451\">Embout : Composite (sans m\u00e9tal), r\u00e9sistant \u00e0 200 J<\/li>\n<li data-start=\"1454\" data-end=\"1514\">Semelle anti-perforation : textile, r\u00e9sistant \u00e0 1100 N<\/li>\n<li data-start=\"1517\" data-end=\"1573\">Dessus : Toile textile + cro\u00fbte de cuir r\u00e9sistante<\/li>\n<li data-start=\"1576\" data-end=\"1616\">Doublure int\u00e9rieure : Maille respirante<\/li>\n<li data-start=\"1619\" data-end=\"1661\">Semelle ext\u00e9rieure : polyur\u00e9thane double densit\u00e9<\/li>\n<li data-start=\"1664\" data-end=\"1702\">Absorption de l'\u00e9nergie au niveau du talon<\/li>\n<li data-start=\"1705\" data-end=\"1736\">Propri\u00e9t\u00e9s antistatiques<\/li>\n<li data-start=\"1739\" data-end=\"1770\">Conception sans pi\u00e8ces m\u00e9talliques<\/li>\n<\/ul>\n<p><strong data-start=\"1783\" data-end=\"1808\">Recommandation d'utilisation :<\/strong><\/p>\n<ul>\n<li>Parfaites pour les professionnels de l'industrie, de la construction l\u00e9g\u00e8re ou de la logistique qui ont besoin d'une chaussure robuste, l\u00e9g\u00e8re et sans m\u00e9tal, id\u00e9ale pour les zones \u00e9quip\u00e9es de d\u00e9tecteurs.<\/li>\n<\/ul>\n<\/div>\n<\/div>","protected":false},"excerpt":{"rendered":"<p class=\"\" data-start=\"334\" data-end=\"475\">Chaussures de s\u00e9curit\u00e9 S1P sans m\u00e9tal, avec embout en composite, semelle int\u00e9rieure en textile, tige en toile et cro\u00fbte de cuir, semelle en PU et propri\u00e9t\u00e9s antistatiques.<\/p>\n<p class=\"\" data-start=\"334\" data-end=\"475\">.<img decoding=\"async\" class=\"alignnone wp-image-15500\" src=\"https:\/\/combi-pro.com\/wp-content\/uploads\/2024\/05\/METAL-FREE-300x300.png\" alt=\"\" width=\"40\" height=\"40\" srcset=\"https:\/\/combi-pro.com\/wp-content\/uploads\/2024\/05\/METAL-FREE-300x300.png 300w, https:\/\/combi-pro.com\/wp-content\/uploads\/2024\/05\/METAL-FREE-450x450.png 450w, https:\/\/combi-pro.com\/wp-content\/uploads\/2024\/05\/METAL-FREE-100x100.png 100w, https:\/\/combi-pro.com\/wp-content\/uploads\/2024\/05\/METAL-FREE-64x64.png 64w, https:\/\/combi-pro.com\/wp-content\/uploads\/2024\/05\/METAL-FREE-150x150.png 150w, https:\/\/combi-pro.com\/wp-content\/uploads\/2024\/05\/METAL-FREE-12x12.png 12w, https:\/\/combi-pro.com\/wp-content\/uploads\/2024\/05\/METAL-FREE.png 510w\" sizes=\"(max-width: 40px) 100vw, 40px\" \/> <img decoding=\"async\" class=\"alignnone wp-image-15501\" src=\"https:\/\/combi-pro.com\/wp-content\/uploads\/2024\/05\/S1P-300x182.png\" alt=\"\" width=\"66\" height=\"40\" srcset=\"https:\/\/combi-pro.com\/wp-content\/uploads\/2024\/05\/S1P-300x182.png 300w, https:\/\/combi-pro.com\/wp-content\/uploads\/2024\/05\/S1P-64x39.png 64w, https:\/\/combi-pro.com\/wp-content\/uploads\/2024\/05\/S1P-18x12.png 18w, https:\/\/combi-pro.com\/wp-content\/uploads\/2024\/05\/S1P.png 356w\" sizes=\"(max-width: 66px) 100vw, 66px\" \/><\/p>\n<div class=\"rocket-product-list-pictogram pictograms-attr-marketing_icons\">\n<p>&nbsp;<\/p>\n<\/div>","protected":false},"featured_media":7218,"template":"","meta":{"site-sidebar-layout":"default","site-content-layout":"","ast-site-content-layout":"default","site-content-style":"default","site-sidebar-style":"default","ast-global-header-display":"","ast-banner-title-visibility":"","ast-main-header-display":"","ast-hfb-above-header-display":"","ast-hfb-below-header-display":"","ast-hfb-mobile-header-display":"","site-post-title":"","ast-breadcrumbs-content":"","ast-featured-img":"","footer-sml-layout":"","ast-disable-related-posts":"","theme-transparent-header-meta":"default","adv-header-id-meta":"","stick-header-meta":"","header-above-stick-meta":"","header-main-stick-meta":"","header-below-stick-meta":"","astra-migrate-meta-layouts":"set","ast-page-background-enabled":"default","ast-page-background-meta":{"desktop":{"background-color":"","background-image":"","background-repeat":"repeat","background-position":"center center","background-size":"auto","background-attachment":"scroll","background-type":"","background-media":"","overlay-type":"","overlay-color":"","overlay-opacity":"","overlay-gradient":""},"tablet":{"background-color":"","background-image":"","background-repeat":"repeat","background-position":"center center","background-size":"auto","background-attachment":"scroll","background-type":"","background-media":"","overlay-type":"","overlay-color":"","overlay-opacity":"","overlay-gradient":""},"mobile":{"background-color":"","background-image":"","background-repeat":"repeat","background-position":"center center","background-size":"auto","background-attachment":"scroll","background-type":"","background-media":"","overlay-type":"","overlay-color":"","overlay-opacity":"","overlay-gradient":""}},"ast-content-background-meta":{"desktop":{"background-color":"var(--ast-global-color-5)","background-image":"","background-repeat":"repeat","background-position":"center center","background-size":"auto","background-attachment":"scroll","background-type":"","background-media":"","overlay-type":"","overlay-color":"","overlay-opacity":"","overlay-gradient":""},"tablet":{"background-color":"var(--ast-global-color-5)","background-image":"","background-repeat":"repeat","background-position":"center center","background-size":"auto","background-attachment":"scroll","background-type":"","background-media":"","overlay-type":"","overlay-color":"","overlay-opacity":"","overlay-gradient":""},"mobile":{"background-color":"var(--ast-global-color-5)","background-image":"","background-repeat":"repeat","background-position":"center center","background-size":"auto","background-attachment":"scroll","background-type":"","background-media":"","overlay-type":"","overlay-color":"","overlay-opacity":"","overlay-gradient":""}}},"product_brand":[443],"product_cat":[41,73],"product_tag":[],"class_list":{"0":"post-7216","1":"product","2":"type-product","3":"status-publish","4":"has-post-thumbnail","6":"product_brand-vpro","7":"product_cat-calzado-de-seguridad","8":"product_cat-calzado-industria","9":"desktop-align-center","10":"tablet-align-left","11":"mobile-align-left","13":"first","14":"instock","15":"taxable","16":"shipping-taxable","17":"purchasable","18":"product-type-variable","19":"has-default-attributes"},"_links":{"self":[{"href":"https:\/\/combi-pro.com\/fr\/wp-json\/wp\/v2\/product\/7216","targetHints":{"allow":["GET"]}}],"collection":[{"href":"https:\/\/combi-pro.com\/fr\/wp-json\/wp\/v2\/product"}],"about":[{"href":"https:\/\/combi-pro.com\/fr\/wp-json\/wp\/v2\/types\/product"}],"wp:featuredmedia":[{"embeddable":true,"href":"https:\/\/combi-pro.com\/fr\/wp-json\/wp\/v2\/media\/7218"}],"wp:attachment":[{"href":"https:\/\/combi-pro.com\/fr\/wp-json\/wp\/v2\/media?parent=7216"}],"wp:term":[{"taxonomy":"product_brand","embeddable":true,"href":"https:\/\/combi-pro.com\/fr\/wp-json\/wp\/v2\/product_brand?post=7216"},{"taxonomy":"product_cat","embeddable":true,"href":"https:\/\/combi-pro.com\/fr\/wp-json\/wp\/v2\/product_cat?post=7216"},{"taxonomy":"product_tag","embeddable":true,"href":"https:\/\/combi-pro.com\/fr\/wp-json\/wp\/v2\/product_tag?post=7216"}],"curies":[{"name":"wp","href":"https:\/\/api.w.org\/{rel}","templated":true}]}}