{"id":7232,"date":"2024-05-04T13:00:58","date_gmt":"2024-05-04T11:00:58","guid":{"rendered":"https:\/\/combi-pro.com\/?post_type=product&#038;p=7232"},"modified":"2026-05-13T16:42:12","modified_gmt":"2026-05-13T14:42:12","slug":"707003g-shoe-s1p-esd-src-metal-free","status":"publish","type":"product","link":"https:\/\/combi-pro.com\/fr\/boutique\/707003g-shoe-s1p-esd-src-metal-free\/","title":{"rendered":"Chaussures de s\u00e9curit\u00e9 S1P ESD sans m\u00e9tal 707003G - VPRO"},"content":{"rendered":"<div class=\"data item\" role=\"tablist\">\n<div id=\"tab-label-description\" class=\"data item title active\" tabindex=\"0\" role=\"tab\" data-role=\"collapsible\" data-collapsible=\"true\" aria-controls=\"description\" aria-selected=\"false\" aria-expanded=\"true\">\n<p data-start=\"1433\" data-end=\"1468\"><strong data-start=\"1439\" data-end=\"1468\">Caract\u00e9ristiques techniques :<\/strong><\/p>\n<ul>\n<li data-start=\"1472\" data-end=\"1514\">Norme : EN ISO 20345:2011 S1P ESD<\/li>\n<li data-start=\"1517\" data-end=\"1571\">Embout : composite sans m\u00e9tal, r\u00e9sistant \u00e0 200 J<\/li>\n<li data-start=\"1574\" data-end=\"1643\">Semelle anti-perforation : Mat\u00e9riau textile, r\u00e9sistant \u00e0 1100 N<\/li>\n<li data-start=\"1646\" data-end=\"1697\">Dessus \/ Cou-de-pied : Maille respirante + cro\u00fbte de cuir<\/li>\n<li data-start=\"1700\" data-end=\"1740\">Doublure int\u00e9rieure : Maille respirante<\/li>\n<li data-start=\"1743\" data-end=\"1794\">Semelle int\u00e9rieure : nouvelle semelle int\u00e9rieure amovible<\/li>\n<li data-start=\"1797\" data-end=\"1839\">Semelle ext\u00e9rieure : polyur\u00e9thane double densit\u00e9<\/li>\n<li data-start=\"1842\" data-end=\"1880\">Absorption de l'\u00e9nergie au niveau du talon<\/li>\n<li data-start=\"1883\" data-end=\"1914\">Propri\u00e9t\u00e9s antistatiques<\/li>\n<li data-start=\"1917\" data-end=\"1940\">Certification ESD<\/li>\n<li data-start=\"1943\" data-end=\"1974\">Sans m\u00e9tal<\/li>\n<\/ul>\n<p data-start=\"1981\" data-end=\"2013\"><strong data-start=\"1986\" data-end=\"2011\">Recommandation d'utilisation :<\/strong><\/p>\n<ul>\n<li data-start=\"2014\" data-end=\"2166\">Id\u00e9al pour la logistique, la maintenance, l'entreposage ou le travail industriel l\u00e9ger, o\u00f9 la s\u00e9curit\u00e9, le confort et une bonne ventilation des pieds sont n\u00e9cessaires.<\/li>\n<\/ul>\n<\/div>\n<\/div>","protected":false},"excerpt":{"rendered":"<div class=\"rocket-product-list-pictogram pictograms-attr-marketing_icons\">\n<p class=\"\" data-start=\"348\" data-end=\"503\">Chaussure de s\u00e9curit\u00e9 S1P ESD, sans m\u00e9tal, avec embout en composite, semelle int\u00e9rieure en textile, tige en maille + cro\u00fbte de cuir et semelle en PU double densit\u00e9. Respirante et confortable.<\/p>\n<p data-start=\"617\" data-end=\"777\"><img decoding=\"async\" class=\"alignnone wp-image-15504\" src=\"https:\/\/combi-pro.com\/wp-content\/uploads\/2024\/05\/ESD-300x300.png\" alt=\"\" width=\"40\" height=\"40\" srcset=\"https:\/\/combi-pro.com\/wp-content\/uploads\/2024\/05\/ESD-300x300.png 300w, https:\/\/combi-pro.com\/wp-content\/uploads\/2024\/05\/ESD-450x450.png 450w, https:\/\/combi-pro.com\/wp-content\/uploads\/2024\/05\/ESD-100x100.png 100w, https:\/\/combi-pro.com\/wp-content\/uploads\/2024\/05\/ESD-64x64.png 64w, https:\/\/combi-pro.com\/wp-content\/uploads\/2024\/05\/ESD-150x150.png 150w, https:\/\/combi-pro.com\/wp-content\/uploads\/2024\/05\/ESD-12x12.png 12w, https:\/\/combi-pro.com\/wp-content\/uploads\/2024\/05\/ESD.png 456w\" sizes=\"(max-width: 40px) 100vw, 40px\" \/> <img decoding=\"async\" class=\"alignnone wp-image-15500\" src=\"https:\/\/combi-pro.com\/wp-content\/uploads\/2024\/05\/METAL-FREE-300x300.png\" alt=\"\" width=\"40\" height=\"40\" srcset=\"https:\/\/combi-pro.com\/wp-content\/uploads\/2024\/05\/METAL-FREE-300x300.png 300w, https:\/\/combi-pro.com\/wp-content\/uploads\/2024\/05\/METAL-FREE-450x450.png 450w, https:\/\/combi-pro.com\/wp-content\/uploads\/2024\/05\/METAL-FREE-100x100.png 100w, https:\/\/combi-pro.com\/wp-content\/uploads\/2024\/05\/METAL-FREE-64x64.png 64w, https:\/\/combi-pro.com\/wp-content\/uploads\/2024\/05\/METAL-FREE-150x150.png 150w, https:\/\/combi-pro.com\/wp-content\/uploads\/2024\/05\/METAL-FREE-12x12.png 12w, https:\/\/combi-pro.com\/wp-content\/uploads\/2024\/05\/METAL-FREE.png 510w\" sizes=\"(max-width: 40px) 100vw, 40px\" \/> <img decoding=\"async\" class=\"alignnone wp-image-15501\" src=\"https:\/\/combi-pro.com\/wp-content\/uploads\/2024\/05\/S1P-300x182.png\" alt=\"\" width=\"66\" height=\"40\" srcset=\"https:\/\/combi-pro.com\/wp-content\/uploads\/2024\/05\/S1P-300x182.png 300w, https:\/\/combi-pro.com\/wp-content\/uploads\/2024\/05\/S1P-64x39.png 64w, https:\/\/combi-pro.com\/wp-content\/uploads\/2024\/05\/S1P-18x12.png 18w, https:\/\/combi-pro.com\/wp-content\/uploads\/2024\/05\/S1P.png 356w\" sizes=\"(max-width: 66px) 100vw, 66px\" \/><\/p>\n<div class=\"product-add-form\">\n<form id=\"product_addtocart_form\" action=\"https:\/\/www.velilla-group.com\/es\/checkout\/cart\/add\/uenc\/aHR0cHM6Ly93d3cudmVsaWxsYS1ncm91cC5jb20vZXMvemFwYXRvLXMxcC1lc2Qtc3JjLW1ldGFsLWZyZWUtNzA3MDAzYg%2C%2C\/product\/74303\/\" method=\"post\" novalidate=\"novalidate\" data-product-sku=\"707003B\">\n<div id=\"product-options-wrapper\" class=\"product-options-wrapper\">\n<div class=\"fieldset\" tabindex=\"0\">\n<div class=\"swatch-opt\" data-role=\"swatch-options\" data-rendered=\"true\"><\/div>\n<\/div>\n<\/div>\n<\/form>\n<\/div>\n<\/div>","protected":false},"featured_media":7234,"template":"","meta":{"site-sidebar-layout":"default","site-content-layout":"","ast-site-content-layout":"default","site-content-style":"default","site-sidebar-style":"default","ast-global-header-display":"","ast-banner-title-visibility":"","ast-main-header-display":"","ast-hfb-above-header-display":"","ast-hfb-below-header-display":"","ast-hfb-mobile-header-display":"","site-post-title":"","ast-breadcrumbs-content":"","ast-featured-img":"","footer-sml-layout":"","ast-disable-related-posts":"","theme-transparent-header-meta":"default","adv-header-id-meta":"","stick-header-meta":"","header-above-stick-meta":"","header-main-stick-meta":"","header-below-stick-meta":"","astra-migrate-meta-layouts":"set","ast-page-background-enabled":"default","ast-page-background-meta":{"desktop":{"background-color":"","background-image":"","background-repeat":"repeat","background-position":"center center","background-size":"auto","background-attachment":"scroll","background-type":"","background-media":"","overlay-type":"","overlay-color":"","overlay-opacity":"","overlay-gradient":""},"tablet":{"background-color":"","background-image":"","background-repeat":"repeat","background-position":"center center","background-size":"auto","background-attachment":"scroll","background-type":"","background-media":"","overlay-type":"","overlay-color":"","overlay-opacity":"","overlay-gradient":""},"mobile":{"background-color":"","background-image":"","background-repeat":"repeat","background-position":"center center","background-size":"auto","background-attachment":"scroll","background-type":"","background-media":"","overlay-type":"","overlay-color":"","overlay-opacity":"","overlay-gradient":""}},"ast-content-background-meta":{"desktop":{"background-color":"var(--ast-global-color-5)","background-image":"","background-repeat":"repeat","background-position":"center center","background-size":"auto","background-attachment":"scroll","background-type":"","background-media":"","overlay-type":"","overlay-color":"","overlay-opacity":"","overlay-gradient":""},"tablet":{"background-color":"var(--ast-global-color-5)","background-image":"","background-repeat":"repeat","background-position":"center center","background-size":"auto","background-attachment":"scroll","background-type":"","background-media":"","overlay-type":"","overlay-color":"","overlay-opacity":"","overlay-gradient":""},"mobile":{"background-color":"var(--ast-global-color-5)","background-image":"","background-repeat":"repeat","background-position":"center center","background-size":"auto","background-attachment":"scroll","background-type":"","background-media":"","overlay-type":"","overlay-color":"","overlay-opacity":"","overlay-gradient":""}}},"product_brand":[443],"product_cat":[41,73],"product_tag":[],"class_list":{"0":"post-7232","1":"product","2":"type-product","3":"status-publish","4":"has-post-thumbnail","6":"product_brand-vpro","7":"product_cat-calzado-de-seguridad","8":"product_cat-calzado-industria","9":"desktop-align-center","10":"tablet-align-left","11":"mobile-align-left","13":"first","14":"instock","15":"taxable","16":"shipping-taxable","17":"purchasable","18":"product-type-variable","19":"has-default-attributes"},"_links":{"self":[{"href":"https:\/\/combi-pro.com\/fr\/wp-json\/wp\/v2\/product\/7232","targetHints":{"allow":["GET"]}}],"collection":[{"href":"https:\/\/combi-pro.com\/fr\/wp-json\/wp\/v2\/product"}],"about":[{"href":"https:\/\/combi-pro.com\/fr\/wp-json\/wp\/v2\/types\/product"}],"wp:featuredmedia":[{"embeddable":true,"href":"https:\/\/combi-pro.com\/fr\/wp-json\/wp\/v2\/media\/7234"}],"wp:attachment":[{"href":"https:\/\/combi-pro.com\/fr\/wp-json\/wp\/v2\/media?parent=7232"}],"wp:term":[{"taxonomy":"product_brand","embeddable":true,"href":"https:\/\/combi-pro.com\/fr\/wp-json\/wp\/v2\/product_brand?post=7232"},{"taxonomy":"product_cat","embeddable":true,"href":"https:\/\/combi-pro.com\/fr\/wp-json\/wp\/v2\/product_cat?post=7232"},{"taxonomy":"product_tag","embeddable":true,"href":"https:\/\/combi-pro.com\/fr\/wp-json\/wp\/v2\/product_tag?post=7232"}],"curies":[{"name":"wp","href":"https:\/\/api.w.org\/{rel}","templated":true}]}}