{"id":7237,"date":"2024-05-04T13:06:46","date_gmt":"2024-05-04T11:06:46","guid":{"rendered":"https:\/\/combi-pro.com\/?post_type=product&#038;p=7237"},"modified":"2026-04-13T20:07:44","modified_gmt":"2026-04-13T18:07:44","slug":"707004c-shoe-s1p-esd-src-metal-free","status":"publish","type":"product","link":"https:\/\/combi-pro.com\/fr\/boutique\/707004c-shoe-s1p-esd-src-metal-free\/","title":{"rendered":"Chaussures de s\u00e9curit\u00e9 S1P ESD 707004C | VPRO"},"content":{"rendered":"<div class=\"data item\" role=\"tablist\">\n<div id=\"tab-label-description\" class=\"data item title active\" tabindex=\"0\" role=\"tab\" data-role=\"collapsible\" data-collapsible=\"true\" aria-controls=\"description\" aria-selected=\"false\" aria-expanded=\"true\">\n<p data-start=\"1493\" data-end=\"1528\"><strong data-start=\"1499\" data-end=\"1528\">Caract\u00e9ristiques techniques :<\/strong><\/p>\n<ul>\n<li data-start=\"1532\" data-end=\"1574\">Norme : EN ISO 20345:2011 S1P ESD<\/li>\n<li data-start=\"1577\" data-end=\"1631\">Embout : composite sans m\u00e9tal, r\u00e9sistant \u00e0 200 J<\/li>\n<li data-start=\"1634\" data-end=\"1694\">Semelle anti-perforation : textile, r\u00e9sistant \u00e0 1100 N<\/li>\n<li data-start=\"1697\" data-end=\"1727\">Dessus \/ tige : Cuir fendu<\/li>\n<li data-start=\"1730\" data-end=\"1780\">Col rembourr\u00e9 : textile haute t\u00e9nacit\u00e9<\/li>\n<li data-start=\"1783\" data-end=\"1823\">Doublure int\u00e9rieure : Maille respirante<\/li>\n<li data-start=\"1826\" data-end=\"1877\">Semelle int\u00e9rieure : nouvelle semelle int\u00e9rieure amovible<\/li>\n<li data-start=\"1880\" data-end=\"1922\">Semelle ext\u00e9rieure : polyur\u00e9thane double densit\u00e9<\/li>\n<li data-start=\"1925\" data-end=\"1963\">Absorption de l'\u00e9nergie au niveau du talon<\/li>\n<li data-start=\"1966\" data-end=\"1997\">Propri\u00e9t\u00e9s antistatiques<\/li>\n<li data-start=\"2000\" data-end=\"2023\">Certification ESD<\/li>\n<li data-start=\"2026\" data-end=\"2057\">Sans m\u00e9tal<\/li>\n<\/ul>\n<p data-start=\"2064\" data-end=\"2096\"><strong data-start=\"2069\" data-end=\"2094\">Recommandation d'utilisation :<\/strong><\/p>\n<ul>\n<li data-start=\"2097\" data-end=\"2265\">Recommand\u00e9 pour le travail dans la logistique, l'entreposage, la maintenance ou l'industrie l\u00e9g\u00e8re, o\u00f9 la protection z\u00e9ro m\u00e9tal, le confort et une grande durabilit\u00e9 sont requis.<\/li>\n<\/ul>\n<\/div>\n<\/div>","protected":false},"excerpt":{"rendered":"<p class=\"\" data-start=\"504\" data-end=\"712\">Chaussure de s\u00e9curit\u00e9 S1P ESD sans m\u00e9tal avec embout en composite, semelle int\u00e9rieure en textile, tige en cro\u00fbte de cuir, col rembourr\u00e9 et semelle en PU double densit\u00e9.<\/p>\n<p data-start=\"504\" data-end=\"712\"><img decoding=\"async\" class=\"alignnone wp-image-15504\" src=\"https:\/\/combi-pro.com\/wp-content\/uploads\/2024\/05\/ESD-300x300.png\" alt=\"\" width=\"40\" height=\"40\" srcset=\"https:\/\/combi-pro.com\/wp-content\/uploads\/2024\/05\/ESD-300x300.png 300w, https:\/\/combi-pro.com\/wp-content\/uploads\/2024\/05\/ESD-450x450.png 450w, https:\/\/combi-pro.com\/wp-content\/uploads\/2024\/05\/ESD-100x100.png 100w, https:\/\/combi-pro.com\/wp-content\/uploads\/2024\/05\/ESD-64x64.png 64w, https:\/\/combi-pro.com\/wp-content\/uploads\/2024\/05\/ESD-150x150.png 150w, https:\/\/combi-pro.com\/wp-content\/uploads\/2024\/05\/ESD-12x12.png 12w, https:\/\/combi-pro.com\/wp-content\/uploads\/2024\/05\/ESD.png 456w\" sizes=\"(max-width: 40px) 100vw, 40px\" \/> <img decoding=\"async\" class=\"alignnone wp-image-15500\" src=\"https:\/\/combi-pro.com\/wp-content\/uploads\/2024\/05\/METAL-FREE-300x300.png\" alt=\"\" width=\"40\" height=\"40\" srcset=\"https:\/\/combi-pro.com\/wp-content\/uploads\/2024\/05\/METAL-FREE-300x300.png 300w, https:\/\/combi-pro.com\/wp-content\/uploads\/2024\/05\/METAL-FREE-450x450.png 450w, https:\/\/combi-pro.com\/wp-content\/uploads\/2024\/05\/METAL-FREE-100x100.png 100w, https:\/\/combi-pro.com\/wp-content\/uploads\/2024\/05\/METAL-FREE-64x64.png 64w, https:\/\/combi-pro.com\/wp-content\/uploads\/2024\/05\/METAL-FREE-150x150.png 150w, https:\/\/combi-pro.com\/wp-content\/uploads\/2024\/05\/METAL-FREE-12x12.png 12w, https:\/\/combi-pro.com\/wp-content\/uploads\/2024\/05\/METAL-FREE.png 510w\" sizes=\"(max-width: 40px) 100vw, 40px\" \/> <img decoding=\"async\" class=\"alignnone wp-image-15501\" src=\"https:\/\/combi-pro.com\/wp-content\/uploads\/2024\/05\/S1P-300x182.png\" alt=\"\" width=\"66\" height=\"40\" srcset=\"https:\/\/combi-pro.com\/wp-content\/uploads\/2024\/05\/S1P-300x182.png 300w, https:\/\/combi-pro.com\/wp-content\/uploads\/2024\/05\/S1P-64x39.png 64w, https:\/\/combi-pro.com\/wp-content\/uploads\/2024\/05\/S1P-18x12.png 18w, https:\/\/combi-pro.com\/wp-content\/uploads\/2024\/05\/S1P.png 356w\" sizes=\"(max-width: 66px) 100vw, 66px\" \/><\/p>","protected":false},"featured_media":7239,"template":"","meta":{"site-sidebar-layout":"default","site-content-layout":"","ast-site-content-layout":"default","site-content-style":"default","site-sidebar-style":"default","ast-global-header-display":"","ast-banner-title-visibility":"","ast-main-header-display":"","ast-hfb-above-header-display":"","ast-hfb-below-header-display":"","ast-hfb-mobile-header-display":"","site-post-title":"","ast-breadcrumbs-content":"","ast-featured-img":"","footer-sml-layout":"","ast-disable-related-posts":"","theme-transparent-header-meta":"default","adv-header-id-meta":"","stick-header-meta":"","header-above-stick-meta":"","header-main-stick-meta":"","header-below-stick-meta":"","astra-migrate-meta-layouts":"set","ast-page-background-enabled":"default","ast-page-background-meta":{"desktop":{"background-color":"","background-image":"","background-repeat":"repeat","background-position":"center center","background-size":"auto","background-attachment":"scroll","background-type":"","background-media":"","overlay-type":"","overlay-color":"","overlay-opacity":"","overlay-gradient":""},"tablet":{"background-color":"","background-image":"","background-repeat":"repeat","background-position":"center center","background-size":"auto","background-attachment":"scroll","background-type":"","background-media":"","overlay-type":"","overlay-color":"","overlay-opacity":"","overlay-gradient":""},"mobile":{"background-color":"","background-image":"","background-repeat":"repeat","background-position":"center center","background-size":"auto","background-attachment":"scroll","background-type":"","background-media":"","overlay-type":"","overlay-color":"","overlay-opacity":"","overlay-gradient":""}},"ast-content-background-meta":{"desktop":{"background-color":"var(--ast-global-color-5)","background-image":"","background-repeat":"repeat","background-position":"center center","background-size":"auto","background-attachment":"scroll","background-type":"","background-media":"","overlay-type":"","overlay-color":"","overlay-opacity":"","overlay-gradient":""},"tablet":{"background-color":"var(--ast-global-color-5)","background-image":"","background-repeat":"repeat","background-position":"center center","background-size":"auto","background-attachment":"scroll","background-type":"","background-media":"","overlay-type":"","overlay-color":"","overlay-opacity":"","overlay-gradient":""},"mobile":{"background-color":"var(--ast-global-color-5)","background-image":"","background-repeat":"repeat","background-position":"center center","background-size":"auto","background-attachment":"scroll","background-type":"","background-media":"","overlay-type":"","overlay-color":"","overlay-opacity":"","overlay-gradient":""}}},"product_brand":[443],"product_cat":[41,73],"product_tag":[],"class_list":{"0":"post-7237","1":"product","2":"type-product","3":"status-publish","4":"has-post-thumbnail","6":"product_brand-vpro","7":"product_cat-calzado-de-seguridad","8":"product_cat-calzado-industria","9":"desktop-align-center","10":"tablet-align-left","11":"mobile-align-left","13":"first","14":"outofstock","15":"taxable","16":"shipping-taxable","17":"purchasable","18":"product-type-variable","19":"has-default-attributes"},"_links":{"self":[{"href":"https:\/\/combi-pro.com\/fr\/wp-json\/wp\/v2\/product\/7237","targetHints":{"allow":["GET"]}}],"collection":[{"href":"https:\/\/combi-pro.com\/fr\/wp-json\/wp\/v2\/product"}],"about":[{"href":"https:\/\/combi-pro.com\/fr\/wp-json\/wp\/v2\/types\/product"}],"wp:featuredmedia":[{"embeddable":true,"href":"https:\/\/combi-pro.com\/fr\/wp-json\/wp\/v2\/media\/7239"}],"wp:attachment":[{"href":"https:\/\/combi-pro.com\/fr\/wp-json\/wp\/v2\/media?parent=7237"}],"wp:term":[{"taxonomy":"product_brand","embeddable":true,"href":"https:\/\/combi-pro.com\/fr\/wp-json\/wp\/v2\/product_brand?post=7237"},{"taxonomy":"product_cat","embeddable":true,"href":"https:\/\/combi-pro.com\/fr\/wp-json\/wp\/v2\/product_cat?post=7237"},{"taxonomy":"product_tag","embeddable":true,"href":"https:\/\/combi-pro.com\/fr\/wp-json\/wp\/v2\/product_tag?post=7237"}],"curies":[{"name":"wp","href":"https:\/\/api.w.org\/{rel}","templated":true}]}}