{"id":7269,"date":"2024-05-04T21:15:47","date_gmt":"2024-05-04T19:15:47","guid":{"rendered":"https:\/\/combi-pro.com\/?post_type=product&#038;p=7269"},"modified":"2026-03-10T00:59:32","modified_gmt":"2026-03-09T23:59:32","slug":"535206s-camisole-pyjama-stretch","status":"publish","type":"product","link":"https:\/\/combi-pro.com\/fr\/boutique\/535206s-camisole-pyjama-stretch\/","title":{"rendered":"Chemise de nuit \u00e0 manches courtes avec tissu extensible 535206S | VELILLA"},"content":{"rendered":"<div class=\"data item\" role=\"tablist\">\n<div id=\"tab-label-description\" class=\"data item title active\" tabindex=\"0\" role=\"tab\" data-role=\"collapsible\" data-collapsible=\"true\" aria-controls=\"description\" aria-selected=\"false\" aria-expanded=\"true\">\n<p data-start=\"1335\" data-end=\"1370\"><strong data-start=\"1341\" data-end=\"1370\">Caract\u00e9ristiques techniques :<\/strong><\/p>\n<ul>\n<li data-start=\"1374\" data-end=\"1394\">Design : unisexe<\/li>\n<li data-start=\"1397\" data-end=\"1415\">Manches : courtes<\/li>\n<li data-start=\"1418\" data-end=\"1439\">Col : Col en V<\/li>\n<li data-start=\"1442\" data-end=\"1471\">Ouvertures lat\u00e9rales : Oui<\/li>\n<li data-start=\"1474\" data-end=\"1501\">Empi\u00e8cement au dos : Oui<\/li>\n<li data-start=\"1504\" data-end=\"1536\">Coutures : Double piq\u00fbre<\/li>\n<li data-start=\"1539\" data-end=\"1555\">Poches :<\/li>\n<li data-start=\"1560\" data-end=\"1581\">1 poche poitrine<\/li>\n<li data-start=\"1586\" data-end=\"1610\">2 poches inf\u00e9rieures<\/li>\n<li data-start=\"1615\" data-end=\"1665\">1 double poche int\u00e9rieure pour t\u00e9l\u00e9phone portable et stylo<\/li>\n<li data-start=\"1668\" data-end=\"1689\">Tissu : extensible<\/li>\n<li data-start=\"1692\" data-end=\"1752\">Composition : 62% polyester - 34% coton - 4% \u00e9lasthanne<\/li>\n<li data-start=\"1755\" data-end=\"1778\">Poids : 185 g\/m\u00b2.<\/li>\n<\/ul>\n<p><strong>Gamme :<\/strong> \u00c9tirer<\/p>\n<p><strong data-start=\"1812\" data-end=\"1837\">Recommandation d'utilisation :<\/strong><\/p>\n<ul>\n<li data-start=\"1840\" data-end=\"1998\">Id\u00e9al pour les professionnels de la sant\u00e9, de la beaut\u00e9 ou du nettoyage \u00e0 la recherche d'un v\u00eatement confortable avec une grande capacit\u00e9 de stockage et des performances \u00e9lev\u00e9es en d\u00e9placement.<\/li>\n<\/ul>\n<\/div>\n<\/div>","protected":false},"excerpt":{"rendered":"<p class=\"\" data-start=\"270\" data-end=\"438\">Pyjama stretch \u00e0 manches courtes avec col en V, fentes lat\u00e9rales et poches multiples. Tissu extensible pour le confort et la libert\u00e9 de mouvement.<\/p>\n<p data-start=\"270\" data-end=\"438\"><img decoding=\"async\" class=\"alignnone wp-image-15240\" src=\"https:\/\/combi-pro.com\/wp-content\/uploads\/2025\/04\/icon-stretch.png\" alt=\"\" width=\"99\" height=\"40\" srcset=\"https:\/\/combi-pro.com\/wp-content\/uploads\/2025\/04\/icon-stretch.png 228w, https:\/\/combi-pro.com\/wp-content\/uploads\/2025\/04\/icon-stretch-64x26.png 64w, https:\/\/combi-pro.com\/wp-content\/uploads\/2025\/04\/icon-stretch-18x7.png 18w\" sizes=\"(max-width: 99px) 100vw, 99px\" \/><\/p>\n<p><strong>GUIDE DES TAILLES<\/strong><\/p>\n<p><strong><img decoding=\"async\" class=\"alignnone wp-image-17952\" src=\"https:\/\/combi-pro.com\/wp-content\/uploads\/2024\/05\/68.8-80.2-screenshot-1750625970067-300x128.png\" alt=\"\" width=\"304\" height=\"130\" srcset=\"https:\/\/combi-pro.com\/wp-content\/uploads\/2024\/05\/68.8-80.2-screenshot-1750625970067-300x128.png 300w, https:\/\/combi-pro.com\/wp-content\/uploads\/2024\/05\/68.8-80.2-screenshot-1750625970067-18x8.png 18w, https:\/\/combi-pro.com\/wp-content\/uploads\/2024\/05\/68.8-80.2-screenshot-1750625970067-64x27.png 64w, https:\/\/combi-pro.com\/wp-content\/uploads\/2024\/05\/68.8-80.2-screenshot-1750625970067.png 398w\" sizes=\"(max-width: 304px) 100vw, 304px\" \/> <img decoding=\"async\" class=\"alignnone wp-image-17696\" src=\"https:\/\/combi-pro.com\/wp-content\/uploads\/2025\/05\/screenshot-1749214923473-300x106.png\" alt=\"\" width=\"283\" height=\"100\" srcset=\"https:\/\/combi-pro.com\/wp-content\/uploads\/2025\/05\/screenshot-1749214923473-300x106.png 300w, https:\/\/combi-pro.com\/wp-content\/uploads\/2025\/05\/screenshot-1749214923473-64x23.png 64w, https:\/\/combi-pro.com\/wp-content\/uploads\/2025\/05\/screenshot-1749214923473-18x6.png 18w, https:\/\/combi-pro.com\/wp-content\/uploads\/2025\/05\/screenshot-1749214923473.png 396w\" sizes=\"(max-width: 283px) 100vw, 283px\" \/>\u00a0<\/strong><\/p>\n<div class=\"product-add-form\">\n<form id=\"product_addtocart_form\" action=\"https:\/\/www.velilla-group.com\/es\/checkout\/cart\/add\/uenc\/aHR0cHM6Ly93d3cudmVsaWxsYS1ncm91cC5jb20vZXMvY2FtaXNvbGEtcGlqYW1hLXN0cmV0Y2gtNTM1MjA2cw%2C%2C\/product\/39189\/\" method=\"post\" novalidate=\"novalidate\" data-product-sku=\"535206S\">\n<div id=\"product-options-wrapper\" class=\"product-options-wrapper\">\n<div class=\"fieldset\" tabindex=\"0\">\n<div class=\"swatch-opt\" data-role=\"swatch-options\" data-rendered=\"true\"><\/div>\n<\/div>\n<\/div>\n<\/form>\n<\/div>","protected":false},"featured_media":7303,"template":"","meta":{"site-sidebar-layout":"default","site-content-layout":"","ast-site-content-layout":"default","site-content-style":"default","site-sidebar-style":"default","ast-global-header-display":"","ast-banner-title-visibility":"","ast-main-header-display":"","ast-hfb-above-header-display":"","ast-hfb-below-header-display":"","ast-hfb-mobile-header-display":"","site-post-title":"","ast-breadcrumbs-content":"","ast-featured-img":"","footer-sml-layout":"","ast-disable-related-posts":"","theme-transparent-header-meta":"default","adv-header-id-meta":"","stick-header-meta":"","header-above-stick-meta":"","header-main-stick-meta":"","header-below-stick-meta":"","astra-migrate-meta-layouts":"set","ast-page-background-enabled":"default","ast-page-background-meta":{"desktop":{"background-color":"","background-image":"","background-repeat":"repeat","background-position":"center center","background-size":"auto","background-attachment":"scroll","background-type":"","background-media":"","overlay-type":"","overlay-color":"","overlay-opacity":"","overlay-gradient":""},"tablet":{"background-color":"","background-image":"","background-repeat":"repeat","background-position":"center center","background-size":"auto","background-attachment":"scroll","background-type":"","background-media":"","overlay-type":"","overlay-color":"","overlay-opacity":"","overlay-gradient":""},"mobile":{"background-color":"","background-image":"","background-repeat":"repeat","background-position":"center center","background-size":"auto","background-attachment":"scroll","background-type":"","background-media":"","overlay-type":"","overlay-color":"","overlay-opacity":"","overlay-gradient":""}},"ast-content-background-meta":{"desktop":{"background-color":"var(--ast-global-color-5)","background-image":"","background-repeat":"repeat","background-position":"center center","background-size":"auto","background-attachment":"scroll","background-type":"","background-media":"","overlay-type":"","overlay-color":"","overlay-opacity":"","overlay-gradient":""},"tablet":{"background-color":"var(--ast-global-color-5)","background-image":"","background-repeat":"repeat","background-position":"center center","background-size":"auto","background-attachment":"scroll","background-type":"","background-media":"","overlay-type":"","overlay-color":"","overlay-opacity":"","overlay-gradient":""},"mobile":{"background-color":"var(--ast-global-color-5)","background-image":"","background-repeat":"repeat","background-position":"center center","background-size":"auto","background-attachment":"scroll","background-type":"","background-media":"","overlay-type":"","overlay-color":"","overlay-opacity":"","overlay-gradient":""}}},"product_brand":[442],"product_cat":[132,50,71],"product_tag":[],"class_list":{"0":"post-7269","1":"product","2":"type-product","3":"status-publish","4":"has-post-thumbnail","6":"product_brand-velilla","7":"product_cat-camisolas-sanidad-y-servicios","8":"product_cat-ropa-profesional","9":"product_cat-sanidad-y-servicios","10":"desktop-align-center","11":"tablet-align-left","12":"mobile-align-left","14":"first","15":"instock","16":"taxable","17":"shipping-taxable","18":"purchasable","19":"product-type-variable","20":"has-default-attributes"},"_links":{"self":[{"href":"https:\/\/combi-pro.com\/fr\/wp-json\/wp\/v2\/product\/7269","targetHints":{"allow":["GET"]}}],"collection":[{"href":"https:\/\/combi-pro.com\/fr\/wp-json\/wp\/v2\/product"}],"about":[{"href":"https:\/\/combi-pro.com\/fr\/wp-json\/wp\/v2\/types\/product"}],"wp:featuredmedia":[{"embeddable":true,"href":"https:\/\/combi-pro.com\/fr\/wp-json\/wp\/v2\/media\/7303"}],"wp:attachment":[{"href":"https:\/\/combi-pro.com\/fr\/wp-json\/wp\/v2\/media?parent=7269"}],"wp:term":[{"taxonomy":"product_brand","embeddable":true,"href":"https:\/\/combi-pro.com\/fr\/wp-json\/wp\/v2\/product_brand?post=7269"},{"taxonomy":"product_cat","embeddable":true,"href":"https:\/\/combi-pro.com\/fr\/wp-json\/wp\/v2\/product_cat?post=7269"},{"taxonomy":"product_tag","embeddable":true,"href":"https:\/\/combi-pro.com\/fr\/wp-json\/wp\/v2\/product_tag?post=7269"}],"curies":[{"name":"wp","href":"https:\/\/api.w.org\/{rel}","templated":true}]}}