{"id":7348,"date":"2024-05-04T21:55:42","date_gmt":"2024-05-04T19:55:42","guid":{"rendered":"https:\/\/combi-pro.com\/?post_type=product&#038;p=7348"},"modified":"2026-04-13T20:08:06","modified_gmt":"2026-04-13T18:08:06","slug":"534006s-capuchon-sanitaire-extensible","status":"publish","type":"product","link":"https:\/\/combi-pro.com\/fr\/boutique\/534006s-capuchon-sanitaire-extensible\/","title":{"rendered":"Bonnet sanitaire extensible et r\u00e9glable 534006S | VELILLA"},"content":{"rendered":"<div class=\"data item\" role=\"tablist\">\n<div id=\"tab-label-description\" class=\"data item title active\" tabindex=\"0\" role=\"tab\" data-role=\"collapsible\" data-collapsible=\"true\" aria-controls=\"description\" aria-selected=\"false\" aria-expanded=\"true\">\n<p data-start=\"1297\" data-end=\"1332\"><strong data-start=\"1303\" data-end=\"1332\">Caract\u00e9ristiques techniques :<\/strong><\/p>\n<ul>\n<li data-start=\"1336\" data-end=\"1355\">Port\u00e9e : \u00c9tirement<\/li>\n<li data-start=\"1358\" data-end=\"1413\">Tissu : 62% Polyester - 34% Coton - 4% Elasthanne<\/li>\n<li data-start=\"1416\" data-end=\"1439\">Poids : 185 g\/m\u00b2.<\/li>\n<li data-start=\"1442\" data-end=\"1473\">Dos : \u00e9lastique<\/li>\n<li data-start=\"1476\" data-end=\"1500\">Ajustement : avec sangles<\/li>\n<li data-start=\"1503\" data-end=\"1531\">Taille : Taille unique<\/li>\n<li data-start=\"1534\" data-end=\"1560\">R\u00e9utilisable et lavable<\/li>\n<\/ul>\n<p data-start=\"1567\" data-end=\"1599\"><strong data-start=\"1572\" data-end=\"1597\">Recommandation d'utilisation :<\/strong><\/p>\n<ul>\n<li data-start=\"1600\" data-end=\"1759\">Id\u00e9al pour le personnel des h\u00f4pitaux, des cliniques, des salons de coiffure, des laboratoires ou des cuisines industrielles, o\u00f9 un v\u00eatement l\u00e9ger, confortable et fonctionnel est n\u00e9cessaire.<\/li>\n<\/ul>\n<\/div>\n<\/div>","protected":false},"excerpt":{"rendered":"<p class=\"\" data-start=\"309\" data-end=\"454\">Bonnet hygi\u00e9nique \u00e9lastique et r\u00e9glable avec dos et bretelles \u00e9lastiques. Fabriqu\u00e9 en tissu extensible pour plus de confort et d'adaptabilit\u00e9.<\/p>\n<p data-start=\"309\" data-end=\"454\"><img decoding=\"async\" class=\"alignnone wp-image-15240\" src=\"https:\/\/combi-pro.com\/wp-content\/uploads\/2025\/04\/icon-stretch.png\" alt=\"\" width=\"99\" height=\"40\" srcset=\"https:\/\/combi-pro.com\/wp-content\/uploads\/2025\/04\/icon-stretch.png 228w, https:\/\/combi-pro.com\/wp-content\/uploads\/2025\/04\/icon-stretch-64x26.png 64w, https:\/\/combi-pro.com\/wp-content\/uploads\/2025\/04\/icon-stretch-18x7.png 18w\" sizes=\"(max-width: 99px) 100vw, 99px\" \/><\/p>\n<p data-start=\"309\" data-end=\"454\"><strong>Mesure<\/strong>Tour de t\u00eate 62,5 cm - Hauteur 10 cm<\/p>","protected":false},"featured_media":7374,"template":"","meta":{"site-sidebar-layout":"default","site-content-layout":"","ast-site-content-layout":"default","site-content-style":"default","site-sidebar-style":"default","ast-global-header-display":"","ast-banner-title-visibility":"","ast-main-header-display":"","ast-hfb-above-header-display":"","ast-hfb-below-header-display":"","ast-hfb-mobile-header-display":"","site-post-title":"","ast-breadcrumbs-content":"","ast-featured-img":"","footer-sml-layout":"","ast-disable-related-posts":"","theme-transparent-header-meta":"default","adv-header-id-meta":"","stick-header-meta":"","header-above-stick-meta":"","header-main-stick-meta":"","header-below-stick-meta":"","astra-migrate-meta-layouts":"set","ast-page-background-enabled":"default","ast-page-background-meta":{"desktop":{"background-color":"","background-image":"","background-repeat":"repeat","background-position":"center center","background-size":"auto","background-attachment":"scroll","background-type":"","background-media":"","overlay-type":"","overlay-color":"","overlay-opacity":"","overlay-gradient":""},"tablet":{"background-color":"","background-image":"","background-repeat":"repeat","background-position":"center center","background-size":"auto","background-attachment":"scroll","background-type":"","background-media":"","overlay-type":"","overlay-color":"","overlay-opacity":"","overlay-gradient":""},"mobile":{"background-color":"","background-image":"","background-repeat":"repeat","background-position":"center center","background-size":"auto","background-attachment":"scroll","background-type":"","background-media":"","overlay-type":"","overlay-color":"","overlay-opacity":"","overlay-gradient":""}},"ast-content-background-meta":{"desktop":{"background-color":"var(--ast-global-color-5)","background-image":"","background-repeat":"repeat","background-position":"center center","background-size":"auto","background-attachment":"scroll","background-type":"","background-media":"","overlay-type":"","overlay-color":"","overlay-opacity":"","overlay-gradient":""},"tablet":{"background-color":"var(--ast-global-color-5)","background-image":"","background-repeat":"repeat","background-position":"center center","background-size":"auto","background-attachment":"scroll","background-type":"","background-media":"","overlay-type":"","overlay-color":"","overlay-opacity":"","overlay-gradient":""},"mobile":{"background-color":"var(--ast-global-color-5)","background-image":"","background-repeat":"repeat","background-position":"center center","background-size":"auto","background-attachment":"scroll","background-type":"","background-media":"","overlay-type":"","overlay-color":"","overlay-opacity":"","overlay-gradient":""}}},"product_brand":[442],"product_cat":[133,50,71],"product_tag":[],"class_list":{"0":"post-7348","1":"product","2":"type-product","3":"status-publish","4":"has-post-thumbnail","6":"product_brand-velilla","7":"product_cat-complementos-sanidad-y-servicios","8":"product_cat-ropa-profesional","9":"product_cat-sanidad-y-servicios","10":"desktop-align-center","11":"tablet-align-left","12":"mobile-align-left","14":"first","15":"instock","16":"taxable","17":"shipping-taxable","18":"purchasable","19":"product-type-variable","20":"has-default-attributes"},"_links":{"self":[{"href":"https:\/\/combi-pro.com\/fr\/wp-json\/wp\/v2\/product\/7348","targetHints":{"allow":["GET"]}}],"collection":[{"href":"https:\/\/combi-pro.com\/fr\/wp-json\/wp\/v2\/product"}],"about":[{"href":"https:\/\/combi-pro.com\/fr\/wp-json\/wp\/v2\/types\/product"}],"wp:featuredmedia":[{"embeddable":true,"href":"https:\/\/combi-pro.com\/fr\/wp-json\/wp\/v2\/media\/7374"}],"wp:attachment":[{"href":"https:\/\/combi-pro.com\/fr\/wp-json\/wp\/v2\/media?parent=7348"}],"wp:term":[{"taxonomy":"product_brand","embeddable":true,"href":"https:\/\/combi-pro.com\/fr\/wp-json\/wp\/v2\/product_brand?post=7348"},{"taxonomy":"product_cat","embeddable":true,"href":"https:\/\/combi-pro.com\/fr\/wp-json\/wp\/v2\/product_cat?post=7348"},{"taxonomy":"product_tag","embeddable":true,"href":"https:\/\/combi-pro.com\/fr\/wp-json\/wp\/v2\/product_tag?post=7348"}],"curies":[{"name":"wp","href":"https:\/\/api.w.org\/{rel}","templated":true}]}}