{"id":7390,"date":"2024-05-05T01:28:23","date_gmt":"2024-05-04T23:28:23","guid":{"rendered":"https:\/\/combi-pro.com\/?post_type=product&#038;p=7390"},"modified":"2026-04-13T20:53:12","modified_gmt":"2026-04-13T18:53:12","slug":"589-camisole-de-pyjama","status":"publish","type":"product","link":"https:\/\/combi-pro.com\/fr\/boutique\/589-camisole-de-pyjama\/","title":{"rendered":"Chemise de nuit \u00e0 manches courtes de base confortable et r\u00e9sistant 589 | VELILLA"},"content":{"rendered":"<div class=\"data item\" role=\"tablist\">\n<div id=\"tab-label-description\" class=\"data item title active\" tabindex=\"0\" role=\"tab\" data-role=\"collapsible\" data-collapsible=\"true\" aria-controls=\"description\" aria-selected=\"false\" aria-expanded=\"true\">\n<p data-start=\"1215\" data-end=\"1250\"><strong data-start=\"1221\" data-end=\"1250\">Caract\u00e9ristiques techniques :<\/strong><\/p>\n<ul>\n<li>Design : unisexe<\/li>\n<li>Manches : courtes<\/li>\n<li>Col : Col en V<\/li>\n<li>Ouvertures lat\u00e9rales : Oui<\/li>\n<li>Poches : 3 poches plaqu\u00e9es<\/li>\n<li>Tissu : PolyCotton Twill<\/li>\n<li>Composition : 65% polyester - 35% coton<\/li>\n<li>Poids : 190 g\/m\u00b2.<\/li>\n<\/ul>\n<p><strong>Gamme :<\/strong> PolyCoton<\/p>\n<p><strong data-start=\"1537\" data-end=\"1562\">Recommandation d'utilisation :<\/strong><\/p>\n<ul>\n<li>Parfait pour les professionnels de la sant\u00e9, de la beaut\u00e9, du nettoyage, du secteur v\u00e9t\u00e9rinaire ou de l'industrie qui ont besoin d'un v\u00eatement pratique, frais et facile d'entretien.<\/li>\n<\/ul>\n<\/div>\n<\/div>","protected":false},"excerpt":{"rendered":"<p class=\"\" data-start=\"239\" data-end=\"399\">Chemise unisexe \u00e0 manches courtes avec col en V, fentes lat\u00e9rales et trois poches plaqu\u00e9es. Id\u00e9ale pour les professionnels \u00e0 la recherche de fonctionnalit\u00e9 et de confort.<\/p>\n<p><strong>GUIDE DES TAILLES<\/strong><\/p>\n<p><strong><img decoding=\"async\" class=\"alignnone wp-image-17960\" src=\"https:\/\/combi-pro.com\/wp-content\/uploads\/2024\/04\/66.7-81.9-300x156.png\" alt=\"\" width=\"308\" height=\"160\" srcset=\"https:\/\/combi-pro.com\/wp-content\/uploads\/2024\/04\/66.7-81.9-300x156.png 300w, https:\/\/combi-pro.com\/wp-content\/uploads\/2024\/04\/66.7-81.9-18x9.png 18w, https:\/\/combi-pro.com\/wp-content\/uploads\/2024\/04\/66.7-81.9-64x33.png 64w, https:\/\/combi-pro.com\/wp-content\/uploads\/2024\/04\/66.7-81.9.png 400w\" sizes=\"(max-width: 308px) 100vw, 308px\" \/> <img decoding=\"async\" class=\"alignnone wp-image-17696\" src=\"https:\/\/combi-pro.com\/wp-content\/uploads\/2025\/05\/screenshot-1749214923473-300x106.png\" alt=\"\" width=\"283\" height=\"100\" srcset=\"https:\/\/combi-pro.com\/wp-content\/uploads\/2025\/05\/screenshot-1749214923473-300x106.png 300w, https:\/\/combi-pro.com\/wp-content\/uploads\/2025\/05\/screenshot-1749214923473-64x23.png 64w, https:\/\/combi-pro.com\/wp-content\/uploads\/2025\/05\/screenshot-1749214923473-18x6.png 18w, https:\/\/combi-pro.com\/wp-content\/uploads\/2025\/05\/screenshot-1749214923473.png 396w\" sizes=\"(max-width: 283px) 100vw, 283px\" \/>\u00a0<\/strong><\/p>","protected":false},"featured_media":7415,"template":"","meta":{"site-sidebar-layout":"default","site-content-layout":"","ast-site-content-layout":"default","site-content-style":"default","site-sidebar-style":"default","ast-global-header-display":"","ast-banner-title-visibility":"","ast-main-header-display":"","ast-hfb-above-header-display":"","ast-hfb-below-header-display":"","ast-hfb-mobile-header-display":"","site-post-title":"","ast-breadcrumbs-content":"","ast-featured-img":"","footer-sml-layout":"","ast-disable-related-posts":"","theme-transparent-header-meta":"default","adv-header-id-meta":"","stick-header-meta":"","header-above-stick-meta":"","header-main-stick-meta":"","header-below-stick-meta":"","astra-migrate-meta-layouts":"set","ast-page-background-enabled":"default","ast-page-background-meta":{"desktop":{"background-color":"","background-image":"","background-repeat":"repeat","background-position":"center center","background-size":"auto","background-attachment":"scroll","background-type":"","background-media":"","overlay-type":"","overlay-color":"","overlay-opacity":"","overlay-gradient":""},"tablet":{"background-color":"","background-image":"","background-repeat":"repeat","background-position":"center center","background-size":"auto","background-attachment":"scroll","background-type":"","background-media":"","overlay-type":"","overlay-color":"","overlay-opacity":"","overlay-gradient":""},"mobile":{"background-color":"","background-image":"","background-repeat":"repeat","background-position":"center center","background-size":"auto","background-attachment":"scroll","background-type":"","background-media":"","overlay-type":"","overlay-color":"","overlay-opacity":"","overlay-gradient":""}},"ast-content-background-meta":{"desktop":{"background-color":"var(--ast-global-color-5)","background-image":"","background-repeat":"repeat","background-position":"center center","background-size":"auto","background-attachment":"scroll","background-type":"","background-media":"","overlay-type":"","overlay-color":"","overlay-opacity":"","overlay-gradient":""},"tablet":{"background-color":"var(--ast-global-color-5)","background-image":"","background-repeat":"repeat","background-position":"center center","background-size":"auto","background-attachment":"scroll","background-type":"","background-media":"","overlay-type":"","overlay-color":"","overlay-opacity":"","overlay-gradient":""},"mobile":{"background-color":"var(--ast-global-color-5)","background-image":"","background-repeat":"repeat","background-position":"center center","background-size":"auto","background-attachment":"scroll","background-type":"","background-media":"","overlay-type":"","overlay-color":"","overlay-opacity":"","overlay-gradient":""}}},"product_brand":[442],"product_cat":[132,50,71],"product_tag":[],"class_list":{"0":"post-7390","1":"product","2":"type-product","3":"status-publish","4":"has-post-thumbnail","6":"product_brand-velilla","7":"product_cat-camisolas-sanidad-y-servicios","8":"product_cat-ropa-profesional","9":"product_cat-sanidad-y-servicios","10":"desktop-align-center","11":"tablet-align-left","12":"mobile-align-left","14":"first","15":"instock","16":"taxable","17":"shipping-taxable","18":"purchasable","19":"product-type-variable","20":"has-default-attributes"},"_links":{"self":[{"href":"https:\/\/combi-pro.com\/fr\/wp-json\/wp\/v2\/product\/7390","targetHints":{"allow":["GET"]}}],"collection":[{"href":"https:\/\/combi-pro.com\/fr\/wp-json\/wp\/v2\/product"}],"about":[{"href":"https:\/\/combi-pro.com\/fr\/wp-json\/wp\/v2\/types\/product"}],"wp:featuredmedia":[{"embeddable":true,"href":"https:\/\/combi-pro.com\/fr\/wp-json\/wp\/v2\/media\/7415"}],"wp:attachment":[{"href":"https:\/\/combi-pro.com\/fr\/wp-json\/wp\/v2\/media?parent=7390"}],"wp:term":[{"taxonomy":"product_brand","embeddable":true,"href":"https:\/\/combi-pro.com\/fr\/wp-json\/wp\/v2\/product_brand?post=7390"},{"taxonomy":"product_cat","embeddable":true,"href":"https:\/\/combi-pro.com\/fr\/wp-json\/wp\/v2\/product_cat?post=7390"},{"taxonomy":"product_tag","embeddable":true,"href":"https:\/\/combi-pro.com\/fr\/wp-json\/wp\/v2\/product_tag?post=7390"}],"curies":[{"name":"wp","href":"https:\/\/api.w.org\/{rel}","templated":true}]}}