{"id":7431,"date":"2024-05-05T01:43:26","date_gmt":"2024-05-04T23:43:26","guid":{"rendered":"https:\/\/combi-pro.com\/?post_type=product&#038;p=7431"},"modified":"2026-03-31T12:28:08","modified_gmt":"2026-03-31T10:28:08","slug":"333-pantalon-de-pyjama","status":"publish","type":"product","link":"https:\/\/combi-pro.com\/fr\/boutique\/333-pantalon-de-pyjama\/","title":{"rendered":"Pantalon de pyjama unisexe avec ceinture \u00e9lastique, polycoton 333 | VELILLA"},"content":{"rendered":"<div class=\"data item\" role=\"tablist\">\n<div id=\"tab-label-description\" class=\"data item title active\" tabindex=\"0\" role=\"tab\" data-role=\"collapsible\" data-collapsible=\"true\" aria-controls=\"description\" aria-selected=\"false\" aria-expanded=\"true\">\n<p data-start=\"960\" data-end=\"995\"><strong data-start=\"966\" data-end=\"995\">Caract\u00e9ristiques techniques :<\/strong><\/p>\n<ul>\n<li data-start=\"999\" data-end=\"1043\">Taille : \u00e9lastiqu\u00e9e pour plus de confort<\/li>\n<li data-start=\"1046\" data-end=\"1091\">Poches : 1 poche arri\u00e8re plaqu\u00e9e<\/li>\n<li data-start=\"1094\" data-end=\"1113\">Tissu : serg\u00e9<\/li>\n<li data-start=\"1116\" data-end=\"1162\">Composition : 65% polyester - 35% coton<\/li>\n<li data-start=\"1165\" data-end=\"1188\">Poids : 190 g\/m\u00b2.<\/li>\n<\/ul>\n<p><strong>Gamme :<\/strong> PolyCoton<\/p>\n<p data-start=\"1220\" data-end=\"1252\"><strong data-start=\"1225\" data-end=\"1250\">Recommandation d'utilisation :<\/strong><\/p>\n<ul>\n<li data-start=\"1253\" data-end=\"1403\">Recommand\u00e9 pour les professionnels de la sant\u00e9, du nettoyage, de l'esth\u00e9tique ou de l'entretien, o\u00f9 la libert\u00e9 de mouvement et la facilit\u00e9 d'utilisation sont appr\u00e9ci\u00e9es.<\/li>\n<\/ul>\n<\/div>\n<\/div>","protected":false},"excerpt":{"rendered":"<p class=\"\" data-start=\"200\" data-end=\"351\">Pantalon de pyjama confortable et l\u00e9ger avec ceinture \u00e9lastiqu\u00e9e et poche arri\u00e8re. Id\u00e9al pour les professionnels \u00e0 la recherche de libert\u00e9 de mouvement pendant leur journ\u00e9e de travail.<\/p>\n<p><strong>GUIDE DES TAILLES<\/strong><\/p>\n<p><strong><img decoding=\"async\" class=\"alignnone wp-image-17964\" src=\"https:\/\/combi-pro.com\/wp-content\/uploads\/2024\/05\/102-110-300x156.png\" alt=\"\" width=\"307\" height=\"160\" srcset=\"https:\/\/combi-pro.com\/wp-content\/uploads\/2024\/05\/102-110-300x156.png 300w, https:\/\/combi-pro.com\/wp-content\/uploads\/2024\/05\/102-110-18x9.png 18w, https:\/\/combi-pro.com\/wp-content\/uploads\/2024\/05\/102-110-64x33.png 64w, https:\/\/combi-pro.com\/wp-content\/uploads\/2024\/05\/102-110.png 399w\" sizes=\"(max-width: 307px) 100vw, 307px\" \/> <img decoding=\"async\" class=\"alignnone wp-image-17729\" src=\"https:\/\/combi-pro.com\/wp-content\/uploads\/2024\/05\/screenshot-1749765502228.png\" alt=\"\" width=\"159\" height=\"120\" srcset=\"https:\/\/combi-pro.com\/wp-content\/uploads\/2024\/05\/screenshot-1749765502228.png 292w, https:\/\/combi-pro.com\/wp-content\/uploads\/2024\/05\/screenshot-1749765502228-64x48.png 64w, https:\/\/combi-pro.com\/wp-content\/uploads\/2024\/05\/screenshot-1749765502228-16x12.png 16w\" sizes=\"(max-width: 159px) 100vw, 159px\" \/>\u00a0<\/strong><\/p>","protected":false},"featured_media":7448,"template":"","meta":{"site-sidebar-layout":"default","site-content-layout":"","ast-site-content-layout":"default","site-content-style":"default","site-sidebar-style":"default","ast-global-header-display":"","ast-banner-title-visibility":"","ast-main-header-display":"","ast-hfb-above-header-display":"","ast-hfb-below-header-display":"","ast-hfb-mobile-header-display":"","site-post-title":"","ast-breadcrumbs-content":"","ast-featured-img":"","footer-sml-layout":"","ast-disable-related-posts":"","theme-transparent-header-meta":"default","adv-header-id-meta":"","stick-header-meta":"","header-above-stick-meta":"","header-main-stick-meta":"","header-below-stick-meta":"","astra-migrate-meta-layouts":"set","ast-page-background-enabled":"default","ast-page-background-meta":{"desktop":{"background-color":"","background-image":"","background-repeat":"repeat","background-position":"center center","background-size":"auto","background-attachment":"scroll","background-type":"","background-media":"","overlay-type":"","overlay-color":"","overlay-opacity":"","overlay-gradient":""},"tablet":{"background-color":"","background-image":"","background-repeat":"repeat","background-position":"center center","background-size":"auto","background-attachment":"scroll","background-type":"","background-media":"","overlay-type":"","overlay-color":"","overlay-opacity":"","overlay-gradient":""},"mobile":{"background-color":"","background-image":"","background-repeat":"repeat","background-position":"center center","background-size":"auto","background-attachment":"scroll","background-type":"","background-media":"","overlay-type":"","overlay-color":"","overlay-opacity":"","overlay-gradient":""}},"ast-content-background-meta":{"desktop":{"background-color":"var(--ast-global-color-5)","background-image":"","background-repeat":"repeat","background-position":"center center","background-size":"auto","background-attachment":"scroll","background-type":"","background-media":"","overlay-type":"","overlay-color":"","overlay-opacity":"","overlay-gradient":""},"tablet":{"background-color":"var(--ast-global-color-5)","background-image":"","background-repeat":"repeat","background-position":"center center","background-size":"auto","background-attachment":"scroll","background-type":"","background-media":"","overlay-type":"","overlay-color":"","overlay-opacity":"","overlay-gradient":""},"mobile":{"background-color":"var(--ast-global-color-5)","background-image":"","background-repeat":"repeat","background-position":"center center","background-size":"auto","background-attachment":"scroll","background-type":"","background-media":"","overlay-type":"","overlay-color":"","overlay-opacity":"","overlay-gradient":""}}},"product_brand":[442],"product_cat":[134,50,71],"product_tag":[],"class_list":{"0":"post-7431","1":"product","2":"type-product","3":"status-publish","4":"has-post-thumbnail","6":"product_brand-velilla","7":"product_cat-pantalones-sanidad-y-servicios","8":"product_cat-ropa-profesional","9":"product_cat-sanidad-y-servicios","10":"desktop-align-center","11":"tablet-align-left","12":"mobile-align-left","14":"first","15":"instock","16":"taxable","17":"shipping-taxable","18":"purchasable","19":"product-type-variable","20":"has-default-attributes"},"_links":{"self":[{"href":"https:\/\/combi-pro.com\/fr\/wp-json\/wp\/v2\/product\/7431","targetHints":{"allow":["GET"]}}],"collection":[{"href":"https:\/\/combi-pro.com\/fr\/wp-json\/wp\/v2\/product"}],"about":[{"href":"https:\/\/combi-pro.com\/fr\/wp-json\/wp\/v2\/types\/product"}],"wp:featuredmedia":[{"embeddable":true,"href":"https:\/\/combi-pro.com\/fr\/wp-json\/wp\/v2\/media\/7448"}],"wp:attachment":[{"href":"https:\/\/combi-pro.com\/fr\/wp-json\/wp\/v2\/media?parent=7431"}],"wp:term":[{"taxonomy":"product_brand","embeddable":true,"href":"https:\/\/combi-pro.com\/fr\/wp-json\/wp\/v2\/product_brand?post=7431"},{"taxonomy":"product_cat","embeddable":true,"href":"https:\/\/combi-pro.com\/fr\/wp-json\/wp\/v2\/product_cat?post=7431"},{"taxonomy":"product_tag","embeddable":true,"href":"https:\/\/combi-pro.com\/fr\/wp-json\/wp\/v2\/product_tag?post=7431"}],"curies":[{"name":"wp","href":"https:\/\/api.w.org\/{rel}","templated":true}]}}