{"id":7465,"date":"2024-05-05T01:58:07","date_gmt":"2024-05-04T23:58:07","guid":{"rendered":"https:\/\/combi-pro.com\/?post_type=product&#038;p=7465"},"modified":"2026-05-13T18:24:16","modified_gmt":"2026-05-13T16:24:16","slug":"533001-pantalon-de-pyjama","status":"publish","type":"product","link":"https:\/\/combi-pro.com\/fr\/boutique\/533001-pantalon-de-pyjama\/","title":{"rendered":"Pantalon de pyjama avec rubans en polycoton, cuisine 533001 | VELILLA"},"content":{"rendered":"<div class=\"data item\" role=\"tablist\">\n<div id=\"tab-label-description\" class=\"data item title active\" tabindex=\"0\" role=\"tab\" data-role=\"collapsible\" data-collapsible=\"true\" aria-controls=\"description\" aria-selected=\"false\" aria-expanded=\"true\">\n<p data-start=\"1077\" data-end=\"1112\"><strong data-start=\"1083\" data-end=\"1112\">Caract\u00e9ristiques techniques :<\/strong><\/p>\n<ul>\n<li data-start=\"1116\" data-end=\"1158\">Taille : Elastiqu\u00e9e avec sangles de r\u00e9glage<\/li>\n<li data-start=\"1161\" data-end=\"1197\">Poches : 2 poches fran\u00e7aises<\/li>\n<li data-start=\"1200\" data-end=\"1228\">Tissu : serg\u00e9 robuste<\/li>\n<li data-start=\"1231\" data-end=\"1275\">Composition : 65% polyester - 35% coton<\/li>\n<li data-start=\"1278\" data-end=\"1299\">Poids : 190 g\/m\u00b2.<\/li>\n<\/ul>\n<p><strong>Gamme de produits :<\/strong> PolyCoton, Cuisine<\/p>\n<p data-start=\"1338\" data-end=\"1370\"><strong data-start=\"1343\" data-end=\"1368\">Recommandation d'utilisation :<\/strong><\/p>\n<ul>\n<li data-start=\"1371\" data-end=\"1516\">Parfait pour les environnements professionnels tels que les cuisines, l'h\u00f4tellerie, le nettoyage ou les soins de sant\u00e9, o\u00f9 la libert\u00e9 de mouvement et la facilit\u00e9 d'ajustement sont n\u00e9cessaires.<\/li>\n<\/ul>\n<\/div>\n<\/div>","protected":false},"excerpt":{"rendered":"<p class=\"\" data-start=\"226\" data-end=\"347\">Pantalon de pyjama avec taille \u00e9lastiqu\u00e9e et bretelles r\u00e9glables. Id\u00e9al pour la cuisine et les secteurs n\u00e9cessitant confort et mobilit\u00e9.<\/p>\n<p><strong>GUIDE DES TAILLES<\/strong><\/p>\n<p><img decoding=\"async\" class=\"alignnone wp-image-17964\" src=\"https:\/\/combi-pro.com\/wp-content\/uploads\/2024\/05\/102-110-300x156.png\" alt=\"\" width=\"288\" height=\"150\" srcset=\"https:\/\/combi-pro.com\/wp-content\/uploads\/2024\/05\/102-110-300x156.png 300w, https:\/\/combi-pro.com\/wp-content\/uploads\/2024\/05\/102-110-18x9.png 18w, https:\/\/combi-pro.com\/wp-content\/uploads\/2024\/05\/102-110-64x33.png 64w, https:\/\/combi-pro.com\/wp-content\/uploads\/2024\/05\/102-110.png 399w\" sizes=\"(max-width: 288px) 100vw, 288px\" \/> <img decoding=\"async\" class=\"alignnone wp-image-17729\" src=\"https:\/\/combi-pro.com\/wp-content\/uploads\/2024\/05\/screenshot-1749765502228.png\" alt=\"\" width=\"146\" height=\"110\" srcset=\"https:\/\/combi-pro.com\/wp-content\/uploads\/2024\/05\/screenshot-1749765502228.png 292w, https:\/\/combi-pro.com\/wp-content\/uploads\/2024\/05\/screenshot-1749765502228-64x48.png 64w, https:\/\/combi-pro.com\/wp-content\/uploads\/2024\/05\/screenshot-1749765502228-16x12.png 16w\" sizes=\"(max-width: 146px) 100vw, 146px\" \/><\/p>","protected":false},"featured_media":7490,"template":"","meta":{"site-sidebar-layout":"default","site-content-layout":"","ast-site-content-layout":"default","site-content-style":"default","site-sidebar-style":"default","ast-global-header-display":"","ast-banner-title-visibility":"","ast-main-header-display":"","ast-hfb-above-header-display":"","ast-hfb-below-header-display":"","ast-hfb-mobile-header-display":"","site-post-title":"","ast-breadcrumbs-content":"","ast-featured-img":"","footer-sml-layout":"","ast-disable-related-posts":"","theme-transparent-header-meta":"default","adv-header-id-meta":"","stick-header-meta":"","header-above-stick-meta":"","header-main-stick-meta":"","header-below-stick-meta":"","astra-migrate-meta-layouts":"set","ast-page-background-enabled":"default","ast-page-background-meta":{"desktop":{"background-color":"","background-image":"","background-repeat":"repeat","background-position":"center center","background-size":"auto","background-attachment":"scroll","background-type":"","background-media":"","overlay-type":"","overlay-color":"","overlay-opacity":"","overlay-gradient":""},"tablet":{"background-color":"","background-image":"","background-repeat":"repeat","background-position":"center center","background-size":"auto","background-attachment":"scroll","background-type":"","background-media":"","overlay-type":"","overlay-color":"","overlay-opacity":"","overlay-gradient":""},"mobile":{"background-color":"","background-image":"","background-repeat":"repeat","background-position":"center center","background-size":"auto","background-attachment":"scroll","background-type":"","background-media":"","overlay-type":"","overlay-color":"","overlay-opacity":"","overlay-gradient":""}},"ast-content-background-meta":{"desktop":{"background-color":"var(--ast-global-color-5)","background-image":"","background-repeat":"repeat","background-position":"center center","background-size":"auto","background-attachment":"scroll","background-type":"","background-media":"","overlay-type":"","overlay-color":"","overlay-opacity":"","overlay-gradient":""},"tablet":{"background-color":"var(--ast-global-color-5)","background-image":"","background-repeat":"repeat","background-position":"center center","background-size":"auto","background-attachment":"scroll","background-type":"","background-media":"","overlay-type":"","overlay-color":"","overlay-opacity":"","overlay-gradient":""},"mobile":{"background-color":"var(--ast-global-color-5)","background-image":"","background-repeat":"repeat","background-position":"center center","background-size":"auto","background-attachment":"scroll","background-type":"","background-media":"","overlay-type":"","overlay-color":"","overlay-opacity":"","overlay-gradient":""}}},"product_brand":[442],"product_cat":[72,112,134,50,71],"product_tag":[],"class_list":{"0":"post-7465","1":"product","2":"type-product","3":"status-publish","4":"has-post-thumbnail","6":"product_brand-velilla","7":"product_cat-hosteleria","8":"product_cat-pantalones-hosteleria","9":"product_cat-pantalones-sanidad-y-servicios","10":"product_cat-ropa-profesional","11":"product_cat-sanidad-y-servicios","12":"desktop-align-center","13":"tablet-align-left","14":"mobile-align-left","16":"first","17":"instock","18":"taxable","19":"shipping-taxable","20":"purchasable","21":"product-type-variable","22":"has-default-attributes"},"_links":{"self":[{"href":"https:\/\/combi-pro.com\/fr\/wp-json\/wp\/v2\/product\/7465","targetHints":{"allow":["GET"]}}],"collection":[{"href":"https:\/\/combi-pro.com\/fr\/wp-json\/wp\/v2\/product"}],"about":[{"href":"https:\/\/combi-pro.com\/fr\/wp-json\/wp\/v2\/types\/product"}],"wp:featuredmedia":[{"embeddable":true,"href":"https:\/\/combi-pro.com\/fr\/wp-json\/wp\/v2\/media\/7490"}],"wp:attachment":[{"href":"https:\/\/combi-pro.com\/fr\/wp-json\/wp\/v2\/media?parent=7465"}],"wp:term":[{"taxonomy":"product_brand","embeddable":true,"href":"https:\/\/combi-pro.com\/fr\/wp-json\/wp\/v2\/product_brand?post=7465"},{"taxonomy":"product_cat","embeddable":true,"href":"https:\/\/combi-pro.com\/fr\/wp-json\/wp\/v2\/product_cat?post=7465"},{"taxonomy":"product_tag","embeddable":true,"href":"https:\/\/combi-pro.com\/fr\/wp-json\/wp\/v2\/product_tag?post=7465"}],"curies":[{"name":"wp","href":"https:\/\/api.w.org\/{rel}","templated":true}]}}