{"id":7618,"date":"2024-05-05T13:05:17","date_gmt":"2024-05-05T11:05:17","guid":{"rendered":"https:\/\/combi-pro.com\/?post_type=product&#038;p=7618"},"modified":"2026-05-13T18:19:22","modified_gmt":"2026-05-13T16:19:22","slug":"539003-mc-blouse-pour-femmes","status":"publish","type":"product","link":"https:\/\/combi-pro.com\/fr\/boutique\/539003-mc-blouse-pour-femmes\/","title":{"rendered":"Robe semi-ajust\u00e9e pour femme \u00e0 manches courtes, fermeture \u00e0 boutons et coupe ajust\u00e9e 539003 | VELILLA"},"content":{"rendered":"<div class=\"data item\" role=\"tablist\">\n<div id=\"tab-label-description\" class=\"data item title active\" tabindex=\"0\" role=\"tab\" data-role=\"collapsible\" data-collapsible=\"true\" aria-controls=\"description\" aria-selected=\"false\" aria-expanded=\"true\">\n<p data-start=\"1326\" data-end=\"1361\"><strong data-start=\"1332\" data-end=\"1361\">Caract\u00e9ristiques techniques :<\/strong><\/p>\n<ul>\n<li data-start=\"1365\" data-end=\"1392\">Design : Semi-fitt\u00e9<\/li>\n<li data-start=\"1395\" data-end=\"1428\">Fermeture : centrale avec boutons<\/li>\n<li data-start=\"1431\" data-end=\"1475\">Manches : manches courtes et ajust\u00e9es (deux pi\u00e8ces)<\/li>\n<li data-start=\"1478\" data-end=\"1492\">Retour :<\/li>\n<li data-start=\"1497\" data-end=\"1521\">Ceinture dans le dos<\/li>\n<li data-start=\"1526\" data-end=\"1544\">Ouverture arri\u00e8re<\/li>\n<li data-start=\"1549\" data-end=\"1571\">Coutures de s\u00e9curit\u00e9<\/li>\n<li data-start=\"1574\" data-end=\"1620\">Colliers de serrage \u00e0 encoche : Avant et arri\u00e8re<\/li>\n<li data-start=\"1623\" data-end=\"1663\">Poches : 3 poches plaqu\u00e9es<\/li>\n<li data-start=\"1666\" data-end=\"1685\">Tissu : serg\u00e9<\/li>\n<li data-start=\"1688\" data-end=\"1734\">Composition : 65% polyester - 35% coton<\/li>\n<li data-start=\"1737\" data-end=\"1760\">Poids : 190 g\/m\u00b2.<\/li>\n<li data-start=\"1763\" data-end=\"1807\">Taille : Femmes - plusieurs tailles disponibles<\/li>\n<\/ul>\n<p data-start=\"1814\" data-end=\"1846\"><strong data-start=\"1819\" data-end=\"1844\">Recommandation d'utilisation :<\/strong><\/p>\n<ul>\n<li data-start=\"1847\" data-end=\"1997\">Id\u00e9ale pour les professionnels des secteurs de la sant\u00e9, de la beaut\u00e9, de l'\u00e9ducation ou de la pharmacie qui recherchent une blouse l\u00e9g\u00e8re, pratique et f\u00e9minine.<\/li>\n<\/ul>\n<\/div>\n<\/div>","protected":false},"excerpt":{"rendered":"<p class=\"\" data-start=\"336\" data-end=\"493\">Manteau pour femme \u00e0 manches courtes, style tailleur, pinces \u00e0 l'encoche et fermeture \u00e0 boutons. Fabriqu\u00e9 en serg\u00e9 l\u00e9ger de 190 g\/m\u00b2. Confort et style professionnel.<\/p>\n<p><strong>GUIDE DES TAILLES<\/strong><\/p>\n<p><strong><img decoding=\"async\" class=\"alignnone wp-image-17938\" src=\"https:\/\/combi-pro.com\/wp-content\/uploads\/2024\/05\/88-92.5-screenshot-1750598013464-300x112.png\" alt=\"\" width=\"321\" height=\"120\" srcset=\"https:\/\/combi-pro.com\/wp-content\/uploads\/2024\/05\/88-92.5-screenshot-1750598013464-300x112.png 300w, https:\/\/combi-pro.com\/wp-content\/uploads\/2024\/05\/88-92.5-screenshot-1750598013464-18x7.png 18w, https:\/\/combi-pro.com\/wp-content\/uploads\/2024\/05\/88-92.5-screenshot-1750598013464-64x24.png 64w, https:\/\/combi-pro.com\/wp-content\/uploads\/2024\/05\/88-92.5-screenshot-1750598013464.png 398w\" sizes=\"(max-width: 321px) 100vw, 321px\" \/> <img decoding=\"async\" class=\"alignnone wp-image-17777\" src=\"https:\/\/combi-pro.com\/wp-content\/uploads\/2024\/05\/screenshot-1750037043744-300x167.png\" alt=\"\" width=\"180\" height=\"100\" srcset=\"https:\/\/combi-pro.com\/wp-content\/uploads\/2024\/05\/screenshot-1750037043744-300x167.png 300w, https:\/\/combi-pro.com\/wp-content\/uploads\/2024\/05\/screenshot-1750037043744-64x36.png 64w, https:\/\/combi-pro.com\/wp-content\/uploads\/2024\/05\/screenshot-1750037043744-18x10.png 18w, https:\/\/combi-pro.com\/wp-content\/uploads\/2024\/05\/screenshot-1750037043744.png 343w\" sizes=\"(max-width: 180px) 100vw, 180px\" \/>\u00a0<\/strong><\/p>","protected":false},"featured_media":7621,"template":"","meta":{"site-sidebar-layout":"default","site-content-layout":"","ast-site-content-layout":"default","site-content-style":"default","site-sidebar-style":"default","ast-global-header-display":"","ast-banner-title-visibility":"","ast-main-header-display":"","ast-hfb-above-header-display":"","ast-hfb-below-header-display":"","ast-hfb-mobile-header-display":"","site-post-title":"","ast-breadcrumbs-content":"","ast-featured-img":"","footer-sml-layout":"","ast-disable-related-posts":"","theme-transparent-header-meta":"default","adv-header-id-meta":"","stick-header-meta":"","header-above-stick-meta":"","header-main-stick-meta":"","header-below-stick-meta":"","astra-migrate-meta-layouts":"set","ast-page-background-enabled":"default","ast-page-background-meta":{"desktop":{"background-color":"","background-image":"","background-repeat":"repeat","background-position":"center center","background-size":"auto","background-attachment":"scroll","background-type":"","background-media":"","overlay-type":"","overlay-color":"","overlay-opacity":"","overlay-gradient":""},"tablet":{"background-color":"","background-image":"","background-repeat":"repeat","background-position":"center center","background-size":"auto","background-attachment":"scroll","background-type":"","background-media":"","overlay-type":"","overlay-color":"","overlay-opacity":"","overlay-gradient":""},"mobile":{"background-color":"","background-image":"","background-repeat":"repeat","background-position":"center center","background-size":"auto","background-attachment":"scroll","background-type":"","background-media":"","overlay-type":"","overlay-color":"","overlay-opacity":"","overlay-gradient":""}},"ast-content-background-meta":{"desktop":{"background-color":"var(--ast-global-color-5)","background-image":"","background-repeat":"repeat","background-position":"center center","background-size":"auto","background-attachment":"scroll","background-type":"","background-media":"","overlay-type":"","overlay-color":"","overlay-opacity":"","overlay-gradient":""},"tablet":{"background-color":"var(--ast-global-color-5)","background-image":"","background-repeat":"repeat","background-position":"center center","background-size":"auto","background-attachment":"scroll","background-type":"","background-media":"","overlay-type":"","overlay-color":"","overlay-opacity":"","overlay-gradient":""},"mobile":{"background-color":"var(--ast-global-color-5)","background-image":"","background-repeat":"repeat","background-position":"center center","background-size":"auto","background-attachment":"scroll","background-type":"","background-media":"","overlay-type":"","overlay-color":"","overlay-opacity":"","overlay-gradient":""}}},"product_brand":[442],"product_cat":[131,50,71],"product_tag":[],"class_list":{"0":"post-7618","1":"product","2":"type-product","3":"status-publish","4":"has-post-thumbnail","6":"product_brand-velilla","7":"product_cat-batas-sanidad-y-servicios","8":"product_cat-ropa-profesional","9":"product_cat-sanidad-y-servicios","10":"desktop-align-center","11":"tablet-align-left","12":"mobile-align-left","14":"first","15":"instock","16":"taxable","17":"shipping-taxable","18":"purchasable","19":"product-type-variable"},"_links":{"self":[{"href":"https:\/\/combi-pro.com\/fr\/wp-json\/wp\/v2\/product\/7618","targetHints":{"allow":["GET"]}}],"collection":[{"href":"https:\/\/combi-pro.com\/fr\/wp-json\/wp\/v2\/product"}],"about":[{"href":"https:\/\/combi-pro.com\/fr\/wp-json\/wp\/v2\/types\/product"}],"wp:featuredmedia":[{"embeddable":true,"href":"https:\/\/combi-pro.com\/fr\/wp-json\/wp\/v2\/media\/7621"}],"wp:attachment":[{"href":"https:\/\/combi-pro.com\/fr\/wp-json\/wp\/v2\/media?parent=7618"}],"wp:term":[{"taxonomy":"product_brand","embeddable":true,"href":"https:\/\/combi-pro.com\/fr\/wp-json\/wp\/v2\/product_brand?post=7618"},{"taxonomy":"product_cat","embeddable":true,"href":"https:\/\/combi-pro.com\/fr\/wp-json\/wp\/v2\/product_cat?post=7618"},{"taxonomy":"product_tag","embeddable":true,"href":"https:\/\/combi-pro.com\/fr\/wp-json\/wp\/v2\/product_tag?post=7618"}],"curies":[{"name":"wp","href":"https:\/\/api.w.org\/{rel}","templated":true}]}}