{"id":7630,"date":"2024-05-05T13:09:05","date_gmt":"2024-05-05T11:09:05","guid":{"rendered":"https:\/\/combi-pro.com\/?post_type=product&#038;p=7630"},"modified":"2026-05-13T18:19:39","modified_gmt":"2026-05-13T16:19:39","slug":"539004-robe-de-chambre-unisexe","status":"publish","type":"product","link":"https:\/\/combi-pro.com\/fr\/boutique\/539004-robe-de-chambre-unisexe\/","title":{"rendered":"Robe unisexe fermeture avec boutons durable et fonctionnelle 539004 | VELILLA"},"content":{"rendered":"<div class=\"data item\" role=\"tablist\">\n<div id=\"tab-label-description\" class=\"data item title active\" tabindex=\"0\" role=\"tab\" data-role=\"collapsible\" data-collapsible=\"true\" aria-controls=\"description\" aria-selected=\"false\" aria-expanded=\"true\">\n<p data-start=\"1260\" data-end=\"1295\"><strong data-start=\"1266\" data-end=\"1295\">Caract\u00e9ristiques techniques :<\/strong><\/p>\n<ul>\n<li data-start=\"1299\" data-end=\"1322\">Type : Robe de chambre unisexe<\/li>\n<li data-start=\"1325\" data-end=\"1358\">Fermeture : sur le devant avec des boutons<\/li>\n<li data-start=\"1361\" data-end=\"1387\">Ouverture arri\u00e8re : Oui<\/li>\n<li data-start=\"1390\" data-end=\"1430\">Poches : 3 poches plaqu\u00e9es<\/li>\n<li data-start=\"1433\" data-end=\"1452\">Tissu : serg\u00e9<\/li>\n<li data-start=\"1455\" data-end=\"1501\">Composition : 80% polyester - 20% coton<\/li>\n<li data-start=\"1504\" data-end=\"1527\">Grammage : 180 g\/m\u00b2.<\/li>\n<li data-start=\"1530\" data-end=\"1569\">Tailles : Unisexe - diff\u00e9rentes tailles disponibles<\/li>\n<\/ul>\n<p><strong data-start=\"1581\" data-end=\"1606\">Recommandation d'utilisation :<\/strong><\/p>\n<ul>\n<li data-start=\"1609\" data-end=\"1751\">Parfaite pour le personnel des soins de sant\u00e9, de l'enseignement, de l'industrie ou des laboratoires qui a besoin d'une blouse confortable, durable et facile d'entretien.<\/li>\n<\/ul>\n<\/div>\n<\/div>","protected":false},"excerpt":{"rendered":"<p class=\"\" data-start=\"273\" data-end=\"414\">Manteau unisexe en serg\u00e9 avec fermeture centrale par bouton, trois poches et fente au dos. L\u00e9ger, durable et adapt\u00e9 \u00e0 un usage professionnel quotidien.<\/p>\n<p><strong>GUIDE DES TAILLES<\/strong><\/p>\n<p><strong><img decoding=\"async\" class=\"alignnone wp-image-17939\" src=\"https:\/\/combi-pro.com\/wp-content\/uploads\/2024\/05\/92.1-99.3-screenshot-1750598372985-300x156.png\" alt=\"\" width=\"308\" height=\"160\" srcset=\"https:\/\/combi-pro.com\/wp-content\/uploads\/2024\/05\/92.1-99.3-screenshot-1750598372985-300x156.png 300w, https:\/\/combi-pro.com\/wp-content\/uploads\/2024\/05\/92.1-99.3-screenshot-1750598372985-18x9.png 18w, https:\/\/combi-pro.com\/wp-content\/uploads\/2024\/05\/92.1-99.3-screenshot-1750598372985-64x33.png 64w, https:\/\/combi-pro.com\/wp-content\/uploads\/2024\/05\/92.1-99.3-screenshot-1750598372985.png 399w\" sizes=\"(max-width: 308px) 100vw, 308px\" \/> <img decoding=\"async\" class=\"alignnone wp-image-17777\" src=\"https:\/\/combi-pro.com\/wp-content\/uploads\/2024\/05\/screenshot-1750037043744-300x167.png\" alt=\"\" width=\"215\" height=\"120\" srcset=\"https:\/\/combi-pro.com\/wp-content\/uploads\/2024\/05\/screenshot-1750037043744-300x167.png 300w, https:\/\/combi-pro.com\/wp-content\/uploads\/2024\/05\/screenshot-1750037043744-64x36.png 64w, https:\/\/combi-pro.com\/wp-content\/uploads\/2024\/05\/screenshot-1750037043744-18x10.png 18w, https:\/\/combi-pro.com\/wp-content\/uploads\/2024\/05\/screenshot-1750037043744.png 343w\" sizes=\"(max-width: 215px) 100vw, 215px\" \/>\u00a0<\/strong><\/p>","protected":false},"featured_media":7632,"template":"","meta":{"site-sidebar-layout":"default","site-content-layout":"","ast-site-content-layout":"default","site-content-style":"default","site-sidebar-style":"default","ast-global-header-display":"","ast-banner-title-visibility":"","ast-main-header-display":"","ast-hfb-above-header-display":"","ast-hfb-below-header-display":"","ast-hfb-mobile-header-display":"","site-post-title":"","ast-breadcrumbs-content":"","ast-featured-img":"","footer-sml-layout":"","ast-disable-related-posts":"","theme-transparent-header-meta":"default","adv-header-id-meta":"","stick-header-meta":"","header-above-stick-meta":"","header-main-stick-meta":"","header-below-stick-meta":"","astra-migrate-meta-layouts":"set","ast-page-background-enabled":"default","ast-page-background-meta":{"desktop":{"background-color":"","background-image":"","background-repeat":"repeat","background-position":"center center","background-size":"auto","background-attachment":"scroll","background-type":"","background-media":"","overlay-type":"","overlay-color":"","overlay-opacity":"","overlay-gradient":""},"tablet":{"background-color":"","background-image":"","background-repeat":"repeat","background-position":"center center","background-size":"auto","background-attachment":"scroll","background-type":"","background-media":"","overlay-type":"","overlay-color":"","overlay-opacity":"","overlay-gradient":""},"mobile":{"background-color":"","background-image":"","background-repeat":"repeat","background-position":"center center","background-size":"auto","background-attachment":"scroll","background-type":"","background-media":"","overlay-type":"","overlay-color":"","overlay-opacity":"","overlay-gradient":""}},"ast-content-background-meta":{"desktop":{"background-color":"var(--ast-global-color-5)","background-image":"","background-repeat":"repeat","background-position":"center center","background-size":"auto","background-attachment":"scroll","background-type":"","background-media":"","overlay-type":"","overlay-color":"","overlay-opacity":"","overlay-gradient":""},"tablet":{"background-color":"var(--ast-global-color-5)","background-image":"","background-repeat":"repeat","background-position":"center center","background-size":"auto","background-attachment":"scroll","background-type":"","background-media":"","overlay-type":"","overlay-color":"","overlay-opacity":"","overlay-gradient":""},"mobile":{"background-color":"var(--ast-global-color-5)","background-image":"","background-repeat":"repeat","background-position":"center center","background-size":"auto","background-attachment":"scroll","background-type":"","background-media":"","overlay-type":"","overlay-color":"","overlay-opacity":"","overlay-gradient":""}}},"product_brand":[442],"product_cat":[131,50,71],"product_tag":[],"class_list":{"0":"post-7630","1":"product","2":"type-product","3":"status-publish","4":"has-post-thumbnail","6":"product_brand-velilla","7":"product_cat-batas-sanidad-y-servicios","8":"product_cat-ropa-profesional","9":"product_cat-sanidad-y-servicios","10":"desktop-align-center","11":"tablet-align-left","12":"mobile-align-left","14":"first","15":"instock","16":"taxable","17":"shipping-taxable","18":"purchasable","19":"product-type-variable"},"_links":{"self":[{"href":"https:\/\/combi-pro.com\/fr\/wp-json\/wp\/v2\/product\/7630","targetHints":{"allow":["GET"]}}],"collection":[{"href":"https:\/\/combi-pro.com\/fr\/wp-json\/wp\/v2\/product"}],"about":[{"href":"https:\/\/combi-pro.com\/fr\/wp-json\/wp\/v2\/types\/product"}],"wp:featuredmedia":[{"embeddable":true,"href":"https:\/\/combi-pro.com\/fr\/wp-json\/wp\/v2\/media\/7632"}],"wp:attachment":[{"href":"https:\/\/combi-pro.com\/fr\/wp-json\/wp\/v2\/media?parent=7630"}],"wp:term":[{"taxonomy":"product_brand","embeddable":true,"href":"https:\/\/combi-pro.com\/fr\/wp-json\/wp\/v2\/product_brand?post=7630"},{"taxonomy":"product_cat","embeddable":true,"href":"https:\/\/combi-pro.com\/fr\/wp-json\/wp\/v2\/product_cat?post=7630"},{"taxonomy":"product_tag","embeddable":true,"href":"https:\/\/combi-pro.com\/fr\/wp-json\/wp\/v2\/product_tag?post=7630"}],"curies":[{"name":"wp","href":"https:\/\/api.w.org\/{rel}","templated":true}]}}