{"id":7638,"date":"2024-05-05T13:13:38","date_gmt":"2024-05-05T11:13:38","guid":{"rendered":"https:\/\/combi-pro.com\/?post_type=product&#038;p=7638"},"modified":"2026-05-13T18:19:34","modified_gmt":"2026-05-13T16:19:34","slug":"539005-100-blouse-en-coton","status":"publish","type":"product","link":"https:\/\/combi-pro.com\/fr\/boutique\/539005-100-blouse-en-coton\/","title":{"rendered":"Blouse unisexe 100% coton antistatique, lavable \u00e0 60\u00b0C, avec poignets \u00e9lastiques 539005 | VELILLA"},"content":{"rendered":"<div class=\"data item\" role=\"tablist\">\n<div id=\"tab-label-description\" class=\"data item title active\" tabindex=\"0\" role=\"tab\" data-role=\"collapsible\" data-collapsible=\"true\" aria-controls=\"description\" aria-selected=\"false\" aria-expanded=\"true\">\n<p data-start=\"1471\" data-end=\"1506\"><strong data-start=\"1477\" data-end=\"1506\">Caract\u00e9ristiques techniques :<\/strong><\/p>\n<ul>\n<li data-start=\"1510\" data-end=\"1528\">Type : Unisexe<\/li>\n<li data-start=\"1531\" data-end=\"1584\">Fermeture : boutons-pression dissimul\u00e9s sous la patte de boutonnage<\/li>\n<li data-start=\"1587\" data-end=\"1609\">Poignets : \u00e9lastiques<\/li>\n<li data-start=\"1612\" data-end=\"1626\">Retour :<\/li>\n<li data-start=\"1631\" data-end=\"1649\">Ouverture arri\u00e8re<\/li>\n<li data-start=\"1654\" data-end=\"1676\">Coutures de s\u00e9curit\u00e9<\/li>\n<li data-start=\"1679\" data-end=\"1719\">Poches : 3 poches plaqu\u00e9es<\/li>\n<li data-start=\"1722\" data-end=\"1754\">Propri\u00e9t\u00e9s : Antistatique<\/li>\n<li data-start=\"1757\" data-end=\"1778\">Lavage : \u00e0 60 \u00b0C<\/li>\n<li data-start=\"1781\" data-end=\"1800\">Tissu : serg\u00e9<\/li>\n<li data-start=\"1803\" data-end=\"1834\">Composition : coton 100%<\/li>\n<li data-start=\"1837\" data-end=\"1860\">Poids : 190 g\/m\u00b2.<\/li>\n<li data-start=\"1863\" data-end=\"1891\">Certification : EN 1149<\/li>\n<\/ul>\n<p><strong>Gamme :<\/strong> 100% Coton<\/p>\n<p data-start=\"1923\" data-end=\"1955\"><strong data-start=\"1928\" data-end=\"1953\">Recommandation d'utilisation :<\/strong><\/p>\n<ul>\n<li data-start=\"1956\" data-end=\"2120\">Id\u00e9al pour les environnements pr\u00e9sentant un risque de d\u00e9charge \u00e9lectrostatique ou n\u00e9cessitant un niveau d'hygi\u00e8ne \u00e9lev\u00e9, tels que les laboratoires, les cliniques, l'industrie l\u00e9g\u00e8re ou les salles blanches.<\/li>\n<\/ul>\n<\/div>\n<\/div>","protected":false},"excerpt":{"rendered":"<p class=\"\" data-start=\"340\" data-end=\"483\">Blouse unisexe en coton 100% avec propri\u00e9t\u00e9s antistatiques, poignets \u00e9lastiques et fermeture \u00e0 bouton cach\u00e9. Certifi\u00e9 EN 1149 et lavable \u00e0 60\u00b0C.<\/p>\n<p data-start=\"340\" data-end=\"483\"><img decoding=\"async\" class=\"alignnone wp-image-15525\" src=\"https:\/\/combi-pro.com\/wp-content\/uploads\/2024\/05\/EN-1149-207x300.png\" alt=\"\" width=\"28\" height=\"40\" srcset=\"https:\/\/combi-pro.com\/wp-content\/uploads\/2024\/05\/EN-1149-207x300.png 207w, https:\/\/combi-pro.com\/wp-content\/uploads\/2024\/05\/EN-1149-64x93.png 64w, https:\/\/combi-pro.com\/wp-content\/uploads\/2024\/05\/EN-1149-8x12.png 8w, https:\/\/combi-pro.com\/wp-content\/uploads\/2024\/05\/EN-1149.png 293w\" sizes=\"(max-width: 28px) 100vw, 28px\" \/> <img decoding=\"async\" class=\"alignnone wp-image-15450\" src=\"https:\/\/combi-pro.com\/wp-content\/uploads\/2024\/05\/100-COTTON.png\" alt=\"\" width=\"117\" height=\"40\" srcset=\"https:\/\/combi-pro.com\/wp-content\/uploads\/2024\/05\/100-COTTON.png 228w, https:\/\/combi-pro.com\/wp-content\/uploads\/2024\/05\/100-COTTON-64x22.png 64w, https:\/\/combi-pro.com\/wp-content\/uploads\/2024\/05\/100-COTTON-18x6.png 18w\" sizes=\"(max-width: 117px) 100vw, 117px\" \/> <img decoding=\"async\" class=\"alignnone wp-image-15621\" src=\"https:\/\/combi-pro.com\/wp-content\/uploads\/2024\/05\/LAVABLE-60o-300x196.png\" alt=\"\" width=\"61\" height=\"40\" srcset=\"https:\/\/combi-pro.com\/wp-content\/uploads\/2024\/05\/LAVABLE-60o-300x196.png 300w, https:\/\/combi-pro.com\/wp-content\/uploads\/2024\/05\/LAVABLE-60o-450x294.png 450w, https:\/\/combi-pro.com\/wp-content\/uploads\/2024\/05\/LAVABLE-60o-64x42.png 64w, https:\/\/combi-pro.com\/wp-content\/uploads\/2024\/05\/LAVABLE-60o-18x12.png 18w, https:\/\/combi-pro.com\/wp-content\/uploads\/2024\/05\/LAVABLE-60o.png 592w\" sizes=\"(max-width: 61px) 100vw, 61px\" \/><\/p>\n<p><strong>GUIDE DES TAILLES<\/strong><\/p>\n<p><strong><img loading=\"lazy\" decoding=\"async\" class=\"alignnone wp-image-17940\" src=\"https:\/\/combi-pro.com\/wp-content\/uploads\/2024\/05\/93-98.4-screenshot-1750598636445-300x126.png\" alt=\"\" width=\"310\" height=\"130\" srcset=\"https:\/\/combi-pro.com\/wp-content\/uploads\/2024\/05\/93-98.4-screenshot-1750598636445-300x126.png 300w, https:\/\/combi-pro.com\/wp-content\/uploads\/2024\/05\/93-98.4-screenshot-1750598636445-18x8.png 18w, https:\/\/combi-pro.com\/wp-content\/uploads\/2024\/05\/93-98.4-screenshot-1750598636445-64x27.png 64w, https:\/\/combi-pro.com\/wp-content\/uploads\/2024\/05\/93-98.4-screenshot-1750598636445.png 400w\" sizes=\"(max-width: 310px) 100vw, 310px\" \/> <img loading=\"lazy\" decoding=\"async\" class=\"alignnone wp-image-17777\" src=\"https:\/\/combi-pro.com\/wp-content\/uploads\/2024\/05\/screenshot-1750037043744-300x167.png\" alt=\"\" width=\"198\" height=\"110\" srcset=\"https:\/\/combi-pro.com\/wp-content\/uploads\/2024\/05\/screenshot-1750037043744-300x167.png 300w, https:\/\/combi-pro.com\/wp-content\/uploads\/2024\/05\/screenshot-1750037043744-64x36.png 64w, https:\/\/combi-pro.com\/wp-content\/uploads\/2024\/05\/screenshot-1750037043744-18x10.png 18w, https:\/\/combi-pro.com\/wp-content\/uploads\/2024\/05\/screenshot-1750037043744.png 343w\" sizes=\"(max-width: 198px) 100vw, 198px\" \/>\u00a0<\/strong><\/p>","protected":false},"featured_media":7640,"template":"","meta":{"site-sidebar-layout":"default","site-content-layout":"","ast-site-content-layout":"default","site-content-style":"default","site-sidebar-style":"default","ast-global-header-display":"","ast-banner-title-visibility":"","ast-main-header-display":"","ast-hfb-above-header-display":"","ast-hfb-below-header-display":"","ast-hfb-mobile-header-display":"","site-post-title":"","ast-breadcrumbs-content":"","ast-featured-img":"","footer-sml-layout":"","ast-disable-related-posts":"","theme-transparent-header-meta":"default","adv-header-id-meta":"","stick-header-meta":"","header-above-stick-meta":"","header-main-stick-meta":"","header-below-stick-meta":"","astra-migrate-meta-layouts":"set","ast-page-background-enabled":"default","ast-page-background-meta":{"desktop":{"background-color":"","background-image":"","background-repeat":"repeat","background-position":"center center","background-size":"auto","background-attachment":"scroll","background-type":"","background-media":"","overlay-type":"","overlay-color":"","overlay-opacity":"","overlay-gradient":""},"tablet":{"background-color":"","background-image":"","background-repeat":"repeat","background-position":"center center","background-size":"auto","background-attachment":"scroll","background-type":"","background-media":"","overlay-type":"","overlay-color":"","overlay-opacity":"","overlay-gradient":""},"mobile":{"background-color":"","background-image":"","background-repeat":"repeat","background-position":"center center","background-size":"auto","background-attachment":"scroll","background-type":"","background-media":"","overlay-type":"","overlay-color":"","overlay-opacity":"","overlay-gradient":""}},"ast-content-background-meta":{"desktop":{"background-color":"var(--ast-global-color-5)","background-image":"","background-repeat":"repeat","background-position":"center center","background-size":"auto","background-attachment":"scroll","background-type":"","background-media":"","overlay-type":"","overlay-color":"","overlay-opacity":"","overlay-gradient":""},"tablet":{"background-color":"var(--ast-global-color-5)","background-image":"","background-repeat":"repeat","background-position":"center center","background-size":"auto","background-attachment":"scroll","background-type":"","background-media":"","overlay-type":"","overlay-color":"","overlay-opacity":"","overlay-gradient":""},"mobile":{"background-color":"var(--ast-global-color-5)","background-image":"","background-repeat":"repeat","background-position":"center center","background-size":"auto","background-attachment":"scroll","background-type":"","background-media":"","overlay-type":"","overlay-color":"","overlay-opacity":"","overlay-gradient":""}}},"product_brand":[442],"product_cat":[131,50,71],"product_tag":[],"class_list":{"0":"post-7638","1":"product","2":"type-product","3":"status-publish","4":"has-post-thumbnail","6":"product_brand-velilla","7":"product_cat-batas-sanidad-y-servicios","8":"product_cat-ropa-profesional","9":"product_cat-sanidad-y-servicios","10":"desktop-align-center","11":"tablet-align-left","12":"mobile-align-left","14":"first","15":"instock","16":"taxable","17":"shipping-taxable","18":"purchasable","19":"product-type-variable"},"_links":{"self":[{"href":"https:\/\/combi-pro.com\/fr\/wp-json\/wp\/v2\/product\/7638","targetHints":{"allow":["GET"]}}],"collection":[{"href":"https:\/\/combi-pro.com\/fr\/wp-json\/wp\/v2\/product"}],"about":[{"href":"https:\/\/combi-pro.com\/fr\/wp-json\/wp\/v2\/types\/product"}],"wp:featuredmedia":[{"embeddable":true,"href":"https:\/\/combi-pro.com\/fr\/wp-json\/wp\/v2\/media\/7640"}],"wp:attachment":[{"href":"https:\/\/combi-pro.com\/fr\/wp-json\/wp\/v2\/media?parent=7638"}],"wp:term":[{"taxonomy":"product_brand","embeddable":true,"href":"https:\/\/combi-pro.com\/fr\/wp-json\/wp\/v2\/product_brand?post=7638"},{"taxonomy":"product_cat","embeddable":true,"href":"https:\/\/combi-pro.com\/fr\/wp-json\/wp\/v2\/product_cat?post=7638"},{"taxonomy":"product_tag","embeddable":true,"href":"https:\/\/combi-pro.com\/fr\/wp-json\/wp\/v2\/product_tag?post=7638"}],"curies":[{"name":"wp","href":"https:\/\/api.w.org\/{rel}","templated":true}]}}