{"id":7648,"date":"2024-05-05T13:19:14","date_gmt":"2024-05-05T11:19:14","guid":{"rendered":"https:\/\/combi-pro.com\/?post_type=product&#038;p=7648"},"modified":"2026-04-13T20:52:42","modified_gmt":"2026-04-13T18:52:42","slug":"539006s-blouse-extensible-pour-homme","status":"publish","type":"product","link":"https:\/\/combi-pro.com\/fr\/boutique\/539006s-blouse-extensible-pour-homme\/","title":{"rendered":"Blouse de laboratoire extensible pour homme avec col mao et fermeture \u00e0 boutons-pression 539006S | VELILLA"},"content":{"rendered":"<div class=\"data item\" role=\"tablist\">\n<div id=\"tab-label-description\" class=\"data item title active\" tabindex=\"0\" role=\"tab\" data-role=\"collapsible\" data-collapsible=\"true\" aria-controls=\"description\" aria-selected=\"false\" aria-expanded=\"true\">\n<p data-start=\"1412\" data-end=\"1447\"><strong data-start=\"1418\" data-end=\"1447\">Caract\u00e9ristiques techniques :<\/strong><\/p>\n<ul>\n<li data-start=\"1451\" data-end=\"1489\">Design : Masculin, semi-fixe<\/li>\n<li data-start=\"1492\" data-end=\"1509\">Collier : Mao<\/li>\n<li data-start=\"1512\" data-end=\"1557\">Fermeture : boutons-pression \u00e0 rondelle<\/li>\n<li data-start=\"1560\" data-end=\"1597\">Manches : de type tailleur (deux pi\u00e8ces)<\/li>\n<li data-start=\"1600\" data-end=\"1614\">Retour :<\/li>\n<li data-start=\"1619\" data-end=\"1652\">Empi\u00e8cement cousu de s\u00e9curit\u00e9<\/li>\n<li data-start=\"1657\" data-end=\"1677\">Ouverture arri\u00e8re<\/li>\n<li data-start=\"1680\" data-end=\"1696\">Poches :<\/li>\n<li data-start=\"1701\" data-end=\"1732\">1 poche passepoil\u00e9e sur le dessus<\/li>\n<li data-start=\"1737\" data-end=\"1771\">2 poches inf\u00e9rieures plaqu\u00e9es<\/li>\n<li data-start=\"1774\" data-end=\"1795\">Tissu : extensible<\/li>\n<li data-start=\"1798\" data-end=\"1858\">Composition : 62% polyester - 34% coton - 4% \u00e9lasthanne<\/li>\n<li data-start=\"1861\" data-end=\"1884\">Poids : 185 g\/m\u00b2.<\/li>\n<\/ul>\n<p><strong>Gamme :<\/strong> \u00c9tirer<\/p>\n<p><strong data-start=\"1918\" data-end=\"1943\">Recommandation d'utilisation :<\/strong><\/p>\n<ul>\n<li data-start=\"1946\" data-end=\"2097\">Parfaite pour les professionnels de la sant\u00e9, de la beaut\u00e9, des laboratoires ou du commerce de d\u00e9tail \u00e0 la recherche d'une blouse moderne, confortable et fonctionnelle en tissu extensible.<\/li>\n<\/ul>\n<\/div>\n<\/div>","protected":false},"excerpt":{"rendered":"<p class=\"\" data-start=\"340\" data-end=\"472\">Manteau semi-ajust\u00e9 pour homme avec col mao, tissu \u00e9lastiqu\u00e9, fermeture auto-agrippante et design ergonomique. Confort et style professionnel.<\/p>\n<p data-start=\"340\" data-end=\"472\"><img decoding=\"async\" class=\"alignnone wp-image-15240\" src=\"https:\/\/combi-pro.com\/wp-content\/uploads\/2025\/04\/icon-stretch.png\" alt=\"\" width=\"99\" height=\"40\" srcset=\"https:\/\/combi-pro.com\/wp-content\/uploads\/2025\/04\/icon-stretch.png 228w, https:\/\/combi-pro.com\/wp-content\/uploads\/2025\/04\/icon-stretch-64x26.png 64w, https:\/\/combi-pro.com\/wp-content\/uploads\/2025\/04\/icon-stretch-18x7.png 18w\" sizes=\"(max-width: 99px) 100vw, 99px\" \/><\/p>\n<p><strong>GUIDE DES TAILLES<\/strong><\/p>\n<p><strong><img decoding=\"async\" class=\"alignnone wp-image-17941\" src=\"https:\/\/combi-pro.com\/wp-content\/uploads\/2024\/05\/94.5-97-screenshot-1750598794846-300x113.png\" alt=\"\" width=\"318\" height=\"120\" srcset=\"https:\/\/combi-pro.com\/wp-content\/uploads\/2024\/05\/94.5-97-screenshot-1750598794846-300x113.png 300w, https:\/\/combi-pro.com\/wp-content\/uploads\/2024\/05\/94.5-97-screenshot-1750598794846-18x7.png 18w, https:\/\/combi-pro.com\/wp-content\/uploads\/2024\/05\/94.5-97-screenshot-1750598794846-64x24.png 64w, https:\/\/combi-pro.com\/wp-content\/uploads\/2024\/05\/94.5-97-screenshot-1750598794846.png 400w\" sizes=\"(max-width: 318px) 100vw, 318px\" \/> <img decoding=\"async\" class=\"alignnone wp-image-17777\" src=\"https:\/\/combi-pro.com\/wp-content\/uploads\/2024\/05\/screenshot-1750037043744-300x167.png\" alt=\"\" width=\"180\" height=\"100\" srcset=\"https:\/\/combi-pro.com\/wp-content\/uploads\/2024\/05\/screenshot-1750037043744-300x167.png 300w, https:\/\/combi-pro.com\/wp-content\/uploads\/2024\/05\/screenshot-1750037043744-64x36.png 64w, https:\/\/combi-pro.com\/wp-content\/uploads\/2024\/05\/screenshot-1750037043744-18x10.png 18w, https:\/\/combi-pro.com\/wp-content\/uploads\/2024\/05\/screenshot-1750037043744.png 343w\" sizes=\"(max-width: 180px) 100vw, 180px\" \/>\u00a0<\/strong><\/p>","protected":false},"featured_media":7650,"template":"","meta":{"site-sidebar-layout":"default","site-content-layout":"","ast-site-content-layout":"default","site-content-style":"default","site-sidebar-style":"default","ast-global-header-display":"","ast-banner-title-visibility":"","ast-main-header-display":"","ast-hfb-above-header-display":"","ast-hfb-below-header-display":"","ast-hfb-mobile-header-display":"","site-post-title":"","ast-breadcrumbs-content":"","ast-featured-img":"","footer-sml-layout":"","ast-disable-related-posts":"","theme-transparent-header-meta":"default","adv-header-id-meta":"","stick-header-meta":"","header-above-stick-meta":"","header-main-stick-meta":"","header-below-stick-meta":"","astra-migrate-meta-layouts":"set","ast-page-background-enabled":"default","ast-page-background-meta":{"desktop":{"background-color":"","background-image":"","background-repeat":"repeat","background-position":"center center","background-size":"auto","background-attachment":"scroll","background-type":"","background-media":"","overlay-type":"","overlay-color":"","overlay-opacity":"","overlay-gradient":""},"tablet":{"background-color":"","background-image":"","background-repeat":"repeat","background-position":"center center","background-size":"auto","background-attachment":"scroll","background-type":"","background-media":"","overlay-type":"","overlay-color":"","overlay-opacity":"","overlay-gradient":""},"mobile":{"background-color":"","background-image":"","background-repeat":"repeat","background-position":"center center","background-size":"auto","background-attachment":"scroll","background-type":"","background-media":"","overlay-type":"","overlay-color":"","overlay-opacity":"","overlay-gradient":""}},"ast-content-background-meta":{"desktop":{"background-color":"var(--ast-global-color-5)","background-image":"","background-repeat":"repeat","background-position":"center center","background-size":"auto","background-attachment":"scroll","background-type":"","background-media":"","overlay-type":"","overlay-color":"","overlay-opacity":"","overlay-gradient":""},"tablet":{"background-color":"var(--ast-global-color-5)","background-image":"","background-repeat":"repeat","background-position":"center center","background-size":"auto","background-attachment":"scroll","background-type":"","background-media":"","overlay-type":"","overlay-color":"","overlay-opacity":"","overlay-gradient":""},"mobile":{"background-color":"var(--ast-global-color-5)","background-image":"","background-repeat":"repeat","background-position":"center center","background-size":"auto","background-attachment":"scroll","background-type":"","background-media":"","overlay-type":"","overlay-color":"","overlay-opacity":"","overlay-gradient":""}}},"product_brand":[442],"product_cat":[131,50,71],"product_tag":[],"class_list":{"0":"post-7648","1":"product","2":"type-product","3":"status-publish","4":"has-post-thumbnail","6":"product_brand-velilla","7":"product_cat-batas-sanidad-y-servicios","8":"product_cat-ropa-profesional","9":"product_cat-sanidad-y-servicios","10":"desktop-align-center","11":"tablet-align-left","12":"mobile-align-left","14":"first","15":"instock","16":"taxable","17":"shipping-taxable","18":"purchasable","19":"product-type-variable"},"_links":{"self":[{"href":"https:\/\/combi-pro.com\/fr\/wp-json\/wp\/v2\/product\/7648","targetHints":{"allow":["GET"]}}],"collection":[{"href":"https:\/\/combi-pro.com\/fr\/wp-json\/wp\/v2\/product"}],"about":[{"href":"https:\/\/combi-pro.com\/fr\/wp-json\/wp\/v2\/types\/product"}],"wp:featuredmedia":[{"embeddable":true,"href":"https:\/\/combi-pro.com\/fr\/wp-json\/wp\/v2\/media\/7650"}],"wp:attachment":[{"href":"https:\/\/combi-pro.com\/fr\/wp-json\/wp\/v2\/media?parent=7648"}],"wp:term":[{"taxonomy":"product_brand","embeddable":true,"href":"https:\/\/combi-pro.com\/fr\/wp-json\/wp\/v2\/product_brand?post=7648"},{"taxonomy":"product_cat","embeddable":true,"href":"https:\/\/combi-pro.com\/fr\/wp-json\/wp\/v2\/product_cat?post=7648"},{"taxonomy":"product_tag","embeddable":true,"href":"https:\/\/combi-pro.com\/fr\/wp-json\/wp\/v2\/product_tag?post=7648"}],"curies":[{"name":"wp","href":"https:\/\/api.w.org\/{rel}","templated":true}]}}