{"id":7659,"date":"2024-05-05T13:26:46","date_gmt":"2024-05-05T11:26:46","guid":{"rendered":"https:\/\/combi-pro.com\/?post_type=product&#038;p=7659"},"modified":"2026-05-13T18:22:47","modified_gmt":"2026-05-13T16:22:47","slug":"535209-top-de-pyjama-avec-boutons","status":"publish","type":"product","link":"https:\/\/combi-pro.com\/fr\/boutique\/535209-top-de-pyjama-avec-boutons\/","title":{"rendered":"Veste de pyjama boutonn\u00e9e \u00e0 manches courtes et poches 535209 | VELILLA"},"content":{"rendered":"<div class=\"data item\" role=\"tablist\">\n<div id=\"tab-label-description\" class=\"data item title active\" tabindex=\"0\" role=\"tab\" data-role=\"collapsible\" data-collapsible=\"true\" aria-controls=\"description\" aria-selected=\"false\" aria-expanded=\"true\">\n<p data-start=\"1245\" data-end=\"1280\"><strong data-start=\"1251\" data-end=\"1280\">Caract\u00e9ristiques techniques :<\/strong><\/p>\n<ul>\n<li data-start=\"1284\" data-end=\"1304\">Design : unisexe<\/li>\n<li data-start=\"1307\" data-end=\"1325\">Manches : courtes<\/li>\n<li data-start=\"1328\" data-end=\"1349\">Col : Col en V<\/li>\n<li data-start=\"1352\" data-end=\"1383\">Fermeture : boutons sur le devant<\/li>\n<li data-start=\"1386\" data-end=\"1415\">Ouvertures lat\u00e9rales : Oui<\/li>\n<li data-start=\"1418\" data-end=\"1445\">Empi\u00e8cement au dos : Oui<\/li>\n<li data-start=\"1448\" data-end=\"1486\">Poches : 3 poches plaqu\u00e9es<\/li>\n<li data-start=\"1489\" data-end=\"1508\">Tissu : serg\u00e9<\/li>\n<li data-start=\"1511\" data-end=\"1557\">Composition : 65% polyester - 35% coton<\/li>\n<li data-start=\"1560\" data-end=\"1583\">Poids : 190 g\/m\u00b2.<\/li>\n<\/ul>\n<p data-start=\"1590\" data-end=\"1622\"><strong data-start=\"1595\" data-end=\"1620\">Recommandation d'utilisation :<\/strong><\/p>\n<ul>\n<li data-start=\"1623\" data-end=\"1791\">Recommand\u00e9 pour les soins de sant\u00e9, le nettoyage, l'esth\u00e9tique, les cliniques et autres environnements professionnels qui exigent confort et fonctionnalit\u00e9 au quotidien.<\/li>\n<\/ul>\n<\/div>\n<\/div>","protected":false},"excerpt":{"rendered":"<p class=\"\" data-start=\"265\" data-end=\"409\">Veste de pyjama \u00e0 manches courtes avec fermeture \u00e0 boutons, col en V et trois poches fonctionnelles. Id\u00e9ale pour une utilisation professionnelle confortable et pratique.<\/p>\n<p><strong>GUIDE DES TAILLES<\/strong><\/p>\n<p><strong><img decoding=\"async\" class=\"alignnone wp-image-17954\" src=\"https:\/\/combi-pro.com\/wp-content\/uploads\/2024\/05\/48.3-72.3-300x131.png\" alt=\"\" width=\"298\" height=\"130\" srcset=\"https:\/\/combi-pro.com\/wp-content\/uploads\/2024\/05\/48.3-72.3-300x131.png 300w, https:\/\/combi-pro.com\/wp-content\/uploads\/2024\/05\/48.3-72.3-18x8.png 18w, https:\/\/combi-pro.com\/wp-content\/uploads\/2024\/05\/48.3-72.3-64x28.png 64w, https:\/\/combi-pro.com\/wp-content\/uploads\/2024\/05\/48.3-72.3.png 399w\" sizes=\"(max-width: 298px) 100vw, 298px\" \/> <img decoding=\"async\" class=\"alignnone wp-image-17696\" src=\"https:\/\/combi-pro.com\/wp-content\/uploads\/2025\/05\/screenshot-1749214923473-300x106.png\" alt=\"\" width=\"283\" height=\"100\" srcset=\"https:\/\/combi-pro.com\/wp-content\/uploads\/2025\/05\/screenshot-1749214923473-300x106.png 300w, https:\/\/combi-pro.com\/wp-content\/uploads\/2025\/05\/screenshot-1749214923473-64x23.png 64w, https:\/\/combi-pro.com\/wp-content\/uploads\/2025\/05\/screenshot-1749214923473-18x6.png 18w, https:\/\/combi-pro.com\/wp-content\/uploads\/2025\/05\/screenshot-1749214923473.png 396w\" sizes=\"(max-width: 283px) 100vw, 283px\" \/><\/strong><\/p>","protected":false},"featured_media":7664,"template":"","meta":{"site-sidebar-layout":"default","site-content-layout":"","ast-site-content-layout":"default","site-content-style":"default","site-sidebar-style":"default","ast-global-header-display":"","ast-banner-title-visibility":"","ast-main-header-display":"","ast-hfb-above-header-display":"","ast-hfb-below-header-display":"","ast-hfb-mobile-header-display":"","site-post-title":"","ast-breadcrumbs-content":"","ast-featured-img":"","footer-sml-layout":"","ast-disable-related-posts":"","theme-transparent-header-meta":"default","adv-header-id-meta":"","stick-header-meta":"","header-above-stick-meta":"","header-main-stick-meta":"","header-below-stick-meta":"","astra-migrate-meta-layouts":"set","ast-page-background-enabled":"default","ast-page-background-meta":{"desktop":{"background-color":"","background-image":"","background-repeat":"repeat","background-position":"center center","background-size":"auto","background-attachment":"scroll","background-type":"","background-media":"","overlay-type":"","overlay-color":"","overlay-opacity":"","overlay-gradient":""},"tablet":{"background-color":"","background-image":"","background-repeat":"repeat","background-position":"center center","background-size":"auto","background-attachment":"scroll","background-type":"","background-media":"","overlay-type":"","overlay-color":"","overlay-opacity":"","overlay-gradient":""},"mobile":{"background-color":"","background-image":"","background-repeat":"repeat","background-position":"center center","background-size":"auto","background-attachment":"scroll","background-type":"","background-media":"","overlay-type":"","overlay-color":"","overlay-opacity":"","overlay-gradient":""}},"ast-content-background-meta":{"desktop":{"background-color":"var(--ast-global-color-5)","background-image":"","background-repeat":"repeat","background-position":"center center","background-size":"auto","background-attachment":"scroll","background-type":"","background-media":"","overlay-type":"","overlay-color":"","overlay-opacity":"","overlay-gradient":""},"tablet":{"background-color":"var(--ast-global-color-5)","background-image":"","background-repeat":"repeat","background-position":"center center","background-size":"auto","background-attachment":"scroll","background-type":"","background-media":"","overlay-type":"","overlay-color":"","overlay-opacity":"","overlay-gradient":""},"mobile":{"background-color":"var(--ast-global-color-5)","background-image":"","background-repeat":"repeat","background-position":"center center","background-size":"auto","background-attachment":"scroll","background-type":"","background-media":"","overlay-type":"","overlay-color":"","overlay-opacity":"","overlay-gradient":""}}},"product_brand":[442],"product_cat":[132,50,71],"product_tag":[],"class_list":{"0":"post-7659","1":"product","2":"type-product","3":"status-publish","4":"has-post-thumbnail","6":"product_brand-velilla","7":"product_cat-camisolas-sanidad-y-servicios","8":"product_cat-ropa-profesional","9":"product_cat-sanidad-y-servicios","10":"desktop-align-center","11":"tablet-align-left","12":"mobile-align-left","14":"first","15":"instock","16":"taxable","17":"shipping-taxable","18":"purchasable","19":"product-type-variable","20":"has-default-attributes"},"_links":{"self":[{"href":"https:\/\/combi-pro.com\/fr\/wp-json\/wp\/v2\/product\/7659","targetHints":{"allow":["GET"]}}],"collection":[{"href":"https:\/\/combi-pro.com\/fr\/wp-json\/wp\/v2\/product"}],"about":[{"href":"https:\/\/combi-pro.com\/fr\/wp-json\/wp\/v2\/types\/product"}],"wp:featuredmedia":[{"embeddable":true,"href":"https:\/\/combi-pro.com\/fr\/wp-json\/wp\/v2\/media\/7664"}],"wp:attachment":[{"href":"https:\/\/combi-pro.com\/fr\/wp-json\/wp\/v2\/media?parent=7659"}],"wp:term":[{"taxonomy":"product_brand","embeddable":true,"href":"https:\/\/combi-pro.com\/fr\/wp-json\/wp\/v2\/product_brand?post=7659"},{"taxonomy":"product_cat","embeddable":true,"href":"https:\/\/combi-pro.com\/fr\/wp-json\/wp\/v2\/product_cat?post=7659"},{"taxonomy":"product_tag","embeddable":true,"href":"https:\/\/combi-pro.com\/fr\/wp-json\/wp\/v2\/product_tag?post=7659"}],"curies":[{"name":"wp","href":"https:\/\/api.w.org\/{rel}","templated":true}]}}