{"id":7695,"date":"2024-05-05T13:44:08","date_gmt":"2024-05-05T11:44:08","guid":{"rendered":"https:\/\/combi-pro.com\/?post_type=product&#038;p=7695"},"modified":"2026-05-13T18:19:43","modified_gmt":"2026-05-13T16:19:43","slug":"585-camisole-de-pyjama","status":"publish","type":"product","link":"https:\/\/combi-pro.com\/fr\/boutique\/585-camisole-de-pyjama\/","title":{"rendered":"Chemise de nuit ray\u00e9e \u00e0 manches courtes 585 | VELILLA"},"content":{"rendered":"<div class=\"data item\" role=\"tablist\">\n<div id=\"tab-label-description\" class=\"data item title active\" tabindex=\"0\" role=\"tab\" data-role=\"collapsible\" data-collapsible=\"true\" aria-controls=\"description\" aria-selected=\"false\" aria-expanded=\"true\">\n<div class=\"data item\" role=\"tablist\"><strong style=\"font-size: 16px;\" data-start=\"1157\" data-end=\"1186\">Caract\u00e9ristiques techniques :<\/strong><\/div>\n<div class=\"data item\" role=\"tablist\">\n<div id=\"composition_with_grammage\" class=\"data item content\" role=\"tabpanel\" aria-labelledby=\"tab-label-composition_with_grammage\" data-role=\"content\" aria-hidden=\"false\">\n<div class=\"product attribute composition_with_grammage\">\n<div class=\"value\">\n<ul>\n<li data-start=\"1190\" data-end=\"1210\">Design : unisexe<\/li>\n<li data-start=\"1213\" data-end=\"1231\">Manches : courtes<\/li>\n<li data-start=\"1234\" data-end=\"1267\">Col : Col en V avec revers<\/li>\n<li data-start=\"1270\" data-end=\"1302\">Vues : couleur contrast\u00e9e<\/li>\n<li data-start=\"1305\" data-end=\"1334\">Ouvertures lat\u00e9rales : Oui<\/li>\n<li data-start=\"1337\" data-end=\"1375\">Poches : 3 poches plaqu\u00e9es<\/li>\n<li data-start=\"1378\" data-end=\"1399\">Tissu : Popeline<\/li>\n<li data-start=\"1402\" data-end=\"1448\">Composition : 65% polyester - 35% coton<\/li>\n<li data-start=\"1451\" data-end=\"1474\">Poids : 115 g\/m\u00b2.<\/li>\n<\/ul>\n<p data-start=\"1481\" data-end=\"1513\"><strong data-start=\"1486\" data-end=\"1511\">Recommandation d'utilisation :<\/strong><\/p>\n<ul>\n<li data-start=\"1514\" data-end=\"1669\">Parfait pour les professionnels de la sant\u00e9, du nettoyage, de l'esth\u00e9tique ou de la restauration qui ont besoin d'un v\u00eatement confortable, l\u00e9ger et \u00e9l\u00e9gant \u00e0 porter au quotidien.<\/li>\n<\/ul>\n<\/div>\n<\/div>\n<\/div>\n<\/div>\n<\/div>\n<\/div>","protected":false},"excerpt":{"rendered":"<p class=\"\" data-start=\"269\" data-end=\"420\">Chemise de pyjama ray\u00e9e avec col \u00e0 revers en pointe, bordures contrast\u00e9es et trois poches. L\u00e9g\u00e8re, confortable et parfaite pour les environnements professionnels.<\/p>\n<p><strong>GUIDE DES TAILLES<\/strong><\/p>\n<p><img decoding=\"async\" class=\"alignnone wp-image-17959\" src=\"https:\/\/combi-pro.com\/wp-content\/uploads\/2024\/05\/71-77-2-300x125.png\" alt=\"\" width=\"311\" height=\"130\" srcset=\"https:\/\/combi-pro.com\/wp-content\/uploads\/2024\/05\/71-77-2-300x125.png 300w, https:\/\/combi-pro.com\/wp-content\/uploads\/2024\/05\/71-77-2-18x8.png 18w, https:\/\/combi-pro.com\/wp-content\/uploads\/2024\/05\/71-77-2-64x27.png 64w, https:\/\/combi-pro.com\/wp-content\/uploads\/2024\/05\/71-77-2.png 400w\" sizes=\"(max-width: 311px) 100vw, 311px\" \/> <img decoding=\"async\" class=\"alignnone wp-image-17696\" src=\"https:\/\/combi-pro.com\/wp-content\/uploads\/2025\/05\/screenshot-1749214923473-300x106.png\" alt=\"\" width=\"283\" height=\"100\" srcset=\"https:\/\/combi-pro.com\/wp-content\/uploads\/2025\/05\/screenshot-1749214923473-300x106.png 300w, https:\/\/combi-pro.com\/wp-content\/uploads\/2025\/05\/screenshot-1749214923473-64x23.png 64w, https:\/\/combi-pro.com\/wp-content\/uploads\/2025\/05\/screenshot-1749214923473-18x6.png 18w, https:\/\/combi-pro.com\/wp-content\/uploads\/2025\/05\/screenshot-1749214923473.png 396w\" sizes=\"(max-width: 283px) 100vw, 283px\" \/><\/p>","protected":false},"featured_media":7697,"template":"","meta":{"site-sidebar-layout":"default","site-content-layout":"","ast-site-content-layout":"default","site-content-style":"default","site-sidebar-style":"default","ast-global-header-display":"","ast-banner-title-visibility":"","ast-main-header-display":"","ast-hfb-above-header-display":"","ast-hfb-below-header-display":"","ast-hfb-mobile-header-display":"","site-post-title":"","ast-breadcrumbs-content":"","ast-featured-img":"","footer-sml-layout":"","ast-disable-related-posts":"","theme-transparent-header-meta":"default","adv-header-id-meta":"","stick-header-meta":"","header-above-stick-meta":"","header-main-stick-meta":"","header-below-stick-meta":"","astra-migrate-meta-layouts":"set","ast-page-background-enabled":"default","ast-page-background-meta":{"desktop":{"background-color":"","background-image":"","background-repeat":"repeat","background-position":"center center","background-size":"auto","background-attachment":"scroll","background-type":"","background-media":"","overlay-type":"","overlay-color":"","overlay-opacity":"","overlay-gradient":""},"tablet":{"background-color":"","background-image":"","background-repeat":"repeat","background-position":"center center","background-size":"auto","background-attachment":"scroll","background-type":"","background-media":"","overlay-type":"","overlay-color":"","overlay-opacity":"","overlay-gradient":""},"mobile":{"background-color":"","background-image":"","background-repeat":"repeat","background-position":"center center","background-size":"auto","background-attachment":"scroll","background-type":"","background-media":"","overlay-type":"","overlay-color":"","overlay-opacity":"","overlay-gradient":""}},"ast-content-background-meta":{"desktop":{"background-color":"var(--ast-global-color-5)","background-image":"","background-repeat":"repeat","background-position":"center center","background-size":"auto","background-attachment":"scroll","background-type":"","background-media":"","overlay-type":"","overlay-color":"","overlay-opacity":"","overlay-gradient":""},"tablet":{"background-color":"var(--ast-global-color-5)","background-image":"","background-repeat":"repeat","background-position":"center center","background-size":"auto","background-attachment":"scroll","background-type":"","background-media":"","overlay-type":"","overlay-color":"","overlay-opacity":"","overlay-gradient":""},"mobile":{"background-color":"var(--ast-global-color-5)","background-image":"","background-repeat":"repeat","background-position":"center center","background-size":"auto","background-attachment":"scroll","background-type":"","background-media":"","overlay-type":"","overlay-color":"","overlay-opacity":"","overlay-gradient":""}}},"product_brand":[442],"product_cat":[132,50,71],"product_tag":[],"class_list":{"0":"post-7695","1":"product","2":"type-product","3":"status-publish","4":"has-post-thumbnail","6":"product_brand-velilla","7":"product_cat-camisolas-sanidad-y-servicios","8":"product_cat-ropa-profesional","9":"product_cat-sanidad-y-servicios","10":"desktop-align-center","11":"tablet-align-left","12":"mobile-align-left","14":"first","15":"instock","16":"taxable","17":"shipping-taxable","18":"purchasable","19":"product-type-variable"},"_links":{"self":[{"href":"https:\/\/combi-pro.com\/fr\/wp-json\/wp\/v2\/product\/7695","targetHints":{"allow":["GET"]}}],"collection":[{"href":"https:\/\/combi-pro.com\/fr\/wp-json\/wp\/v2\/product"}],"about":[{"href":"https:\/\/combi-pro.com\/fr\/wp-json\/wp\/v2\/types\/product"}],"wp:featuredmedia":[{"embeddable":true,"href":"https:\/\/combi-pro.com\/fr\/wp-json\/wp\/v2\/media\/7697"}],"wp:attachment":[{"href":"https:\/\/combi-pro.com\/fr\/wp-json\/wp\/v2\/media?parent=7695"}],"wp:term":[{"taxonomy":"product_brand","embeddable":true,"href":"https:\/\/combi-pro.com\/fr\/wp-json\/wp\/v2\/product_brand?post=7695"},{"taxonomy":"product_cat","embeddable":true,"href":"https:\/\/combi-pro.com\/fr\/wp-json\/wp\/v2\/product_cat?post=7695"},{"taxonomy":"product_tag","embeddable":true,"href":"https:\/\/combi-pro.com\/fr\/wp-json\/wp\/v2\/product_tag?post=7695"}],"curies":[{"name":"wp","href":"https:\/\/api.w.org\/{rel}","templated":true}]}}