{"id":7725,"date":"2024-05-06T00:44:23","date_gmt":"2024-05-05T22:44:23","guid":{"rendered":"https:\/\/combi-pro.com\/?post_type=product&#038;p=7725"},"modified":"2026-05-13T16:44:13","modified_gmt":"2026-05-13T14:44:13","slug":"305512-polo-coton-mc-av","status":"publish","type":"product","link":"https:\/\/combi-pro.com\/fr\/boutique\/305512-polo-coton-mc-av\/","title":{"rendered":"Polo en coton haute visibilit\u00e9 \u00e0 manches courtes 305512 | VELILLA"},"content":{"rendered":"<p data-start=\"1109\" data-end=\"1145\"><strong data-start=\"1116\" data-end=\"1145\">Caract\u00e9ristiques techniques :<\/strong><\/p>\n<ul>\n<li data-start=\"1148\" data-end=\"1212\">Fermeture \u00e0 bouton central pour un r\u00e9glage pratique et facile<\/li>\n<li data-start=\"1215\" data-end=\"1314\">Bandes r\u00e9fl\u00e9chissantes sur le torse et les manches pour assurer la visibilit\u00e9 dans tous les environnements<\/li>\n<li data-start=\"1317\" data-end=\"1372\">Col c\u00f4tel\u00e9 pour un ajustement confortable<\/li>\n<li data-start=\"1375\" data-end=\"1440\">1 poche plaqu\u00e9e sur la poitrine, id\u00e9ale pour les petits objets<\/li>\n<\/ul>\n<p data-start=\"1447\" data-end=\"1473\"><strong data-start=\"1455\" data-end=\"1473\">Certification: <\/strong>EN ISO 20471 (Classe 2) : Haute visibilit\u00e9 pour les environnements \u00e0 risque mod\u00e9r\u00e9<\/p>\n<p data-start=\"1561\" data-end=\"1584\"><strong data-start=\"1568\" data-end=\"1584\">Composition :<\/strong><\/p>\n<ul>\n<li data-start=\"1587\" data-end=\"1645\">Tissu piqu\u00e9 : 55% coton - 45% polyester \/ 150 g\/m\u00b2.<\/li>\n<li data-start=\"1648\" data-end=\"1717\">Respirant, doux et confortable, parfait pour les longues journ\u00e9es de travail.<\/li>\n<\/ul>\n<p><strong data-start=\"1938\" data-end=\"1947\">Gamme :<\/strong> Coton haute visibilit\u00e9<\/p>\n<p data-start=\"1724\" data-end=\"1755\"><strong data-start=\"1730\" data-end=\"1755\">Recommandation d'utilisation : <\/strong>Id\u00e9al pour les travaux en ext\u00e9rieur ou les environnements \u00e0 risque mod\u00e9r\u00e9, tels que la logistique, la maintenance ou toute profession n\u00e9cessitant une grande visibilit\u00e9 et un confort thermique.<\/p>\n<p data-start=\"1724\" data-end=\"1755\"><img decoding=\"async\" class=\"alignnone wp-image-14962\" src=\"https:\/\/combi-pro.com\/wp-content\/uploads\/2025\/01\/bordado-mukua.jpg\" alt=\"\" width=\"60\" height=\"60\" srcset=\"https:\/\/combi-pro.com\/wp-content\/uploads\/2025\/01\/bordado-mukua.jpg 427w, https:\/\/combi-pro.com\/wp-content\/uploads\/2025\/01\/bordado-mukua-100x100.jpg 100w, https:\/\/combi-pro.com\/wp-content\/uploads\/2025\/01\/bordado-mukua-64x64.jpg 64w, https:\/\/combi-pro.com\/wp-content\/uploads\/2025\/01\/bordado-mukua-300x300.jpg 300w, https:\/\/combi-pro.com\/wp-content\/uploads\/2025\/01\/bordado-mukua-150x150.jpg 150w, https:\/\/combi-pro.com\/wp-content\/uploads\/2025\/01\/bordado-mukua-12x12.jpg 12w\" sizes=\"(max-width: 60px) 100vw, 60px\" \/> <img decoding=\"async\" class=\"alignnone wp-image-14960\" src=\"https:\/\/combi-pro.com\/wp-content\/uploads\/2025\/01\/impresion-mukua-300x300.jpg\" alt=\"\" width=\"60\" height=\"60\" srcset=\"https:\/\/combi-pro.com\/wp-content\/uploads\/2025\/01\/impresion-mukua-300x300.jpg 300w, https:\/\/combi-pro.com\/wp-content\/uploads\/2025\/01\/impresion-mukua-100x100.jpg 100w, https:\/\/combi-pro.com\/wp-content\/uploads\/2025\/01\/impresion-mukua-64x64.jpg 64w, https:\/\/combi-pro.com\/wp-content\/uploads\/2025\/01\/impresion-mukua-150x150.jpg 150w, https:\/\/combi-pro.com\/wp-content\/uploads\/2025\/01\/impresion-mukua-12x12.jpg 12w, https:\/\/combi-pro.com\/wp-content\/uploads\/2025\/01\/impresion-mukua.jpg 427w\" sizes=\"(max-width: 60px) 100vw, 60px\" \/><\/p>\n<hr class=\"\" data-start=\"1933\" data-end=\"1936\" \/>\n<p class=\"\" data-start=\"1938\" data-end=\"2090\">","protected":false},"excerpt":{"rendered":"<p class=\"\" data-start=\"282\" data-end=\"436\">Polo haute visibilit\u00e9 en tissu piqu\u00e9 avec bandes r\u00e9fl\u00e9chissantes, id\u00e9al pour les environnements chauds. Confort, s\u00e9curit\u00e9 et respirabilit\u00e9 en un seul v\u00eatement.<\/p>\n<p data-start=\"638\" data-end=\"720\"><img decoding=\"async\" class=\"alignnone wp-image-15250\" src=\"https:\/\/combi-pro.com\/wp-content\/uploads\/2024\/05\/en204712-300x285.png\" alt=\"\" width=\"42\" height=\"40\" srcset=\"https:\/\/combi-pro.com\/wp-content\/uploads\/2024\/05\/en204712-300x285.png 300w, https:\/\/combi-pro.com\/wp-content\/uploads\/2024\/05\/en204712-450x428.png 450w, https:\/\/combi-pro.com\/wp-content\/uploads\/2024\/05\/en204712-64x61.png 64w, https:\/\/combi-pro.com\/wp-content\/uploads\/2024\/05\/en204712-13x12.png 13w, https:\/\/combi-pro.com\/wp-content\/uploads\/2024\/05\/en204712.png 516w\" sizes=\"(max-width: 42px) 100vw, 42px\" \/> <img loading=\"lazy\" decoding=\"async\" class=\"alignnone wp-image-15242\" src=\"https:\/\/combi-pro.com\/wp-content\/uploads\/2025\/04\/icon-hivis-cotton.png\" alt=\"\" width=\"115\" height=\"40\" srcset=\"https:\/\/combi-pro.com\/wp-content\/uploads\/2025\/04\/icon-hivis-cotton.png 228w, https:\/\/combi-pro.com\/wp-content\/uploads\/2025\/04\/icon-hivis-cotton-64x22.png 64w, https:\/\/combi-pro.com\/wp-content\/uploads\/2025\/04\/icon-hivis-cotton-18x6.png 18w\" sizes=\"(max-width: 115px) 100vw, 115px\" \/> <img loading=\"lazy\" decoding=\"async\" class=\"alignnone wp-image-15358\" src=\"https:\/\/combi-pro.com\/wp-content\/uploads\/2024\/03\/TRANSPIRABLE.png\" alt=\"\" width=\"40\" height=\"40\" srcset=\"https:\/\/combi-pro.com\/wp-content\/uploads\/2024\/03\/TRANSPIRABLE.png 228w, https:\/\/combi-pro.com\/wp-content\/uploads\/2024\/03\/TRANSPIRABLE-100x100.png 100w, https:\/\/combi-pro.com\/wp-content\/uploads\/2024\/03\/TRANSPIRABLE-64x64.png 64w, https:\/\/combi-pro.com\/wp-content\/uploads\/2024\/03\/TRANSPIRABLE-150x150.png 150w, https:\/\/combi-pro.com\/wp-content\/uploads\/2024\/03\/TRANSPIRABLE-12x12.png 12w\" sizes=\"(max-width: 40px) 100vw, 40px\" \/> <img loading=\"lazy\" decoding=\"async\" class=\"alignnone wp-image-15251\" src=\"https:\/\/combi-pro.com\/wp-content\/uploads\/2024\/05\/REFLATEX-300x88.png\" alt=\"\" width=\"136\" height=\"40\" srcset=\"https:\/\/combi-pro.com\/wp-content\/uploads\/2024\/05\/REFLATEX-300x88.png 300w, https:\/\/combi-pro.com\/wp-content\/uploads\/2024\/05\/REFLATEX-450x133.png 450w, https:\/\/combi-pro.com\/wp-content\/uploads\/2024\/05\/REFLATEX-64x19.png 64w, https:\/\/combi-pro.com\/wp-content\/uploads\/2024\/05\/REFLATEX-18x5.png 18w, https:\/\/combi-pro.com\/wp-content\/uploads\/2024\/05\/REFLATEX.png 475w\" sizes=\"(max-width: 136px) 100vw, 136px\" \/><\/p>\n<p><strong>GUIDE DES TAILLES\u00a0<\/strong><\/p>\n<p><strong><img loading=\"lazy\" decoding=\"async\" class=\"alignnone wp-image-17725\" src=\"https:\/\/combi-pro.com\/wp-content\/uploads\/2024\/05\/70.8-screenshot-1749741441955-300x131.png\" alt=\"\" width=\"276\" height=\"120\" srcset=\"https:\/\/combi-pro.com\/wp-content\/uploads\/2024\/05\/70.8-screenshot-1749741441955-300x131.png 300w, https:\/\/combi-pro.com\/wp-content\/uploads\/2024\/05\/70.8-screenshot-1749741441955-64x28.png 64w, https:\/\/combi-pro.com\/wp-content\/uploads\/2024\/05\/70.8-screenshot-1749741441955-18x8.png 18w, https:\/\/combi-pro.com\/wp-content\/uploads\/2024\/05\/70.8-screenshot-1749741441955.png 400w\" sizes=\"(max-width: 276px) 100vw, 276px\" \/><\/strong> <img loading=\"lazy\" decoding=\"async\" class=\"alignnone wp-image-17696\" src=\"https:\/\/combi-pro.com\/wp-content\/uploads\/2025\/05\/screenshot-1749214923473-300x106.png\" alt=\"\" width=\"226\" height=\"80\" srcset=\"https:\/\/combi-pro.com\/wp-content\/uploads\/2025\/05\/screenshot-1749214923473-300x106.png 300w, https:\/\/combi-pro.com\/wp-content\/uploads\/2025\/05\/screenshot-1749214923473-64x23.png 64w, https:\/\/combi-pro.com\/wp-content\/uploads\/2025\/05\/screenshot-1749214923473-18x6.png 18w, https:\/\/combi-pro.com\/wp-content\/uploads\/2025\/05\/screenshot-1749214923473.png 396w\" sizes=\"(max-width: 226px) 100vw, 226px\" \/><\/p>","protected":false},"featured_media":7728,"template":"","meta":{"site-sidebar-layout":"default","site-content-layout":"","ast-site-content-layout":"default","site-content-style":"default","site-sidebar-style":"default","ast-global-header-display":"","ast-banner-title-visibility":"","ast-main-header-display":"","ast-hfb-above-header-display":"","ast-hfb-below-header-display":"","ast-hfb-mobile-header-display":"","site-post-title":"","ast-breadcrumbs-content":"","ast-featured-img":"","footer-sml-layout":"","ast-disable-related-posts":"","theme-transparent-header-meta":"default","adv-header-id-meta":"","stick-header-meta":"","header-above-stick-meta":"","header-main-stick-meta":"","header-below-stick-meta":"","astra-migrate-meta-layouts":"set","ast-page-background-enabled":"default","ast-page-background-meta":{"desktop":{"background-color":"","background-image":"","background-repeat":"repeat","background-position":"center center","background-size":"auto","background-attachment":"scroll","background-type":"","background-media":"","overlay-type":"","overlay-color":"","overlay-opacity":"","overlay-gradient":""},"tablet":{"background-color":"","background-image":"","background-repeat":"repeat","background-position":"center center","background-size":"auto","background-attachment":"scroll","background-type":"","background-media":"","overlay-type":"","overlay-color":"","overlay-opacity":"","overlay-gradient":""},"mobile":{"background-color":"","background-image":"","background-repeat":"repeat","background-position":"center center","background-size":"auto","background-attachment":"scroll","background-type":"","background-media":"","overlay-type":"","overlay-color":"","overlay-opacity":"","overlay-gradient":""}},"ast-content-background-meta":{"desktop":{"background-color":"var(--ast-global-color-5)","background-image":"","background-repeat":"repeat","background-position":"center center","background-size":"auto","background-attachment":"scroll","background-type":"","background-media":"","overlay-type":"","overlay-color":"","overlay-opacity":"","overlay-gradient":""},"tablet":{"background-color":"var(--ast-global-color-5)","background-image":"","background-repeat":"repeat","background-position":"center center","background-size":"auto","background-attachment":"scroll","background-type":"","background-media":"","overlay-type":"","overlay-color":"","overlay-opacity":"","overlay-gradient":""},"mobile":{"background-color":"var(--ast-global-color-5)","background-image":"","background-repeat":"repeat","background-position":"center center","background-size":"auto","background-attachment":"scroll","background-type":"","background-media":"","overlay-type":"","overlay-color":"","overlay-opacity":"","overlay-gradient":""}}},"product_brand":[442],"product_cat":[67,102,50],"product_tag":[],"class_list":{"0":"post-7725","1":"product","2":"type-product","3":"status-publish","4":"has-post-thumbnail","6":"product_brand-velilla","7":"product_cat-alta-visibilidad","8":"product_cat-polos-alta-visibilidad","9":"product_cat-ropa-profesional","10":"desktop-align-center","11":"tablet-align-left","12":"mobile-align-left","14":"first","15":"instock","16":"taxable","17":"shipping-taxable","18":"purchasable","19":"product-type-variable","20":"has-default-attributes"},"_links":{"self":[{"href":"https:\/\/combi-pro.com\/fr\/wp-json\/wp\/v2\/product\/7725","targetHints":{"allow":["GET"]}}],"collection":[{"href":"https:\/\/combi-pro.com\/fr\/wp-json\/wp\/v2\/product"}],"about":[{"href":"https:\/\/combi-pro.com\/fr\/wp-json\/wp\/v2\/types\/product"}],"wp:featuredmedia":[{"embeddable":true,"href":"https:\/\/combi-pro.com\/fr\/wp-json\/wp\/v2\/media\/7728"}],"wp:attachment":[{"href":"https:\/\/combi-pro.com\/fr\/wp-json\/wp\/v2\/media?parent=7725"}],"wp:term":[{"taxonomy":"product_brand","embeddable":true,"href":"https:\/\/combi-pro.com\/fr\/wp-json\/wp\/v2\/product_brand?post=7725"},{"taxonomy":"product_cat","embeddable":true,"href":"https:\/\/combi-pro.com\/fr\/wp-json\/wp\/v2\/product_cat?post=7725"},{"taxonomy":"product_tag","embeddable":true,"href":"https:\/\/combi-pro.com\/fr\/wp-json\/wp\/v2\/product_tag?post=7725"}],"curies":[{"name":"wp","href":"https:\/\/api.w.org\/{rel}","templated":true}]}}