{"id":7832,"date":"2024-05-06T21:34:55","date_gmt":"2024-05-06T19:34:55","guid":{"rendered":"https:\/\/combi-pro.com\/?post_type=product&#038;p=7832"},"modified":"2026-04-13T20:09:39","modified_gmt":"2026-04-13T18:09:39","slug":"305502-polo-bicolore-mc-av","status":"publish","type":"product","link":"https:\/\/combi-pro.com\/fr\/boutique\/305502-polo-bicolore-mc-av\/","title":{"rendered":"Polo bicolore haute visibilit\u00e9, manches courtes avec bandes r\u00e9fl\u00e9chissantes 305502 | VELILLA"},"content":{"rendered":"<p data-start=\"1027\" data-end=\"1063\"><strong data-start=\"1034\" data-end=\"1063\">Caract\u00e9ristiques techniques :<\/strong><\/p>\n<ul>\n<li data-start=\"1066\" data-end=\"1139\">Fermeture centrale \u00e0 bouton de couleur contrast\u00e9e pour un ajustement confortable<\/li>\n<li data-start=\"1142\" data-end=\"1254\">Des bandes r\u00e9fl\u00e9chissantes sur le torse et les \u00e9paules assurent la visibilit\u00e9 m\u00eame dans des conditions de faible luminosit\u00e9.<\/li>\n<li data-start=\"1257\" data-end=\"1356\">Col et poignets c\u00f4tel\u00e9s de couleur contrast\u00e9e pour une touche de modernit\u00e9 et un ajustement parfait.<\/li>\n<li data-start=\"1359\" data-end=\"1434\">Boutons de couleur contrast\u00e9e, am\u00e9liorant l'aspect visuel du v\u00eatement<\/li>\n<\/ul>\n<p data-start=\"1441\" data-end=\"1467\"><strong data-start=\"1449\" data-end=\"1467\">Certification: <\/strong>EN ISO 20471 (Classe 2) : Haute visibilit\u00e9 pour les environnements \u00e0 risque mod\u00e9r\u00e9<\/p>\n<p data-start=\"1555\" data-end=\"1578\"><strong data-start=\"1562\" data-end=\"1578\">Composition :<\/strong><\/p>\n<ul>\n<li data-start=\"1581\" data-end=\"1629\">Tissu Bird-Eye : polyester 100% - 160 g\/m\u00b2.<\/li>\n<li data-start=\"1632\" data-end=\"1672\">Respirant, l\u00e9ger et facile \u00e0 entretenir<\/li>\n<\/ul>\n<p><strong data-start=\"1980\" data-end=\"1989\">Gamme :<\/strong> Standard<\/p>\n<p data-start=\"1679\" data-end=\"1710\"><strong data-start=\"1685\" data-end=\"1710\">Recommandation d'utilisation : <\/strong>Id\u00e9al pour les professionnels qui ont besoin d'une grande visibilit\u00e9 et de confort dans des environnements \u00e0 risque mod\u00e9r\u00e9 tels que la logistique, la maintenance, les op\u00e9rations sur le terrain ou tout travail en ext\u00e9rieur. Parfait pour les temps chauds ou les environnements aux temp\u00e9ratures agr\u00e9ables.<\/p>\n<p data-start=\"1679\" data-end=\"1710\"><img decoding=\"async\" class=\"alignnone wp-image-14962\" src=\"https:\/\/combi-pro.com\/wp-content\/uploads\/2025\/01\/bordado-mukua.jpg\" alt=\"\" width=\"60\" height=\"60\" srcset=\"https:\/\/combi-pro.com\/wp-content\/uploads\/2025\/01\/bordado-mukua.jpg 427w, https:\/\/combi-pro.com\/wp-content\/uploads\/2025\/01\/bordado-mukua-100x100.jpg 100w, https:\/\/combi-pro.com\/wp-content\/uploads\/2025\/01\/bordado-mukua-64x64.jpg 64w, https:\/\/combi-pro.com\/wp-content\/uploads\/2025\/01\/bordado-mukua-300x300.jpg 300w, https:\/\/combi-pro.com\/wp-content\/uploads\/2025\/01\/bordado-mukua-150x150.jpg 150w, https:\/\/combi-pro.com\/wp-content\/uploads\/2025\/01\/bordado-mukua-12x12.jpg 12w\" sizes=\"(max-width: 60px) 100vw, 60px\" \/> <img decoding=\"async\" class=\"alignnone wp-image-14960\" src=\"https:\/\/combi-pro.com\/wp-content\/uploads\/2025\/01\/impresion-mukua-300x300.jpg\" alt=\"\" width=\"60\" height=\"60\" srcset=\"https:\/\/combi-pro.com\/wp-content\/uploads\/2025\/01\/impresion-mukua-300x300.jpg 300w, https:\/\/combi-pro.com\/wp-content\/uploads\/2025\/01\/impresion-mukua-100x100.jpg 100w, https:\/\/combi-pro.com\/wp-content\/uploads\/2025\/01\/impresion-mukua-64x64.jpg 64w, https:\/\/combi-pro.com\/wp-content\/uploads\/2025\/01\/impresion-mukua-150x150.jpg 150w, https:\/\/combi-pro.com\/wp-content\/uploads\/2025\/01\/impresion-mukua-12x12.jpg 12w, https:\/\/combi-pro.com\/wp-content\/uploads\/2025\/01\/impresion-mukua.jpg 427w\" sizes=\"(max-width: 60px) 100vw, 60px\" \/><\/p>\n<hr class=\"\" data-start=\"1975\" data-end=\"1978\" \/>\n<p class=\"\" data-start=\"1980\" data-end=\"2127\">","protected":false},"excerpt":{"rendered":"<p class=\"\" data-start=\"177\" data-end=\"378\">Polo bicolore \u00e0 manches courtes, avec bandes r\u00e9fl\u00e9chissantes sur le torse et les \u00e9paules, id\u00e9al pour les travaux n\u00e9cessitant visibilit\u00e9 et confort, ainsi qu'un motif contrast\u00e9 sur le col et le bas de la manche.<\/p>\n<p data-start=\"634\" data-end=\"713\"><img decoding=\"async\" class=\"alignnone wp-image-15250\" src=\"https:\/\/combi-pro.com\/wp-content\/uploads\/2024\/05\/en204712-300x285.png\" alt=\"\" width=\"42\" height=\"40\" srcset=\"https:\/\/combi-pro.com\/wp-content\/uploads\/2024\/05\/en204712-300x285.png 300w, https:\/\/combi-pro.com\/wp-content\/uploads\/2024\/05\/en204712-450x428.png 450w, https:\/\/combi-pro.com\/wp-content\/uploads\/2024\/05\/en204712-64x61.png 64w, https:\/\/combi-pro.com\/wp-content\/uploads\/2024\/05\/en204712-13x12.png 13w, https:\/\/combi-pro.com\/wp-content\/uploads\/2024\/05\/en204712.png 516w\" sizes=\"(max-width: 42px) 100vw, 42px\" \/> <img loading=\"lazy\" decoding=\"async\" class=\"alignnone wp-image-15251\" src=\"https:\/\/combi-pro.com\/wp-content\/uploads\/2024\/05\/REFLATEX-300x88.png\" alt=\"\" width=\"136\" height=\"40\" srcset=\"https:\/\/combi-pro.com\/wp-content\/uploads\/2024\/05\/REFLATEX-300x88.png 300w, https:\/\/combi-pro.com\/wp-content\/uploads\/2024\/05\/REFLATEX-450x133.png 450w, https:\/\/combi-pro.com\/wp-content\/uploads\/2024\/05\/REFLATEX-64x19.png 64w, https:\/\/combi-pro.com\/wp-content\/uploads\/2024\/05\/REFLATEX-18x5.png 18w, https:\/\/combi-pro.com\/wp-content\/uploads\/2024\/05\/REFLATEX.png 475w\" sizes=\"(max-width: 136px) 100vw, 136px\" \/><\/p>\n<p><strong>GUIDE DES TAILLES\u00a0<\/strong><\/p>\n<p><img loading=\"lazy\" decoding=\"async\" class=\"alignnone wp-image-17720\" src=\"https:\/\/combi-pro.com\/wp-content\/uploads\/2024\/05\/702-screenshot-1749680117166-300x103.png\" alt=\"\" width=\"350\" height=\"120\" srcset=\"https:\/\/combi-pro.com\/wp-content\/uploads\/2024\/05\/702-screenshot-1749680117166-300x103.png 300w, https:\/\/combi-pro.com\/wp-content\/uploads\/2024\/05\/702-screenshot-1749680117166-64x22.png 64w, https:\/\/combi-pro.com\/wp-content\/uploads\/2024\/05\/702-screenshot-1749680117166-18x6.png 18w, https:\/\/combi-pro.com\/wp-content\/uploads\/2024\/05\/702-screenshot-1749680117166.png 400w\" sizes=\"(max-width: 350px) 100vw, 350px\" \/><img loading=\"lazy\" decoding=\"async\" class=\"alignnone wp-image-17696\" src=\"https:\/\/combi-pro.com\/wp-content\/uploads\/2025\/05\/screenshot-1749214923473-300x106.png\" alt=\"\" width=\"226\" height=\"80\" srcset=\"https:\/\/combi-pro.com\/wp-content\/uploads\/2025\/05\/screenshot-1749214923473-300x106.png 300w, https:\/\/combi-pro.com\/wp-content\/uploads\/2025\/05\/screenshot-1749214923473-64x23.png 64w, https:\/\/combi-pro.com\/wp-content\/uploads\/2025\/05\/screenshot-1749214923473-18x6.png 18w, https:\/\/combi-pro.com\/wp-content\/uploads\/2025\/05\/screenshot-1749214923473.png 396w\" sizes=\"(max-width: 226px) 100vw, 226px\" \/><\/p>\n<div class=\"product-add-form\">\n<form id=\"product_addtocart_form\" action=\"https:\/\/www.velilla-group.com\/es\/checkout\/cart\/add\/uenc\/aHR0cHM6Ly93d3cudmVsaWxsYS1ncm91cC5jb20vZXMvcG9sby1iaWNvbG9yLW1jLWF2LTMwNTUwMg%2C%2C\/product\/39050\/\" method=\"post\" data-product-sku=\"305502\">\n<div id=\"product-options-wrapper\" class=\"product-options-wrapper\">\n<div class=\"fieldset\" tabindex=\"0\">\n<div class=\"swatch-opt\" data-role=\"swatch-options\" data-rendered=\"true\"><\/div>\n<\/div>\n<\/div>\n<\/form>\n<\/div>","protected":false},"featured_media":7835,"template":"","meta":{"site-sidebar-layout":"default","site-content-layout":"","ast-site-content-layout":"default","site-content-style":"default","site-sidebar-style":"default","ast-global-header-display":"","ast-banner-title-visibility":"","ast-main-header-display":"","ast-hfb-above-header-display":"","ast-hfb-below-header-display":"","ast-hfb-mobile-header-display":"","site-post-title":"","ast-breadcrumbs-content":"","ast-featured-img":"","footer-sml-layout":"","ast-disable-related-posts":"","theme-transparent-header-meta":"default","adv-header-id-meta":"","stick-header-meta":"","header-above-stick-meta":"","header-main-stick-meta":"","header-below-stick-meta":"","astra-migrate-meta-layouts":"set","ast-page-background-enabled":"default","ast-page-background-meta":{"desktop":{"background-color":"","background-image":"","background-repeat":"repeat","background-position":"center center","background-size":"auto","background-attachment":"scroll","background-type":"","background-media":"","overlay-type":"","overlay-color":"","overlay-opacity":"","overlay-gradient":""},"tablet":{"background-color":"","background-image":"","background-repeat":"repeat","background-position":"center center","background-size":"auto","background-attachment":"scroll","background-type":"","background-media":"","overlay-type":"","overlay-color":"","overlay-opacity":"","overlay-gradient":""},"mobile":{"background-color":"","background-image":"","background-repeat":"repeat","background-position":"center center","background-size":"auto","background-attachment":"scroll","background-type":"","background-media":"","overlay-type":"","overlay-color":"","overlay-opacity":"","overlay-gradient":""}},"ast-content-background-meta":{"desktop":{"background-color":"var(--ast-global-color-5)","background-image":"","background-repeat":"repeat","background-position":"center center","background-size":"auto","background-attachment":"scroll","background-type":"","background-media":"","overlay-type":"","overlay-color":"","overlay-opacity":"","overlay-gradient":""},"tablet":{"background-color":"var(--ast-global-color-5)","background-image":"","background-repeat":"repeat","background-position":"center center","background-size":"auto","background-attachment":"scroll","background-type":"","background-media":"","overlay-type":"","overlay-color":"","overlay-opacity":"","overlay-gradient":""},"mobile":{"background-color":"var(--ast-global-color-5)","background-image":"","background-repeat":"repeat","background-position":"center center","background-size":"auto","background-attachment":"scroll","background-type":"","background-media":"","overlay-type":"","overlay-color":"","overlay-opacity":"","overlay-gradient":""}}},"product_brand":[442],"product_cat":[67,102,50],"product_tag":[],"class_list":{"0":"post-7832","1":"product","2":"type-product","3":"status-publish","4":"has-post-thumbnail","6":"product_brand-velilla","7":"product_cat-alta-visibilidad","8":"product_cat-polos-alta-visibilidad","9":"product_cat-ropa-profesional","10":"desktop-align-center","11":"tablet-align-left","12":"mobile-align-left","14":"first","15":"outofstock","16":"taxable","17":"shipping-taxable","18":"purchasable","19":"product-type-variable","20":"has-default-attributes"},"_links":{"self":[{"href":"https:\/\/combi-pro.com\/fr\/wp-json\/wp\/v2\/product\/7832","targetHints":{"allow":["GET"]}}],"collection":[{"href":"https:\/\/combi-pro.com\/fr\/wp-json\/wp\/v2\/product"}],"about":[{"href":"https:\/\/combi-pro.com\/fr\/wp-json\/wp\/v2\/types\/product"}],"wp:featuredmedia":[{"embeddable":true,"href":"https:\/\/combi-pro.com\/fr\/wp-json\/wp\/v2\/media\/7835"}],"wp:attachment":[{"href":"https:\/\/combi-pro.com\/fr\/wp-json\/wp\/v2\/media?parent=7832"}],"wp:term":[{"taxonomy":"product_brand","embeddable":true,"href":"https:\/\/combi-pro.com\/fr\/wp-json\/wp\/v2\/product_brand?post=7832"},{"taxonomy":"product_cat","embeddable":true,"href":"https:\/\/combi-pro.com\/fr\/wp-json\/wp\/v2\/product_cat?post=7832"},{"taxonomy":"product_tag","embeddable":true,"href":"https:\/\/combi-pro.com\/fr\/wp-json\/wp\/v2\/product_tag?post=7832"}],"curies":[{"name":"wp","href":"https:\/\/api.w.org\/{rel}","templated":true}]}}