{"id":7856,"date":"2024-05-06T21:57:08","date_gmt":"2024-05-06T19:57:08","guid":{"rendered":"https:\/\/combi-pro.com\/?post_type=product&#038;p=7856"},"modified":"2026-03-26T15:06:55","modified_gmt":"2026-03-26T14:06:55","slug":"305507-polo-bicolore-ml-av","status":"publish","type":"product","link":"https:\/\/combi-pro.com\/fr\/boutique\/305507-polo-bicolore-ml-av\/","title":{"rendered":"Polo \u00e0 manches longues bicolore haute visibilit\u00e9 avec bandes r\u00e9fl\u00e9chissantes 305507 | VELILLA"},"content":{"rendered":"<p data-start=\"1153\" data-end=\"1189\"><strong data-start=\"1160\" data-end=\"1189\">Caract\u00e9ristiques techniques :<\/strong><\/p>\n<ul>\n<li data-start=\"1192\" data-end=\"1265\">Fermeture centrale \u00e0 bouton de couleur contrast\u00e9e pour un ajustement confortable<\/li>\n<li data-start=\"1268\" data-end=\"1341\">Bandes r\u00e9fl\u00e9chissantes sur le torse et les manches pour une meilleure visibilit\u00e9<\/li>\n<li data-start=\"1344\" data-end=\"1444\">Col et poignets c\u00f4tel\u00e9s de couleur contrast\u00e9e, offrant une coupe confortable et un design attrayant.<\/li>\n<li data-start=\"1447\" data-end=\"1543\">1 poche plaqu\u00e9e sur la poitrine, id\u00e9ale pour ranger les petits objets en toute s\u00e9curit\u00e9<\/li>\n<\/ul>\n<p data-start=\"1550\" data-end=\"1576\"><strong data-start=\"1558\" data-end=\"1576\">Certification: <\/strong>EN ISO 20471 (Classe 1) : Haute visibilit\u00e9 pour les environnements \u00e0 faible risque<\/p>\n<p data-start=\"1659\" data-end=\"1682\"><strong data-start=\"1666\" data-end=\"1682\">Composition :<\/strong><\/p>\n<ul>\n<li data-start=\"1685\" data-end=\"1733\">Tissu Bird-Eye : polyester 100% - 140 g\/m\u00b2.<\/li>\n<li data-start=\"1736\" data-end=\"1784\">L\u00e9ger, respirant, frais et facile \u00e0 entretenir<\/li>\n<\/ul>\n<p><strong data-start=\"2010\" data-end=\"2019\">Gamme :<\/strong> De base<\/p>\n<p data-start=\"1791\" data-end=\"1822\"><strong data-start=\"1797\" data-end=\"1822\">Recommandation d'utilisation : <\/strong>Parfait pour le travail dans des environnements \u00e0 faible risque, tels que la logistique, l'entretien int\u00e9rieur ou les activit\u00e9s o\u00f9 la visibilit\u00e9 est n\u00e9cessaire sans sacrifier le confort thermique.<\/p>\n<p data-start=\"1791\" data-end=\"1822\"><img decoding=\"async\" class=\"alignnone wp-image-14962\" src=\"https:\/\/combi-pro.com\/wp-content\/uploads\/2025\/01\/bordado-mukua.jpg\" alt=\"\" width=\"60\" height=\"60\" srcset=\"https:\/\/combi-pro.com\/wp-content\/uploads\/2025\/01\/bordado-mukua.jpg 427w, https:\/\/combi-pro.com\/wp-content\/uploads\/2025\/01\/bordado-mukua-100x100.jpg 100w, https:\/\/combi-pro.com\/wp-content\/uploads\/2025\/01\/bordado-mukua-64x64.jpg 64w, https:\/\/combi-pro.com\/wp-content\/uploads\/2025\/01\/bordado-mukua-300x300.jpg 300w, https:\/\/combi-pro.com\/wp-content\/uploads\/2025\/01\/bordado-mukua-150x150.jpg 150w, https:\/\/combi-pro.com\/wp-content\/uploads\/2025\/01\/bordado-mukua-12x12.jpg 12w\" sizes=\"(max-width: 60px) 100vw, 60px\" \/> <img decoding=\"async\" class=\"alignnone wp-image-14960\" src=\"https:\/\/combi-pro.com\/wp-content\/uploads\/2025\/01\/impresion-mukua-300x300.jpg\" alt=\"\" width=\"60\" height=\"60\" srcset=\"https:\/\/combi-pro.com\/wp-content\/uploads\/2025\/01\/impresion-mukua-300x300.jpg 300w, https:\/\/combi-pro.com\/wp-content\/uploads\/2025\/01\/impresion-mukua-100x100.jpg 100w, https:\/\/combi-pro.com\/wp-content\/uploads\/2025\/01\/impresion-mukua-64x64.jpg 64w, https:\/\/combi-pro.com\/wp-content\/uploads\/2025\/01\/impresion-mukua-150x150.jpg 150w, https:\/\/combi-pro.com\/wp-content\/uploads\/2025\/01\/impresion-mukua-12x12.jpg 12w, https:\/\/combi-pro.com\/wp-content\/uploads\/2025\/01\/impresion-mukua.jpg 427w\" sizes=\"(max-width: 60px) 100vw, 60px\" \/><\/p>\n<hr class=\"\" data-start=\"2005\" data-end=\"2008\" \/>\n<p class=\"\" data-start=\"2010\" data-end=\"2154\">","protected":false},"excerpt":{"rendered":"<p class=\"\" data-start=\"221\" data-end=\"420\">Polo bicolore \u00e0 manches longues avec bandes r\u00e9fl\u00e9chissantes sur le torse et les manches, col et poignets c\u00f4tel\u00e9s de couleur contrast\u00e9e et poche poitrine. Id\u00e9al pour les travaux n\u00e9cessitant visibilit\u00e9 et confort.<\/p>\n<p data-start=\"620\" data-end=\"703\"><img decoding=\"async\" class=\"alignnone wp-image-15252\" src=\"https:\/\/combi-pro.com\/wp-content\/uploads\/2024\/05\/en204711-300x291.png\" alt=\"\" width=\"41\" height=\"40\" srcset=\"https:\/\/combi-pro.com\/wp-content\/uploads\/2024\/05\/en204711-300x291.png 300w, https:\/\/combi-pro.com\/wp-content\/uploads\/2024\/05\/en204711-450x436.png 450w, https:\/\/combi-pro.com\/wp-content\/uploads\/2024\/05\/en204711-100x100.png 100w, https:\/\/combi-pro.com\/wp-content\/uploads\/2024\/05\/en204711-64x62.png 64w, https:\/\/combi-pro.com\/wp-content\/uploads\/2024\/05\/en204711-150x150.png 150w, https:\/\/combi-pro.com\/wp-content\/uploads\/2024\/05\/en204711-12x12.png 12w, https:\/\/combi-pro.com\/wp-content\/uploads\/2024\/05\/en204711.png 507w\" sizes=\"(max-width: 41px) 100vw, 41px\" \/><\/p>\n<p><strong>GUIDE DES TAILLES\u00a0<\/strong><\/p>\n<p><strong><img loading=\"lazy\" decoding=\"async\" class=\"alignnone wp-image-17724\" src=\"https:\/\/combi-pro.com\/wp-content\/uploads\/2024\/05\/69.8-screenshot-1749741191067-300x101.png\" alt=\"\" width=\"356\" height=\"120\" srcset=\"https:\/\/combi-pro.com\/wp-content\/uploads\/2024\/05\/69.8-screenshot-1749741191067-300x101.png 300w, https:\/\/combi-pro.com\/wp-content\/uploads\/2024\/05\/69.8-screenshot-1749741191067-64x22.png 64w, https:\/\/combi-pro.com\/wp-content\/uploads\/2024\/05\/69.8-screenshot-1749741191067-18x6.png 18w, https:\/\/combi-pro.com\/wp-content\/uploads\/2024\/05\/69.8-screenshot-1749741191067.png 400w\" sizes=\"(max-width: 356px) 100vw, 356px\" \/><\/strong> <img loading=\"lazy\" decoding=\"async\" class=\"alignnone wp-image-17696\" src=\"https:\/\/combi-pro.com\/wp-content\/uploads\/2025\/05\/screenshot-1749214923473-300x106.png\" alt=\"\" width=\"226\" height=\"80\" srcset=\"https:\/\/combi-pro.com\/wp-content\/uploads\/2025\/05\/screenshot-1749214923473-300x106.png 300w, https:\/\/combi-pro.com\/wp-content\/uploads\/2025\/05\/screenshot-1749214923473-64x23.png 64w, https:\/\/combi-pro.com\/wp-content\/uploads\/2025\/05\/screenshot-1749214923473-18x6.png 18w, https:\/\/combi-pro.com\/wp-content\/uploads\/2025\/05\/screenshot-1749214923473.png 396w\" sizes=\"(max-width: 226px) 100vw, 226px\" \/><\/p>","protected":false},"featured_media":7864,"template":"","meta":{"site-sidebar-layout":"default","site-content-layout":"","ast-site-content-layout":"default","site-content-style":"default","site-sidebar-style":"default","ast-global-header-display":"","ast-banner-title-visibility":"","ast-main-header-display":"","ast-hfb-above-header-display":"","ast-hfb-below-header-display":"","ast-hfb-mobile-header-display":"","site-post-title":"","ast-breadcrumbs-content":"","ast-featured-img":"","footer-sml-layout":"","ast-disable-related-posts":"","theme-transparent-header-meta":"default","adv-header-id-meta":"","stick-header-meta":"","header-above-stick-meta":"","header-main-stick-meta":"","header-below-stick-meta":"","astra-migrate-meta-layouts":"set","ast-page-background-enabled":"default","ast-page-background-meta":{"desktop":{"background-color":"","background-image":"","background-repeat":"repeat","background-position":"center center","background-size":"auto","background-attachment":"scroll","background-type":"","background-media":"","overlay-type":"","overlay-color":"","overlay-opacity":"","overlay-gradient":""},"tablet":{"background-color":"","background-image":"","background-repeat":"repeat","background-position":"center center","background-size":"auto","background-attachment":"scroll","background-type":"","background-media":"","overlay-type":"","overlay-color":"","overlay-opacity":"","overlay-gradient":""},"mobile":{"background-color":"","background-image":"","background-repeat":"repeat","background-position":"center center","background-size":"auto","background-attachment":"scroll","background-type":"","background-media":"","overlay-type":"","overlay-color":"","overlay-opacity":"","overlay-gradient":""}},"ast-content-background-meta":{"desktop":{"background-color":"var(--ast-global-color-5)","background-image":"","background-repeat":"repeat","background-position":"center center","background-size":"auto","background-attachment":"scroll","background-type":"","background-media":"","overlay-type":"","overlay-color":"","overlay-opacity":"","overlay-gradient":""},"tablet":{"background-color":"var(--ast-global-color-5)","background-image":"","background-repeat":"repeat","background-position":"center center","background-size":"auto","background-attachment":"scroll","background-type":"","background-media":"","overlay-type":"","overlay-color":"","overlay-opacity":"","overlay-gradient":""},"mobile":{"background-color":"var(--ast-global-color-5)","background-image":"","background-repeat":"repeat","background-position":"center center","background-size":"auto","background-attachment":"scroll","background-type":"","background-media":"","overlay-type":"","overlay-color":"","overlay-opacity":"","overlay-gradient":""}}},"product_brand":[442],"product_cat":[67,102,50],"product_tag":[],"class_list":{"0":"post-7856","1":"product","2":"type-product","3":"status-publish","4":"has-post-thumbnail","6":"product_brand-velilla","7":"product_cat-alta-visibilidad","8":"product_cat-polos-alta-visibilidad","9":"product_cat-ropa-profesional","10":"desktop-align-center","11":"tablet-align-left","12":"mobile-align-left","14":"first","15":"instock","16":"taxable","17":"shipping-taxable","18":"purchasable","19":"product-type-variable","20":"has-default-attributes"},"_links":{"self":[{"href":"https:\/\/combi-pro.com\/fr\/wp-json\/wp\/v2\/product\/7856","targetHints":{"allow":["GET"]}}],"collection":[{"href":"https:\/\/combi-pro.com\/fr\/wp-json\/wp\/v2\/product"}],"about":[{"href":"https:\/\/combi-pro.com\/fr\/wp-json\/wp\/v2\/types\/product"}],"wp:featuredmedia":[{"embeddable":true,"href":"https:\/\/combi-pro.com\/fr\/wp-json\/wp\/v2\/media\/7864"}],"wp:attachment":[{"href":"https:\/\/combi-pro.com\/fr\/wp-json\/wp\/v2\/media?parent=7856"}],"wp:term":[{"taxonomy":"product_brand","embeddable":true,"href":"https:\/\/combi-pro.com\/fr\/wp-json\/wp\/v2\/product_brand?post=7856"},{"taxonomy":"product_cat","embeddable":true,"href":"https:\/\/combi-pro.com\/fr\/wp-json\/wp\/v2\/product_cat?post=7856"},{"taxonomy":"product_tag","embeddable":true,"href":"https:\/\/combi-pro.com\/fr\/wp-json\/wp\/v2\/product_tag?post=7856"}],"curies":[{"name":"wp","href":"https:\/\/api.w.org\/{rel}","templated":true}]}}