{"id":7892,"date":"2024-05-06T22:16:29","date_gmt":"2024-05-06T20:16:29","guid":{"rendered":"https:\/\/combi-pro.com\/?post_type=product&#038;p=7892"},"modified":"2026-04-13T20:10:12","modified_gmt":"2026-04-13T18:10:12","slug":"305523-polo-en-coton-bicolore-mc-rs","status":"publish","type":"product","link":"https:\/\/combi-pro.com\/fr\/boutique\/305523-polo-en-coton-bicolore-mc-rs\/","title":{"rendered":"Polo bicolore en coton haute visibilit\u00e9 manches courtes bandes r\u00e9fl\u00e9chissantes segment\u00e9es 305523 | VELILLA"},"content":{"rendered":"<p data-start=\"1139\" data-end=\"1175\"><strong data-start=\"1146\" data-end=\"1175\">Caract\u00e9ristiques techniques :<\/strong><\/p>\n<ul>\n<li data-start=\"1178\" data-end=\"1229\">Fermeture centrale avec boutons de couleur contrast\u00e9e<\/li>\n<li data-start=\"1232\" data-end=\"1296\">Rubans r\u00e9fl\u00e9chissants segment\u00e9s et scell\u00e9s \u00e0 chaud sur le torse<\/li>\n<li data-start=\"1299\" data-end=\"1341\">Col c\u00f4tel\u00e9 confortable et durable<\/li>\n<li data-start=\"1344\" data-end=\"1446\">Boutons, col, passants et poignets de couleur contrast\u00e9e pour plus de design et de visibilit\u00e9.<\/li>\n<li data-start=\"1449\" data-end=\"1507\">1 poche plaqu\u00e9e sur la poitrine, fonctionnelle et pratique<\/li>\n<\/ul>\n<p data-start=\"1514\" data-end=\"1540\"><strong data-start=\"1522\" data-end=\"1540\">Certification: <\/strong>EN ISO 20471 (Classe 1) : Haute visibilit\u00e9 pour les environnements \u00e0 faible risque<\/p>\n<p data-start=\"1623\" data-end=\"1646\"><strong data-start=\"1630\" data-end=\"1646\">Composition :<\/strong><\/p>\n<ul>\n<li data-start=\"1649\" data-end=\"1707\">Tissu piqu\u00e9 : 55% coton - 45% polyester \/ 150 g\/m\u00b2.<\/li>\n<li data-start=\"1710\" data-end=\"1774\">Tissu frais, doux et respirant, id\u00e9al pour les climats temp\u00e9r\u00e9s.<\/li>\n<\/ul>\n<p><strong data-start=\"1974\" data-end=\"1983\">Gamme :<\/strong> Ruban segment\u00e9 Reflatex RS<\/p>\n<p data-start=\"1781\" data-end=\"1812\"><strong data-start=\"1787\" data-end=\"1812\">Recommandation d'utilisation : <\/strong>Id\u00e9al pour le personnel d'entrep\u00f4t, de logistique ou d'entretien qui a besoin d'un v\u00eatement l\u00e9ger, confortable et visible sans sacrifier la libert\u00e9 de mouvement.<\/p>\n<p data-start=\"1781\" data-end=\"1812\"><img decoding=\"async\" class=\"alignnone wp-image-14962\" src=\"https:\/\/combi-pro.com\/wp-content\/uploads\/2025\/01\/bordado-mukua.jpg\" alt=\"\" width=\"60\" height=\"60\" srcset=\"https:\/\/combi-pro.com\/wp-content\/uploads\/2025\/01\/bordado-mukua.jpg 427w, https:\/\/combi-pro.com\/wp-content\/uploads\/2025\/01\/bordado-mukua-100x100.jpg 100w, https:\/\/combi-pro.com\/wp-content\/uploads\/2025\/01\/bordado-mukua-64x64.jpg 64w, https:\/\/combi-pro.com\/wp-content\/uploads\/2025\/01\/bordado-mukua-300x300.jpg 300w, https:\/\/combi-pro.com\/wp-content\/uploads\/2025\/01\/bordado-mukua-150x150.jpg 150w, https:\/\/combi-pro.com\/wp-content\/uploads\/2025\/01\/bordado-mukua-12x12.jpg 12w\" sizes=\"(max-width: 60px) 100vw, 60px\" \/> <img decoding=\"async\" class=\"alignnone wp-image-14960\" src=\"https:\/\/combi-pro.com\/wp-content\/uploads\/2025\/01\/impresion-mukua-300x300.jpg\" alt=\"\" width=\"60\" height=\"60\" srcset=\"https:\/\/combi-pro.com\/wp-content\/uploads\/2025\/01\/impresion-mukua-300x300.jpg 300w, https:\/\/combi-pro.com\/wp-content\/uploads\/2025\/01\/impresion-mukua-100x100.jpg 100w, https:\/\/combi-pro.com\/wp-content\/uploads\/2025\/01\/impresion-mukua-64x64.jpg 64w, https:\/\/combi-pro.com\/wp-content\/uploads\/2025\/01\/impresion-mukua-150x150.jpg 150w, https:\/\/combi-pro.com\/wp-content\/uploads\/2025\/01\/impresion-mukua-12x12.jpg 12w, https:\/\/combi-pro.com\/wp-content\/uploads\/2025\/01\/impresion-mukua.jpg 427w\" sizes=\"(max-width: 60px) 100vw, 60px\" \/><\/p>\n<hr class=\"\" data-start=\"1969\" data-end=\"1972\" \/>\n<p class=\"\" data-start=\"1974\" data-end=\"2141\">","protected":false},"excerpt":{"rendered":"<p class=\"\" data-start=\"256\" data-end=\"407\">Polo bicolore \u00e0 manches courtes avec bandes r\u00e9fl\u00e9chissantes segment\u00e9es, con\u00e7u pour la visibilit\u00e9, le confort et le style dans les environnements de travail exigeants.<\/p>\n<p data-start=\"586\" data-end=\"694\"><img decoding=\"async\" class=\"alignnone wp-image-15252\" src=\"https:\/\/combi-pro.com\/wp-content\/uploads\/2024\/05\/en204711-300x291.png\" alt=\"\" width=\"41\" height=\"40\" srcset=\"https:\/\/combi-pro.com\/wp-content\/uploads\/2024\/05\/en204711-300x291.png 300w, https:\/\/combi-pro.com\/wp-content\/uploads\/2024\/05\/en204711-450x436.png 450w, https:\/\/combi-pro.com\/wp-content\/uploads\/2024\/05\/en204711-100x100.png 100w, https:\/\/combi-pro.com\/wp-content\/uploads\/2024\/05\/en204711-64x62.png 64w, https:\/\/combi-pro.com\/wp-content\/uploads\/2024\/05\/en204711-150x150.png 150w, https:\/\/combi-pro.com\/wp-content\/uploads\/2024\/05\/en204711-12x12.png 12w, https:\/\/combi-pro.com\/wp-content\/uploads\/2024\/05\/en204711.png 507w\" sizes=\"(max-width: 41px) 100vw, 41px\" \/> <img loading=\"lazy\" decoding=\"async\" class=\"alignnone wp-image-15242\" src=\"https:\/\/combi-pro.com\/wp-content\/uploads\/2025\/04\/icon-hivis-cotton.png\" alt=\"\" width=\"115\" height=\"40\" srcset=\"https:\/\/combi-pro.com\/wp-content\/uploads\/2025\/04\/icon-hivis-cotton.png 228w, https:\/\/combi-pro.com\/wp-content\/uploads\/2025\/04\/icon-hivis-cotton-64x22.png 64w, https:\/\/combi-pro.com\/wp-content\/uploads\/2025\/04\/icon-hivis-cotton-18x6.png 18w\" sizes=\"(max-width: 115px) 100vw, 115px\" \/> <img loading=\"lazy\" decoding=\"async\" class=\"alignnone wp-image-15358\" src=\"https:\/\/combi-pro.com\/wp-content\/uploads\/2024\/03\/TRANSPIRABLE.png\" alt=\"\" width=\"40\" height=\"40\" srcset=\"https:\/\/combi-pro.com\/wp-content\/uploads\/2024\/03\/TRANSPIRABLE.png 228w, https:\/\/combi-pro.com\/wp-content\/uploads\/2024\/03\/TRANSPIRABLE-100x100.png 100w, https:\/\/combi-pro.com\/wp-content\/uploads\/2024\/03\/TRANSPIRABLE-64x64.png 64w, https:\/\/combi-pro.com\/wp-content\/uploads\/2024\/03\/TRANSPIRABLE-150x150.png 150w, https:\/\/combi-pro.com\/wp-content\/uploads\/2024\/03\/TRANSPIRABLE-12x12.png 12w\" sizes=\"(max-width: 40px) 100vw, 40px\" \/> <img loading=\"lazy\" decoding=\"async\" class=\"alignnone wp-image-15251\" src=\"https:\/\/combi-pro.com\/wp-content\/uploads\/2024\/05\/REFLATEX-300x88.png\" alt=\"\" width=\"136\" height=\"40\" srcset=\"https:\/\/combi-pro.com\/wp-content\/uploads\/2024\/05\/REFLATEX-300x88.png 300w, https:\/\/combi-pro.com\/wp-content\/uploads\/2024\/05\/REFLATEX-450x133.png 450w, https:\/\/combi-pro.com\/wp-content\/uploads\/2024\/05\/REFLATEX-64x19.png 64w, https:\/\/combi-pro.com\/wp-content\/uploads\/2024\/05\/REFLATEX-18x5.png 18w, https:\/\/combi-pro.com\/wp-content\/uploads\/2024\/05\/REFLATEX.png 475w\" sizes=\"(max-width: 136px) 100vw, 136px\" \/><\/p>\n<div class=\"rocket-product-list-pictogram pictograms-attr-marketing_icons\">\n<p><strong>GUIDE DES TAILLES\u00a0<\/strong><\/p>\n<p><strong><img loading=\"lazy\" decoding=\"async\" class=\"alignnone wp-image-17727\" src=\"https:\/\/combi-pro.com\/wp-content\/uploads\/2024\/05\/70.6-screenshot-1749764346952-300x102.png\" alt=\"\" width=\"353\" height=\"120\" srcset=\"https:\/\/combi-pro.com\/wp-content\/uploads\/2024\/05\/70.6-screenshot-1749764346952-300x102.png 300w, https:\/\/combi-pro.com\/wp-content\/uploads\/2024\/05\/70.6-screenshot-1749764346952-64x22.png 64w, https:\/\/combi-pro.com\/wp-content\/uploads\/2024\/05\/70.6-screenshot-1749764346952-18x6.png 18w, https:\/\/combi-pro.com\/wp-content\/uploads\/2024\/05\/70.6-screenshot-1749764346952.png 400w\" sizes=\"(max-width: 353px) 100vw, 353px\" \/><\/strong> <img loading=\"lazy\" decoding=\"async\" class=\"alignnone wp-image-17696\" src=\"https:\/\/combi-pro.com\/wp-content\/uploads\/2025\/05\/screenshot-1749214923473-300x106.png\" alt=\"\" width=\"226\" height=\"80\" srcset=\"https:\/\/combi-pro.com\/wp-content\/uploads\/2025\/05\/screenshot-1749214923473-300x106.png 300w, https:\/\/combi-pro.com\/wp-content\/uploads\/2025\/05\/screenshot-1749214923473-64x23.png 64w, https:\/\/combi-pro.com\/wp-content\/uploads\/2025\/05\/screenshot-1749214923473-18x6.png 18w, https:\/\/combi-pro.com\/wp-content\/uploads\/2025\/05\/screenshot-1749214923473.png 396w\" sizes=\"(max-width: 226px) 100vw, 226px\" \/><\/p>\n<\/div>","protected":false},"featured_media":7900,"template":"","meta":{"site-sidebar-layout":"default","site-content-layout":"","ast-site-content-layout":"default","site-content-style":"default","site-sidebar-style":"default","ast-global-header-display":"","ast-banner-title-visibility":"","ast-main-header-display":"","ast-hfb-above-header-display":"","ast-hfb-below-header-display":"","ast-hfb-mobile-header-display":"","site-post-title":"","ast-breadcrumbs-content":"","ast-featured-img":"","footer-sml-layout":"","ast-disable-related-posts":"","theme-transparent-header-meta":"default","adv-header-id-meta":"","stick-header-meta":"","header-above-stick-meta":"","header-main-stick-meta":"","header-below-stick-meta":"","astra-migrate-meta-layouts":"set","ast-page-background-enabled":"default","ast-page-background-meta":{"desktop":{"background-color":"","background-image":"","background-repeat":"repeat","background-position":"center center","background-size":"auto","background-attachment":"scroll","background-type":"","background-media":"","overlay-type":"","overlay-color":"","overlay-opacity":"","overlay-gradient":""},"tablet":{"background-color":"","background-image":"","background-repeat":"repeat","background-position":"center center","background-size":"auto","background-attachment":"scroll","background-type":"","background-media":"","overlay-type":"","overlay-color":"","overlay-opacity":"","overlay-gradient":""},"mobile":{"background-color":"","background-image":"","background-repeat":"repeat","background-position":"center center","background-size":"auto","background-attachment":"scroll","background-type":"","background-media":"","overlay-type":"","overlay-color":"","overlay-opacity":"","overlay-gradient":""}},"ast-content-background-meta":{"desktop":{"background-color":"var(--ast-global-color-5)","background-image":"","background-repeat":"repeat","background-position":"center center","background-size":"auto","background-attachment":"scroll","background-type":"","background-media":"","overlay-type":"","overlay-color":"","overlay-opacity":"","overlay-gradient":""},"tablet":{"background-color":"var(--ast-global-color-5)","background-image":"","background-repeat":"repeat","background-position":"center center","background-size":"auto","background-attachment":"scroll","background-type":"","background-media":"","overlay-type":"","overlay-color":"","overlay-opacity":"","overlay-gradient":""},"mobile":{"background-color":"var(--ast-global-color-5)","background-image":"","background-repeat":"repeat","background-position":"center center","background-size":"auto","background-attachment":"scroll","background-type":"","background-media":"","overlay-type":"","overlay-color":"","overlay-opacity":"","overlay-gradient":""}}},"product_brand":[442],"product_cat":[67,102,50],"product_tag":[],"class_list":{"0":"post-7892","1":"product","2":"type-product","3":"status-publish","4":"has-post-thumbnail","6":"product_brand-velilla","7":"product_cat-alta-visibilidad","8":"product_cat-polos-alta-visibilidad","9":"product_cat-ropa-profesional","10":"desktop-align-center","11":"tablet-align-left","12":"mobile-align-left","14":"first","15":"outofstock","16":"taxable","17":"shipping-taxable","18":"purchasable","19":"product-type-variable","20":"has-default-attributes"},"_links":{"self":[{"href":"https:\/\/combi-pro.com\/fr\/wp-json\/wp\/v2\/product\/7892","targetHints":{"allow":["GET"]}}],"collection":[{"href":"https:\/\/combi-pro.com\/fr\/wp-json\/wp\/v2\/product"}],"about":[{"href":"https:\/\/combi-pro.com\/fr\/wp-json\/wp\/v2\/types\/product"}],"wp:featuredmedia":[{"embeddable":true,"href":"https:\/\/combi-pro.com\/fr\/wp-json\/wp\/v2\/media\/7900"}],"wp:attachment":[{"href":"https:\/\/combi-pro.com\/fr\/wp-json\/wp\/v2\/media?parent=7892"}],"wp:term":[{"taxonomy":"product_brand","embeddable":true,"href":"https:\/\/combi-pro.com\/fr\/wp-json\/wp\/v2\/product_brand?post=7892"},{"taxonomy":"product_cat","embeddable":true,"href":"https:\/\/combi-pro.com\/fr\/wp-json\/wp\/v2\/product_cat?post=7892"},{"taxonomy":"product_tag","embeddable":true,"href":"https:\/\/combi-pro.com\/fr\/wp-json\/wp\/v2\/product_tag?post=7892"}],"curies":[{"name":"wp","href":"https:\/\/api.w.org\/{rel}","templated":true}]}}