{"id":7904,"date":"2024-05-06T22:23:05","date_gmt":"2024-05-06T20:23:05","guid":{"rendered":"https:\/\/combi-pro.com\/?post_type=product&#038;p=7904"},"modified":"2026-04-13T20:10:18","modified_gmt":"2026-04-13T18:10:18","slug":"305525-polo-bicolore-en-coton-ml-rs","status":"publish","type":"product","link":"https:\/\/combi-pro.com\/fr\/boutique\/305525-polo-bicolore-en-coton-ml-rs\/","title":{"rendered":"Polo bicolore en coton haute visibilit\u00e9 manches longues bandes r\u00e9fl\u00e9chissantes segment\u00e9es 305525 | VELILLA"},"content":{"rendered":"<div class=\"data item\" role=\"tablist\">\n<div id=\"tab-label-description\" class=\"data item title active\" tabindex=\"0\" role=\"tab\" data-role=\"collapsible\" data-collapsible=\"true\" aria-controls=\"description\" aria-selected=\"false\" aria-expanded=\"true\">\n<p data-start=\"1054\" data-end=\"1090\"><strong data-start=\"1061\" data-end=\"1090\">Caract\u00e9ristiques techniques :<\/strong><\/p>\n<ul>\n<li data-start=\"1093\" data-end=\"1144\">Fermeture centrale avec boutons de couleur contrast\u00e9e<\/li>\n<li data-start=\"1147\" data-end=\"1217\">Rubans r\u00e9fl\u00e9chissants segment\u00e9s et thermosoud\u00e9s sur le torse et les manches<\/li>\n<li data-start=\"1220\" data-end=\"1272\">Col et poignets c\u00f4tel\u00e9s pour un ajustement confortable<\/li>\n<li data-start=\"1275\" data-end=\"1360\">Boutons, col et boucles de couleur contrast\u00e9e, combinant style et visibilit\u00e9<\/li>\n<li data-start=\"1363\" data-end=\"1421\">1 poche plaqu\u00e9e sur la poitrine, pratique et fonctionnelle<\/li>\n<\/ul>\n<p data-start=\"1428\" data-end=\"1454\"><strong data-start=\"1436\" data-end=\"1454\">Certification: <\/strong>EN ISO 20471 (Classe 1) : Haute visibilit\u00e9 pour les environnements \u00e0 faible risque<\/p>\n<p data-start=\"1537\" data-end=\"1560\"><strong data-start=\"1544\" data-end=\"1560\">Composition :<\/strong><\/p>\n<ul>\n<li data-start=\"1563\" data-end=\"1621\">Tissu piqu\u00e9 : 55% coton - 45% polyester \/ 150 g\/m\u00b2.<\/li>\n<li data-start=\"1624\" data-end=\"1682\">Doux, respirant et durable, id\u00e9al pour un usage intensif.<\/li>\n<\/ul>\n<p><strong data-start=\"1903\" data-end=\"1912\">Gamme :<\/strong> Ruban segment\u00e9 Reflatex RS<\/p>\n<p data-start=\"1689\" data-end=\"1720\"><strong data-start=\"1695\" data-end=\"1720\">Recommandation d'utilisation : <\/strong>Recommand\u00e9 pour les travailleurs de la logistique, de la maintenance, de la livraison et des services g\u00e9n\u00e9raux, o\u00f9 le confort et la visibilit\u00e9 de base sont n\u00e9cessaires sans sacrifier la mobilit\u00e9.<\/p>\n<p data-start=\"1689\" data-end=\"1720\"><img decoding=\"async\" class=\"alignnone wp-image-14962\" src=\"https:\/\/combi-pro.com\/wp-content\/uploads\/2025\/01\/bordado-mukua.jpg\" alt=\"\" width=\"60\" height=\"60\" srcset=\"https:\/\/combi-pro.com\/wp-content\/uploads\/2025\/01\/bordado-mukua.jpg 427w, https:\/\/combi-pro.com\/wp-content\/uploads\/2025\/01\/bordado-mukua-100x100.jpg 100w, https:\/\/combi-pro.com\/wp-content\/uploads\/2025\/01\/bordado-mukua-64x64.jpg 64w, https:\/\/combi-pro.com\/wp-content\/uploads\/2025\/01\/bordado-mukua-300x300.jpg 300w, https:\/\/combi-pro.com\/wp-content\/uploads\/2025\/01\/bordado-mukua-150x150.jpg 150w, https:\/\/combi-pro.com\/wp-content\/uploads\/2025\/01\/bordado-mukua-12x12.jpg 12w\" sizes=\"(max-width: 60px) 100vw, 60px\" \/> <img decoding=\"async\" class=\"alignnone wp-image-14960\" src=\"https:\/\/combi-pro.com\/wp-content\/uploads\/2025\/01\/impresion-mukua-300x300.jpg\" alt=\"\" width=\"60\" height=\"60\" srcset=\"https:\/\/combi-pro.com\/wp-content\/uploads\/2025\/01\/impresion-mukua-300x300.jpg 300w, https:\/\/combi-pro.com\/wp-content\/uploads\/2025\/01\/impresion-mukua-100x100.jpg 100w, https:\/\/combi-pro.com\/wp-content\/uploads\/2025\/01\/impresion-mukua-64x64.jpg 64w, https:\/\/combi-pro.com\/wp-content\/uploads\/2025\/01\/impresion-mukua-150x150.jpg 150w, https:\/\/combi-pro.com\/wp-content\/uploads\/2025\/01\/impresion-mukua-12x12.jpg 12w, https:\/\/combi-pro.com\/wp-content\/uploads\/2025\/01\/impresion-mukua.jpg 427w\" sizes=\"(max-width: 60px) 100vw, 60px\" \/><\/p>\n<hr class=\"\" data-start=\"1898\" data-end=\"1901\" \/>\n<p class=\"\" data-start=\"1903\" data-end=\"2061\">\n<\/div>\n<\/div>","protected":false},"excerpt":{"rendered":"<p class=\"\" data-start=\"268\" data-end=\"411\">Polo bicolore \u00e0 manches longues avec bandes r\u00e9fl\u00e9chissantes segment\u00e9es pour la flexibilit\u00e9, la visibilit\u00e9 et le confort lors des journ\u00e9es de travail exigeantes.<\/p>\n<div class=\"rocket-product-list-pictogram pictograms-attr-marketing_icons\">\n<p>\u00a0 \u00a0 \u00a0 <img decoding=\"async\" class=\"alignnone wp-image-15252\" src=\"https:\/\/combi-pro.com\/wp-content\/uploads\/2024\/05\/en204711-300x291.png\" alt=\"\" width=\"41\" height=\"40\" srcset=\"https:\/\/combi-pro.com\/wp-content\/uploads\/2024\/05\/en204711-300x291.png 300w, https:\/\/combi-pro.com\/wp-content\/uploads\/2024\/05\/en204711-450x436.png 450w, https:\/\/combi-pro.com\/wp-content\/uploads\/2024\/05\/en204711-100x100.png 100w, https:\/\/combi-pro.com\/wp-content\/uploads\/2024\/05\/en204711-64x62.png 64w, https:\/\/combi-pro.com\/wp-content\/uploads\/2024\/05\/en204711-150x150.png 150w, https:\/\/combi-pro.com\/wp-content\/uploads\/2024\/05\/en204711-12x12.png 12w, https:\/\/combi-pro.com\/wp-content\/uploads\/2024\/05\/en204711.png 507w\" sizes=\"(max-width: 41px) 100vw, 41px\" \/> <img loading=\"lazy\" decoding=\"async\" class=\"alignnone wp-image-15242\" src=\"https:\/\/combi-pro.com\/wp-content\/uploads\/2025\/04\/icon-hivis-cotton.png\" alt=\"\" width=\"115\" height=\"40\" srcset=\"https:\/\/combi-pro.com\/wp-content\/uploads\/2025\/04\/icon-hivis-cotton.png 228w, https:\/\/combi-pro.com\/wp-content\/uploads\/2025\/04\/icon-hivis-cotton-64x22.png 64w, https:\/\/combi-pro.com\/wp-content\/uploads\/2025\/04\/icon-hivis-cotton-18x6.png 18w\" sizes=\"(max-width: 115px) 100vw, 115px\" \/> <img loading=\"lazy\" decoding=\"async\" class=\"alignnone wp-image-15358\" src=\"https:\/\/combi-pro.com\/wp-content\/uploads\/2024\/03\/TRANSPIRABLE.png\" alt=\"\" width=\"40\" height=\"40\" srcset=\"https:\/\/combi-pro.com\/wp-content\/uploads\/2024\/03\/TRANSPIRABLE.png 228w, https:\/\/combi-pro.com\/wp-content\/uploads\/2024\/03\/TRANSPIRABLE-100x100.png 100w, https:\/\/combi-pro.com\/wp-content\/uploads\/2024\/03\/TRANSPIRABLE-64x64.png 64w, https:\/\/combi-pro.com\/wp-content\/uploads\/2024\/03\/TRANSPIRABLE-150x150.png 150w, https:\/\/combi-pro.com\/wp-content\/uploads\/2024\/03\/TRANSPIRABLE-12x12.png 12w\" sizes=\"(max-width: 40px) 100vw, 40px\" \/> <img loading=\"lazy\" decoding=\"async\" class=\"alignnone wp-image-15251\" src=\"https:\/\/combi-pro.com\/wp-content\/uploads\/2024\/05\/REFLATEX-300x88.png\" alt=\"\" width=\"136\" height=\"40\" srcset=\"https:\/\/combi-pro.com\/wp-content\/uploads\/2024\/05\/REFLATEX-300x88.png 300w, https:\/\/combi-pro.com\/wp-content\/uploads\/2024\/05\/REFLATEX-450x133.png 450w, https:\/\/combi-pro.com\/wp-content\/uploads\/2024\/05\/REFLATEX-64x19.png 64w, https:\/\/combi-pro.com\/wp-content\/uploads\/2024\/05\/REFLATEX-18x5.png 18w, https:\/\/combi-pro.com\/wp-content\/uploads\/2024\/05\/REFLATEX.png 475w\" sizes=\"(max-width: 136px) 100vw, 136px\" \/><\/p>\n<p><strong>GUIDE DES TAILLES\u00a0<\/strong><\/p>\n<p><strong><img loading=\"lazy\" decoding=\"async\" class=\"alignnone wp-image-17727\" src=\"https:\/\/combi-pro.com\/wp-content\/uploads\/2024\/05\/70.6-screenshot-1749764346952-300x102.png\" alt=\"\" width=\"353\" height=\"120\" srcset=\"https:\/\/combi-pro.com\/wp-content\/uploads\/2024\/05\/70.6-screenshot-1749764346952-300x102.png 300w, https:\/\/combi-pro.com\/wp-content\/uploads\/2024\/05\/70.6-screenshot-1749764346952-64x22.png 64w, https:\/\/combi-pro.com\/wp-content\/uploads\/2024\/05\/70.6-screenshot-1749764346952-18x6.png 18w, https:\/\/combi-pro.com\/wp-content\/uploads\/2024\/05\/70.6-screenshot-1749764346952.png 400w\" sizes=\"(max-width: 353px) 100vw, 353px\" \/><\/strong> <img loading=\"lazy\" decoding=\"async\" class=\"alignnone wp-image-17696\" src=\"https:\/\/combi-pro.com\/wp-content\/uploads\/2025\/05\/screenshot-1749214923473-300x106.png\" alt=\"\" width=\"226\" height=\"80\" srcset=\"https:\/\/combi-pro.com\/wp-content\/uploads\/2025\/05\/screenshot-1749214923473-300x106.png 300w, https:\/\/combi-pro.com\/wp-content\/uploads\/2025\/05\/screenshot-1749214923473-64x23.png 64w, https:\/\/combi-pro.com\/wp-content\/uploads\/2025\/05\/screenshot-1749214923473-18x6.png 18w, https:\/\/combi-pro.com\/wp-content\/uploads\/2025\/05\/screenshot-1749214923473.png 396w\" sizes=\"(max-width: 226px) 100vw, 226px\" \/><\/p>\n<\/div>","protected":false},"featured_media":7911,"template":"","meta":{"site-sidebar-layout":"default","site-content-layout":"","ast-site-content-layout":"default","site-content-style":"default","site-sidebar-style":"default","ast-global-header-display":"","ast-banner-title-visibility":"","ast-main-header-display":"","ast-hfb-above-header-display":"","ast-hfb-below-header-display":"","ast-hfb-mobile-header-display":"","site-post-title":"","ast-breadcrumbs-content":"","ast-featured-img":"","footer-sml-layout":"","ast-disable-related-posts":"","theme-transparent-header-meta":"default","adv-header-id-meta":"","stick-header-meta":"","header-above-stick-meta":"","header-main-stick-meta":"","header-below-stick-meta":"","astra-migrate-meta-layouts":"set","ast-page-background-enabled":"default","ast-page-background-meta":{"desktop":{"background-color":"","background-image":"","background-repeat":"repeat","background-position":"center center","background-size":"auto","background-attachment":"scroll","background-type":"","background-media":"","overlay-type":"","overlay-color":"","overlay-opacity":"","overlay-gradient":""},"tablet":{"background-color":"","background-image":"","background-repeat":"repeat","background-position":"center center","background-size":"auto","background-attachment":"scroll","background-type":"","background-media":"","overlay-type":"","overlay-color":"","overlay-opacity":"","overlay-gradient":""},"mobile":{"background-color":"","background-image":"","background-repeat":"repeat","background-position":"center center","background-size":"auto","background-attachment":"scroll","background-type":"","background-media":"","overlay-type":"","overlay-color":"","overlay-opacity":"","overlay-gradient":""}},"ast-content-background-meta":{"desktop":{"background-color":"var(--ast-global-color-5)","background-image":"","background-repeat":"repeat","background-position":"center center","background-size":"auto","background-attachment":"scroll","background-type":"","background-media":"","overlay-type":"","overlay-color":"","overlay-opacity":"","overlay-gradient":""},"tablet":{"background-color":"var(--ast-global-color-5)","background-image":"","background-repeat":"repeat","background-position":"center center","background-size":"auto","background-attachment":"scroll","background-type":"","background-media":"","overlay-type":"","overlay-color":"","overlay-opacity":"","overlay-gradient":""},"mobile":{"background-color":"var(--ast-global-color-5)","background-image":"","background-repeat":"repeat","background-position":"center center","background-size":"auto","background-attachment":"scroll","background-type":"","background-media":"","overlay-type":"","overlay-color":"","overlay-opacity":"","overlay-gradient":""}}},"product_brand":[442],"product_cat":[67,102,50],"product_tag":[],"class_list":{"0":"post-7904","1":"product","2":"type-product","3":"status-publish","4":"has-post-thumbnail","6":"product_brand-velilla","7":"product_cat-alta-visibilidad","8":"product_cat-polos-alta-visibilidad","9":"product_cat-ropa-profesional","10":"desktop-align-center","11":"tablet-align-left","12":"mobile-align-left","14":"first","15":"instock","16":"taxable","17":"shipping-taxable","18":"purchasable","19":"product-type-variable","20":"has-default-attributes"},"_links":{"self":[{"href":"https:\/\/combi-pro.com\/fr\/wp-json\/wp\/v2\/product\/7904","targetHints":{"allow":["GET"]}}],"collection":[{"href":"https:\/\/combi-pro.com\/fr\/wp-json\/wp\/v2\/product"}],"about":[{"href":"https:\/\/combi-pro.com\/fr\/wp-json\/wp\/v2\/types\/product"}],"wp:featuredmedia":[{"embeddable":true,"href":"https:\/\/combi-pro.com\/fr\/wp-json\/wp\/v2\/media\/7911"}],"wp:attachment":[{"href":"https:\/\/combi-pro.com\/fr\/wp-json\/wp\/v2\/media?parent=7904"}],"wp:term":[{"taxonomy":"product_brand","embeddable":true,"href":"https:\/\/combi-pro.com\/fr\/wp-json\/wp\/v2\/product_brand?post=7904"},{"taxonomy":"product_cat","embeddable":true,"href":"https:\/\/combi-pro.com\/fr\/wp-json\/wp\/v2\/product_cat?post=7904"},{"taxonomy":"product_tag","embeddable":true,"href":"https:\/\/combi-pro.com\/fr\/wp-json\/wp\/v2\/product_tag?post=7904"}],"curies":[{"name":"wp","href":"https:\/\/api.w.org\/{rel}","templated":true}]}}