{"id":7927,"date":"2024-05-07T10:14:08","date_gmt":"2024-05-07T08:14:08","guid":{"rendered":"https:\/\/combi-pro.com\/?post_type=product&#038;p=7927"},"modified":"2026-04-13T20:10:28","modified_gmt":"2026-04-13T18:10:28","slug":"303006-pantalon-av","status":"publish","type":"product","link":"https:\/\/combi-pro.com\/fr\/boutique\/303006-pantalon-av\/","title":{"rendered":"Pantalon haute visibilit\u00e9 avec bandes r\u00e9fl\u00e9chissantes 303006 | VELILLA"},"content":{"rendered":"<div class=\"data item\" role=\"tablist\">\n<div tabindex=\"0\" role=\"tab\" data-role=\"collapsible\" data-collapsible=\"true\" aria-controls=\"description\" aria-selected=\"false\" aria-expanded=\"true\">\n<p class=\"\" data-start=\"281\" data-end=\"313\"><strong data-start=\"281\" data-end=\"313\">Caract\u00e9ristiques principales:<\/strong><\/p>\n<ul>\n<li data-start=\"364\" data-end=\"428\">Fermeture centrale \u00e0 glissi\u00e8re et \u00e0 bouton pour un ajustement s\u00fbr.<\/li>\n<li data-start=\"431\" data-end=\"542\">Des bandes r\u00e9fl\u00e9chissantes sur le bas du pantalon augmentent la visibilit\u00e9 dans des conditions de faible luminosit\u00e9.<\/li>\n<li data-start=\"545\" data-end=\"620\">Ceinture \u00e9lastiqu\u00e9e pour le confort et l'adaptabilit\u00e9 au mouvement.<\/li>\n<li data-start=\"623\" data-end=\"692\">Des coutures de s\u00e9curit\u00e9 \u00e0 l'arri\u00e8re garantissent une plus grande durabilit\u00e9.<\/li>\n<li data-start=\"695\" data-end=\"756\">Clips pour un meilleur ajustement et une plus grande libert\u00e9 de mouvement.<\/li>\n<li data-start=\"759\" data-end=\"790\">Six poches fonctionnelles :<\/li>\n<li data-start=\"795\" data-end=\"817\">2 poches fran\u00e7aises.<\/li>\n<li data-start=\"822\" data-end=\"880\">2 poches plaqu\u00e9es avec soufflet central, rabat et velcro.<\/li>\n<li data-start=\"885\" data-end=\"1008\">2 poches arri\u00e8re \u00e0 soufflet avec rabat et velcro, id\u00e9ales pour ranger en toute s\u00e9curit\u00e9 les outils et les objets personnels.<\/li>\n<\/ul>\n<p class=\"\" data-start=\"1010\" data-end=\"1030\"><strong data-start=\"1010\" data-end=\"1030\">Certifications :<\/strong><\/p>\n<ul>\n<li data-start=\"1033\" data-end=\"1151\">EN 20471 (Classe 2) : Niveau de visibilit\u00e9 interm\u00e9diaire pour les zones de travail pr\u00e9sentant un risque mod\u00e9r\u00e9 de mauvaise visibilit\u00e9.<\/li>\n<\/ul>\n<p class=\"\" data-start=\"1153\" data-end=\"1177\"><strong data-start=\"1153\" data-end=\"1177\">Tissus disponibles :<\/strong><\/p>\n<ul>\n<li data-start=\"1180\" data-end=\"1239\">Jaune fluo : 80% polyester - 20% coton \/ 240 g\/m\u00b2.<\/li>\n<li data-start=\"1242\" data-end=\"1300\">Orange fluo : 60% coton - 40% polyester \/ 240 g\/m\u00b2.<\/li>\n<li data-start=\"1303\" data-end=\"1377\">Tissu \u00e0 armure serg\u00e9, solide, durable et adapt\u00e9 \u00e0 un usage quotidien.<\/li>\n<\/ul>\n<p class=\"\" data-start=\"1379\" data-end=\"1696\"><strong data-start=\"1379\" data-end=\"1399\">Recommandations:<\/strong> Ce pantalon est parfait pour les secteurs tels que la construction, l'entretien des routes, la logistique et d'autres environnements o\u00f9 la visibilit\u00e9 est essentielle. La conception robuste et fonctionnelle avec de multiples poches facilite le travail quotidien, tandis que les bandes r\u00e9fl\u00e9chissantes augmentent la s\u00e9curit\u00e9 des travailleurs.<\/p>\n<\/div>\n<div id=\"description\" class=\"data item content\" role=\"tabpanel\" aria-labelledby=\"tab-label-description\" data-role=\"content\" aria-hidden=\"false\">\n<div class=\"product attribute description\">\n<div class=\"value\"><\/div>\n<\/div>\n<\/div>\n<\/div>\n<div class=\"data item\" role=\"tablist\">\n<div id=\"composition_with_grammage\" class=\"data item content\" role=\"tabpanel\" aria-labelledby=\"tab-label-composition_with_grammage\" data-role=\"content\" aria-hidden=\"false\">\n<div class=\"product attribute composition_with_grammage\">\n<div class=\"value\"><\/div>\n<\/div>\n<\/div>\n<\/div>","protected":false},"excerpt":{"rendered":"<p class=\"\" data-start=\"206\" data-end=\"360\">Pantalon haute visibilit\u00e9 avec poches multiples et bandes r\u00e9fl\u00e9chissantes sur l'ourlet, con\u00e7u pour assurer confort et s\u00e9curit\u00e9 dans les travaux dangereux.<\/p>\n<p data-start=\"35\" data-end=\"327\"><img decoding=\"async\" class=\"alignnone wp-image-15233\" src=\"https:\/\/combi-pro.com\/wp-content\/uploads\/2025\/04\/icon-w240.png\" alt=\"\" width=\"111\" height=\"40\" srcset=\"https:\/\/combi-pro.com\/wp-content\/uploads\/2025\/04\/icon-w240.png 228w, https:\/\/combi-pro.com\/wp-content\/uploads\/2025\/04\/icon-w240-64x23.png 64w, https:\/\/combi-pro.com\/wp-content\/uploads\/2025\/04\/icon-w240-18x6.png 18w\" sizes=\"(max-width: 111px) 100vw, 111px\" \/> <img decoding=\"async\" class=\"alignnone wp-image-15250\" src=\"https:\/\/combi-pro.com\/wp-content\/uploads\/2024\/05\/en204712-300x285.png\" alt=\"\" width=\"42\" height=\"40\" srcset=\"https:\/\/combi-pro.com\/wp-content\/uploads\/2024\/05\/en204712-300x285.png 300w, https:\/\/combi-pro.com\/wp-content\/uploads\/2024\/05\/en204712-450x428.png 450w, https:\/\/combi-pro.com\/wp-content\/uploads\/2024\/05\/en204712-64x61.png 64w, https:\/\/combi-pro.com\/wp-content\/uploads\/2024\/05\/en204712-13x12.png 13w, https:\/\/combi-pro.com\/wp-content\/uploads\/2024\/05\/en204712.png 516w\" sizes=\"(max-width: 42px) 100vw, 42px\" \/> <img decoding=\"async\" class=\"alignnone wp-image-15251\" src=\"https:\/\/combi-pro.com\/wp-content\/uploads\/2024\/05\/REFLATEX-300x88.png\" alt=\"\" width=\"136\" height=\"40\" srcset=\"https:\/\/combi-pro.com\/wp-content\/uploads\/2024\/05\/REFLATEX-300x88.png 300w, https:\/\/combi-pro.com\/wp-content\/uploads\/2024\/05\/REFLATEX-450x133.png 450w, https:\/\/combi-pro.com\/wp-content\/uploads\/2024\/05\/REFLATEX-64x19.png 64w, https:\/\/combi-pro.com\/wp-content\/uploads\/2024\/05\/REFLATEX-18x5.png 18w, https:\/\/combi-pro.com\/wp-content\/uploads\/2024\/05\/REFLATEX.png 475w\" sizes=\"(max-width: 136px) 100vw, 136px\" \/><\/p>\n<div class=\"rocket-product-list-pictogram pictograms-attr-marketing_icons\">\n<p><strong>GUIDE DES TAILLES\u00a0<\/strong><\/p>\n<p><img loading=\"lazy\" decoding=\"async\" class=\"alignnone wp-image-17737\" src=\"https:\/\/combi-pro.com\/wp-content\/uploads\/2024\/05\/108.3-115.5-screenshot-1749895743392-300x130.png\" alt=\"\" width=\"277\" height=\"120\" srcset=\"https:\/\/combi-pro.com\/wp-content\/uploads\/2024\/05\/108.3-115.5-screenshot-1749895743392-300x130.png 300w, https:\/\/combi-pro.com\/wp-content\/uploads\/2024\/05\/108.3-115.5-screenshot-1749895743392-64x28.png 64w, https:\/\/combi-pro.com\/wp-content\/uploads\/2024\/05\/108.3-115.5-screenshot-1749895743392-18x8.png 18w, https:\/\/combi-pro.com\/wp-content\/uploads\/2024\/05\/108.3-115.5-screenshot-1749895743392.png 400w\" sizes=\"(max-width: 277px) 100vw, 277px\" \/> <img loading=\"lazy\" decoding=\"async\" class=\"alignnone wp-image-17729\" src=\"https:\/\/combi-pro.com\/wp-content\/uploads\/2024\/05\/screenshot-1749765502228.png\" alt=\"\" width=\"159\" height=\"120\" srcset=\"https:\/\/combi-pro.com\/wp-content\/uploads\/2024\/05\/screenshot-1749765502228.png 292w, https:\/\/combi-pro.com\/wp-content\/uploads\/2024\/05\/screenshot-1749765502228-64x48.png 64w, https:\/\/combi-pro.com\/wp-content\/uploads\/2024\/05\/screenshot-1749765502228-16x12.png 16w\" sizes=\"(max-width: 159px) 100vw, 159px\" \/><\/p>\n<\/div>","protected":false},"featured_media":7930,"template":"","meta":{"site-sidebar-layout":"default","site-content-layout":"","ast-site-content-layout":"default","site-content-style":"default","site-sidebar-style":"default","ast-global-header-display":"","ast-banner-title-visibility":"","ast-main-header-display":"","ast-hfb-above-header-display":"","ast-hfb-below-header-display":"","ast-hfb-mobile-header-display":"","site-post-title":"","ast-breadcrumbs-content":"","ast-featured-img":"","footer-sml-layout":"","ast-disable-related-posts":"","theme-transparent-header-meta":"default","adv-header-id-meta":"","stick-header-meta":"","header-above-stick-meta":"","header-main-stick-meta":"","header-below-stick-meta":"","astra-migrate-meta-layouts":"set","ast-page-background-enabled":"default","ast-page-background-meta":{"desktop":{"background-color":"","background-image":"","background-repeat":"repeat","background-position":"center center","background-size":"auto","background-attachment":"scroll","background-type":"","background-media":"","overlay-type":"","overlay-color":"","overlay-opacity":"","overlay-gradient":""},"tablet":{"background-color":"","background-image":"","background-repeat":"repeat","background-position":"center center","background-size":"auto","background-attachment":"scroll","background-type":"","background-media":"","overlay-type":"","overlay-color":"","overlay-opacity":"","overlay-gradient":""},"mobile":{"background-color":"","background-image":"","background-repeat":"repeat","background-position":"center center","background-size":"auto","background-attachment":"scroll","background-type":"","background-media":"","overlay-type":"","overlay-color":"","overlay-opacity":"","overlay-gradient":""}},"ast-content-background-meta":{"desktop":{"background-color":"var(--ast-global-color-5)","background-image":"","background-repeat":"repeat","background-position":"center center","background-size":"auto","background-attachment":"scroll","background-type":"","background-media":"","overlay-type":"","overlay-color":"","overlay-opacity":"","overlay-gradient":""},"tablet":{"background-color":"var(--ast-global-color-5)","background-image":"","background-repeat":"repeat","background-position":"center center","background-size":"auto","background-attachment":"scroll","background-type":"","background-media":"","overlay-type":"","overlay-color":"","overlay-opacity":"","overlay-gradient":""},"mobile":{"background-color":"var(--ast-global-color-5)","background-image":"","background-repeat":"repeat","background-position":"center center","background-size":"auto","background-attachment":"scroll","background-type":"","background-media":"","overlay-type":"","overlay-color":"","overlay-opacity":"","overlay-gradient":""}}},"product_brand":[442],"product_cat":[67,100,50],"product_tag":[],"class_list":{"0":"post-7927","1":"product","2":"type-product","3":"status-publish","4":"has-post-thumbnail","6":"product_brand-velilla","7":"product_cat-alta-visibilidad","8":"product_cat-pantalones-alta-visibilidad","9":"product_cat-ropa-profesional","10":"desktop-align-center","11":"tablet-align-left","12":"mobile-align-left","14":"first","15":"instock","16":"taxable","17":"shipping-taxable","18":"purchasable","19":"product-type-variable","20":"has-default-attributes"},"_links":{"self":[{"href":"https:\/\/combi-pro.com\/fr\/wp-json\/wp\/v2\/product\/7927","targetHints":{"allow":["GET"]}}],"collection":[{"href":"https:\/\/combi-pro.com\/fr\/wp-json\/wp\/v2\/product"}],"about":[{"href":"https:\/\/combi-pro.com\/fr\/wp-json\/wp\/v2\/types\/product"}],"wp:featuredmedia":[{"embeddable":true,"href":"https:\/\/combi-pro.com\/fr\/wp-json\/wp\/v2\/media\/7930"}],"wp:attachment":[{"href":"https:\/\/combi-pro.com\/fr\/wp-json\/wp\/v2\/media?parent=7927"}],"wp:term":[{"taxonomy":"product_brand","embeddable":true,"href":"https:\/\/combi-pro.com\/fr\/wp-json\/wp\/v2\/product_brand?post=7927"},{"taxonomy":"product_cat","embeddable":true,"href":"https:\/\/combi-pro.com\/fr\/wp-json\/wp\/v2\/product_cat?post=7927"},{"taxonomy":"product_tag","embeddable":true,"href":"https:\/\/combi-pro.com\/fr\/wp-json\/wp\/v2\/product_tag?post=7927"}],"curies":[{"name":"wp","href":"https:\/\/api.w.org\/{rel}","templated":true}]}}