{"id":7939,"date":"2024-05-07T10:19:48","date_gmt":"2024-05-07T08:19:48","guid":{"rendered":"https:\/\/combi-pro.com\/?post_type=product&#038;p=7939"},"modified":"2026-04-13T20:10:35","modified_gmt":"2026-04-13T18:10:35","slug":"303007-pantalon-100-coton-av","status":"publish","type":"product","link":"https:\/\/combi-pro.com\/fr\/boutique\/303007-pantalon-100-coton-av\/","title":{"rendered":"Pantalon haute visibilit\u00e9 100% coton avec bandes r\u00e9fl\u00e9chissantes 303007 | VELILLA"},"content":{"rendered":"<div class=\"data item\" role=\"tablist\">\n<div tabindex=\"0\" role=\"tab\" data-role=\"collapsible\" data-collapsible=\"true\" aria-controls=\"description\" aria-selected=\"false\" aria-expanded=\"true\">\n<p class=\"\" data-start=\"281\" data-end=\"313\"><strong data-start=\"281\" data-end=\"313\">Caract\u00e9ristiques principales:<\/strong><\/p>\n<ul>\n<li data-start=\"367\" data-end=\"443\">Fermeture centrale \u00e0 glissi\u00e8re et \u00e0 bouton pour un ajustement s\u00fbr et fonctionnel.<\/li>\n<li data-start=\"446\" data-end=\"547\">Bandes r\u00e9fl\u00e9chissantes sur le bas du pantalon, am\u00e9liorant la visibilit\u00e9 dans des conditions de faible luminosit\u00e9.<\/li>\n<li data-start=\"550\" data-end=\"632\">Couleur contrast\u00e9e sur les soufflets et les poign\u00e9es, avec un design moderne et distinctif.<\/li>\n<li data-start=\"635\" data-end=\"696\">Taille \u00e9lastiqu\u00e9e pour plus de confort et d'adaptabilit\u00e9.<\/li>\n<li data-start=\"699\" data-end=\"771\">Des doubles coutures de s\u00e9curit\u00e9 renforcent les zones les plus expos\u00e9es \u00e0 l'usure.<\/li>\n<li data-start=\"774\" data-end=\"811\">Six poches spacieuses et s\u00e9curis\u00e9es :<\/li>\n<li data-start=\"816\" data-end=\"838\">2 poches fran\u00e7aises.<\/li>\n<li data-start=\"843\" data-end=\"918\">2 poches \u00e0 soufflet avec double soufflet central, rabat, velcro et tirettes.<\/li>\n<li data-start=\"923\" data-end=\"1022\">2 poches arri\u00e8re avec rabat, velcro et tirettes pour ranger les outils ou les effets personnels.<\/li>\n<\/ul>\n<p class=\"\" data-start=\"1024\" data-end=\"1044\"><strong data-start=\"1024\" data-end=\"1044\">Certifications :<\/strong><\/p>\n<ul data-start=\"1045\" data-end=\"1154\">\n<li class=\"\" data-start=\"1045\" data-end=\"1154\">\n<p class=\"\" data-start=\"1047\" data-end=\"1154\">EN 20471 (classe 1) : Garantit la visibilit\u00e9 de l'utilisateur dans des conditions de risque dues \u00e0 une faible luminosit\u00e9.<\/p>\n<\/li>\n<\/ul>\n<p class=\"\" data-start=\"1156\" data-end=\"1177\"><strong data-start=\"1156\" data-end=\"1177\">Tissu principal :<\/strong><\/p>\n<ul data-start=\"1178\" data-end=\"1296\">\n<li class=\"\" data-start=\"1178\" data-end=\"1296\">\n<p class=\"\" data-start=\"1180\" data-end=\"1296\">Coton Twill 100% - 240 g\/m\u00b2 : id\u00e9al pour les peaux sensibles, apporte fra\u00eecheur et confort pour les longues journ\u00e9es.<\/p>\n<\/li>\n<\/ul>\n<p class=\"\" data-start=\"1298\" data-end=\"1322\"><strong data-start=\"1298\" data-end=\"1322\">Autres tissus \u00e0 base de fluor :<\/strong><\/p>\n<ul data-start=\"1323\" data-end=\"1427\">\n<li class=\"\" data-start=\"1323\" data-end=\"1376\">\n<p class=\"\" data-start=\"1325\" data-end=\"1376\">Jaune : 80% polyester - 20% coton \/ 210 g\/m\u00b2.<\/p>\n<\/li>\n<li class=\"\" data-start=\"1377\" data-end=\"1427\">\n<p class=\"\" data-start=\"1379\" data-end=\"1427\">Orange : 60% coton - 40% polyester \/ 240 g\/m\u00b2.<\/p>\n<\/li>\n<\/ul>\n<p class=\"\" data-start=\"1429\" data-end=\"1708\"><strong data-start=\"1429\" data-end=\"1449\">Recommandations:<\/strong> Ce pantalon est id\u00e9al pour les travailleurs qui recherchent un v\u00eatement confortable, respirant et s\u00fbr, sans compromettre la visibilit\u00e9. Il est parfait pour les travaux en ext\u00e9rieur ou les environnements chauds, o\u00f9 le coton offre une sensation de fra\u00eecheur naturelle sur la peau.<\/p>\n<\/div>\n<\/div>\n<div class=\"data item\" role=\"tablist\">\n<div id=\"composition_with_grammage\" class=\"data item content\" role=\"tabpanel\" aria-labelledby=\"tab-label-composition_with_grammage\" data-role=\"content\" aria-hidden=\"false\">\n<div class=\"product attribute composition_with_grammage\">\n<div class=\"value\"><\/div>\n<\/div>\n<\/div>\n<\/div>","protected":false},"excerpt":{"rendered":"<p class=\"\" data-start=\"221\" data-end=\"395\">Pantalon bicolore haute visibilit\u00e9 avec poches multiples et bandes r\u00e9fl\u00e9chissantes, id\u00e9al pour les travaux n\u00e9cessitant visibilit\u00e9 et confort, avec la durabilit\u00e9 du coton.<\/p>\n<p data-start=\"35\" data-end=\"330\"><img decoding=\"async\" class=\"alignnone wp-image-15233\" src=\"https:\/\/combi-pro.com\/wp-content\/uploads\/2025\/04\/icon-w240.png\" alt=\"\" width=\"111\" height=\"40\" srcset=\"https:\/\/combi-pro.com\/wp-content\/uploads\/2025\/04\/icon-w240.png 228w, https:\/\/combi-pro.com\/wp-content\/uploads\/2025\/04\/icon-w240-64x23.png 64w, https:\/\/combi-pro.com\/wp-content\/uploads\/2025\/04\/icon-w240-18x6.png 18w\" sizes=\"(max-width: 111px) 100vw, 111px\" \/> <img decoding=\"async\" class=\"alignnone wp-image-15252\" src=\"https:\/\/combi-pro.com\/wp-content\/uploads\/2024\/05\/en204711-300x291.png\" alt=\"\" width=\"41\" height=\"40\" srcset=\"https:\/\/combi-pro.com\/wp-content\/uploads\/2024\/05\/en204711-300x291.png 300w, https:\/\/combi-pro.com\/wp-content\/uploads\/2024\/05\/en204711-450x436.png 450w, https:\/\/combi-pro.com\/wp-content\/uploads\/2024\/05\/en204711-100x100.png 100w, https:\/\/combi-pro.com\/wp-content\/uploads\/2024\/05\/en204711-64x62.png 64w, https:\/\/combi-pro.com\/wp-content\/uploads\/2024\/05\/en204711-150x150.png 150w, https:\/\/combi-pro.com\/wp-content\/uploads\/2024\/05\/en204711-12x12.png 12w, https:\/\/combi-pro.com\/wp-content\/uploads\/2024\/05\/en204711.png 507w\" sizes=\"(max-width: 41px) 100vw, 41px\" \/> <img decoding=\"async\" class=\"alignnone wp-image-15242\" src=\"https:\/\/combi-pro.com\/wp-content\/uploads\/2025\/04\/icon-hivis-cotton.png\" alt=\"\" width=\"115\" height=\"40\" srcset=\"https:\/\/combi-pro.com\/wp-content\/uploads\/2025\/04\/icon-hivis-cotton.png 228w, https:\/\/combi-pro.com\/wp-content\/uploads\/2025\/04\/icon-hivis-cotton-64x22.png 64w, https:\/\/combi-pro.com\/wp-content\/uploads\/2025\/04\/icon-hivis-cotton-18x6.png 18w\" sizes=\"(max-width: 115px) 100vw, 115px\" \/> <img loading=\"lazy\" decoding=\"async\" class=\"alignnone wp-image-15251\" src=\"https:\/\/combi-pro.com\/wp-content\/uploads\/2024\/05\/REFLATEX-300x88.png\" alt=\"\" width=\"136\" height=\"40\" srcset=\"https:\/\/combi-pro.com\/wp-content\/uploads\/2024\/05\/REFLATEX-300x88.png 300w, https:\/\/combi-pro.com\/wp-content\/uploads\/2024\/05\/REFLATEX-450x133.png 450w, https:\/\/combi-pro.com\/wp-content\/uploads\/2024\/05\/REFLATEX-64x19.png 64w, https:\/\/combi-pro.com\/wp-content\/uploads\/2024\/05\/REFLATEX-18x5.png 18w, https:\/\/combi-pro.com\/wp-content\/uploads\/2024\/05\/REFLATEX.png 475w\" sizes=\"(max-width: 136px) 100vw, 136px\" \/><\/p>\n<div class=\"rocket-product-list-pictogram pictograms-attr-marketing_icons\">\n<p><strong>GUIDE DES TAILLES\u00a0<\/strong><\/p>\n<p><img loading=\"lazy\" decoding=\"async\" class=\"alignnone wp-image-17735\" src=\"https:\/\/combi-pro.com\/wp-content\/uploads\/2024\/05\/106.5-113.7-screenshot-1749895113709-300x131.png\" alt=\"\" width=\"276\" height=\"120\" srcset=\"https:\/\/combi-pro.com\/wp-content\/uploads\/2024\/05\/106.5-113.7-screenshot-1749895113709-300x131.png 300w, https:\/\/combi-pro.com\/wp-content\/uploads\/2024\/05\/106.5-113.7-screenshot-1749895113709-64x28.png 64w, https:\/\/combi-pro.com\/wp-content\/uploads\/2024\/05\/106.5-113.7-screenshot-1749895113709-18x8.png 18w, https:\/\/combi-pro.com\/wp-content\/uploads\/2024\/05\/106.5-113.7-screenshot-1749895113709.png 400w\" sizes=\"(max-width: 276px) 100vw, 276px\" \/> <img loading=\"lazy\" decoding=\"async\" class=\"alignnone wp-image-17729\" src=\"https:\/\/combi-pro.com\/wp-content\/uploads\/2024\/05\/screenshot-1749765502228.png\" alt=\"\" width=\"159\" height=\"120\" srcset=\"https:\/\/combi-pro.com\/wp-content\/uploads\/2024\/05\/screenshot-1749765502228.png 292w, https:\/\/combi-pro.com\/wp-content\/uploads\/2024\/05\/screenshot-1749765502228-64x48.png 64w, https:\/\/combi-pro.com\/wp-content\/uploads\/2024\/05\/screenshot-1749765502228-16x12.png 16w\" sizes=\"(max-width: 159px) 100vw, 159px\" \/><\/p>\n<\/div>","protected":false},"featured_media":7950,"template":"","meta":{"site-sidebar-layout":"default","site-content-layout":"","ast-site-content-layout":"default","site-content-style":"default","site-sidebar-style":"default","ast-global-header-display":"","ast-banner-title-visibility":"","ast-main-header-display":"","ast-hfb-above-header-display":"","ast-hfb-below-header-display":"","ast-hfb-mobile-header-display":"","site-post-title":"","ast-breadcrumbs-content":"","ast-featured-img":"","footer-sml-layout":"","ast-disable-related-posts":"","theme-transparent-header-meta":"default","adv-header-id-meta":"","stick-header-meta":"","header-above-stick-meta":"","header-main-stick-meta":"","header-below-stick-meta":"","astra-migrate-meta-layouts":"set","ast-page-background-enabled":"default","ast-page-background-meta":{"desktop":{"background-color":"","background-image":"","background-repeat":"repeat","background-position":"center center","background-size":"auto","background-attachment":"scroll","background-type":"","background-media":"","overlay-type":"","overlay-color":"","overlay-opacity":"","overlay-gradient":""},"tablet":{"background-color":"","background-image":"","background-repeat":"repeat","background-position":"center center","background-size":"auto","background-attachment":"scroll","background-type":"","background-media":"","overlay-type":"","overlay-color":"","overlay-opacity":"","overlay-gradient":""},"mobile":{"background-color":"","background-image":"","background-repeat":"repeat","background-position":"center center","background-size":"auto","background-attachment":"scroll","background-type":"","background-media":"","overlay-type":"","overlay-color":"","overlay-opacity":"","overlay-gradient":""}},"ast-content-background-meta":{"desktop":{"background-color":"var(--ast-global-color-5)","background-image":"","background-repeat":"repeat","background-position":"center center","background-size":"auto","background-attachment":"scroll","background-type":"","background-media":"","overlay-type":"","overlay-color":"","overlay-opacity":"","overlay-gradient":""},"tablet":{"background-color":"var(--ast-global-color-5)","background-image":"","background-repeat":"repeat","background-position":"center center","background-size":"auto","background-attachment":"scroll","background-type":"","background-media":"","overlay-type":"","overlay-color":"","overlay-opacity":"","overlay-gradient":""},"mobile":{"background-color":"var(--ast-global-color-5)","background-image":"","background-repeat":"repeat","background-position":"center center","background-size":"auto","background-attachment":"scroll","background-type":"","background-media":"","overlay-type":"","overlay-color":"","overlay-opacity":"","overlay-gradient":""}}},"product_brand":[442],"product_cat":[67,100,50],"product_tag":[],"class_list":{"0":"post-7939","1":"product","2":"type-product","3":"status-publish","4":"has-post-thumbnail","6":"product_brand-velilla","7":"product_cat-alta-visibilidad","8":"product_cat-pantalones-alta-visibilidad","9":"product_cat-ropa-profesional","10":"desktop-align-center","11":"tablet-align-left","12":"mobile-align-left","14":"first","15":"instock","16":"taxable","17":"shipping-taxable","18":"purchasable","19":"product-type-variable","20":"has-default-attributes"},"_links":{"self":[{"href":"https:\/\/combi-pro.com\/fr\/wp-json\/wp\/v2\/product\/7939","targetHints":{"allow":["GET"]}}],"collection":[{"href":"https:\/\/combi-pro.com\/fr\/wp-json\/wp\/v2\/product"}],"about":[{"href":"https:\/\/combi-pro.com\/fr\/wp-json\/wp\/v2\/types\/product"}],"wp:featuredmedia":[{"embeddable":true,"href":"https:\/\/combi-pro.com\/fr\/wp-json\/wp\/v2\/media\/7950"}],"wp:attachment":[{"href":"https:\/\/combi-pro.com\/fr\/wp-json\/wp\/v2\/media?parent=7939"}],"wp:term":[{"taxonomy":"product_brand","embeddable":true,"href":"https:\/\/combi-pro.com\/fr\/wp-json\/wp\/v2\/product_brand?post=7939"},{"taxonomy":"product_cat","embeddable":true,"href":"https:\/\/combi-pro.com\/fr\/wp-json\/wp\/v2\/product_cat?post=7939"},{"taxonomy":"product_tag","embeddable":true,"href":"https:\/\/combi-pro.com\/fr\/wp-json\/wp\/v2\/product_tag?post=7939"}],"curies":[{"name":"wp","href":"https:\/\/api.w.org\/{rel}","templated":true}]}}