{"id":7951,"date":"2024-05-07T10:27:38","date_gmt":"2024-05-07T08:27:38","guid":{"rendered":"https:\/\/combi-pro.com\/?post_type=product&#038;p=7951"},"modified":"2026-04-13T20:10:40","modified_gmt":"2026-04-13T18:10:40","slug":"303001-pantalon-bicolore-av","status":"publish","type":"product","link":"https:\/\/combi-pro.com\/fr\/boutique\/303001-pantalon-bicolore-av\/","title":{"rendered":"Pantalon bicolore haute visibilit\u00e9 avec bandes r\u00e9fl\u00e9chissantes 303001 | VELILLA"},"content":{"rendered":"<div class=\"data item\" role=\"tablist\">\n<div tabindex=\"0\" role=\"tab\" data-role=\"collapsible\" data-collapsible=\"true\" aria-controls=\"description\" aria-selected=\"false\" aria-expanded=\"true\">\n<p class=\"\" data-start=\"281\" data-end=\"313\"><strong data-start=\"281\" data-end=\"313\">Caract\u00e9ristiques principales:<\/strong><\/p>\n<ul>\n<li data-start=\"353\" data-end=\"426\">Fermeture centrale \u00e0 glissi\u00e8re et \u00e0 bouton pour un ajustement confortable et s\u00fbr.<\/li>\n<li data-start=\"429\" data-end=\"530\">Bandes r\u00e9fl\u00e9chissantes sur le bas du pantalon, am\u00e9liorant la visibilit\u00e9 dans des conditions de faible luminosit\u00e9.<\/li>\n<li data-start=\"533\" data-end=\"607\">Taille \u00e9lastiqu\u00e9e pour un ajustement souple et confortable tout au long de la journ\u00e9e.<\/li>\n<li data-start=\"610\" data-end=\"687\">Coutures de s\u00e9curit\u00e9 \u00e0 l'arri\u00e8re pour assurer la durabilit\u00e9 du pantalon.<\/li>\n<li data-start=\"690\" data-end=\"742\">Des pinces pour une plus grande libert\u00e9 de mouvement.<\/li>\n<li data-start=\"745\" data-end=\"764\">Six poches :<\/li>\n<li data-start=\"769\" data-end=\"791\">2 poches fran\u00e7aises.<\/li>\n<li data-start=\"796\" data-end=\"854\">2 poches plaqu\u00e9es avec soufflet central, rabat et velcro.<\/li>\n<li data-start=\"859\" data-end=\"1001\">2 poches arri\u00e8re \u00e0 soufflet avec rabat et velcro, offrant un rangement pratique et s\u00fbr pour les outils et les objets personnels.<\/li>\n<\/ul>\n<p class=\"\" data-start=\"1003\" data-end=\"1023\"><strong data-start=\"1003\" data-end=\"1023\">Certifications :<\/strong><\/p>\n<ul>\n<li data-start=\"1026\" data-end=\"1161\">EN 20471 (Classe 2) : Certification de haute visibilit\u00e9 qui garantit la s\u00e9curit\u00e9 des travailleurs dans des conditions de faible luminosit\u00e9.<\/li>\n<\/ul>\n<p class=\"\" data-start=\"1163\" data-end=\"1194\"><strong data-start=\"1163\" data-end=\"1194\">Composition du tissu :<\/strong><\/p>\n<ul>\n<li data-start=\"1198\" data-end=\"1231\">Tissu jaune fluo : Composition : 80% polyester - 20% coton. Poids : 240 g\/m\u00b2.<\/li>\n<li data-start=\"1310\" data-end=\"1342\">Tissu orange fluo : Composition : 60% coton - 40% polyester. Poids : 240 g\/m\u00b2.<\/li>\n<li data-start=\"1421\" data-end=\"1442\">Tissu de contraste : Composition : 65% polyester - 35% coton. Poids : 240 g\/m\u00b2.<\/li>\n<\/ul>\n<p class=\"\" data-start=\"1515\" data-end=\"1875\"><strong data-start=\"1515\" data-end=\"1535\">Recommandations:<\/strong> Ce pantalon est id\u00e9al pour ceux qui travaillent dans des secteurs o\u00f9 la visibilit\u00e9 est cruciale, tels que la construction, l'entretien des routes et l'industrie. La conception bicolore, les bandes r\u00e9fl\u00e9chissantes et les multiples poches vous garantissent la s\u00e9curit\u00e9 et la fonctionnalit\u00e9 dont vous avez besoin pour une performance optimale dans vos t\u00e2ches quotidiennes.<\/p>\n<p class=\"\" data-start=\"1877\" data-end=\"2011\">Si vous recherchez un pantalon durable, confortable et visible pour les emplois exigeant une grande s\u00e9curit\u00e9, ce mod\u00e8le est le choix id\u00e9al pour vous.<\/p>\n<\/div>\n<\/div>\n<div class=\"data item\" role=\"tablist\">\n<div id=\"composition_with_grammage\" class=\"data item content\" role=\"tabpanel\" aria-labelledby=\"tab-label-composition_with_grammage\" data-role=\"content\" aria-hidden=\"false\">\n<div class=\"product attribute composition_with_grammage\">\n<div class=\"value\"><\/div>\n<\/div>\n<\/div>\n<\/div>","protected":false},"excerpt":{"rendered":"<p class=\"\" data-start=\"254\" data-end=\"398\">Pantalon multipoches haute visibilit\u00e9 avec bandes r\u00e9fl\u00e9chissantes, tissu r\u00e9sistant et compartiments multiples. Certifi\u00e9 EN 20471 Classe 2.<\/p>\n<p><img decoding=\"async\" class=\"alignnone wp-image-15233\" src=\"https:\/\/combi-pro.com\/wp-content\/uploads\/2025\/04\/icon-w240.png\" alt=\"\" width=\"111\" height=\"40\" srcset=\"https:\/\/combi-pro.com\/wp-content\/uploads\/2025\/04\/icon-w240.png 228w, https:\/\/combi-pro.com\/wp-content\/uploads\/2025\/04\/icon-w240-64x23.png 64w, https:\/\/combi-pro.com\/wp-content\/uploads\/2025\/04\/icon-w240-18x6.png 18w\" sizes=\"(max-width: 111px) 100vw, 111px\" \/> <img decoding=\"async\" class=\"alignnone wp-image-15250\" src=\"https:\/\/combi-pro.com\/wp-content\/uploads\/2024\/05\/en204712-300x285.png\" alt=\"\" width=\"42\" height=\"40\" srcset=\"https:\/\/combi-pro.com\/wp-content\/uploads\/2024\/05\/en204712-300x285.png 300w, https:\/\/combi-pro.com\/wp-content\/uploads\/2024\/05\/en204712-450x428.png 450w, https:\/\/combi-pro.com\/wp-content\/uploads\/2024\/05\/en204712-64x61.png 64w, https:\/\/combi-pro.com\/wp-content\/uploads\/2024\/05\/en204712-13x12.png 13w, https:\/\/combi-pro.com\/wp-content\/uploads\/2024\/05\/en204712.png 516w\" sizes=\"(max-width: 42px) 100vw, 42px\" \/> <img decoding=\"async\" class=\"alignnone wp-image-15251\" src=\"https:\/\/combi-pro.com\/wp-content\/uploads\/2024\/05\/REFLATEX-300x88.png\" alt=\"\" width=\"136\" height=\"40\" srcset=\"https:\/\/combi-pro.com\/wp-content\/uploads\/2024\/05\/REFLATEX-300x88.png 300w, https:\/\/combi-pro.com\/wp-content\/uploads\/2024\/05\/REFLATEX-450x133.png 450w, https:\/\/combi-pro.com\/wp-content\/uploads\/2024\/05\/REFLATEX-64x19.png 64w, https:\/\/combi-pro.com\/wp-content\/uploads\/2024\/05\/REFLATEX-18x5.png 18w, https:\/\/combi-pro.com\/wp-content\/uploads\/2024\/05\/REFLATEX.png 475w\" sizes=\"(max-width: 136px) 100vw, 136px\" \/><\/p>\n<p><strong>GUIDE DES TAILLES<\/strong><\/p>\n<p><strong><img loading=\"lazy\" decoding=\"async\" class=\"alignnone wp-image-17732\" src=\"https:\/\/combi-pro.com\/wp-content\/uploads\/2024\/05\/109-screenshot-1749766242465-300x101.png\" alt=\"\" width=\"356\" height=\"120\" srcset=\"https:\/\/combi-pro.com\/wp-content\/uploads\/2024\/05\/109-screenshot-1749766242465-300x101.png 300w, https:\/\/combi-pro.com\/wp-content\/uploads\/2024\/05\/109-screenshot-1749766242465-64x22.png 64w, https:\/\/combi-pro.com\/wp-content\/uploads\/2024\/05\/109-screenshot-1749766242465-18x6.png 18w, https:\/\/combi-pro.com\/wp-content\/uploads\/2024\/05\/109-screenshot-1749766242465.png 400w\" sizes=\"(max-width: 356px) 100vw, 356px\" \/><\/strong> <img loading=\"lazy\" decoding=\"async\" class=\"alignnone wp-image-17729\" src=\"https:\/\/combi-pro.com\/wp-content\/uploads\/2024\/05\/screenshot-1749765502228.png\" alt=\"\" width=\"159\" height=\"120\" srcset=\"https:\/\/combi-pro.com\/wp-content\/uploads\/2024\/05\/screenshot-1749765502228.png 292w, https:\/\/combi-pro.com\/wp-content\/uploads\/2024\/05\/screenshot-1749765502228-64x48.png 64w, https:\/\/combi-pro.com\/wp-content\/uploads\/2024\/05\/screenshot-1749765502228-16x12.png 16w\" sizes=\"(max-width: 159px) 100vw, 159px\" \/><\/p>\n<div class=\"rocket-product-list-pictogram pictograms-attr-certificate\"><\/div>","protected":false},"featured_media":7955,"template":"","meta":{"site-sidebar-layout":"default","site-content-layout":"","ast-site-content-layout":"default","site-content-style":"default","site-sidebar-style":"default","ast-global-header-display":"","ast-banner-title-visibility":"","ast-main-header-display":"","ast-hfb-above-header-display":"","ast-hfb-below-header-display":"","ast-hfb-mobile-header-display":"","site-post-title":"","ast-breadcrumbs-content":"","ast-featured-img":"","footer-sml-layout":"","ast-disable-related-posts":"","theme-transparent-header-meta":"default","adv-header-id-meta":"","stick-header-meta":"","header-above-stick-meta":"","header-main-stick-meta":"","header-below-stick-meta":"","astra-migrate-meta-layouts":"set","ast-page-background-enabled":"default","ast-page-background-meta":{"desktop":{"background-color":"","background-image":"","background-repeat":"repeat","background-position":"center center","background-size":"auto","background-attachment":"scroll","background-type":"","background-media":"","overlay-type":"","overlay-color":"","overlay-opacity":"","overlay-gradient":""},"tablet":{"background-color":"","background-image":"","background-repeat":"repeat","background-position":"center center","background-size":"auto","background-attachment":"scroll","background-type":"","background-media":"","overlay-type":"","overlay-color":"","overlay-opacity":"","overlay-gradient":""},"mobile":{"background-color":"","background-image":"","background-repeat":"repeat","background-position":"center center","background-size":"auto","background-attachment":"scroll","background-type":"","background-media":"","overlay-type":"","overlay-color":"","overlay-opacity":"","overlay-gradient":""}},"ast-content-background-meta":{"desktop":{"background-color":"var(--ast-global-color-5)","background-image":"","background-repeat":"repeat","background-position":"center center","background-size":"auto","background-attachment":"scroll","background-type":"","background-media":"","overlay-type":"","overlay-color":"","overlay-opacity":"","overlay-gradient":""},"tablet":{"background-color":"var(--ast-global-color-5)","background-image":"","background-repeat":"repeat","background-position":"center center","background-size":"auto","background-attachment":"scroll","background-type":"","background-media":"","overlay-type":"","overlay-color":"","overlay-opacity":"","overlay-gradient":""},"mobile":{"background-color":"var(--ast-global-color-5)","background-image":"","background-repeat":"repeat","background-position":"center center","background-size":"auto","background-attachment":"scroll","background-type":"","background-media":"","overlay-type":"","overlay-color":"","overlay-opacity":"","overlay-gradient":""}}},"product_brand":[442],"product_cat":[67,100,50],"product_tag":[],"class_list":{"0":"post-7951","1":"product","2":"type-product","3":"status-publish","4":"has-post-thumbnail","6":"product_brand-velilla","7":"product_cat-alta-visibilidad","8":"product_cat-pantalones-alta-visibilidad","9":"product_cat-ropa-profesional","10":"desktop-align-center","11":"tablet-align-left","12":"mobile-align-left","14":"first","15":"outofstock","16":"taxable","17":"shipping-taxable","18":"purchasable","19":"product-type-variable","20":"has-default-attributes"},"_links":{"self":[{"href":"https:\/\/combi-pro.com\/fr\/wp-json\/wp\/v2\/product\/7951","targetHints":{"allow":["GET"]}}],"collection":[{"href":"https:\/\/combi-pro.com\/fr\/wp-json\/wp\/v2\/product"}],"about":[{"href":"https:\/\/combi-pro.com\/fr\/wp-json\/wp\/v2\/types\/product"}],"wp:featuredmedia":[{"embeddable":true,"href":"https:\/\/combi-pro.com\/fr\/wp-json\/wp\/v2\/media\/7955"}],"wp:attachment":[{"href":"https:\/\/combi-pro.com\/fr\/wp-json\/wp\/v2\/media?parent=7951"}],"wp:term":[{"taxonomy":"product_brand","embeddable":true,"href":"https:\/\/combi-pro.com\/fr\/wp-json\/wp\/v2\/product_brand?post=7951"},{"taxonomy":"product_cat","embeddable":true,"href":"https:\/\/combi-pro.com\/fr\/wp-json\/wp\/v2\/product_cat?post=7951"},{"taxonomy":"product_tag","embeddable":true,"href":"https:\/\/combi-pro.com\/fr\/wp-json\/wp\/v2\/product_tag?post=7951"}],"curies":[{"name":"wp","href":"https:\/\/api.w.org\/{rel}","templated":true}]}}