{"id":7966,"date":"2024-05-07T13:17:28","date_gmt":"2024-05-07T11:17:28","guid":{"rendered":"https:\/\/combi-pro.com\/?post_type=product&#038;p=7966"},"modified":"2026-04-13T20:10:54","modified_gmt":"2026-04-13T18:10:54","slug":"157-pantalons-bicolores-av","status":"publish","type":"product","link":"https:\/\/combi-pro.com\/fr\/boutique\/157-pantalons-bicolores-av\/","title":{"rendered":"Pantalon bicolore haute visibilit\u00e9 avec bandes r\u00e9fl\u00e9chissantes 157 | VELILLA"},"content":{"rendered":"<div class=\"data item\" role=\"tablist\">\n<div tabindex=\"0\" role=\"tab\" data-role=\"collapsible\" data-collapsible=\"true\" aria-controls=\"description\" aria-selected=\"false\" aria-expanded=\"true\">\n<p><strong data-start=\"298\" data-end=\"330\">Caract\u00e9ristiques principales:<\/strong><\/p>\n<ul>\n<li data-start=\"358\" data-end=\"431\">Fermeture centrale \u00e0 glissi\u00e8re et \u00e0 bouton pour un ajustement confortable et s\u00fbr.<\/li>\n<li data-start=\"434\" data-end=\"535\">Bandes r\u00e9fl\u00e9chissantes sur le bas du pantalon pour assurer la visibilit\u00e9 dans des conditions de faible luminosit\u00e9.<\/li>\n<li data-start=\"538\" data-end=\"598\">La taille \u00e9lastiqu\u00e9e offre un ajustement souple et confortable.<\/li>\n<li data-start=\"601\" data-end=\"675\">Les coutures de s\u00e9curit\u00e9 \u00e0 l'arri\u00e8re renforcent la durabilit\u00e9 du pantalon.<\/li>\n<li data-start=\"678\" data-end=\"735\">Des pinces pour une plus grande libert\u00e9 de mouvement.<\/li>\n<li data-start=\"738\" data-end=\"757\">Six poches :<\/li>\n<li data-start=\"762\" data-end=\"784\">2 poches fran\u00e7aises.<\/li>\n<li data-start=\"789\" data-end=\"847\">2 poches plaqu\u00e9es avec soufflet central, rabat et velcro.<\/li>\n<li data-start=\"852\" data-end=\"999\">2 poches arri\u00e8re \u00e0 soufflet, avec rabat et velcro, offrant un vaste espace de rangement s\u00e9curis\u00e9 pour les outils et les objets personnels.<\/li>\n<\/ul>\n<p class=\"\" data-start=\"1001\" data-end=\"1021\"><strong data-start=\"1001\" data-end=\"1021\">Certifications :<\/strong><\/p>\n<ul data-start=\"1022\" data-end=\"1168\">\n<li class=\"\" data-start=\"1022\" data-end=\"1168\">\n<p class=\"\" data-start=\"1024\" data-end=\"1168\">EN 20471 (Classe 1) : Norme europ\u00e9enne pour la haute visibilit\u00e9, garantissant que le travailleur est facilement visible dans des conditions de faible luminosit\u00e9.<\/p>\n<\/li>\n<\/ul>\n<p class=\"\" data-start=\"1170\" data-end=\"1201\"><strong data-start=\"1170\" data-end=\"1201\">Composition du tissu :<\/strong><\/p>\n<ul>\n<li data-start=\"1205\" data-end=\"1239\">Tissu jaune fluorescent : Composition : 80% polyester, 20% coton. Poids : 210 g\/m\u00b2.<\/li>\n<li data-start=\"1317\" data-end=\"1349\">Tissu orange fluo : Composition : coton 60%, polyester 40%. Poids : 240 g\/m\u00b2.<\/li>\n<li data-start=\"1427\" data-end=\"1449\">Tissu de contraste : Composition : 65% polyester, 35% coton. Poids : 200 g\/m\u00b2.<\/li>\n<\/ul>\n<p class=\"\" data-start=\"1521\" data-end=\"2026\"><strong data-start=\"1521\" data-end=\"1541\">Recommandations:<\/strong> Ce pantalon est parfait pour ceux qui travaillent dans des domaines o\u00f9 la visibilit\u00e9 est essentielle pour la s\u00e9curit\u00e9, tels que la construction, l'exploitation mini\u00e8re ou la logistique. La conception bicolore avec des tissus durables garantit le confort pendant les longues journ\u00e9es de travail, tandis que les multiples poches permettent de ranger facilement les outils et autres objets. Les bandes r\u00e9fl\u00e9chissantes renforcent la s\u00e9curit\u00e9 en permettant d'\u00eatre visible m\u00eame dans des conditions de faible luminosit\u00e9.<\/p>\n<p class=\"\" data-start=\"2028\" data-end=\"2311\">En r\u00e9sum\u00e9, si vous recherchez un pantalon fonctionnel, durable et conforme aux normes de s\u00e9curit\u00e9, ce mod\u00e8le est un excellent choix pour votre \u00e9quipe de travail. Sa conception pratique et confortable en fait un choix id\u00e9al pour ceux qui recherchent performance et visibilit\u00e9.<\/p>\n<\/div>\n<\/div>\n<div class=\"data item\" role=\"tablist\">\n<div id=\"composition_with_grammage\" class=\"data item content\" role=\"tabpanel\" aria-labelledby=\"tab-label-composition_with_grammage\" data-role=\"content\" aria-hidden=\"false\">\n<div class=\"product attribute composition_with_grammage\">\n<div class=\"value\"><\/div>\n<\/div>\n<\/div>\n<\/div>","protected":false},"excerpt":{"rendered":"<p class=\"\" data-start=\"195\" data-end=\"353\">Pantalon bicolore multipoches avec bandes r\u00e9fl\u00e9chissantes, id\u00e9al pour les travaux n\u00e9cessitant une haute visibilit\u00e9 (EN 20471 - Classe 1), avec confort et r\u00e9sistance.<\/p>\n<p><img decoding=\"async\" class=\"alignnone wp-image-15252\" src=\"https:\/\/combi-pro.com\/wp-content\/uploads\/2024\/05\/en204711-300x291.png\" alt=\"\" width=\"41\" height=\"40\" srcset=\"https:\/\/combi-pro.com\/wp-content\/uploads\/2024\/05\/en204711-300x291.png 300w, https:\/\/combi-pro.com\/wp-content\/uploads\/2024\/05\/en204711-450x436.png 450w, https:\/\/combi-pro.com\/wp-content\/uploads\/2024\/05\/en204711-100x100.png 100w, https:\/\/combi-pro.com\/wp-content\/uploads\/2024\/05\/en204711-64x62.png 64w, https:\/\/combi-pro.com\/wp-content\/uploads\/2024\/05\/en204711-150x150.png 150w, https:\/\/combi-pro.com\/wp-content\/uploads\/2024\/05\/en204711-12x12.png 12w, https:\/\/combi-pro.com\/wp-content\/uploads\/2024\/05\/en204711.png 507w\" sizes=\"(max-width: 41px) 100vw, 41px\" \/> <img decoding=\"async\" class=\"alignnone wp-image-15251\" src=\"https:\/\/combi-pro.com\/wp-content\/uploads\/2024\/05\/REFLATEX-300x88.png\" alt=\"\" width=\"136\" height=\"40\" srcset=\"https:\/\/combi-pro.com\/wp-content\/uploads\/2024\/05\/REFLATEX-300x88.png 300w, https:\/\/combi-pro.com\/wp-content\/uploads\/2024\/05\/REFLATEX-450x133.png 450w, https:\/\/combi-pro.com\/wp-content\/uploads\/2024\/05\/REFLATEX-64x19.png 64w, https:\/\/combi-pro.com\/wp-content\/uploads\/2024\/05\/REFLATEX-18x5.png 18w, https:\/\/combi-pro.com\/wp-content\/uploads\/2024\/05\/REFLATEX.png 475w\" sizes=\"(max-width: 136px) 100vw, 136px\" \/><\/p>\n<p><strong>GUIDE DES TAILLES\u00a0<\/strong><\/p>\n<p><strong><img decoding=\"async\" class=\"alignnone wp-image-17733\" src=\"https:\/\/combi-pro.com\/wp-content\/uploads\/2024\/05\/109-5xl-screenshot-1749766441911-300x131.png\" alt=\"\" width=\"276\" height=\"120\" srcset=\"https:\/\/combi-pro.com\/wp-content\/uploads\/2024\/05\/109-5xl-screenshot-1749766441911-300x131.png 300w, https:\/\/combi-pro.com\/wp-content\/uploads\/2024\/05\/109-5xl-screenshot-1749766441911-64x28.png 64w, https:\/\/combi-pro.com\/wp-content\/uploads\/2024\/05\/109-5xl-screenshot-1749766441911-18x8.png 18w, https:\/\/combi-pro.com\/wp-content\/uploads\/2024\/05\/109-5xl-screenshot-1749766441911.png 400w\" sizes=\"(max-width: 276px) 100vw, 276px\" \/><\/strong> <img loading=\"lazy\" decoding=\"async\" class=\"alignnone wp-image-17729\" src=\"https:\/\/combi-pro.com\/wp-content\/uploads\/2024\/05\/screenshot-1749765502228.png\" alt=\"\" width=\"159\" height=\"120\" srcset=\"https:\/\/combi-pro.com\/wp-content\/uploads\/2024\/05\/screenshot-1749765502228.png 292w, https:\/\/combi-pro.com\/wp-content\/uploads\/2024\/05\/screenshot-1749765502228-64x48.png 64w, https:\/\/combi-pro.com\/wp-content\/uploads\/2024\/05\/screenshot-1749765502228-16x12.png 16w\" sizes=\"(max-width: 159px) 100vw, 159px\" \/><\/p>","protected":false},"featured_media":7989,"template":"","meta":{"site-sidebar-layout":"default","site-content-layout":"","ast-site-content-layout":"default","site-content-style":"default","site-sidebar-style":"default","ast-global-header-display":"","ast-banner-title-visibility":"","ast-main-header-display":"","ast-hfb-above-header-display":"","ast-hfb-below-header-display":"","ast-hfb-mobile-header-display":"","site-post-title":"","ast-breadcrumbs-content":"","ast-featured-img":"","footer-sml-layout":"","ast-disable-related-posts":"","theme-transparent-header-meta":"default","adv-header-id-meta":"","stick-header-meta":"","header-above-stick-meta":"","header-main-stick-meta":"","header-below-stick-meta":"","astra-migrate-meta-layouts":"set","ast-page-background-enabled":"default","ast-page-background-meta":{"desktop":{"background-color":"","background-image":"","background-repeat":"repeat","background-position":"center center","background-size":"auto","background-attachment":"scroll","background-type":"","background-media":"","overlay-type":"","overlay-color":"","overlay-opacity":"","overlay-gradient":""},"tablet":{"background-color":"","background-image":"","background-repeat":"repeat","background-position":"center center","background-size":"auto","background-attachment":"scroll","background-type":"","background-media":"","overlay-type":"","overlay-color":"","overlay-opacity":"","overlay-gradient":""},"mobile":{"background-color":"","background-image":"","background-repeat":"repeat","background-position":"center center","background-size":"auto","background-attachment":"scroll","background-type":"","background-media":"","overlay-type":"","overlay-color":"","overlay-opacity":"","overlay-gradient":""}},"ast-content-background-meta":{"desktop":{"background-color":"var(--ast-global-color-5)","background-image":"","background-repeat":"repeat","background-position":"center center","background-size":"auto","background-attachment":"scroll","background-type":"","background-media":"","overlay-type":"","overlay-color":"","overlay-opacity":"","overlay-gradient":""},"tablet":{"background-color":"var(--ast-global-color-5)","background-image":"","background-repeat":"repeat","background-position":"center center","background-size":"auto","background-attachment":"scroll","background-type":"","background-media":"","overlay-type":"","overlay-color":"","overlay-opacity":"","overlay-gradient":""},"mobile":{"background-color":"var(--ast-global-color-5)","background-image":"","background-repeat":"repeat","background-position":"center center","background-size":"auto","background-attachment":"scroll","background-type":"","background-media":"","overlay-type":"","overlay-color":"","overlay-opacity":"","overlay-gradient":""}}},"product_brand":[442],"product_cat":[67,100,50],"product_tag":[],"class_list":{"0":"post-7966","1":"product","2":"type-product","3":"status-publish","4":"has-post-thumbnail","6":"product_brand-velilla","7":"product_cat-alta-visibilidad","8":"product_cat-pantalones-alta-visibilidad","9":"product_cat-ropa-profesional","10":"desktop-align-center","11":"tablet-align-left","12":"mobile-align-left","14":"first","15":"instock","16":"taxable","17":"shipping-taxable","18":"purchasable","19":"product-type-variable","20":"has-default-attributes"},"_links":{"self":[{"href":"https:\/\/combi-pro.com\/fr\/wp-json\/wp\/v2\/product\/7966","targetHints":{"allow":["GET"]}}],"collection":[{"href":"https:\/\/combi-pro.com\/fr\/wp-json\/wp\/v2\/product"}],"about":[{"href":"https:\/\/combi-pro.com\/fr\/wp-json\/wp\/v2\/types\/product"}],"wp:featuredmedia":[{"embeddable":true,"href":"https:\/\/combi-pro.com\/fr\/wp-json\/wp\/v2\/media\/7989"}],"wp:attachment":[{"href":"https:\/\/combi-pro.com\/fr\/wp-json\/wp\/v2\/media?parent=7966"}],"wp:term":[{"taxonomy":"product_brand","embeddable":true,"href":"https:\/\/combi-pro.com\/fr\/wp-json\/wp\/v2\/product_brand?post=7966"},{"taxonomy":"product_cat","embeddable":true,"href":"https:\/\/combi-pro.com\/fr\/wp-json\/wp\/v2\/product_cat?post=7966"},{"taxonomy":"product_tag","embeddable":true,"href":"https:\/\/combi-pro.com\/fr\/wp-json\/wp\/v2\/product_tag?post=7966"}],"curies":[{"name":"wp","href":"https:\/\/api.w.org\/{rel}","templated":true}]}}