{"id":7995,"date":"2024-05-07T20:42:06","date_gmt":"2024-05-07T18:42:06","guid":{"rendered":"https:\/\/combi-pro.com\/?post_type=product&#038;p=7995"},"modified":"2026-04-13T20:11:04","modified_gmt":"2026-04-13T18:11:04","slug":"156-pantalon-double-bicolore-av","status":"publish","type":"product","link":"https:\/\/combi-pro.com\/fr\/boutique\/156-pantalon-double-bicolore-av\/","title":{"rendered":"Pantalon doubl\u00e9 bicolore bandes r\u00e9fl\u00e9chissantes haute visibilit\u00e9 156 | VELILLA"},"content":{"rendered":"<div class=\"data item\" role=\"tablist\">\n<div tabindex=\"0\" role=\"tab\" data-role=\"collapsible\" data-collapsible=\"true\" aria-controls=\"description\" aria-selected=\"false\" aria-expanded=\"true\">\n<p><strong data-start=\"298\" data-end=\"330\">Caract\u00e9ristiques principales:<\/strong><\/p>\n<ul>\n<li data-start=\"405\" data-end=\"499\">Doublure en tricot lisse : int\u00e9rieur doux pour un confort optimal tout au long de la journ\u00e9e.<\/li>\n<li data-start=\"502\" data-end=\"574\">Fermeture centrale \u00e0 glissi\u00e8re et \u00e0 bouton pour un ajustement facile et s\u00fbr.<\/li>\n<li data-start=\"577\" data-end=\"688\">Des bandes r\u00e9fl\u00e9chissantes sur le bas du pantalon assurent la visibilit\u00e9 m\u00eame dans des conditions de faible luminosit\u00e9.<\/li>\n<li data-start=\"691\" data-end=\"756\">La taille \u00e9lastiqu\u00e9e assure un ajustement confortable et souple.<\/li>\n<li data-start=\"759\" data-end=\"817\">Coutures de s\u00e9curit\u00e9 \u00e0 l'arri\u00e8re pour une meilleure durabilit\u00e9.<\/li>\n<li data-start=\"820\" data-end=\"877\">Des pinces pour une plus grande libert\u00e9 de mouvement.<\/li>\n<li data-start=\"880\" data-end=\"1114\">6 poches pratiques : 2 poches fran\u00e7aises, 2 poches plaqu\u00e9es avec soufflet et rabat velcro, et 2 poches arri\u00e8re avec soufflet et rabat velcro, permettant de ranger outils et objets personnels en toute s\u00e9curit\u00e9.<\/li>\n<\/ul>\n<p><strong data-start=\"1116\" data-end=\"1136\">Certifications :<\/strong><\/p>\n<ul>\n<li data-start=\"1139\" data-end=\"1253\">EN 20471 (Classe 1) : Norme de haute visibilit\u00e9 pour \u00eatre visible \u00e0 longue distance dans des conditions de faible luminosit\u00e9.<\/li>\n<li data-start=\"1256\" data-end=\"1357\">EN 14058 (1\/X\/X\/X\/X) : norme de protection contre le froid, id\u00e9ale pour les environnements de travail ext\u00e9rieurs.<\/li>\n<\/ul>\n<p><strong data-start=\"1359\" data-end=\"1390\">Composition du tissu :<\/strong><\/p>\n<ul>\n<li data-start=\"1393\" data-end=\"1500\">Tissu jaune fluorescent : polyester 80% et coton 20% (210 g\/m\u00b2), offrant visibilit\u00e9 et confort.<\/li>\n<li data-start=\"1503\" data-end=\"1624\">Tissu orange fluorescent : coton 60% et polyester 40% (240 g\/m\u00b2), qui offre une r\u00e9sistance et une durabilit\u00e9 accrues.<\/li>\n<li data-start=\"1627\" data-end=\"1719\">Tissu contrast\u00e9 : polyester 65% et coton 35% (200 g\/m\u00b2), renfor\u00e7ant la solidit\u00e9 du v\u00eatement.<\/li>\n<li data-start=\"1722\" data-end=\"1824\">Doublure en tricot uni : polyester 100% (185 g\/m\u00b2), pour une sensation agr\u00e9able sur la peau.<\/li>\n<\/ul>\n<p class=\"\" data-start=\"1604\" data-end=\"1985\"><strong data-start=\"1604\" data-end=\"1624\">Recommandations:<\/strong> Ce pantalon est id\u00e9al pour le travail dans des conditions de faible visibilit\u00e9, comme la construction, l'entretien des routes ou toute autre activit\u00e9 n\u00e9cessitant une grande visibilit\u00e9 et une protection par temps frais. Sa conception doubl\u00e9e, avec des bandes r\u00e9fl\u00e9chissantes et de multiples poches, assure confort, s\u00e9curit\u00e9 et fonctionnalit\u00e9 pendant les longues journ\u00e9es de travail.<\/p>\n<\/div>\n<div id=\"description\" class=\"data item content\" role=\"tabpanel\" aria-labelledby=\"tab-label-description\" data-role=\"content\" aria-hidden=\"false\">\n<div class=\"product attribute description\">\n<div class=\"value\"><\/div>\n<\/div>\n<\/div>\n<\/div>\n<div class=\"data item\" role=\"tablist\">\n<div id=\"composition_with_grammage\" class=\"data item content\" role=\"tabpanel\" aria-labelledby=\"tab-label-composition_with_grammage\" data-role=\"content\" aria-hidden=\"false\">\n<div class=\"product attribute composition_with_grammage\">\n<div class=\"value\"><\/div>\n<\/div>\n<\/div>\n<\/div>","protected":false},"excerpt":{"rendered":"<p class=\"\" data-start=\"261\" data-end=\"410\">Pantalon bicolore avec doublure int\u00e9rieure, poches multiples et bandes r\u00e9fl\u00e9chissantes. Protection thermique l\u00e9g\u00e8re et visibilit\u00e9 selon EN 20471 Classe 1 et EN 14058.<\/p>\n<p><img decoding=\"async\" class=\"alignnone wp-image-15252\" src=\"https:\/\/combi-pro.com\/wp-content\/uploads\/2024\/05\/en204711-300x291.png\" alt=\"\" width=\"41\" height=\"40\" srcset=\"https:\/\/combi-pro.com\/wp-content\/uploads\/2024\/05\/en204711-300x291.png 300w, https:\/\/combi-pro.com\/wp-content\/uploads\/2024\/05\/en204711-450x436.png 450w, https:\/\/combi-pro.com\/wp-content\/uploads\/2024\/05\/en204711-100x100.png 100w, https:\/\/combi-pro.com\/wp-content\/uploads\/2024\/05\/en204711-64x62.png 64w, https:\/\/combi-pro.com\/wp-content\/uploads\/2024\/05\/en204711-150x150.png 150w, https:\/\/combi-pro.com\/wp-content\/uploads\/2024\/05\/en204711-12x12.png 12w, https:\/\/combi-pro.com\/wp-content\/uploads\/2024\/05\/en204711.png 507w\" sizes=\"(max-width: 41px) 100vw, 41px\" \/> <img decoding=\"async\" class=\"alignnone wp-image-15226\" src=\"https:\/\/combi-pro.com\/wp-content\/uploads\/2025\/04\/icon-2layer.png\" alt=\"\" width=\"40\" height=\"40\" srcset=\"https:\/\/combi-pro.com\/wp-content\/uploads\/2025\/04\/icon-2layer.png 134w, https:\/\/combi-pro.com\/wp-content\/uploads\/2025\/04\/icon-2layer-100x100.png 100w, https:\/\/combi-pro.com\/wp-content\/uploads\/2025\/04\/icon-2layer-64x64.png 64w, https:\/\/combi-pro.com\/wp-content\/uploads\/2025\/04\/icon-2layer-12x12.png 12w\" sizes=\"(max-width: 40px) 100vw, 40px\" \/> <img decoding=\"async\" class=\"alignnone wp-image-15251\" src=\"https:\/\/combi-pro.com\/wp-content\/uploads\/2024\/05\/REFLATEX-300x88.png\" alt=\"\" width=\"136\" height=\"40\" srcset=\"https:\/\/combi-pro.com\/wp-content\/uploads\/2024\/05\/REFLATEX-300x88.png 300w, https:\/\/combi-pro.com\/wp-content\/uploads\/2024\/05\/REFLATEX-450x133.png 450w, https:\/\/combi-pro.com\/wp-content\/uploads\/2024\/05\/REFLATEX-64x19.png 64w, https:\/\/combi-pro.com\/wp-content\/uploads\/2024\/05\/REFLATEX-18x5.png 18w, https:\/\/combi-pro.com\/wp-content\/uploads\/2024\/05\/REFLATEX.png 475w\" sizes=\"(max-width: 136px) 100vw, 136px\" \/><\/p>\n<p><strong>GUIDE DES TAILLES \u00a0<\/strong><\/p>\n<p><strong><img loading=\"lazy\" decoding=\"async\" class=\"alignnone wp-image-17732\" src=\"https:\/\/combi-pro.com\/wp-content\/uploads\/2024\/05\/109-screenshot-1749766242465-300x101.png\" alt=\"\" width=\"356\" height=\"120\" srcset=\"https:\/\/combi-pro.com\/wp-content\/uploads\/2024\/05\/109-screenshot-1749766242465-300x101.png 300w, https:\/\/combi-pro.com\/wp-content\/uploads\/2024\/05\/109-screenshot-1749766242465-64x22.png 64w, https:\/\/combi-pro.com\/wp-content\/uploads\/2024\/05\/109-screenshot-1749766242465-18x6.png 18w, https:\/\/combi-pro.com\/wp-content\/uploads\/2024\/05\/109-screenshot-1749766242465.png 400w\" sizes=\"(max-width: 356px) 100vw, 356px\" \/><\/strong> <img loading=\"lazy\" decoding=\"async\" class=\"alignnone wp-image-17729\" src=\"https:\/\/combi-pro.com\/wp-content\/uploads\/2024\/05\/screenshot-1749765502228.png\" alt=\"\" width=\"159\" height=\"120\" srcset=\"https:\/\/combi-pro.com\/wp-content\/uploads\/2024\/05\/screenshot-1749765502228.png 292w, https:\/\/combi-pro.com\/wp-content\/uploads\/2024\/05\/screenshot-1749765502228-64x48.png 64w, https:\/\/combi-pro.com\/wp-content\/uploads\/2024\/05\/screenshot-1749765502228-16x12.png 16w\" sizes=\"(max-width: 159px) 100vw, 159px\" \/><\/p>","protected":false},"featured_media":8017,"template":"","meta":{"site-sidebar-layout":"default","site-content-layout":"","ast-site-content-layout":"default","site-content-style":"default","site-sidebar-style":"default","ast-global-header-display":"","ast-banner-title-visibility":"","ast-main-header-display":"","ast-hfb-above-header-display":"","ast-hfb-below-header-display":"","ast-hfb-mobile-header-display":"","site-post-title":"","ast-breadcrumbs-content":"","ast-featured-img":"","footer-sml-layout":"","ast-disable-related-posts":"","theme-transparent-header-meta":"default","adv-header-id-meta":"","stick-header-meta":"","header-above-stick-meta":"","header-main-stick-meta":"","header-below-stick-meta":"","astra-migrate-meta-layouts":"set","ast-page-background-enabled":"default","ast-page-background-meta":{"desktop":{"background-color":"","background-image":"","background-repeat":"repeat","background-position":"center center","background-size":"auto","background-attachment":"scroll","background-type":"","background-media":"","overlay-type":"","overlay-color":"","overlay-opacity":"","overlay-gradient":""},"tablet":{"background-color":"","background-image":"","background-repeat":"repeat","background-position":"center center","background-size":"auto","background-attachment":"scroll","background-type":"","background-media":"","overlay-type":"","overlay-color":"","overlay-opacity":"","overlay-gradient":""},"mobile":{"background-color":"","background-image":"","background-repeat":"repeat","background-position":"center center","background-size":"auto","background-attachment":"scroll","background-type":"","background-media":"","overlay-type":"","overlay-color":"","overlay-opacity":"","overlay-gradient":""}},"ast-content-background-meta":{"desktop":{"background-color":"var(--ast-global-color-5)","background-image":"","background-repeat":"repeat","background-position":"center center","background-size":"auto","background-attachment":"scroll","background-type":"","background-media":"","overlay-type":"","overlay-color":"","overlay-opacity":"","overlay-gradient":""},"tablet":{"background-color":"var(--ast-global-color-5)","background-image":"","background-repeat":"repeat","background-position":"center center","background-size":"auto","background-attachment":"scroll","background-type":"","background-media":"","overlay-type":"","overlay-color":"","overlay-opacity":"","overlay-gradient":""},"mobile":{"background-color":"var(--ast-global-color-5)","background-image":"","background-repeat":"repeat","background-position":"center center","background-size":"auto","background-attachment":"scroll","background-type":"","background-media":"","overlay-type":"","overlay-color":"","overlay-opacity":"","overlay-gradient":""}}},"product_brand":[442],"product_cat":[67,100,50],"product_tag":[],"class_list":{"0":"post-7995","1":"product","2":"type-product","3":"status-publish","4":"has-post-thumbnail","6":"product_brand-velilla","7":"product_cat-alta-visibilidad","8":"product_cat-pantalones-alta-visibilidad","9":"product_cat-ropa-profesional","10":"desktop-align-center","11":"tablet-align-left","12":"mobile-align-left","14":"first","15":"instock","16":"taxable","17":"shipping-taxable","18":"purchasable","19":"product-type-variable","20":"has-default-attributes"},"_links":{"self":[{"href":"https:\/\/combi-pro.com\/fr\/wp-json\/wp\/v2\/product\/7995","targetHints":{"allow":["GET"]}}],"collection":[{"href":"https:\/\/combi-pro.com\/fr\/wp-json\/wp\/v2\/product"}],"about":[{"href":"https:\/\/combi-pro.com\/fr\/wp-json\/wp\/v2\/types\/product"}],"wp:featuredmedia":[{"embeddable":true,"href":"https:\/\/combi-pro.com\/fr\/wp-json\/wp\/v2\/media\/8017"}],"wp:attachment":[{"href":"https:\/\/combi-pro.com\/fr\/wp-json\/wp\/v2\/media?parent=7995"}],"wp:term":[{"taxonomy":"product_brand","embeddable":true,"href":"https:\/\/combi-pro.com\/fr\/wp-json\/wp\/v2\/product_brand?post=7995"},{"taxonomy":"product_cat","embeddable":true,"href":"https:\/\/combi-pro.com\/fr\/wp-json\/wp\/v2\/product_cat?post=7995"},{"taxonomy":"product_tag","embeddable":true,"href":"https:\/\/combi-pro.com\/fr\/wp-json\/wp\/v2\/product_tag?post=7995"}],"curies":[{"name":"wp","href":"https:\/\/api.w.org\/{rel}","templated":true}]}}