{"id":8030,"date":"2024-05-07T22:20:42","date_gmt":"2024-05-07T20:20:42","guid":{"rendered":"https:\/\/combi-pro.com\/?post_type=product&#038;p=8030"},"modified":"2026-04-13T20:11:10","modified_gmt":"2026-04-13T18:11:10","slug":"303003-pantalon-bicolore-av","status":"publish","type":"product","link":"https:\/\/combi-pro.com\/fr\/boutique\/303003-pantalon-bicolore-av\/","title":{"rendered":"Pantalon basique bicolore haute visibilit\u00e9 avec bandes r\u00e9fl\u00e9chissantes 303003 | VELILLA"},"content":{"rendered":"<div class=\"data item\" role=\"tablist\">\n<div tabindex=\"0\" role=\"tab\" data-role=\"collapsible\" data-collapsible=\"true\" aria-controls=\"description\" aria-selected=\"false\" aria-expanded=\"true\">\n<p class=\"\" data-start=\"281\" data-end=\"313\"><strong data-start=\"281\" data-end=\"313\">Caract\u00e9ristiques principales:<\/strong><\/p>\n<ul>\n<li data-start=\"307\" data-end=\"371\">Fermeture centrale \u00e0 glissi\u00e8re et \u00e0 bouton pour un ajustement s\u00fbr.<\/li>\n<li data-start=\"374\" data-end=\"476\">Des bandes r\u00e9fl\u00e9chissantes sur le bas du pantalon am\u00e9liorent la visibilit\u00e9 dans des conditions de faible luminosit\u00e9.<\/li>\n<li data-start=\"479\" data-end=\"569\">Taille \u00e9lastiqu\u00e9e pour plus de souplesse et de confort pendant la journ\u00e9e de travail.<\/li>\n<li data-start=\"572\" data-end=\"647\">Couture arri\u00e8re de s\u00e9curit\u00e9 pour renforcer la durabilit\u00e9 du v\u00eatement.<\/li>\n<li data-start=\"650\" data-end=\"695\">Des pinces pour une plus grande libert\u00e9 de mouvement.<\/li>\n<li data-start=\"698\" data-end=\"730\">Cinq poches fonctionnelles :<\/li>\n<li data-start=\"735\" data-end=\"757\">2 poches fran\u00e7aises.<\/li>\n<li data-start=\"762\" data-end=\"804\">2 poches plaqu\u00e9es avec rabat et velcro.<\/li>\n<li data-start=\"809\" data-end=\"858\">1 poche arri\u00e8re plaqu\u00e9e avec rabat et velcro.<\/li>\n<\/ul>\n<p class=\"\" data-start=\"860\" data-end=\"880\"><strong data-start=\"860\" data-end=\"880\">Certifications :<\/strong><\/p>\n<ul data-start=\"881\" data-end=\"1007\">\n<li class=\"\" data-start=\"881\" data-end=\"1007\">\n<p class=\"\" data-start=\"883\" data-end=\"1007\">EN 20471 (classe 1) : Garantit une visibilit\u00e9 minimale adapt\u00e9e aux environnements de travail o\u00f9 il existe un risque de ne pas \u00eatre vu.<\/p>\n<\/li>\n<\/ul>\n<p class=\"\" data-start=\"1009\" data-end=\"1020\"><strong data-start=\"1009\" data-end=\"1020\">Tissu:<\/strong><\/p>\n<ul data-start=\"1021\" data-end=\"1124\">\n<li class=\"\" data-start=\"1021\" data-end=\"1124\">\n<p class=\"\" data-start=\"1023\" data-end=\"1124\">Serg\u00e9 l\u00e9ger : 80% polyester - 20% coton \/ 190 g\/m\u00b2, durable et confortable pour une utilisation prolong\u00e9e.<\/p>\n<\/li>\n<\/ul>\n<p class=\"\" data-start=\"1126\" data-end=\"1394\"><strong data-start=\"1126\" data-end=\"1146\">Recommandations:<\/strong> Ce mod\u00e8le est id\u00e9al pour les t\u00e2ches qui requi\u00e8rent une bonne visibilit\u00e9 mais ne n\u00e9cessitent pas de caract\u00e9ristiques techniques avanc\u00e9es. Il convient parfaitement aux travailleurs des entrep\u00f4ts, de la maintenance ou des services municipaux qui recherchent un v\u00eatement \u00e9conomique, fonctionnel et s\u00fbr.<\/p>\n<\/div>\n<\/div>\n<div class=\"data item\" role=\"tablist\">\n<div id=\"composition_with_grammage\" class=\"data item content\" role=\"tabpanel\" aria-labelledby=\"tab-label-composition_with_grammage\" data-role=\"content\" aria-hidden=\"false\">\n<div class=\"product attribute composition_with_grammage\">\n<div class=\"value\"><\/div>\n<\/div>\n<\/div>\n<\/div>","protected":false},"excerpt":{"rendered":"<p class=\"\" data-start=\"226\" data-end=\"347\">Pantalon haute visibilit\u00e9 avec design bicolore, bandes r\u00e9fl\u00e9chissantes et poches multiples. Certifi\u00e9 EN 20471 Classe 1.<\/p>\n<p><img decoding=\"async\" class=\"alignnone wp-image-15252\" src=\"https:\/\/combi-pro.com\/wp-content\/uploads\/2024\/05\/en204711-300x291.png\" alt=\"\" width=\"41\" height=\"40\" srcset=\"https:\/\/combi-pro.com\/wp-content\/uploads\/2024\/05\/en204711-300x291.png 300w, https:\/\/combi-pro.com\/wp-content\/uploads\/2024\/05\/en204711-450x436.png 450w, https:\/\/combi-pro.com\/wp-content\/uploads\/2024\/05\/en204711-100x100.png 100w, https:\/\/combi-pro.com\/wp-content\/uploads\/2024\/05\/en204711-64x62.png 64w, https:\/\/combi-pro.com\/wp-content\/uploads\/2024\/05\/en204711-150x150.png 150w, https:\/\/combi-pro.com\/wp-content\/uploads\/2024\/05\/en204711-12x12.png 12w, https:\/\/combi-pro.com\/wp-content\/uploads\/2024\/05\/en204711.png 507w\" sizes=\"(max-width: 41px) 100vw, 41px\" \/><\/p>\n<p><strong>GUIDE DES TAILLES\u00a0<\/strong><\/p>\n<p><img decoding=\"async\" class=\"alignnone wp-image-17736\" src=\"https:\/\/combi-pro.com\/wp-content\/uploads\/2024\/05\/108.5-112.75-screenshot-1749895496073-300x102.png\" alt=\"\" width=\"353\" height=\"120\" srcset=\"https:\/\/combi-pro.com\/wp-content\/uploads\/2024\/05\/108.5-112.75-screenshot-1749895496073-300x102.png 300w, https:\/\/combi-pro.com\/wp-content\/uploads\/2024\/05\/108.5-112.75-screenshot-1749895496073-64x22.png 64w, https:\/\/combi-pro.com\/wp-content\/uploads\/2024\/05\/108.5-112.75-screenshot-1749895496073-18x6.png 18w, https:\/\/combi-pro.com\/wp-content\/uploads\/2024\/05\/108.5-112.75-screenshot-1749895496073.png 400w\" sizes=\"(max-width: 353px) 100vw, 353px\" \/> <img decoding=\"async\" class=\"alignnone wp-image-17729\" src=\"https:\/\/combi-pro.com\/wp-content\/uploads\/2024\/05\/screenshot-1749765502228.png\" alt=\"\" width=\"159\" height=\"120\" srcset=\"https:\/\/combi-pro.com\/wp-content\/uploads\/2024\/05\/screenshot-1749765502228.png 292w, https:\/\/combi-pro.com\/wp-content\/uploads\/2024\/05\/screenshot-1749765502228-64x48.png 64w, https:\/\/combi-pro.com\/wp-content\/uploads\/2024\/05\/screenshot-1749765502228-16x12.png 16w\" sizes=\"(max-width: 159px) 100vw, 159px\" \/><\/p>\n<div class=\"rocket-product-list-pictogram pictograms-attr-certificate\"><\/div>","protected":false},"featured_media":8037,"template":"","meta":{"site-sidebar-layout":"default","site-content-layout":"","ast-site-content-layout":"default","site-content-style":"default","site-sidebar-style":"default","ast-global-header-display":"","ast-banner-title-visibility":"","ast-main-header-display":"","ast-hfb-above-header-display":"","ast-hfb-below-header-display":"","ast-hfb-mobile-header-display":"","site-post-title":"","ast-breadcrumbs-content":"","ast-featured-img":"","footer-sml-layout":"","ast-disable-related-posts":"","theme-transparent-header-meta":"default","adv-header-id-meta":"","stick-header-meta":"","header-above-stick-meta":"","header-main-stick-meta":"","header-below-stick-meta":"","astra-migrate-meta-layouts":"set","ast-page-background-enabled":"default","ast-page-background-meta":{"desktop":{"background-color":"","background-image":"","background-repeat":"repeat","background-position":"center center","background-size":"auto","background-attachment":"scroll","background-type":"","background-media":"","overlay-type":"","overlay-color":"","overlay-opacity":"","overlay-gradient":""},"tablet":{"background-color":"","background-image":"","background-repeat":"repeat","background-position":"center center","background-size":"auto","background-attachment":"scroll","background-type":"","background-media":"","overlay-type":"","overlay-color":"","overlay-opacity":"","overlay-gradient":""},"mobile":{"background-color":"","background-image":"","background-repeat":"repeat","background-position":"center center","background-size":"auto","background-attachment":"scroll","background-type":"","background-media":"","overlay-type":"","overlay-color":"","overlay-opacity":"","overlay-gradient":""}},"ast-content-background-meta":{"desktop":{"background-color":"var(--ast-global-color-5)","background-image":"","background-repeat":"repeat","background-position":"center center","background-size":"auto","background-attachment":"scroll","background-type":"","background-media":"","overlay-type":"","overlay-color":"","overlay-opacity":"","overlay-gradient":""},"tablet":{"background-color":"var(--ast-global-color-5)","background-image":"","background-repeat":"repeat","background-position":"center center","background-size":"auto","background-attachment":"scroll","background-type":"","background-media":"","overlay-type":"","overlay-color":"","overlay-opacity":"","overlay-gradient":""},"mobile":{"background-color":"var(--ast-global-color-5)","background-image":"","background-repeat":"repeat","background-position":"center center","background-size":"auto","background-attachment":"scroll","background-type":"","background-media":"","overlay-type":"","overlay-color":"","overlay-opacity":"","overlay-gradient":""}}},"product_brand":[442],"product_cat":[67,100,50],"product_tag":[],"class_list":{"0":"post-8030","1":"product","2":"type-product","3":"status-publish","4":"has-post-thumbnail","6":"product_brand-velilla","7":"product_cat-alta-visibilidad","8":"product_cat-pantalones-alta-visibilidad","9":"product_cat-ropa-profesional","10":"desktop-align-center","11":"tablet-align-left","12":"mobile-align-left","14":"first","15":"instock","16":"taxable","17":"shipping-taxable","18":"purchasable","19":"product-type-variable","20":"has-default-attributes"},"_links":{"self":[{"href":"https:\/\/combi-pro.com\/fr\/wp-json\/wp\/v2\/product\/8030","targetHints":{"allow":["GET"]}}],"collection":[{"href":"https:\/\/combi-pro.com\/fr\/wp-json\/wp\/v2\/product"}],"about":[{"href":"https:\/\/combi-pro.com\/fr\/wp-json\/wp\/v2\/types\/product"}],"wp:featuredmedia":[{"embeddable":true,"href":"https:\/\/combi-pro.com\/fr\/wp-json\/wp\/v2\/media\/8037"}],"wp:attachment":[{"href":"https:\/\/combi-pro.com\/fr\/wp-json\/wp\/v2\/media?parent=8030"}],"wp:term":[{"taxonomy":"product_brand","embeddable":true,"href":"https:\/\/combi-pro.com\/fr\/wp-json\/wp\/v2\/product_brand?post=8030"},{"taxonomy":"product_cat","embeddable":true,"href":"https:\/\/combi-pro.com\/fr\/wp-json\/wp\/v2\/product_cat?post=8030"},{"taxonomy":"product_tag","embeddable":true,"href":"https:\/\/combi-pro.com\/fr\/wp-json\/wp\/v2\/product_tag?post=8030"}],"curies":[{"name":"wp","href":"https:\/\/api.w.org\/{rel}","templated":true}]}}