{"id":8054,"date":"2024-05-07T22:37:42","date_gmt":"2024-05-07T20:37:42","guid":{"rendered":"https:\/\/combi-pro.com\/?post_type=product&#038;p=8054"},"modified":"2026-04-13T20:11:13","modified_gmt":"2026-04-13T18:11:13","slug":"160-pantalons-av","status":"publish","type":"product","link":"https:\/\/combi-pro.com\/fr\/boutique\/160-pantalons-av\/","title":{"rendered":"Pantalon haute visibilit\u00e9 avec bandes r\u00e9fl\u00e9chissantes 4 poches 160 | VELILLA"},"content":{"rendered":"<div class=\"data item\" role=\"tablist\">\n<div id=\"tab-label-description\" class=\"data item title active\" tabindex=\"0\" role=\"tab\" data-role=\"collapsible\" data-collapsible=\"true\" aria-controls=\"description\" aria-selected=\"false\" aria-expanded=\"true\">\n<p><strong data-start=\"965\" data-end=\"994\">Caract\u00e9ristiques techniques :<\/strong><\/p>\n<ul>\n<li data-start=\"283\" data-end=\"356\">Fermeture centrale \u00e0 glissi\u00e8re et \u00e0 bouton pour un ajustement s\u00fbr et confortable.<\/li>\n<li data-start=\"359\" data-end=\"462\">Bandes r\u00e9fl\u00e9chissantes sur le bas du pantalon pour am\u00e9liorer la visibilit\u00e9 dans des conditions de faible luminosit\u00e9.<\/li>\n<li data-start=\"465\" data-end=\"530\">La taille \u00e9lastiqu\u00e9e permet un ajustement souple et confortable.<\/li>\n<li data-start=\"533\" data-end=\"603\">Couture arri\u00e8re de s\u00e9curit\u00e9 pour plus de solidit\u00e9 et de durabilit\u00e9.<\/li>\n<li data-start=\"606\" data-end=\"651\">Des pinces pour une plus grande libert\u00e9 de mouvement.<\/li>\n<li data-start=\"654\" data-end=\"675\">Quatre poches :<\/li>\n<li data-start=\"680\" data-end=\"702\">2 poches fran\u00e7aises.<\/li>\n<li data-start=\"707\" data-end=\"753\">1 poche passepoil\u00e9e au dos avec rabat et bouton.<\/li>\n<li data-start=\"758\" data-end=\"872\">1 poche \u00e0 outils sur la jambe droite, permettant d'acc\u00e9der facilement aux outils et aux objets personnels.<\/li>\n<\/ul>\n<p class=\"\" data-start=\"874\" data-end=\"894\"><strong data-start=\"874\" data-end=\"894\">Certifications :<\/strong><\/p>\n<ul>\n<li data-start=\"897\" data-end=\"1034\">EN 20471 (Classe 1) : Certification de haute visibilit\u00e9 pour garantir que le travailleur est visible dans les environnements \u00e0 faible luminosit\u00e9.<\/li>\n<\/ul>\n<p class=\"\" data-start=\"1036\" data-end=\"1063\"><strong data-start=\"1036\" data-end=\"1063\">Composition du tissu :<\/strong><\/p>\n<ul>\n<li data-start=\"1067\" data-end=\"1100\">Tissu jaune fluo : Composition : 80% polyester - 20% coton. Poids : 210 g\/m\u00b2.<\/li>\n<li data-start=\"1179\" data-end=\"1211\">Tissu orange fluo : Composition : 60% coton - 40% polyester. Poids : 240 g\/m\u00b2.<\/li>\n<\/ul>\n<p class=\"\" data-start=\"1284\" data-end=\"1584\"><strong data-start=\"1284\" data-end=\"1304\">Recommandations:<\/strong> Ce pantalon est id\u00e9al pour les m\u00e9tiers o\u00f9 la visibilit\u00e9 est essentielle, tels que la construction, la maintenance ou la logistique. Gr\u00e2ce \u00e0 sa conception fonctionnelle, qui assure confort et s\u00e9curit\u00e9 pendant la journ\u00e9e de travail, il constitue un excellent choix pour ceux qui recherchent performance et visibilit\u00e9.<\/p>\n<p class=\"\" data-start=\"1586\" data-end=\"1711\">Si vous recherchez un pantalon durable, confortable et visible pour des travaux exigeants, ce mod\u00e8le r\u00e9pondra \u00e0 toutes vos attentes.<\/p>\n<\/div>\n<\/div>","protected":false},"excerpt":{"rendered":"<p class=\"\" data-start=\"176\" data-end=\"332\">Pantalon haute visibilit\u00e9 avec bandes r\u00e9fl\u00e9chissantes \u00e0 l'ourlet et poches multiples, id\u00e9al pour les environnements de travail o\u00f9 la visibilit\u00e9 et le confort sont requis.<\/p>\n<p><img decoding=\"async\" class=\"alignnone wp-image-15252\" src=\"https:\/\/combi-pro.com\/wp-content\/uploads\/2024\/05\/en204711-300x291.png\" alt=\"\" width=\"41\" height=\"40\" srcset=\"https:\/\/combi-pro.com\/wp-content\/uploads\/2024\/05\/en204711-300x291.png 300w, https:\/\/combi-pro.com\/wp-content\/uploads\/2024\/05\/en204711-450x436.png 450w, https:\/\/combi-pro.com\/wp-content\/uploads\/2024\/05\/en204711-100x100.png 100w, https:\/\/combi-pro.com\/wp-content\/uploads\/2024\/05\/en204711-64x62.png 64w, https:\/\/combi-pro.com\/wp-content\/uploads\/2024\/05\/en204711-150x150.png 150w, https:\/\/combi-pro.com\/wp-content\/uploads\/2024\/05\/en204711-12x12.png 12w, https:\/\/combi-pro.com\/wp-content\/uploads\/2024\/05\/en204711.png 507w\" sizes=\"(max-width: 41px) 100vw, 41px\" \/> <img decoding=\"async\" class=\"alignnone wp-image-15251\" src=\"https:\/\/combi-pro.com\/wp-content\/uploads\/2024\/05\/REFLATEX-300x88.png\" alt=\"\" width=\"136\" height=\"40\" srcset=\"https:\/\/combi-pro.com\/wp-content\/uploads\/2024\/05\/REFLATEX-300x88.png 300w, https:\/\/combi-pro.com\/wp-content\/uploads\/2024\/05\/REFLATEX-450x133.png 450w, https:\/\/combi-pro.com\/wp-content\/uploads\/2024\/05\/REFLATEX-64x19.png 64w, https:\/\/combi-pro.com\/wp-content\/uploads\/2024\/05\/REFLATEX-18x5.png 18w, https:\/\/combi-pro.com\/wp-content\/uploads\/2024\/05\/REFLATEX.png 475w\" sizes=\"(max-width: 136px) 100vw, 136px\" \/><\/p>\n<p><strong>GUIDE DES TAILLES\u00a0<\/strong><\/p>\n<p><strong><img decoding=\"async\" class=\"alignnone wp-image-17734\" src=\"https:\/\/combi-pro.com\/wp-content\/uploads\/2024\/05\/109-116-screenshot-1749839849171-300x132.png\" alt=\"\" width=\"318\" height=\"140\" srcset=\"https:\/\/combi-pro.com\/wp-content\/uploads\/2024\/05\/109-116-screenshot-1749839849171-300x132.png 300w, https:\/\/combi-pro.com\/wp-content\/uploads\/2024\/05\/109-116-screenshot-1749839849171-64x28.png 64w, https:\/\/combi-pro.com\/wp-content\/uploads\/2024\/05\/109-116-screenshot-1749839849171-18x8.png 18w, https:\/\/combi-pro.com\/wp-content\/uploads\/2024\/05\/109-116-screenshot-1749839849171.png 402w\" sizes=\"(max-width: 318px) 100vw, 318px\" \/><\/strong> <img loading=\"lazy\" decoding=\"async\" class=\"alignnone wp-image-17729\" src=\"https:\/\/combi-pro.com\/wp-content\/uploads\/2024\/05\/screenshot-1749765502228.png\" alt=\"\" width=\"159\" height=\"120\" srcset=\"https:\/\/combi-pro.com\/wp-content\/uploads\/2024\/05\/screenshot-1749765502228.png 292w, https:\/\/combi-pro.com\/wp-content\/uploads\/2024\/05\/screenshot-1749765502228-64x48.png 64w, https:\/\/combi-pro.com\/wp-content\/uploads\/2024\/05\/screenshot-1749765502228-16x12.png 16w\" sizes=\"(max-width: 159px) 100vw, 159px\" \/><\/p>","protected":false},"featured_media":8057,"template":"","meta":{"site-sidebar-layout":"default","site-content-layout":"","ast-site-content-layout":"default","site-content-style":"default","site-sidebar-style":"default","ast-global-header-display":"","ast-banner-title-visibility":"","ast-main-header-display":"","ast-hfb-above-header-display":"","ast-hfb-below-header-display":"","ast-hfb-mobile-header-display":"","site-post-title":"","ast-breadcrumbs-content":"","ast-featured-img":"","footer-sml-layout":"","ast-disable-related-posts":"","theme-transparent-header-meta":"default","adv-header-id-meta":"","stick-header-meta":"","header-above-stick-meta":"","header-main-stick-meta":"","header-below-stick-meta":"","astra-migrate-meta-layouts":"set","ast-page-background-enabled":"default","ast-page-background-meta":{"desktop":{"background-color":"","background-image":"","background-repeat":"repeat","background-position":"center center","background-size":"auto","background-attachment":"scroll","background-type":"","background-media":"","overlay-type":"","overlay-color":"","overlay-opacity":"","overlay-gradient":""},"tablet":{"background-color":"","background-image":"","background-repeat":"repeat","background-position":"center center","background-size":"auto","background-attachment":"scroll","background-type":"","background-media":"","overlay-type":"","overlay-color":"","overlay-opacity":"","overlay-gradient":""},"mobile":{"background-color":"","background-image":"","background-repeat":"repeat","background-position":"center center","background-size":"auto","background-attachment":"scroll","background-type":"","background-media":"","overlay-type":"","overlay-color":"","overlay-opacity":"","overlay-gradient":""}},"ast-content-background-meta":{"desktop":{"background-color":"var(--ast-global-color-5)","background-image":"","background-repeat":"repeat","background-position":"center center","background-size":"auto","background-attachment":"scroll","background-type":"","background-media":"","overlay-type":"","overlay-color":"","overlay-opacity":"","overlay-gradient":""},"tablet":{"background-color":"var(--ast-global-color-5)","background-image":"","background-repeat":"repeat","background-position":"center center","background-size":"auto","background-attachment":"scroll","background-type":"","background-media":"","overlay-type":"","overlay-color":"","overlay-opacity":"","overlay-gradient":""},"mobile":{"background-color":"var(--ast-global-color-5)","background-image":"","background-repeat":"repeat","background-position":"center center","background-size":"auto","background-attachment":"scroll","background-type":"","background-media":"","overlay-type":"","overlay-color":"","overlay-opacity":"","overlay-gradient":""}}},"product_brand":[442],"product_cat":[67,100,50],"product_tag":[],"class_list":{"0":"post-8054","1":"product","2":"type-product","3":"status-publish","4":"has-post-thumbnail","6":"product_brand-velilla","7":"product_cat-alta-visibilidad","8":"product_cat-pantalones-alta-visibilidad","9":"product_cat-ropa-profesional","10":"desktop-align-center","11":"tablet-align-left","12":"mobile-align-left","14":"first","15":"instock","16":"taxable","17":"shipping-taxable","18":"purchasable","19":"product-type-variable","20":"has-default-attributes"},"_links":{"self":[{"href":"https:\/\/combi-pro.com\/fr\/wp-json\/wp\/v2\/product\/8054","targetHints":{"allow":["GET"]}}],"collection":[{"href":"https:\/\/combi-pro.com\/fr\/wp-json\/wp\/v2\/product"}],"about":[{"href":"https:\/\/combi-pro.com\/fr\/wp-json\/wp\/v2\/types\/product"}],"wp:featuredmedia":[{"embeddable":true,"href":"https:\/\/combi-pro.com\/fr\/wp-json\/wp\/v2\/media\/8057"}],"wp:attachment":[{"href":"https:\/\/combi-pro.com\/fr\/wp-json\/wp\/v2\/media?parent=8054"}],"wp:term":[{"taxonomy":"product_brand","embeddable":true,"href":"https:\/\/combi-pro.com\/fr\/wp-json\/wp\/v2\/product_brand?post=8054"},{"taxonomy":"product_cat","embeddable":true,"href":"https:\/\/combi-pro.com\/fr\/wp-json\/wp\/v2\/product_cat?post=8054"},{"taxonomy":"product_tag","embeddable":true,"href":"https:\/\/combi-pro.com\/fr\/wp-json\/wp\/v2\/product_tag?post=8054"}],"curies":[{"name":"wp","href":"https:\/\/api.w.org\/{rel}","templated":true}]}}