{"id":8071,"date":"2024-05-07T22:48:32","date_gmt":"2024-05-07T20:48:32","guid":{"rendered":"https:\/\/combi-pro.com\/?post_type=product&#038;p=8071"},"modified":"2026-04-13T20:11:20","modified_gmt":"2026-04-13T18:11:20","slug":"303005-bermuda-av","status":"publish","type":"product","link":"https:\/\/combi-pro.com\/fr\/boutique\/303005-bermuda-av\/","title":{"rendered":"Bermuda haute visibilit\u00e9 multi-poches 303005 | VELILLA"},"content":{"rendered":"<p class=\"\" data-start=\"337\" data-end=\"369\"><strong data-start=\"337\" data-end=\"369\">Caract\u00e9ristiques principales:<\/strong><\/p>\n<ul>\n<li data-start=\"372\" data-end=\"447\">Fermeture centrale \u00e0 glissi\u00e8re et \u00e0 bouton pour un ajustement pratique et s\u00fbr.<\/li>\n<li data-start=\"450\" data-end=\"527\">Bandes r\u00e9fl\u00e9chissantes pour une meilleure visibilit\u00e9 dans les environnements peu \u00e9clair\u00e9s.<\/li>\n<li data-start=\"530\" data-end=\"623\">La ceinture \u00e9lastiqu\u00e9e s'adapte confortablement au corps et permet une grande libert\u00e9 de mouvement.<\/li>\n<li data-start=\"626\" data-end=\"724\">Les doubles coutures de s\u00e9curit\u00e9 renforcent les zones cl\u00e9s et augmentent la durabilit\u00e9 du v\u00eatement.<\/li>\n<li data-start=\"727\" data-end=\"786\">Clips pour faciliter les mouvements et am\u00e9liorer l'ajustement.<\/li>\n<li data-start=\"789\" data-end=\"820\">Six poches fonctionnelles :<\/li>\n<li data-start=\"825\" data-end=\"847\">2 poches fran\u00e7aises.<\/li>\n<li data-start=\"852\" data-end=\"920\">2 poches lat\u00e9rales avec soufflet central, rabat et fermeture velcro.<\/li>\n<li data-start=\"925\" data-end=\"1031\">2 poches arri\u00e8re \u00e0 soufflet avec rabat et velcro, id\u00e9ales pour transporter des outils ou des objets personnels.<\/li>\n<\/ul>\n<p class=\"\" data-start=\"1033\" data-end=\"1051\"><strong data-start=\"1033\" data-end=\"1051\">Certification:<\/strong><\/p>\n<ul data-start=\"1052\" data-end=\"1166\">\n<li class=\"\" data-start=\"1052\" data-end=\"1166\">\n<p class=\"\" data-start=\"1054\" data-end=\"1166\">EN 20471 (Classe 2) : Niveau moyen de haute visibilit\u00e9, adapt\u00e9 aux situations \u00e0 risque mod\u00e9r\u00e9 \u00e0 \u00e9lev\u00e9.<\/p>\n<\/li>\n<\/ul>\n<p class=\"\" data-start=\"1168\" data-end=\"1192\"><strong data-start=\"1168\" data-end=\"1192\">Tissus disponibles :<\/strong><\/p>\n<ul>\n<li data-start=\"1195\" data-end=\"1251\">Jaune fluo : 80% polyester - 20% coton \/ 210 g\/m\u00b2.<\/li>\n<li data-start=\"1254\" data-end=\"1309\">Orange fluo : 60% coton - 40% polyester \/ 240 g\/m\u00b2.<\/li>\n<li data-start=\"1312\" data-end=\"1386\">Tissu de <strong data-start=\"1322\" data-end=\"1331\">serg\u00e9<\/strong>, r\u00e9sistant et respirant, id\u00e9al pour les climats chauds.<\/li>\n<\/ul>\n<p class=\"\" data-start=\"1388\" data-end=\"1641\"><strong data-start=\"1388\" data-end=\"1408\">Recommandations:<\/strong> Parfait pour les travailleurs du secteur de la construction, de l'entretien des routes, de la logistique ou de toute activit\u00e9 de plein air pendant l'\u00e9t\u00e9. Ce bermuda allie fonctionnalit\u00e9, fra\u00eecheur et s\u00e9curit\u00e9 en un seul v\u00eatement.<\/p>","protected":false},"excerpt":{"rendered":"<p class=\"\" data-start=\"184\" data-end=\"340\">Bermuda avec bandes r\u00e9fl\u00e9chissantes et poches multiples. Haute visibilit\u00e9 de classe 2 selon la norme EN 20471. S\u00e9curit\u00e9, confort et fonctionnalit\u00e9 pour les journ\u00e9es exigeantes.<\/p>\n<p class=\"\" data-start=\"337\" data-end=\"369\"><img decoding=\"async\" class=\"alignnone wp-image-15250\" src=\"https:\/\/combi-pro.com\/wp-content\/uploads\/2024\/05\/en204712-300x285.png\" alt=\"\" width=\"42\" height=\"40\" srcset=\"https:\/\/combi-pro.com\/wp-content\/uploads\/2024\/05\/en204712-300x285.png 300w, https:\/\/combi-pro.com\/wp-content\/uploads\/2024\/05\/en204712-450x428.png 450w, https:\/\/combi-pro.com\/wp-content\/uploads\/2024\/05\/en204712-64x61.png 64w, https:\/\/combi-pro.com\/wp-content\/uploads\/2024\/05\/en204712-13x12.png 13w, https:\/\/combi-pro.com\/wp-content\/uploads\/2024\/05\/en204712.png 516w\" sizes=\"(max-width: 42px) 100vw, 42px\" \/> <img decoding=\"async\" class=\"alignnone wp-image-15251\" src=\"https:\/\/combi-pro.com\/wp-content\/uploads\/2024\/05\/REFLATEX-300x88.png\" alt=\"\" width=\"136\" height=\"40\" srcset=\"https:\/\/combi-pro.com\/wp-content\/uploads\/2024\/05\/REFLATEX-300x88.png 300w, https:\/\/combi-pro.com\/wp-content\/uploads\/2024\/05\/REFLATEX-450x133.png 450w, https:\/\/combi-pro.com\/wp-content\/uploads\/2024\/05\/REFLATEX-64x19.png 64w, https:\/\/combi-pro.com\/wp-content\/uploads\/2024\/05\/REFLATEX-18x5.png 18w, https:\/\/combi-pro.com\/wp-content\/uploads\/2024\/05\/REFLATEX.png 475w\" sizes=\"(max-width: 136px) 100vw, 136px\" \/><\/p>\n<p><strong>GUIDE DES TAILLES\u00a0<\/strong><\/p>\n<p><strong><img decoding=\"async\" class=\"alignnone wp-image-17730\" src=\"https:\/\/combi-pro.com\/wp-content\/uploads\/2024\/05\/62.5-screenshot-1749765817087-300x103.png\" alt=\"\" width=\"350\" height=\"120\" srcset=\"https:\/\/combi-pro.com\/wp-content\/uploads\/2024\/05\/62.5-screenshot-1749765817087-300x103.png 300w, https:\/\/combi-pro.com\/wp-content\/uploads\/2024\/05\/62.5-screenshot-1749765817087-64x22.png 64w, https:\/\/combi-pro.com\/wp-content\/uploads\/2024\/05\/62.5-screenshot-1749765817087-18x6.png 18w, https:\/\/combi-pro.com\/wp-content\/uploads\/2024\/05\/62.5-screenshot-1749765817087.png 400w\" sizes=\"(max-width: 350px) 100vw, 350px\" \/><\/strong> <img loading=\"lazy\" decoding=\"async\" class=\"alignnone wp-image-17729\" src=\"https:\/\/combi-pro.com\/wp-content\/uploads\/2024\/05\/screenshot-1749765502228.png\" alt=\"\" width=\"159\" height=\"120\" srcset=\"https:\/\/combi-pro.com\/wp-content\/uploads\/2024\/05\/screenshot-1749765502228.png 292w, https:\/\/combi-pro.com\/wp-content\/uploads\/2024\/05\/screenshot-1749765502228-64x48.png 64w, https:\/\/combi-pro.com\/wp-content\/uploads\/2024\/05\/screenshot-1749765502228-16x12.png 16w\" sizes=\"(max-width: 159px) 100vw, 159px\" \/><\/p>","protected":false},"featured_media":8075,"template":"","meta":{"site-sidebar-layout":"default","site-content-layout":"","ast-site-content-layout":"default","site-content-style":"default","site-sidebar-style":"default","ast-global-header-display":"","ast-banner-title-visibility":"","ast-main-header-display":"","ast-hfb-above-header-display":"","ast-hfb-below-header-display":"","ast-hfb-mobile-header-display":"","site-post-title":"","ast-breadcrumbs-content":"","ast-featured-img":"","footer-sml-layout":"","ast-disable-related-posts":"","theme-transparent-header-meta":"default","adv-header-id-meta":"","stick-header-meta":"","header-above-stick-meta":"","header-main-stick-meta":"","header-below-stick-meta":"","astra-migrate-meta-layouts":"set","ast-page-background-enabled":"default","ast-page-background-meta":{"desktop":{"background-color":"","background-image":"","background-repeat":"repeat","background-position":"center center","background-size":"auto","background-attachment":"scroll","background-type":"","background-media":"","overlay-type":"","overlay-color":"","overlay-opacity":"","overlay-gradient":""},"tablet":{"background-color":"","background-image":"","background-repeat":"repeat","background-position":"center center","background-size":"auto","background-attachment":"scroll","background-type":"","background-media":"","overlay-type":"","overlay-color":"","overlay-opacity":"","overlay-gradient":""},"mobile":{"background-color":"","background-image":"","background-repeat":"repeat","background-position":"center center","background-size":"auto","background-attachment":"scroll","background-type":"","background-media":"","overlay-type":"","overlay-color":"","overlay-opacity":"","overlay-gradient":""}},"ast-content-background-meta":{"desktop":{"background-color":"var(--ast-global-color-5)","background-image":"","background-repeat":"repeat","background-position":"center center","background-size":"auto","background-attachment":"scroll","background-type":"","background-media":"","overlay-type":"","overlay-color":"","overlay-opacity":"","overlay-gradient":""},"tablet":{"background-color":"var(--ast-global-color-5)","background-image":"","background-repeat":"repeat","background-position":"center center","background-size":"auto","background-attachment":"scroll","background-type":"","background-media":"","overlay-type":"","overlay-color":"","overlay-opacity":"","overlay-gradient":""},"mobile":{"background-color":"var(--ast-global-color-5)","background-image":"","background-repeat":"repeat","background-position":"center center","background-size":"auto","background-attachment":"scroll","background-type":"","background-media":"","overlay-type":"","overlay-color":"","overlay-opacity":"","overlay-gradient":""}}},"product_brand":[442],"product_cat":[67,490,50],"product_tag":[],"class_list":{"0":"post-8071","1":"product","2":"type-product","3":"status-publish","4":"has-post-thumbnail","6":"product_brand-velilla","7":"product_cat-alta-visibilidad","8":"product_cat-bermudas-alta-visibilidad","9":"product_cat-ropa-profesional","10":"desktop-align-center","11":"tablet-align-left","12":"mobile-align-left","14":"first","15":"outofstock","16":"taxable","17":"shipping-taxable","18":"purchasable","19":"product-type-variable"},"_links":{"self":[{"href":"https:\/\/combi-pro.com\/fr\/wp-json\/wp\/v2\/product\/8071","targetHints":{"allow":["GET"]}}],"collection":[{"href":"https:\/\/combi-pro.com\/fr\/wp-json\/wp\/v2\/product"}],"about":[{"href":"https:\/\/combi-pro.com\/fr\/wp-json\/wp\/v2\/types\/product"}],"wp:featuredmedia":[{"embeddable":true,"href":"https:\/\/combi-pro.com\/fr\/wp-json\/wp\/v2\/media\/8075"}],"wp:attachment":[{"href":"https:\/\/combi-pro.com\/fr\/wp-json\/wp\/v2\/media?parent=8071"}],"wp:term":[{"taxonomy":"product_brand","embeddable":true,"href":"https:\/\/combi-pro.com\/fr\/wp-json\/wp\/v2\/product_brand?post=8071"},{"taxonomy":"product_cat","embeddable":true,"href":"https:\/\/combi-pro.com\/fr\/wp-json\/wp\/v2\/product_cat?post=8071"},{"taxonomy":"product_tag","embeddable":true,"href":"https:\/\/combi-pro.com\/fr\/wp-json\/wp\/v2\/product_tag?post=8071"}],"curies":[{"name":"wp","href":"https:\/\/api.w.org\/{rel}","templated":true}]}}