{"id":8082,"date":"2024-05-07T23:35:34","date_gmt":"2024-05-07T21:35:34","guid":{"rendered":"https:\/\/combi-pro.com\/?post_type=product&#038;p=8082"},"modified":"2026-04-13T20:11:23","modified_gmt":"2026-04-13T18:11:23","slug":"f160-pantalon-double-av","status":"publish","type":"product","link":"https:\/\/combi-pro.com\/fr\/boutique\/f160-pantalon-double-av\/","title":{"rendered":"Pantalon doubl\u00e9 haute visibilit\u00e9 avec 4 poches F160 | VELILLA"},"content":{"rendered":"<div class=\"data item\" role=\"tablist\">\n<div id=\"description\" class=\"data item content\" role=\"tabpanel\" aria-labelledby=\"tab-label-description\" data-role=\"content\" aria-hidden=\"false\">\n<div class=\"product attribute description\">\n<div class=\"value\"><strong style=\"font-size: 16px;\" data-start=\"281\" data-end=\"313\">Caract\u00e9ristiques principales:<\/strong><\/div>\n<\/div>\n<\/div>\n<\/div>\n<div class=\"data item\" role=\"tablist\">\n<div id=\"composition_with_grammage\" class=\"data item content\" role=\"tabpanel\" aria-labelledby=\"tab-label-composition_with_grammage\" data-role=\"content\" aria-hidden=\"false\">\n<div class=\"product attribute composition_with_grammage\">\n<div class=\"value\">\n<ul>\n<li data-start=\"316\" data-end=\"387\">La fermeture centrale \u00e0 glissi\u00e8re et \u00e0 bouton assure un ajustement confortable.<\/li>\n<li data-start=\"390\" data-end=\"496\">Bandes r\u00e9fl\u00e9chissantes sur le bas du pantalon pour une meilleure visibilit\u00e9 dans des conditions de faible luminosit\u00e9.<\/li>\n<li data-start=\"499\" data-end=\"561\">Ceinture \u00e9lastiqu\u00e9e pour une meilleure adaptation au corps.<\/li>\n<li data-start=\"564\" data-end=\"634\">Couture arri\u00e8re de s\u00e9curit\u00e9 pour plus de solidit\u00e9 et de durabilit\u00e9.<\/li>\n<li data-start=\"637\" data-end=\"676\">Les pinces facilitent les d\u00e9placements.<\/li>\n<li data-start=\"679\" data-end=\"712\">Quatre poches fonctionnelles :<\/li>\n<li data-start=\"717\" data-end=\"739\">2 poches fran\u00e7aises.<\/li>\n<li data-start=\"744\" data-end=\"790\">1 poche passepoil\u00e9e au dos avec rabat et bouton.<\/li>\n<li data-start=\"795\" data-end=\"873\">1 poche \u00e0 outils sur la jambe droite, pratique et facile d'acc\u00e8s.<\/li>\n<\/ul>\n<p class=\"\" data-start=\"875\" data-end=\"893\"><strong data-start=\"875\" data-end=\"893\">Certification:<\/strong><\/p>\n<ul data-start=\"894\" data-end=\"996\">\n<li class=\"\" data-start=\"894\" data-end=\"996\">\n<p class=\"\" data-start=\"896\" data-end=\"996\">EN 20471 (Classe 1) : Niveau de visibilit\u00e9 de base pour les environnements de travail avec une exposition mod\u00e9r\u00e9e.<\/p>\n<\/li>\n<\/ul>\n<p class=\"\" data-start=\"998\" data-end=\"1022\"><strong data-start=\"998\" data-end=\"1022\">Tissus disponibles :<\/strong><\/p>\n<ul data-start=\"1023\" data-end=\"1209\">\n<li class=\"\" data-start=\"1023\" data-end=\"1082\">\n<p class=\"\" data-start=\"1025\" data-end=\"1082\">Jaune fluo : 80% polyester - 20% coton \/ 210 g\/m\u00b2.<\/p>\n<\/li>\n<li class=\"\" data-start=\"1083\" data-end=\"1141\">\n<p class=\"\" data-start=\"1085\" data-end=\"1141\">Orange fluo : 60% coton - 40% polyester \/ 240 g\/m\u00b2.<\/p>\n<\/li>\n<li class=\"\" data-start=\"1142\" data-end=\"1209\">\n<p class=\"\" data-start=\"1144\" data-end=\"1209\">Tissu serg\u00e9, durable et confortable pour un usage intensif.<\/p>\n<\/li>\n<\/ul>\n<p class=\"\" data-start=\"1211\" data-end=\"1452\"><strong data-start=\"1211\" data-end=\"1231\">Recommandations:<\/strong> Id\u00e9al pour les travailleurs dans des secteurs tels que la logistique, la maintenance ou l'industrie l\u00e9g\u00e8re, o\u00f9 un v\u00eatement l\u00e9ger, visible et pratique est n\u00e9cessaire. Ce pantalon allie s\u00e9curit\u00e9 et fonctionnalit\u00e9 sans compromettre le confort.<\/p>\n<\/div>\n<\/div>\n<\/div>\n<\/div>","protected":false},"excerpt":{"rendered":"<p class=\"\" data-start=\"192\" data-end=\"324\">Pantalon haute visibilit\u00e9 avec doublure int\u00e9rieure, con\u00e7u pour offrir une isolation thermique l\u00e9g\u00e8re et une fonctionnalit\u00e9 dans les environnements froids.<\/p>\n<p class=\"\" data-start=\"266\" data-end=\"298\"><img decoding=\"async\" class=\"alignnone wp-image-15252\" src=\"https:\/\/combi-pro.com\/wp-content\/uploads\/2024\/05\/en204711-300x291.png\" alt=\"\" width=\"41\" height=\"40\" srcset=\"https:\/\/combi-pro.com\/wp-content\/uploads\/2024\/05\/en204711-300x291.png 300w, https:\/\/combi-pro.com\/wp-content\/uploads\/2024\/05\/en204711-450x436.png 450w, https:\/\/combi-pro.com\/wp-content\/uploads\/2024\/05\/en204711-100x100.png 100w, https:\/\/combi-pro.com\/wp-content\/uploads\/2024\/05\/en204711-64x62.png 64w, https:\/\/combi-pro.com\/wp-content\/uploads\/2024\/05\/en204711-150x150.png 150w, https:\/\/combi-pro.com\/wp-content\/uploads\/2024\/05\/en204711-12x12.png 12w, https:\/\/combi-pro.com\/wp-content\/uploads\/2024\/05\/en204711.png 507w\" sizes=\"(max-width: 41px) 100vw, 41px\" \/> <img decoding=\"async\" class=\"alignnone wp-image-15251\" src=\"https:\/\/combi-pro.com\/wp-content\/uploads\/2024\/05\/REFLATEX-300x88.png\" alt=\"\" width=\"136\" height=\"40\" srcset=\"https:\/\/combi-pro.com\/wp-content\/uploads\/2024\/05\/REFLATEX-300x88.png 300w, https:\/\/combi-pro.com\/wp-content\/uploads\/2024\/05\/REFLATEX-450x133.png 450w, https:\/\/combi-pro.com\/wp-content\/uploads\/2024\/05\/REFLATEX-64x19.png 64w, https:\/\/combi-pro.com\/wp-content\/uploads\/2024\/05\/REFLATEX-18x5.png 18w, https:\/\/combi-pro.com\/wp-content\/uploads\/2024\/05\/REFLATEX.png 475w\" sizes=\"(max-width: 136px) 100vw, 136px\" \/><\/p>\n<p><strong>GUIDE DES TAILLES\u00a0<\/strong><\/p>\n<p><img decoding=\"async\" class=\"alignnone wp-image-17740\" src=\"https:\/\/combi-pro.com\/wp-content\/uploads\/2024\/05\/109-114-screenshot-1749897684016-300x103.png\" alt=\"\" width=\"350\" height=\"120\" srcset=\"https:\/\/combi-pro.com\/wp-content\/uploads\/2024\/05\/109-114-screenshot-1749897684016-300x103.png 300w, https:\/\/combi-pro.com\/wp-content\/uploads\/2024\/05\/109-114-screenshot-1749897684016-64x22.png 64w, https:\/\/combi-pro.com\/wp-content\/uploads\/2024\/05\/109-114-screenshot-1749897684016-18x6.png 18w, https:\/\/combi-pro.com\/wp-content\/uploads\/2024\/05\/109-114-screenshot-1749897684016.png 400w\" sizes=\"(max-width: 350px) 100vw, 350px\" \/> <img loading=\"lazy\" decoding=\"async\" class=\"alignnone wp-image-17729\" src=\"https:\/\/combi-pro.com\/wp-content\/uploads\/2024\/05\/screenshot-1749765502228.png\" alt=\"\" width=\"159\" height=\"120\" srcset=\"https:\/\/combi-pro.com\/wp-content\/uploads\/2024\/05\/screenshot-1749765502228.png 292w, https:\/\/combi-pro.com\/wp-content\/uploads\/2024\/05\/screenshot-1749765502228-64x48.png 64w, https:\/\/combi-pro.com\/wp-content\/uploads\/2024\/05\/screenshot-1749765502228-16x12.png 16w\" sizes=\"(max-width: 159px) 100vw, 159px\" \/><\/p>\n<p><a href=\"https:\/\/combi-pro.com\/wp-content\/uploads\/2024\/03\/guide-des-taille.png\"><strong>\u00a0<\/strong><\/a><\/p>","protected":false},"featured_media":8085,"template":"","meta":{"site-sidebar-layout":"default","site-content-layout":"","ast-site-content-layout":"default","site-content-style":"default","site-sidebar-style":"default","ast-global-header-display":"","ast-banner-title-visibility":"","ast-main-header-display":"","ast-hfb-above-header-display":"","ast-hfb-below-header-display":"","ast-hfb-mobile-header-display":"","site-post-title":"","ast-breadcrumbs-content":"","ast-featured-img":"","footer-sml-layout":"","ast-disable-related-posts":"","theme-transparent-header-meta":"default","adv-header-id-meta":"","stick-header-meta":"","header-above-stick-meta":"","header-main-stick-meta":"","header-below-stick-meta":"","astra-migrate-meta-layouts":"set","ast-page-background-enabled":"default","ast-page-background-meta":{"desktop":{"background-color":"","background-image":"","background-repeat":"repeat","background-position":"center center","background-size":"auto","background-attachment":"scroll","background-type":"","background-media":"","overlay-type":"","overlay-color":"","overlay-opacity":"","overlay-gradient":""},"tablet":{"background-color":"","background-image":"","background-repeat":"repeat","background-position":"center center","background-size":"auto","background-attachment":"scroll","background-type":"","background-media":"","overlay-type":"","overlay-color":"","overlay-opacity":"","overlay-gradient":""},"mobile":{"background-color":"","background-image":"","background-repeat":"repeat","background-position":"center center","background-size":"auto","background-attachment":"scroll","background-type":"","background-media":"","overlay-type":"","overlay-color":"","overlay-opacity":"","overlay-gradient":""}},"ast-content-background-meta":{"desktop":{"background-color":"var(--ast-global-color-5)","background-image":"","background-repeat":"repeat","background-position":"center center","background-size":"auto","background-attachment":"scroll","background-type":"","background-media":"","overlay-type":"","overlay-color":"","overlay-opacity":"","overlay-gradient":""},"tablet":{"background-color":"var(--ast-global-color-5)","background-image":"","background-repeat":"repeat","background-position":"center center","background-size":"auto","background-attachment":"scroll","background-type":"","background-media":"","overlay-type":"","overlay-color":"","overlay-opacity":"","overlay-gradient":""},"mobile":{"background-color":"var(--ast-global-color-5)","background-image":"","background-repeat":"repeat","background-position":"center center","background-size":"auto","background-attachment":"scroll","background-type":"","background-media":"","overlay-type":"","overlay-color":"","overlay-opacity":"","overlay-gradient":""}}},"product_brand":[442],"product_cat":[67,100,50],"product_tag":[],"class_list":{"0":"post-8082","1":"product","2":"type-product","3":"status-publish","4":"has-post-thumbnail","6":"product_brand-velilla","7":"product_cat-alta-visibilidad","8":"product_cat-pantalones-alta-visibilidad","9":"product_cat-ropa-profesional","10":"desktop-align-center","11":"tablet-align-left","12":"mobile-align-left","14":"first","15":"outofstock","16":"taxable","17":"shipping-taxable","18":"purchasable","19":"product-type-variable","20":"has-default-attributes"},"_links":{"self":[{"href":"https:\/\/combi-pro.com\/fr\/wp-json\/wp\/v2\/product\/8082","targetHints":{"allow":["GET"]}}],"collection":[{"href":"https:\/\/combi-pro.com\/fr\/wp-json\/wp\/v2\/product"}],"about":[{"href":"https:\/\/combi-pro.com\/fr\/wp-json\/wp\/v2\/types\/product"}],"wp:featuredmedia":[{"embeddable":true,"href":"https:\/\/combi-pro.com\/fr\/wp-json\/wp\/v2\/media\/8085"}],"wp:attachment":[{"href":"https:\/\/combi-pro.com\/fr\/wp-json\/wp\/v2\/media?parent=8082"}],"wp:term":[{"taxonomy":"product_brand","embeddable":true,"href":"https:\/\/combi-pro.com\/fr\/wp-json\/wp\/v2\/product_brand?post=8082"},{"taxonomy":"product_cat","embeddable":true,"href":"https:\/\/combi-pro.com\/fr\/wp-json\/wp\/v2\/product_cat?post=8082"},{"taxonomy":"product_tag","embeddable":true,"href":"https:\/\/combi-pro.com\/fr\/wp-json\/wp\/v2\/product_tag?post=8082"}],"curies":[{"name":"wp","href":"https:\/\/api.w.org\/{rel}","templated":true}]}}