{"id":8096,"date":"2024-05-07T23:47:48","date_gmt":"2024-05-07T21:47:48","guid":{"rendered":"https:\/\/combi-pro.com\/?post_type=product&#038;p=8096"},"modified":"2026-04-13T20:11:29","modified_gmt":"2026-04-13T18:11:29","slug":"303008s-pantalon-stretch-bicolore-av-rs","status":"publish","type":"product","link":"https:\/\/combi-pro.com\/fr\/boutique\/303008s-pantalon-stretch-bicolore-av-rs\/","title":{"rendered":"Pantalon extensible haute visibilit\u00e9 avec bandes r\u00e9fl\u00e9chissantes segment\u00e9es 303008S | VELILLA"},"content":{"rendered":"<div class=\"data item\" role=\"tablist\">\n<div tabindex=\"0\" role=\"tab\" data-role=\"collapsible\" data-collapsible=\"true\" aria-controls=\"description\" aria-selected=\"false\" aria-expanded=\"true\">\n<p class=\"\" data-start=\"281\" data-end=\"313\"><strong data-start=\"281\" data-end=\"313\">Caract\u00e9ristiques principales:<\/strong><\/p>\n<ul>\n<li data-start=\"396\" data-end=\"469\">Fermeture centrale \u00e0 glissi\u00e8re et \u00e0 bouton pour un ajustement s\u00fbr et confortable.<\/li>\n<li data-start=\"472\" data-end=\"609\">Bandes r\u00e9fl\u00e9chissantes segment\u00e9es et scell\u00e9es \u00e0 chaud sur le bas du pantalon pour une meilleure visibilit\u00e9 dans des conditions de faible luminosit\u00e9.<\/li>\n<li data-start=\"612\" data-end=\"716\">Couleur contrast\u00e9e sur les soufflets, les languettes, les boucles et entre les bandes, pour un design moderne et fonctionnel.<\/li>\n<li data-start=\"719\" data-end=\"814\">Taille \u00e9lastiqu\u00e9e sur le c\u00f4t\u00e9 pour un ajustement confortable et adaptable aux diff\u00e9rentes morphologies.<\/li>\n<li data-start=\"817\" data-end=\"921\">Des doubles coutures de s\u00e9curit\u00e9 renforcent les zones les plus sollicit\u00e9es, garantissant ainsi une plus grande durabilit\u00e9.<\/li>\n<li data-start=\"924\" data-end=\"951\">Six poches spacieuses :<\/li>\n<li data-start=\"956\" data-end=\"978\">2 poches fran\u00e7aises.<\/li>\n<li data-start=\"983\" data-end=\"1052\">2 poches \u00e0 soufflet avec soufflet central, rabat, velcro et tirettes.<\/li>\n<li data-start=\"1057\" data-end=\"1157\">2 poches arri\u00e8re avec rabat, velcro et tirettes, id\u00e9ales pour un rangement s\u00fbr et accessible.<\/li>\n<\/ul>\n<p class=\"\" data-start=\"1159\" data-end=\"1179\"><strong data-start=\"1159\" data-end=\"1179\">Certifications :<\/strong><\/p>\n<ul data-start=\"1180\" data-end=\"1295\">\n<li class=\"\" data-start=\"1180\" data-end=\"1295\">\n<p class=\"\" data-start=\"1182\" data-end=\"1295\">EN 20471 (Classe 1) : Certification de haute visibilit\u00e9 pour assurer la s\u00e9curit\u00e9 dans les environnements \u00e0 faible luminosit\u00e9.<\/p>\n<\/li>\n<\/ul>\n<p class=\"\" data-start=\"1297\" data-end=\"1308\"><strong data-start=\"1297\" data-end=\"1308\">Tissu:<\/strong><\/p>\n<ul data-start=\"1309\" data-end=\"1445\">\n<li class=\"\" data-start=\"1309\" data-end=\"1445\">\n<p class=\"\" data-start=\"1311\" data-end=\"1445\">Stretch : 77% polyester, 20% coton, 3% \u00e9lasthanne \/ 250 g\/m\u00b2. Tissu souple et confortable qui permet une grande libert\u00e9 de mouvement.<\/p>\n<\/li>\n<\/ul>\n<p class=\"\" data-start=\"1447\" data-end=\"1799\"><strong data-start=\"1447\" data-end=\"1467\">Recommandations:<\/strong> Ce pantalon est id\u00e9al pour ceux qui ont besoin de s\u00e9curit\u00e9, de visibilit\u00e9 et de confort dans leur travail, notamment dans la construction, l'entretien des infrastructures et d'autres environnements de travail. La conception extensible assure le confort pendant les longues p\u00e9riodes de travail, tandis que les bandes r\u00e9fl\u00e9chissantes segment\u00e9es garantissent la visibilit\u00e9 \u00e0 tout moment.<\/p>\n<\/div>\n<\/div>\n<div class=\"data item\" role=\"tablist\">\n<div id=\"composition_with_grammage\" class=\"data item content\" role=\"tabpanel\" aria-labelledby=\"tab-label-composition_with_grammage\" data-role=\"content\" aria-hidden=\"false\">\n<div class=\"product attribute composition_with_grammage\">\n<div class=\"value\"><\/div>\n<\/div>\n<\/div>\n<\/div>","protected":false},"excerpt":{"rendered":"<p class=\"\" data-start=\"250\" data-end=\"381\">Pantalon haute visibilit\u00e9 de classe 1 avec tissu extensible bicolore et bandes r\u00e9fl\u00e9chissantes segment\u00e9es pour plus de confort et de mobilit\u00e9.<\/p>\n<div class=\"rocket-product-list-pictogram pictograms-attr-marketing_icons\">\n<p><img decoding=\"async\" class=\"alignnone wp-image-15252\" src=\"https:\/\/combi-pro.com\/wp-content\/uploads\/2024\/05\/en204711-300x291.png\" alt=\"\" width=\"41\" height=\"40\" srcset=\"https:\/\/combi-pro.com\/wp-content\/uploads\/2024\/05\/en204711-300x291.png 300w, https:\/\/combi-pro.com\/wp-content\/uploads\/2024\/05\/en204711-450x436.png 450w, https:\/\/combi-pro.com\/wp-content\/uploads\/2024\/05\/en204711-100x100.png 100w, https:\/\/combi-pro.com\/wp-content\/uploads\/2024\/05\/en204711-64x62.png 64w, https:\/\/combi-pro.com\/wp-content\/uploads\/2024\/05\/en204711-150x150.png 150w, https:\/\/combi-pro.com\/wp-content\/uploads\/2024\/05\/en204711-12x12.png 12w, https:\/\/combi-pro.com\/wp-content\/uploads\/2024\/05\/en204711.png 507w\" sizes=\"(max-width: 41px) 100vw, 41px\" \/> <img decoding=\"async\" class=\"alignnone wp-image-15240\" src=\"https:\/\/combi-pro.com\/wp-content\/uploads\/2025\/04\/icon-stretch.png\" alt=\"\" width=\"99\" height=\"40\" srcset=\"https:\/\/combi-pro.com\/wp-content\/uploads\/2025\/04\/icon-stretch.png 228w, https:\/\/combi-pro.com\/wp-content\/uploads\/2025\/04\/icon-stretch-64x26.png 64w, https:\/\/combi-pro.com\/wp-content\/uploads\/2025\/04\/icon-stretch-18x7.png 18w\" sizes=\"(max-width: 99px) 100vw, 99px\" \/> <img decoding=\"async\" class=\"alignnone wp-image-15258\" src=\"https:\/\/combi-pro.com\/wp-content\/uploads\/2024\/05\/WEIGHT-250-300x100.png\" alt=\"\" width=\"120\" height=\"40\" srcset=\"https:\/\/combi-pro.com\/wp-content\/uploads\/2024\/05\/WEIGHT-250-300x100.png 300w, https:\/\/combi-pro.com\/wp-content\/uploads\/2024\/05\/WEIGHT-250-64x21.png 64w, https:\/\/combi-pro.com\/wp-content\/uploads\/2024\/05\/WEIGHT-250-18x6.png 18w, https:\/\/combi-pro.com\/wp-content\/uploads\/2024\/05\/WEIGHT-250.png 343w\" sizes=\"(max-width: 120px) 100vw, 120px\" \/> <img loading=\"lazy\" decoding=\"async\" class=\"alignnone wp-image-15251\" src=\"https:\/\/combi-pro.com\/wp-content\/uploads\/2024\/05\/REFLATEX-300x88.png\" alt=\"\" width=\"136\" height=\"40\" srcset=\"https:\/\/combi-pro.com\/wp-content\/uploads\/2024\/05\/REFLATEX-300x88.png 300w, https:\/\/combi-pro.com\/wp-content\/uploads\/2024\/05\/REFLATEX-450x133.png 450w, https:\/\/combi-pro.com\/wp-content\/uploads\/2024\/05\/REFLATEX-64x19.png 64w, https:\/\/combi-pro.com\/wp-content\/uploads\/2024\/05\/REFLATEX-18x5.png 18w, https:\/\/combi-pro.com\/wp-content\/uploads\/2024\/05\/REFLATEX.png 475w\" sizes=\"(max-width: 136px) 100vw, 136px\" \/><\/p>\n<p><strong>GUIDE DES TAILLES\u00a0<\/strong><\/p>\n<p><img loading=\"lazy\" decoding=\"async\" class=\"alignnone wp-image-17738\" src=\"https:\/\/combi-pro.com\/wp-content\/uploads\/2024\/05\/107-112-screenshot-1749896937704-300x102.png\" alt=\"\" width=\"354\" height=\"120\" srcset=\"https:\/\/combi-pro.com\/wp-content\/uploads\/2024\/05\/107-112-screenshot-1749896937704-300x102.png 300w, https:\/\/combi-pro.com\/wp-content\/uploads\/2024\/05\/107-112-screenshot-1749896937704-64x22.png 64w, https:\/\/combi-pro.com\/wp-content\/uploads\/2024\/05\/107-112-screenshot-1749896937704-18x6.png 18w, https:\/\/combi-pro.com\/wp-content\/uploads\/2024\/05\/107-112-screenshot-1749896937704.png 401w\" sizes=\"(max-width: 354px) 100vw, 354px\" \/> <img loading=\"lazy\" decoding=\"async\" class=\"alignnone wp-image-17729\" src=\"https:\/\/combi-pro.com\/wp-content\/uploads\/2024\/05\/screenshot-1749765502228.png\" alt=\"\" width=\"159\" height=\"120\" srcset=\"https:\/\/combi-pro.com\/wp-content\/uploads\/2024\/05\/screenshot-1749765502228.png 292w, https:\/\/combi-pro.com\/wp-content\/uploads\/2024\/05\/screenshot-1749765502228-64x48.png 64w, https:\/\/combi-pro.com\/wp-content\/uploads\/2024\/05\/screenshot-1749765502228-16x12.png 16w\" sizes=\"(max-width: 159px) 100vw, 159px\" \/><\/p>\n<\/div>\n<p>&nbsp;<\/p>","protected":false},"featured_media":8102,"template":"","meta":{"site-sidebar-layout":"default","site-content-layout":"","ast-site-content-layout":"default","site-content-style":"default","site-sidebar-style":"default","ast-global-header-display":"","ast-banner-title-visibility":"","ast-main-header-display":"","ast-hfb-above-header-display":"","ast-hfb-below-header-display":"","ast-hfb-mobile-header-display":"","site-post-title":"","ast-breadcrumbs-content":"","ast-featured-img":"","footer-sml-layout":"","ast-disable-related-posts":"","theme-transparent-header-meta":"default","adv-header-id-meta":"","stick-header-meta":"","header-above-stick-meta":"","header-main-stick-meta":"","header-below-stick-meta":"","astra-migrate-meta-layouts":"set","ast-page-background-enabled":"default","ast-page-background-meta":{"desktop":{"background-color":"","background-image":"","background-repeat":"repeat","background-position":"center center","background-size":"auto","background-attachment":"scroll","background-type":"","background-media":"","overlay-type":"","overlay-color":"","overlay-opacity":"","overlay-gradient":""},"tablet":{"background-color":"","background-image":"","background-repeat":"repeat","background-position":"center center","background-size":"auto","background-attachment":"scroll","background-type":"","background-media":"","overlay-type":"","overlay-color":"","overlay-opacity":"","overlay-gradient":""},"mobile":{"background-color":"","background-image":"","background-repeat":"repeat","background-position":"center center","background-size":"auto","background-attachment":"scroll","background-type":"","background-media":"","overlay-type":"","overlay-color":"","overlay-opacity":"","overlay-gradient":""}},"ast-content-background-meta":{"desktop":{"background-color":"var(--ast-global-color-5)","background-image":"","background-repeat":"repeat","background-position":"center center","background-size":"auto","background-attachment":"scroll","background-type":"","background-media":"","overlay-type":"","overlay-color":"","overlay-opacity":"","overlay-gradient":""},"tablet":{"background-color":"var(--ast-global-color-5)","background-image":"","background-repeat":"repeat","background-position":"center center","background-size":"auto","background-attachment":"scroll","background-type":"","background-media":"","overlay-type":"","overlay-color":"","overlay-opacity":"","overlay-gradient":""},"mobile":{"background-color":"var(--ast-global-color-5)","background-image":"","background-repeat":"repeat","background-position":"center center","background-size":"auto","background-attachment":"scroll","background-type":"","background-media":"","overlay-type":"","overlay-color":"","overlay-opacity":"","overlay-gradient":""}}},"product_brand":[442],"product_cat":[67,100,50],"product_tag":[],"class_list":{"0":"post-8096","1":"product","2":"type-product","3":"status-publish","4":"has-post-thumbnail","6":"product_brand-velilla","7":"product_cat-alta-visibilidad","8":"product_cat-pantalones-alta-visibilidad","9":"product_cat-ropa-profesional","10":"desktop-align-center","11":"tablet-align-left","12":"mobile-align-left","14":"first","15":"instock","16":"taxable","17":"shipping-taxable","18":"purchasable","19":"product-type-variable","20":"has-default-attributes"},"_links":{"self":[{"href":"https:\/\/combi-pro.com\/fr\/wp-json\/wp\/v2\/product\/8096","targetHints":{"allow":["GET"]}}],"collection":[{"href":"https:\/\/combi-pro.com\/fr\/wp-json\/wp\/v2\/product"}],"about":[{"href":"https:\/\/combi-pro.com\/fr\/wp-json\/wp\/v2\/types\/product"}],"wp:featuredmedia":[{"embeddable":true,"href":"https:\/\/combi-pro.com\/fr\/wp-json\/wp\/v2\/media\/8102"}],"wp:attachment":[{"href":"https:\/\/combi-pro.com\/fr\/wp-json\/wp\/v2\/media?parent=8096"}],"wp:term":[{"taxonomy":"product_brand","embeddable":true,"href":"https:\/\/combi-pro.com\/fr\/wp-json\/wp\/v2\/product_brand?post=8096"},{"taxonomy":"product_cat","embeddable":true,"href":"https:\/\/combi-pro.com\/fr\/wp-json\/wp\/v2\/product_cat?post=8096"},{"taxonomy":"product_tag","embeddable":true,"href":"https:\/\/combi-pro.com\/fr\/wp-json\/wp\/v2\/product_tag?post=8096"}],"curies":[{"name":"wp","href":"https:\/\/api.w.org\/{rel}","templated":true}]}}