{"id":8106,"date":"2024-05-07T23:53:52","date_gmt":"2024-05-07T21:53:52","guid":{"rendered":"https:\/\/combi-pro.com\/?post_type=product&#038;p=8106"},"modified":"2026-04-13T20:11:33","modified_gmt":"2026-04-13T18:11:33","slug":"303009s-pantalon-stretch-av-rs","status":"publish","type":"product","link":"https:\/\/combi-pro.com\/fr\/boutique\/303009s-pantalon-stretch-av-rs\/","title":{"rendered":"Pantalon stretch haute visibilit\u00e9 avec bandes r\u00e9fl\u00e9chissantes segment\u00e9es 303009S | VELILLA"},"content":{"rendered":"<p class=\"\" data-start=\"298\" data-end=\"330\"><strong data-start=\"298\" data-end=\"330\">Caract\u00e9ristiques principales:<\/strong><\/p>\n<ul>\n<li data-start=\"333\" data-end=\"406\">Fermeture centrale \u00e0 glissi\u00e8re et \u00e0 bouton pour un ajustement s\u00fbr et confortable.<\/li>\n<li data-start=\"409\" data-end=\"545\">Bandes r\u00e9fl\u00e9chissantes segment\u00e9es et scell\u00e9es \u00e0 chaud sur le bas du pantalon, am\u00e9liorant la visibilit\u00e9 dans des conditions de faible luminosit\u00e9.<\/li>\n<li data-start=\"548\" data-end=\"641\">La ceinture lat\u00e9rale \u00e9lastiqu\u00e9e permet un ajustement souple et confortable tout au long de la journ\u00e9e.<\/li>\n<li data-start=\"644\" data-end=\"743\">Les doubles coutures de s\u00e9curit\u00e9 renforcent les zones d'usure pour une plus grande durabilit\u00e9.<\/li>\n<li data-start=\"746\" data-end=\"773\">Six poches spacieuses :<\/li>\n<li data-start=\"778\" data-end=\"800\">2 poches fran\u00e7aises.<\/li>\n<li data-start=\"805\" data-end=\"874\">2 poches \u00e0 soufflet avec soufflet central, rabat, velcro et tirettes.<\/li>\n<li data-start=\"879\" data-end=\"994\">2 poches arri\u00e8re avec rabat, velcro et tirettes, id\u00e9ales pour ranger outils et objets en toute s\u00e9curit\u00e9.<\/li>\n<\/ul>\n<p class=\"\" data-start=\"996\" data-end=\"1016\"><strong data-start=\"996\" data-end=\"1016\">Certifications :<\/strong><\/p>\n<ul>\n<li data-start=\"1019\" data-end=\"1145\">EN 20471 (classe 2) : Certification de haute visibilit\u00e9 pour assurer la s\u00e9curit\u00e9 dans des conditions de travail \u00e0 faible luminosit\u00e9.<\/li>\n<\/ul>\n<p class=\"\" data-start=\"1147\" data-end=\"1158\"><strong data-start=\"1147\" data-end=\"1158\">Tissu:<\/strong><\/p>\n<ul>\n<li data-start=\"1161\" data-end=\"1312\">Stretch : 77% polyester, 20% coton, 3% \u00e9lasthanne \/ 250 g\/m\u00b2. Offre souplesse et confort, id\u00e9al pour les mouvements constants pendant le travail.<\/li>\n<\/ul>\n<p class=\"\" data-start=\"1314\" data-end=\"1529\"><strong data-start=\"1314\" data-end=\"1334\">Recommandations:<\/strong> Ces pantalons sont parfaits pour le travail dans la construction, l'entretien et d'autres secteurs qui exigent une grande visibilit\u00e9, du confort et de la durabilit\u00e9. Id\u00e9al pour les journ\u00e9es de travail longues et exigeantes.<\/p>","protected":false},"excerpt":{"rendered":"<p class=\"\" data-start=\"258\" data-end=\"395\">Pantalon extensible avec bande segment\u00e9e thermosoud\u00e9e pour une visibilit\u00e9, une flexibilit\u00e9 et une r\u00e9sistance maximales. Conforme \u00e0 la norme EN 20471 classe 2.<\/p>\n<p class=\"\" data-start=\"298\" data-end=\"330\"><img decoding=\"async\" class=\"alignnone wp-image-15250\" src=\"https:\/\/combi-pro.com\/wp-content\/uploads\/2024\/05\/en204712-300x285.png\" alt=\"\" width=\"42\" height=\"40\" srcset=\"https:\/\/combi-pro.com\/wp-content\/uploads\/2024\/05\/en204712-300x285.png 300w, https:\/\/combi-pro.com\/wp-content\/uploads\/2024\/05\/en204712-450x428.png 450w, https:\/\/combi-pro.com\/wp-content\/uploads\/2024\/05\/en204712-64x61.png 64w, https:\/\/combi-pro.com\/wp-content\/uploads\/2024\/05\/en204712-13x12.png 13w, https:\/\/combi-pro.com\/wp-content\/uploads\/2024\/05\/en204712.png 516w\" sizes=\"(max-width: 42px) 100vw, 42px\" \/> <img decoding=\"async\" class=\"alignnone wp-image-15240\" src=\"https:\/\/combi-pro.com\/wp-content\/uploads\/2025\/04\/icon-stretch.png\" alt=\"\" width=\"99\" height=\"40\" srcset=\"https:\/\/combi-pro.com\/wp-content\/uploads\/2025\/04\/icon-stretch.png 228w, https:\/\/combi-pro.com\/wp-content\/uploads\/2025\/04\/icon-stretch-64x26.png 64w, https:\/\/combi-pro.com\/wp-content\/uploads\/2025\/04\/icon-stretch-18x7.png 18w\" sizes=\"(max-width: 99px) 100vw, 99px\" \/> <img decoding=\"async\" class=\"alignnone wp-image-15258\" src=\"https:\/\/combi-pro.com\/wp-content\/uploads\/2024\/05\/WEIGHT-250-300x100.png\" alt=\"\" width=\"120\" height=\"40\" srcset=\"https:\/\/combi-pro.com\/wp-content\/uploads\/2024\/05\/WEIGHT-250-300x100.png 300w, https:\/\/combi-pro.com\/wp-content\/uploads\/2024\/05\/WEIGHT-250-64x21.png 64w, https:\/\/combi-pro.com\/wp-content\/uploads\/2024\/05\/WEIGHT-250-18x6.png 18w, https:\/\/combi-pro.com\/wp-content\/uploads\/2024\/05\/WEIGHT-250.png 343w\" sizes=\"(max-width: 120px) 100vw, 120px\" \/> <img loading=\"lazy\" decoding=\"async\" class=\"alignnone wp-image-15251\" src=\"https:\/\/combi-pro.com\/wp-content\/uploads\/2024\/05\/REFLATEX-300x88.png\" alt=\"\" width=\"136\" height=\"40\" srcset=\"https:\/\/combi-pro.com\/wp-content\/uploads\/2024\/05\/REFLATEX-300x88.png 300w, https:\/\/combi-pro.com\/wp-content\/uploads\/2024\/05\/REFLATEX-450x133.png 450w, https:\/\/combi-pro.com\/wp-content\/uploads\/2024\/05\/REFLATEX-64x19.png 64w, https:\/\/combi-pro.com\/wp-content\/uploads\/2024\/05\/REFLATEX-18x5.png 18w, https:\/\/combi-pro.com\/wp-content\/uploads\/2024\/05\/REFLATEX.png 475w\" sizes=\"(max-width: 136px) 100vw, 136px\" \/><\/p>\n<div class=\"rocket-product-list-pictogram pictograms-attr-marketing_icons\">\n<p><strong>GUIDE DES TAILLES\u00a0<\/strong><\/p>\n<p><img loading=\"lazy\" decoding=\"async\" class=\"alignnone wp-image-17739\" src=\"https:\/\/combi-pro.com\/wp-content\/uploads\/2024\/05\/107.1-112.2-screenshot-1749897136875-300x102.png\" alt=\"\" width=\"353\" height=\"120\" srcset=\"https:\/\/combi-pro.com\/wp-content\/uploads\/2024\/05\/107.1-112.2-screenshot-1749897136875-300x102.png 300w, https:\/\/combi-pro.com\/wp-content\/uploads\/2024\/05\/107.1-112.2-screenshot-1749897136875-64x22.png 64w, https:\/\/combi-pro.com\/wp-content\/uploads\/2024\/05\/107.1-112.2-screenshot-1749897136875-18x6.png 18w, https:\/\/combi-pro.com\/wp-content\/uploads\/2024\/05\/107.1-112.2-screenshot-1749897136875.png 400w\" sizes=\"(max-width: 353px) 100vw, 353px\" \/> <img loading=\"lazy\" decoding=\"async\" class=\"alignnone wp-image-17729\" src=\"https:\/\/combi-pro.com\/wp-content\/uploads\/2024\/05\/screenshot-1749765502228.png\" alt=\"\" width=\"159\" height=\"120\" srcset=\"https:\/\/combi-pro.com\/wp-content\/uploads\/2024\/05\/screenshot-1749765502228.png 292w, https:\/\/combi-pro.com\/wp-content\/uploads\/2024\/05\/screenshot-1749765502228-64x48.png 64w, https:\/\/combi-pro.com\/wp-content\/uploads\/2024\/05\/screenshot-1749765502228-16x12.png 16w\" sizes=\"(max-width: 159px) 100vw, 159px\" \/><\/p>\n<\/div>","protected":false},"featured_media":8109,"template":"","meta":{"site-sidebar-layout":"default","site-content-layout":"","ast-site-content-layout":"default","site-content-style":"default","site-sidebar-style":"default","ast-global-header-display":"","ast-banner-title-visibility":"","ast-main-header-display":"","ast-hfb-above-header-display":"","ast-hfb-below-header-display":"","ast-hfb-mobile-header-display":"","site-post-title":"","ast-breadcrumbs-content":"","ast-featured-img":"","footer-sml-layout":"","ast-disable-related-posts":"","theme-transparent-header-meta":"default","adv-header-id-meta":"","stick-header-meta":"","header-above-stick-meta":"","header-main-stick-meta":"","header-below-stick-meta":"","astra-migrate-meta-layouts":"set","ast-page-background-enabled":"default","ast-page-background-meta":{"desktop":{"background-color":"","background-image":"","background-repeat":"repeat","background-position":"center center","background-size":"auto","background-attachment":"scroll","background-type":"","background-media":"","overlay-type":"","overlay-color":"","overlay-opacity":"","overlay-gradient":""},"tablet":{"background-color":"","background-image":"","background-repeat":"repeat","background-position":"center center","background-size":"auto","background-attachment":"scroll","background-type":"","background-media":"","overlay-type":"","overlay-color":"","overlay-opacity":"","overlay-gradient":""},"mobile":{"background-color":"","background-image":"","background-repeat":"repeat","background-position":"center center","background-size":"auto","background-attachment":"scroll","background-type":"","background-media":"","overlay-type":"","overlay-color":"","overlay-opacity":"","overlay-gradient":""}},"ast-content-background-meta":{"desktop":{"background-color":"var(--ast-global-color-5)","background-image":"","background-repeat":"repeat","background-position":"center center","background-size":"auto","background-attachment":"scroll","background-type":"","background-media":"","overlay-type":"","overlay-color":"","overlay-opacity":"","overlay-gradient":""},"tablet":{"background-color":"var(--ast-global-color-5)","background-image":"","background-repeat":"repeat","background-position":"center center","background-size":"auto","background-attachment":"scroll","background-type":"","background-media":"","overlay-type":"","overlay-color":"","overlay-opacity":"","overlay-gradient":""},"mobile":{"background-color":"var(--ast-global-color-5)","background-image":"","background-repeat":"repeat","background-position":"center center","background-size":"auto","background-attachment":"scroll","background-type":"","background-media":"","overlay-type":"","overlay-color":"","overlay-opacity":"","overlay-gradient":""}}},"product_brand":[442],"product_cat":[67,100,50],"product_tag":[],"class_list":{"0":"post-8106","1":"product","2":"type-product","3":"status-publish","4":"has-post-thumbnail","6":"product_brand-velilla","7":"product_cat-alta-visibilidad","8":"product_cat-pantalones-alta-visibilidad","9":"product_cat-ropa-profesional","10":"desktop-align-center","11":"tablet-align-left","12":"mobile-align-left","14":"first","15":"outofstock","16":"taxable","17":"shipping-taxable","18":"purchasable","19":"product-type-variable","20":"has-default-attributes"},"_links":{"self":[{"href":"https:\/\/combi-pro.com\/fr\/wp-json\/wp\/v2\/product\/8106","targetHints":{"allow":["GET"]}}],"collection":[{"href":"https:\/\/combi-pro.com\/fr\/wp-json\/wp\/v2\/product"}],"about":[{"href":"https:\/\/combi-pro.com\/fr\/wp-json\/wp\/v2\/types\/product"}],"wp:featuredmedia":[{"embeddable":true,"href":"https:\/\/combi-pro.com\/fr\/wp-json\/wp\/v2\/media\/8109"}],"wp:attachment":[{"href":"https:\/\/combi-pro.com\/fr\/wp-json\/wp\/v2\/media?parent=8106"}],"wp:term":[{"taxonomy":"product_brand","embeddable":true,"href":"https:\/\/combi-pro.com\/fr\/wp-json\/wp\/v2\/product_brand?post=8106"},{"taxonomy":"product_cat","embeddable":true,"href":"https:\/\/combi-pro.com\/fr\/wp-json\/wp\/v2\/product_cat?post=8106"},{"taxonomy":"product_tag","embeddable":true,"href":"https:\/\/combi-pro.com\/fr\/wp-json\/wp\/v2\/product_tag?post=8106"}],"curies":[{"name":"wp","href":"https:\/\/api.w.org\/{rel}","templated":true}]}}