{"id":8118,"date":"2024-05-08T00:01:38","date_gmt":"2024-05-07T22:01:38","guid":{"rendered":"https:\/\/combi-pro.com\/?post_type=product&#038;p=8118"},"modified":"2026-04-13T20:11:37","modified_gmt":"2026-04-13T18:11:37","slug":"303010s-pantalon-stretch-bicolore-av-rs","status":"publish","type":"product","link":"https:\/\/combi-pro.com\/fr\/boutique\/303010s-pantalon-stretch-bicolore-av-rs\/","title":{"rendered":"Pantalon stretch bicolore haute visibilit\u00e9 avec bandes r\u00e9fl\u00e9chissantes segment\u00e9es 303010S | VELILLA"},"content":{"rendered":"<p class=\"\" data-start=\"299\" data-end=\"331\"><strong data-start=\"299\" data-end=\"331\">Caract\u00e9ristiques principales:<\/strong><\/p>\n<ul>\n<li data-start=\"334\" data-end=\"407\">Fermeture centrale \u00e0 glissi\u00e8re et \u00e0 bouton pour un ajustement s\u00fbr et confortable.<\/li>\n<li data-start=\"410\" data-end=\"548\">Bandes r\u00e9fl\u00e9chissantes segment\u00e9es et scell\u00e9es \u00e0 chaud sur le bas du pantalon pour am\u00e9liorer la visibilit\u00e9 dans des conditions de faible luminosit\u00e9.<\/li>\n<li data-start=\"551\" data-end=\"617\">Taille \u00e9lastiqu\u00e9e sur le c\u00f4t\u00e9 pour un ajustement confortable et adaptable.<\/li>\n<li data-start=\"620\" data-end=\"734\">Renforcement du tissu \u00e0 l'arri\u00e8re, aux genoux et au bas du pantalon pour une plus grande durabilit\u00e9 dans les zones d'usure.<\/li>\n<li data-start=\"737\" data-end=\"873\">Compartiment pour genouill\u00e8res avec acc\u00e8s inf\u00e9rieur et fermeture velcro, offrant une protection suppl\u00e9mentaire au travailleur.<\/li>\n<li data-start=\"876\" data-end=\"988\">Des doubles coutures de s\u00e9curit\u00e9 renforcent les zones les plus sollicit\u00e9es, garantissant la durabilit\u00e9 du pantalon.<\/li>\n<li data-start=\"991\" data-end=\"1079\">Pinces aux genoux pour une plus grande libert\u00e9 de mouvement et un plus grand confort pendant le travail.<\/li>\n<li data-start=\"1082\" data-end=\"1188\">Anneau en plastique sur l'une des boucles de la taille, id\u00e9al pour suspendre des outils ou des accessoires.<\/li>\n<li data-start=\"1191\" data-end=\"1292\">Huit poches : pratiques et spacieuses, id\u00e9ales pour ranger les outils et les objets personnels.<\/li>\n<\/ul>\n<p class=\"\" data-start=\"1294\" data-end=\"1312\"><strong data-start=\"1294\" data-end=\"1312\">Certification:<\/strong><\/p>\n<ul data-start=\"1313\" data-end=\"1441\">\n<li class=\"\" data-start=\"1313\" data-end=\"1441\">\n<p class=\"\" data-start=\"1315\" data-end=\"1441\">EN 20471 (classe 2) : Certification de haute visibilit\u00e9 pour assurer la s\u00e9curit\u00e9 dans des conditions de travail \u00e0 faible luminosit\u00e9.<\/p>\n<\/li>\n<\/ul>\n<p class=\"\" data-start=\"1443\" data-end=\"1454\"><strong data-start=\"1443\" data-end=\"1454\">Tissu:<\/strong><\/p>\n<ul data-start=\"1455\" data-end=\"1596\">\n<li class=\"\" data-start=\"1455\" data-end=\"1596\">\n<p class=\"\" data-start=\"1457\" data-end=\"1596\">Stretch : 77% polyester, 20% coton, 3% \u00e9lasthanne \/ 250 g\/m\u00b2. Tissu souple, confortable et durable, id\u00e9al pour les longues p\u00e9riodes de travail.<\/p>\n<\/li>\n<\/ul>\n<p class=\"\" data-start=\"1598\" data-end=\"1841\"><strong data-start=\"1598\" data-end=\"1618\">Recommandations:<\/strong> Ces pantalons sont parfaits pour les travailleurs qui recherchent le confort, la visibilit\u00e9 et une protection suppl\u00e9mentaire, par exemple dans la construction, la maintenance ou toute autre t\u00e2che qui exige flexibilit\u00e9 et s\u00e9curit\u00e9 dans l'environnement de travail.<\/p>","protected":false},"excerpt":{"rendered":"<p class=\"\" data-start=\"288\" data-end=\"424\">Pantalon technique extensible avec renforts et compartiments pour genouill\u00e8res. Haute visibilit\u00e9 gr\u00e2ce aux bandes segment\u00e9es et fonctionnalit\u00e9 maximale.<\/p>\n<p class=\"\" data-start=\"299\" data-end=\"331\"><img decoding=\"async\" class=\"alignnone wp-image-15250\" src=\"https:\/\/combi-pro.com\/wp-content\/uploads\/2024\/05\/en204712-300x285.png\" alt=\"\" width=\"42\" height=\"40\" srcset=\"https:\/\/combi-pro.com\/wp-content\/uploads\/2024\/05\/en204712-300x285.png 300w, https:\/\/combi-pro.com\/wp-content\/uploads\/2024\/05\/en204712-450x428.png 450w, https:\/\/combi-pro.com\/wp-content\/uploads\/2024\/05\/en204712-64x61.png 64w, https:\/\/combi-pro.com\/wp-content\/uploads\/2024\/05\/en204712-13x12.png 13w, https:\/\/combi-pro.com\/wp-content\/uploads\/2024\/05\/en204712.png 516w\" sizes=\"(max-width: 42px) 100vw, 42px\" \/> <img decoding=\"async\" class=\"alignnone wp-image-15240\" src=\"https:\/\/combi-pro.com\/wp-content\/uploads\/2025\/04\/icon-stretch.png\" alt=\"\" width=\"99\" height=\"40\" srcset=\"https:\/\/combi-pro.com\/wp-content\/uploads\/2025\/04\/icon-stretch.png 228w, https:\/\/combi-pro.com\/wp-content\/uploads\/2025\/04\/icon-stretch-64x26.png 64w, https:\/\/combi-pro.com\/wp-content\/uploads\/2025\/04\/icon-stretch-18x7.png 18w\" sizes=\"(max-width: 99px) 100vw, 99px\" \/> <img decoding=\"async\" class=\"alignnone wp-image-15258\" src=\"https:\/\/combi-pro.com\/wp-content\/uploads\/2024\/05\/WEIGHT-250-300x100.png\" alt=\"\" width=\"120\" height=\"40\" srcset=\"https:\/\/combi-pro.com\/wp-content\/uploads\/2024\/05\/WEIGHT-250-300x100.png 300w, https:\/\/combi-pro.com\/wp-content\/uploads\/2024\/05\/WEIGHT-250-64x21.png 64w, https:\/\/combi-pro.com\/wp-content\/uploads\/2024\/05\/WEIGHT-250-18x6.png 18w, https:\/\/combi-pro.com\/wp-content\/uploads\/2024\/05\/WEIGHT-250.png 343w\" sizes=\"(max-width: 120px) 100vw, 120px\" \/> <img loading=\"lazy\" decoding=\"async\" class=\"alignnone wp-image-15219\" src=\"https:\/\/combi-pro.com\/wp-content\/uploads\/2025\/04\/icon-8pockets.png\" alt=\"\" width=\"40\" height=\"40\" srcset=\"https:\/\/combi-pro.com\/wp-content\/uploads\/2025\/04\/icon-8pockets.png 134w, https:\/\/combi-pro.com\/wp-content\/uploads\/2025\/04\/icon-8pockets-100x100.png 100w, https:\/\/combi-pro.com\/wp-content\/uploads\/2025\/04\/icon-8pockets-64x64.png 64w, https:\/\/combi-pro.com\/wp-content\/uploads\/2025\/04\/icon-8pockets-12x12.png 12w\" sizes=\"(max-width: 40px) 100vw, 40px\" \/> <img loading=\"lazy\" decoding=\"async\" class=\"alignnone wp-image-15223\" src=\"https:\/\/combi-pro.com\/wp-content\/uploads\/2025\/04\/icon-knee.png\" alt=\"\" width=\"40\" height=\"40\" srcset=\"https:\/\/combi-pro.com\/wp-content\/uploads\/2025\/04\/icon-knee.png 134w, https:\/\/combi-pro.com\/wp-content\/uploads\/2025\/04\/icon-knee-100x100.png 100w, https:\/\/combi-pro.com\/wp-content\/uploads\/2025\/04\/icon-knee-64x64.png 64w, https:\/\/combi-pro.com\/wp-content\/uploads\/2025\/04\/icon-knee-12x12.png 12w\" sizes=\"(max-width: 40px) 100vw, 40px\" \/> <img loading=\"lazy\" decoding=\"async\" class=\"alignnone wp-image-15222\" src=\"https:\/\/combi-pro.com\/wp-content\/uploads\/2025\/04\/icon-kneeback.png\" alt=\"\" width=\"40\" height=\"40\" srcset=\"https:\/\/combi-pro.com\/wp-content\/uploads\/2025\/04\/icon-kneeback.png 134w, https:\/\/combi-pro.com\/wp-content\/uploads\/2025\/04\/icon-kneeback-100x100.png 100w, https:\/\/combi-pro.com\/wp-content\/uploads\/2025\/04\/icon-kneeback-64x64.png 64w, https:\/\/combi-pro.com\/wp-content\/uploads\/2025\/04\/icon-kneeback-12x12.png 12w\" sizes=\"(max-width: 40px) 100vw, 40px\" \/> <img loading=\"lazy\" decoding=\"async\" class=\"alignnone wp-image-15251\" src=\"https:\/\/combi-pro.com\/wp-content\/uploads\/2024\/05\/REFLATEX-300x88.png\" alt=\"\" width=\"136\" height=\"40\" srcset=\"https:\/\/combi-pro.com\/wp-content\/uploads\/2024\/05\/REFLATEX-300x88.png 300w, https:\/\/combi-pro.com\/wp-content\/uploads\/2024\/05\/REFLATEX-450x133.png 450w, https:\/\/combi-pro.com\/wp-content\/uploads\/2024\/05\/REFLATEX-64x19.png 64w, https:\/\/combi-pro.com\/wp-content\/uploads\/2024\/05\/REFLATEX-18x5.png 18w, https:\/\/combi-pro.com\/wp-content\/uploads\/2024\/05\/REFLATEX.png 475w\" sizes=\"(max-width: 136px) 100vw, 136px\" \/><\/p>\n<div class=\"rocket-product-list-pictogram pictograms-attr-marketing_icons\">\n<p><strong>GUIDE DES TAILLES\u00a0<\/strong><\/p>\n<p><img loading=\"lazy\" decoding=\"async\" class=\"alignnone wp-image-17739\" src=\"https:\/\/combi-pro.com\/wp-content\/uploads\/2024\/05\/107.1-112.2-screenshot-1749897136875-300x102.png\" alt=\"\" width=\"353\" height=\"120\" srcset=\"https:\/\/combi-pro.com\/wp-content\/uploads\/2024\/05\/107.1-112.2-screenshot-1749897136875-300x102.png 300w, https:\/\/combi-pro.com\/wp-content\/uploads\/2024\/05\/107.1-112.2-screenshot-1749897136875-64x22.png 64w, https:\/\/combi-pro.com\/wp-content\/uploads\/2024\/05\/107.1-112.2-screenshot-1749897136875-18x6.png 18w, https:\/\/combi-pro.com\/wp-content\/uploads\/2024\/05\/107.1-112.2-screenshot-1749897136875.png 400w\" sizes=\"(max-width: 353px) 100vw, 353px\" \/> <img loading=\"lazy\" decoding=\"async\" class=\"alignnone wp-image-17729\" src=\"https:\/\/combi-pro.com\/wp-content\/uploads\/2024\/05\/screenshot-1749765502228.png\" alt=\"\" width=\"159\" height=\"120\" srcset=\"https:\/\/combi-pro.com\/wp-content\/uploads\/2024\/05\/screenshot-1749765502228.png 292w, https:\/\/combi-pro.com\/wp-content\/uploads\/2024\/05\/screenshot-1749765502228-64x48.png 64w, https:\/\/combi-pro.com\/wp-content\/uploads\/2024\/05\/screenshot-1749765502228-16x12.png 16w\" sizes=\"(max-width: 159px) 100vw, 159px\" \/><\/p>\n<\/div>","protected":false},"featured_media":8122,"template":"","meta":{"site-sidebar-layout":"default","site-content-layout":"","ast-site-content-layout":"default","site-content-style":"default","site-sidebar-style":"default","ast-global-header-display":"","ast-banner-title-visibility":"","ast-main-header-display":"","ast-hfb-above-header-display":"","ast-hfb-below-header-display":"","ast-hfb-mobile-header-display":"","site-post-title":"","ast-breadcrumbs-content":"","ast-featured-img":"","footer-sml-layout":"","ast-disable-related-posts":"","theme-transparent-header-meta":"default","adv-header-id-meta":"","stick-header-meta":"","header-above-stick-meta":"","header-main-stick-meta":"","header-below-stick-meta":"","astra-migrate-meta-layouts":"set","ast-page-background-enabled":"default","ast-page-background-meta":{"desktop":{"background-color":"","background-image":"","background-repeat":"repeat","background-position":"center center","background-size":"auto","background-attachment":"scroll","background-type":"","background-media":"","overlay-type":"","overlay-color":"","overlay-opacity":"","overlay-gradient":""},"tablet":{"background-color":"","background-image":"","background-repeat":"repeat","background-position":"center center","background-size":"auto","background-attachment":"scroll","background-type":"","background-media":"","overlay-type":"","overlay-color":"","overlay-opacity":"","overlay-gradient":""},"mobile":{"background-color":"","background-image":"","background-repeat":"repeat","background-position":"center center","background-size":"auto","background-attachment":"scroll","background-type":"","background-media":"","overlay-type":"","overlay-color":"","overlay-opacity":"","overlay-gradient":""}},"ast-content-background-meta":{"desktop":{"background-color":"var(--ast-global-color-5)","background-image":"","background-repeat":"repeat","background-position":"center center","background-size":"auto","background-attachment":"scroll","background-type":"","background-media":"","overlay-type":"","overlay-color":"","overlay-opacity":"","overlay-gradient":""},"tablet":{"background-color":"var(--ast-global-color-5)","background-image":"","background-repeat":"repeat","background-position":"center center","background-size":"auto","background-attachment":"scroll","background-type":"","background-media":"","overlay-type":"","overlay-color":"","overlay-opacity":"","overlay-gradient":""},"mobile":{"background-color":"var(--ast-global-color-5)","background-image":"","background-repeat":"repeat","background-position":"center center","background-size":"auto","background-attachment":"scroll","background-type":"","background-media":"","overlay-type":"","overlay-color":"","overlay-opacity":"","overlay-gradient":""}}},"product_brand":[],"product_cat":[67,100,50],"product_tag":[],"class_list":{"0":"post-8118","1":"product","2":"type-product","3":"status-publish","4":"has-post-thumbnail","6":"product_cat-alta-visibilidad","7":"product_cat-pantalones-alta-visibilidad","8":"product_cat-ropa-profesional","9":"desktop-align-center","10":"tablet-align-left","11":"mobile-align-left","13":"first","14":"instock","15":"taxable","16":"shipping-taxable","17":"purchasable","18":"product-type-variable","19":"has-default-attributes"},"_links":{"self":[{"href":"https:\/\/combi-pro.com\/fr\/wp-json\/wp\/v2\/product\/8118","targetHints":{"allow":["GET"]}}],"collection":[{"href":"https:\/\/combi-pro.com\/fr\/wp-json\/wp\/v2\/product"}],"about":[{"href":"https:\/\/combi-pro.com\/fr\/wp-json\/wp\/v2\/types\/product"}],"wp:featuredmedia":[{"embeddable":true,"href":"https:\/\/combi-pro.com\/fr\/wp-json\/wp\/v2\/media\/8122"}],"wp:attachment":[{"href":"https:\/\/combi-pro.com\/fr\/wp-json\/wp\/v2\/media?parent=8118"}],"wp:term":[{"taxonomy":"product_brand","embeddable":true,"href":"https:\/\/combi-pro.com\/fr\/wp-json\/wp\/v2\/product_brand?post=8118"},{"taxonomy":"product_cat","embeddable":true,"href":"https:\/\/combi-pro.com\/fr\/wp-json\/wp\/v2\/product_cat?post=8118"},{"taxonomy":"product_tag","embeddable":true,"href":"https:\/\/combi-pro.com\/fr\/wp-json\/wp\/v2\/product_tag?post=8118"}],"curies":[{"name":"wp","href":"https:\/\/api.w.org\/{rel}","templated":true}]}}