{"id":8141,"date":"2024-05-16T08:49:20","date_gmt":"2024-05-16T06:49:20","guid":{"rendered":"https:\/\/combi-pro.com\/?post_type=product&#038;p=8141"},"modified":"2026-05-13T18:19:12","modified_gmt":"2026-05-13T16:19:12","slug":"602003-combinaison-ignifuge","status":"publish","type":"product","link":"https:\/\/combi-pro.com\/fr\/boutique\/602003-combinaison-ignifuge\/","title":{"rendered":"Combinaison multipoches en coton technique ignifuge et antistatique 602003 | VELILLA"},"content":{"rendered":"<div class=\"data item\" role=\"tablist\">\n<div id=\"description\" class=\"data item content\" role=\"tabpanel\" aria-labelledby=\"tab-label-description\" data-role=\"content\" aria-hidden=\"false\">\n<div class=\"product attribute description\">\n<div class=\"value\">\n<p data-start=\"1707\" data-end=\"1742\"><strong data-start=\"1713\" data-end=\"1742\">Caract\u00e9ristiques techniques :<\/strong><\/p>\n<ul>\n<li data-start=\"1746\" data-end=\"1817\">Norme : EN 1149, EN 11611 (A1 Class 1), EN 11612 (A1\/B1\/C1\/F1)<\/li>\n<li data-start=\"1820\" data-end=\"1892\">Verrouillage central : fermeture \u00e0 glissi\u00e8re dissimul\u00e9e \u00e0 double curseur avec couvercle et velcro<\/li>\n<li data-start=\"1895\" data-end=\"1921\">Col : Avec boucle de ceinture<\/li>\n<li data-start=\"1924\" data-end=\"1950\">Taille : Elastique<\/li>\n<li data-start=\"1953\" data-end=\"1975\">Poignets : \u00e9lastiques<\/li>\n<li data-start=\"1978\" data-end=\"2012\">Bas : R\u00e9glable par velcro<\/li>\n<li data-start=\"2015\" data-end=\"2057\">Coutures : Double couture de s\u00e9curit\u00e9<\/li>\n<li data-start=\"2060\" data-end=\"2117\">Tissu : Twill - 97% coton \/ 3% fibre antistatique<\/li>\n<li data-start=\"2120\" data-end=\"2143\">Poids : 270 g\/m\u00b2.<\/li>\n<li data-start=\"2146\" data-end=\"2166\">Poches (5) :<\/li>\n<li data-start=\"2171\" data-end=\"2200\">1 poitrine avec rabat et velcro<\/li>\n<li data-start=\"2205\" data-end=\"2249\">2 panneaux frontaux inf\u00e9rieurs avec rabat et velcro<\/li>\n<li data-start=\"2254\" data-end=\"2303\">1 c\u00f4t\u00e9 sur la jambe droite avec patte de boutonnage et velcro<\/li>\n<li data-start=\"2308\" data-end=\"2337\">1 arri\u00e8re avec rabat et velcro<\/li>\n<\/ul>\n<p data-start=\"2344\" data-end=\"2376\"><strong data-start=\"2349\" data-end=\"2374\">Recommandation d'utilisation :<\/strong><\/p>\n<ul>\n<li data-start=\"2377\" data-end=\"2555\">Id\u00e9al pour les professionnels qui ont besoin d'une protection compl\u00e8te du corps, tels que les soudeurs, les \u00e9lectriciens, les op\u00e9rateurs dans les raffineries, les usines chimiques ou les industries m\u00e9tallurgiques.<\/li>\n<\/ul>\n<\/div>\n<\/div>\n<\/div>\n<\/div>","protected":false},"excerpt":{"rendered":"<p class=\"\" data-start=\"317\" data-end=\"477\">Combinaison ignifuge et antistatique avec fermeture \u00e9clair dissimul\u00e9e, taille \u00e9lastiqu\u00e9e, multiples poches et coutures renforc\u00e9es. Certifi\u00e9e pour les risques thermiques.<\/p>\n<p data-start=\"317\" data-end=\"477\"><img decoding=\"async\" class=\"alignnone wp-image-15525\" src=\"https:\/\/combi-pro.com\/wp-content\/uploads\/2024\/05\/EN-1149-207x300.png\" alt=\"\" width=\"28\" height=\"40\" srcset=\"https:\/\/combi-pro.com\/wp-content\/uploads\/2024\/05\/EN-1149-207x300.png 207w, https:\/\/combi-pro.com\/wp-content\/uploads\/2024\/05\/EN-1149-64x93.png 64w, https:\/\/combi-pro.com\/wp-content\/uploads\/2024\/05\/EN-1149-8x12.png 8w, https:\/\/combi-pro.com\/wp-content\/uploads\/2024\/05\/EN-1149.png 293w\" sizes=\"(max-width: 28px) 100vw, 28px\" \/> <img decoding=\"async\" class=\"alignnone wp-image-15526\" src=\"https:\/\/combi-pro.com\/wp-content\/uploads\/2024\/05\/EN-11611-A1-CLASE-1-300x262.png\" alt=\"\" width=\"46\" height=\"40\" srcset=\"https:\/\/combi-pro.com\/wp-content\/uploads\/2024\/05\/EN-11611-A1-CLASE-1-300x262.png 300w, https:\/\/combi-pro.com\/wp-content\/uploads\/2024\/05\/EN-11611-A1-CLASE-1-64x56.png 64w, https:\/\/combi-pro.com\/wp-content\/uploads\/2024\/05\/EN-11611-A1-CLASE-1-14x12.png 14w, https:\/\/combi-pro.com\/wp-content\/uploads\/2024\/05\/EN-11611-A1-CLASE-1.png 384w\" sizes=\"(max-width: 46px) 100vw, 46px\" \/> <img decoding=\"async\" class=\"alignnone wp-image-15232\" src=\"https:\/\/combi-pro.com\/wp-content\/uploads\/2025\/04\/icon-w270.png\" alt=\"\" width=\"120\" height=\"40\" srcset=\"https:\/\/combi-pro.com\/wp-content\/uploads\/2025\/04\/icon-w270.png 228w, https:\/\/combi-pro.com\/wp-content\/uploads\/2025\/04\/icon-w270-64x21.png 64w, https:\/\/combi-pro.com\/wp-content\/uploads\/2025\/04\/icon-w270-18x6.png 18w\" sizes=\"(max-width: 120px) 100vw, 120px\" \/><\/p>\n<p><strong>GUIDE DES TAILLES<\/strong><\/p>\n<p><strong><img loading=\"lazy\" decoding=\"async\" class=\"alignnone wp-image-17804\" src=\"https:\/\/combi-pro.com\/wp-content\/uploads\/2024\/05\/134.5-141-screenshot-1750079014495-300x91.png\" alt=\"\" width=\"330\" height=\"100\" srcset=\"https:\/\/combi-pro.com\/wp-content\/uploads\/2024\/05\/134.5-141-screenshot-1750079014495-300x91.png 300w, https:\/\/combi-pro.com\/wp-content\/uploads\/2024\/05\/134.5-141-screenshot-1750079014495-64x19.png 64w, https:\/\/combi-pro.com\/wp-content\/uploads\/2024\/05\/134.5-141-screenshot-1750079014495-18x5.png 18w, https:\/\/combi-pro.com\/wp-content\/uploads\/2024\/05\/134.5-141-screenshot-1750079014495.png 445w\" sizes=\"(max-width: 330px) 100vw, 330px\" \/> <img loading=\"lazy\" decoding=\"async\" class=\"alignnone wp-image-17805\" src=\"https:\/\/combi-pro.com\/wp-content\/uploads\/2024\/05\/screenshot-1750079098456-300x256.png\" alt=\"\" width=\"117\" height=\"100\" srcset=\"https:\/\/combi-pro.com\/wp-content\/uploads\/2024\/05\/screenshot-1750079098456-300x256.png 300w, https:\/\/combi-pro.com\/wp-content\/uploads\/2024\/05\/screenshot-1750079098456-64x55.png 64w, https:\/\/combi-pro.com\/wp-content\/uploads\/2024\/05\/screenshot-1750079098456-14x12.png 14w, https:\/\/combi-pro.com\/wp-content\/uploads\/2024\/05\/screenshot-1750079098456.png 322w\" sizes=\"(max-width: 117px) 100vw, 117px\" \/>\u00a0<\/strong><\/p>","protected":false},"featured_media":8143,"template":"","meta":{"site-sidebar-layout":"default","site-content-layout":"","ast-site-content-layout":"default","site-content-style":"default","site-sidebar-style":"default","ast-global-header-display":"","ast-banner-title-visibility":"","ast-main-header-display":"","ast-hfb-above-header-display":"","ast-hfb-below-header-display":"","ast-hfb-mobile-header-display":"","site-post-title":"","ast-breadcrumbs-content":"","ast-featured-img":"","footer-sml-layout":"","ast-disable-related-posts":"","theme-transparent-header-meta":"default","adv-header-id-meta":"","stick-header-meta":"","header-above-stick-meta":"","header-main-stick-meta":"","header-below-stick-meta":"","astra-migrate-meta-layouts":"set","ast-page-background-enabled":"default","ast-page-background-meta":{"desktop":{"background-color":"","background-image":"","background-repeat":"repeat","background-position":"center center","background-size":"auto","background-attachment":"scroll","background-type":"","background-media":"","overlay-type":"","overlay-color":"","overlay-opacity":"","overlay-gradient":""},"tablet":{"background-color":"","background-image":"","background-repeat":"repeat","background-position":"center center","background-size":"auto","background-attachment":"scroll","background-type":"","background-media":"","overlay-type":"","overlay-color":"","overlay-opacity":"","overlay-gradient":""},"mobile":{"background-color":"","background-image":"","background-repeat":"repeat","background-position":"center center","background-size":"auto","background-attachment":"scroll","background-type":"","background-media":"","overlay-type":"","overlay-color":"","overlay-opacity":"","overlay-gradient":""}},"ast-content-background-meta":{"desktop":{"background-color":"var(--ast-global-color-5)","background-image":"","background-repeat":"repeat","background-position":"center center","background-size":"auto","background-attachment":"scroll","background-type":"","background-media":"","overlay-type":"","overlay-color":"","overlay-opacity":"","overlay-gradient":""},"tablet":{"background-color":"var(--ast-global-color-5)","background-image":"","background-repeat":"repeat","background-position":"center center","background-size":"auto","background-attachment":"scroll","background-type":"","background-media":"","overlay-type":"","overlay-color":"","overlay-opacity":"","overlay-gradient":""},"mobile":{"background-color":"var(--ast-global-color-5)","background-image":"","background-repeat":"repeat","background-position":"center center","background-size":"auto","background-attachment":"scroll","background-type":"","background-media":"","overlay-type":"","overlay-color":"","overlay-opacity":"","overlay-gradient":""}}},"product_brand":[442],"product_cat":[30,68,129,85,50],"product_tag":[],"class_list":{"0":"post-8141","1":"product","2":"type-product","3":"status-publish","4":"has-post-thumbnail","6":"product_brand-velilla","7":"product_cat-industria-base","8":"product_cat-industria-tecnica","9":"product_cat-monos-industria-tecnica","10":"product_cat-monos","11":"product_cat-ropa-profesional","12":"desktop-align-center","13":"tablet-align-left","14":"mobile-align-left","16":"first","17":"instock","18":"taxable","19":"shipping-taxable","20":"purchasable","21":"product-type-variable"},"_links":{"self":[{"href":"https:\/\/combi-pro.com\/fr\/wp-json\/wp\/v2\/product\/8141","targetHints":{"allow":["GET"]}}],"collection":[{"href":"https:\/\/combi-pro.com\/fr\/wp-json\/wp\/v2\/product"}],"about":[{"href":"https:\/\/combi-pro.com\/fr\/wp-json\/wp\/v2\/types\/product"}],"wp:featuredmedia":[{"embeddable":true,"href":"https:\/\/combi-pro.com\/fr\/wp-json\/wp\/v2\/media\/8143"}],"wp:attachment":[{"href":"https:\/\/combi-pro.com\/fr\/wp-json\/wp\/v2\/media?parent=8141"}],"wp:term":[{"taxonomy":"product_brand","embeddable":true,"href":"https:\/\/combi-pro.com\/fr\/wp-json\/wp\/v2\/product_brand?post=8141"},{"taxonomy":"product_cat","embeddable":true,"href":"https:\/\/combi-pro.com\/fr\/wp-json\/wp\/v2\/product_cat?post=8141"},{"taxonomy":"product_tag","embeddable":true,"href":"https:\/\/combi-pro.com\/fr\/wp-json\/wp\/v2\/product_tag?post=8141"}],"curies":[{"name":"wp","href":"https:\/\/api.w.org\/{rel}","templated":true}]}}