{"id":8180,"date":"2024-05-16T15:09:31","date_gmt":"2024-05-16T13:09:31","guid":{"rendered":"https:\/\/combi-pro.com\/?post_type=product&#038;p=8180"},"modified":"2026-05-13T18:19:07","modified_gmt":"2026-05-13T16:19:07","slug":"606003-veste-ignifugee","status":"publish","type":"product","link":"https:\/\/combi-pro.com\/fr\/boutique\/606003-veste-ignifugee\/","title":{"rendered":"Veste technique en coton ignifuge et antistatique 606003 | VELILLA"},"content":{"rendered":"<div class=\"data item\" role=\"tablist\">\n<div id=\"tab-label-description\" class=\"data item title active\" tabindex=\"0\" role=\"tab\" data-role=\"collapsible\" data-collapsible=\"true\" aria-controls=\"description\" aria-selected=\"false\" aria-expanded=\"true\">\n<p data-start=\"1438\" data-end=\"1473\"><strong data-start=\"1444\" data-end=\"1473\">Caract\u00e9ristiques techniques :<\/strong><\/p>\n<ul>\n<li data-start=\"1477\" data-end=\"1536\">Fermeture centrale : fermeture \u00e0 glissi\u00e8re dissimul\u00e9e avec rabat et velcro<\/li>\n<li data-start=\"1539\" data-end=\"1578\">Collier : Avec boucle de s\u00e9curit\u00e9<\/li>\n<li data-start=\"1581\" data-end=\"1603\">Poignets : \u00e9lastiques<\/li>\n<li data-start=\"1606\" data-end=\"1658\">Ceinture : \u00e9lastiqu\u00e9e sur le c\u00f4t\u00e9 pour un ajustement parfait<\/li>\n<li data-start=\"1661\" data-end=\"1703\">Coutures : Double couture de s\u00e9curit\u00e9<\/li>\n<li data-start=\"1706\" data-end=\"1763\">Poches : 2 poches poitrine avec rabat et velcro<\/li>\n<li data-start=\"1766\" data-end=\"1823\">Tissu : Twill - 97% coton \/ 3% fibre antistatique<\/li>\n<li data-start=\"1826\" data-end=\"1847\">Poids : 270 g\/m\u00b2.<\/li>\n<\/ul>\n<p data-start=\"1854\" data-end=\"1881\"><strong data-start=\"1861\" data-end=\"1881\">Certifications :<\/strong><\/p>\n<ul>\n<li data-start=\"1885\" data-end=\"1940\">EN 1149 - Protection contre l'\u00e9lectricit\u00e9 statique<\/li>\n<li data-start=\"1943\" data-end=\"2021\">EN ISO 11611 (A1, classe 1) - Protection pour le soudage et les techniques connexes - Exigences de s\u00e9curit\u00e9 pour le soudage et les techniques connexes<\/li>\n<li data-start=\"2024\" data-end=\"2090\">EN ISO 11612 (A1\/B1\/C1\/F1) - Protection contre la chaleur et les flammes<\/li>\n<\/ul>\n<p><strong data-start=\"2102\" data-end=\"2127\">Recommandation d'utilisation :<\/strong><\/p>\n<ul>\n<li data-start=\"2130\" data-end=\"2308\">Parfait pour les professionnels des secteurs tels que la soudure, la maintenance \u00e9lectrique, les raffineries, l'industrie chimique ou navale, o\u00f9 des v\u00eatements techniques de haute protection sont n\u00e9cessaires.<\/li>\n<\/ul>\n<\/div>\n<\/div>","protected":false},"excerpt":{"rendered":"<p class=\"\" data-start=\"360\" data-end=\"516\">Veste technique ignifuge et antistatique avec fermeture \u00e0 glissi\u00e8re dissimul\u00e9e, poches velcro, taille \u00e9lastiqu\u00e9e et doubles coutures. Haute protection et confort professionnel.<\/p>\n<p data-start=\"360\" data-end=\"516\"><img decoding=\"async\" class=\"alignnone wp-image-15525\" src=\"https:\/\/combi-pro.com\/wp-content\/uploads\/2024\/05\/EN-1149-207x300.png\" alt=\"\" width=\"28\" height=\"40\" srcset=\"https:\/\/combi-pro.com\/wp-content\/uploads\/2024\/05\/EN-1149-207x300.png 207w, https:\/\/combi-pro.com\/wp-content\/uploads\/2024\/05\/EN-1149-64x93.png 64w, https:\/\/combi-pro.com\/wp-content\/uploads\/2024\/05\/EN-1149-8x12.png 8w, https:\/\/combi-pro.com\/wp-content\/uploads\/2024\/05\/EN-1149.png 293w\" sizes=\"(max-width: 28px) 100vw, 28px\" \/> <img decoding=\"async\" class=\"alignnone wp-image-15526\" src=\"https:\/\/combi-pro.com\/wp-content\/uploads\/2024\/05\/EN-11611-A1-CLASE-1-300x262.png\" alt=\"\" width=\"46\" height=\"40\" srcset=\"https:\/\/combi-pro.com\/wp-content\/uploads\/2024\/05\/EN-11611-A1-CLASE-1-300x262.png 300w, https:\/\/combi-pro.com\/wp-content\/uploads\/2024\/05\/EN-11611-A1-CLASE-1-64x56.png 64w, https:\/\/combi-pro.com\/wp-content\/uploads\/2024\/05\/EN-11611-A1-CLASE-1-14x12.png 14w, https:\/\/combi-pro.com\/wp-content\/uploads\/2024\/05\/EN-11611-A1-CLASE-1.png 384w\" sizes=\"(max-width: 46px) 100vw, 46px\" \/> <img decoding=\"async\" class=\"alignnone wp-image-15232\" src=\"https:\/\/combi-pro.com\/wp-content\/uploads\/2025\/04\/icon-w270.png\" alt=\"\" width=\"120\" height=\"40\" srcset=\"https:\/\/combi-pro.com\/wp-content\/uploads\/2025\/04\/icon-w270.png 228w, https:\/\/combi-pro.com\/wp-content\/uploads\/2025\/04\/icon-w270-64x21.png 64w, https:\/\/combi-pro.com\/wp-content\/uploads\/2025\/04\/icon-w270-18x6.png 18w\" sizes=\"(max-width: 120px) 100vw, 120px\" \/><\/p>\n<p><strong>GUIDE DES TAILLES<\/strong><\/p>\n<p><img loading=\"lazy\" decoding=\"async\" class=\"alignnone wp-image-17806\" src=\"https:\/\/combi-pro.com\/wp-content\/uploads\/2024\/05\/74-83.5-screenshot-1750079396677-300x102.png\" alt=\"\" width=\"296\" height=\"100\" srcset=\"https:\/\/combi-pro.com\/wp-content\/uploads\/2024\/05\/74-83.5-screenshot-1750079396677-300x102.png 300w, https:\/\/combi-pro.com\/wp-content\/uploads\/2024\/05\/74-83.5-screenshot-1750079396677-64x22.png 64w, https:\/\/combi-pro.com\/wp-content\/uploads\/2024\/05\/74-83.5-screenshot-1750079396677-18x6.png 18w, https:\/\/combi-pro.com\/wp-content\/uploads\/2024\/05\/74-83.5-screenshot-1750079396677.png 399w\" sizes=\"(max-width: 296px) 100vw, 296px\" \/> <img loading=\"lazy\" decoding=\"async\" class=\"alignnone wp-image-17696\" src=\"https:\/\/combi-pro.com\/wp-content\/uploads\/2025\/05\/screenshot-1749214923473-300x106.png\" alt=\"\" width=\"283\" height=\"100\" srcset=\"https:\/\/combi-pro.com\/wp-content\/uploads\/2025\/05\/screenshot-1749214923473-300x106.png 300w, https:\/\/combi-pro.com\/wp-content\/uploads\/2025\/05\/screenshot-1749214923473-64x23.png 64w, https:\/\/combi-pro.com\/wp-content\/uploads\/2025\/05\/screenshot-1749214923473-18x6.png 18w, https:\/\/combi-pro.com\/wp-content\/uploads\/2025\/05\/screenshot-1749214923473.png 396w\" sizes=\"(max-width: 283px) 100vw, 283px\" \/><\/p>","protected":false},"featured_media":8182,"template":"","meta":{"site-sidebar-layout":"default","site-content-layout":"","ast-site-content-layout":"default","site-content-style":"default","site-sidebar-style":"default","ast-global-header-display":"","ast-banner-title-visibility":"","ast-main-header-display":"","ast-hfb-above-header-display":"","ast-hfb-below-header-display":"","ast-hfb-mobile-header-display":"","site-post-title":"","ast-breadcrumbs-content":"","ast-featured-img":"","footer-sml-layout":"","ast-disable-related-posts":"","theme-transparent-header-meta":"default","adv-header-id-meta":"","stick-header-meta":"","header-above-stick-meta":"","header-main-stick-meta":"","header-below-stick-meta":"","astra-migrate-meta-layouts":"set","ast-page-background-enabled":"default","ast-page-background-meta":{"desktop":{"background-color":"","background-image":"","background-repeat":"repeat","background-position":"center center","background-size":"auto","background-attachment":"scroll","background-type":"","background-media":"","overlay-type":"","overlay-color":"","overlay-opacity":"","overlay-gradient":""},"tablet":{"background-color":"","background-image":"","background-repeat":"repeat","background-position":"center center","background-size":"auto","background-attachment":"scroll","background-type":"","background-media":"","overlay-type":"","overlay-color":"","overlay-opacity":"","overlay-gradient":""},"mobile":{"background-color":"","background-image":"","background-repeat":"repeat","background-position":"center center","background-size":"auto","background-attachment":"scroll","background-type":"","background-media":"","overlay-type":"","overlay-color":"","overlay-opacity":"","overlay-gradient":""}},"ast-content-background-meta":{"desktop":{"background-color":"var(--ast-global-color-5)","background-image":"","background-repeat":"repeat","background-position":"center center","background-size":"auto","background-attachment":"scroll","background-type":"","background-media":"","overlay-type":"","overlay-color":"","overlay-opacity":"","overlay-gradient":""},"tablet":{"background-color":"var(--ast-global-color-5)","background-image":"","background-repeat":"repeat","background-position":"center center","background-size":"auto","background-attachment":"scroll","background-type":"","background-media":"","overlay-type":"","overlay-color":"","overlay-opacity":"","overlay-gradient":""},"mobile":{"background-color":"var(--ast-global-color-5)","background-image":"","background-repeat":"repeat","background-position":"center center","background-size":"auto","background-attachment":"scroll","background-type":"","background-media":"","overlay-type":"","overlay-color":"","overlay-opacity":"","overlay-gradient":""}}},"product_brand":[442],"product_cat":[80,128,30,68,50],"product_tag":[],"class_list":{"0":"post-8180","1":"product","2":"type-product","3":"status-publish","4":"has-post-thumbnail","6":"product_brand-velilla","7":"product_cat-cazadoras","8":"product_cat-cazadoras-industria-tecnica","9":"product_cat-industria-base","10":"product_cat-industria-tecnica","11":"product_cat-ropa-profesional","12":"desktop-align-center","13":"tablet-align-left","14":"mobile-align-left","16":"first","17":"instock","18":"taxable","19":"shipping-taxable","20":"purchasable","21":"product-type-variable"},"_links":{"self":[{"href":"https:\/\/combi-pro.com\/fr\/wp-json\/wp\/v2\/product\/8180","targetHints":{"allow":["GET"]}}],"collection":[{"href":"https:\/\/combi-pro.com\/fr\/wp-json\/wp\/v2\/product"}],"about":[{"href":"https:\/\/combi-pro.com\/fr\/wp-json\/wp\/v2\/types\/product"}],"wp:featuredmedia":[{"embeddable":true,"href":"https:\/\/combi-pro.com\/fr\/wp-json\/wp\/v2\/media\/8182"}],"wp:attachment":[{"href":"https:\/\/combi-pro.com\/fr\/wp-json\/wp\/v2\/media?parent=8180"}],"wp:term":[{"taxonomy":"product_brand","embeddable":true,"href":"https:\/\/combi-pro.com\/fr\/wp-json\/wp\/v2\/product_brand?post=8180"},{"taxonomy":"product_cat","embeddable":true,"href":"https:\/\/combi-pro.com\/fr\/wp-json\/wp\/v2\/product_cat?post=8180"},{"taxonomy":"product_tag","embeddable":true,"href":"https:\/\/combi-pro.com\/fr\/wp-json\/wp\/v2\/product_tag?post=8180"}],"curies":[{"name":"wp","href":"https:\/\/api.w.org\/{rel}","templated":true}]}}